{"id":14773,"date":"2025-10-14T10:58:54","date_gmt":"2025-10-14T02:58:54","guid":{"rendered":"https:\/\/green-grasshopper-921422.hostingersite.com\/?post_type=product&#038;p=14773"},"modified":"2026-02-22T15:14:36","modified_gmt":"2026-02-22T14:14:36","slug":"vasy-trakig-tiger-25k-puffar-3-lagen-vape","status":"publish","type":"product","link":"https:\/\/agoravape.com\/sv\/product\/vasy-boring-tiger-25k-puffs-3-mode-vape\/","title":{"rendered":"Boring Tiger 25K Puffs 3-l\u00e4ges eng\u00e5ngsvape | L\u00e5ngvarig, justerbar smak"},"content":{"rendered":"<h2 data-v-md-heading=\"what-are-the-advantages-of-a-disposable-vape-with-three-modes-in-the-born-tiger-25k\" data-v-md-line=\"3\"><img loading=\"lazy\" decoding=\"async\" class=\"aligncenter size-full wp-image-14810\" src=\"https:\/\/agoravape.com\/wp-content\/uploads\/2025\/10\/Boring-Tiger-25K-Puffs-3-Mode-Disposable-Vape_Agora_vape-18-scaled.webp\" alt=\"\" width=\"2560\" height=\"1440\" srcset=\"https:\/\/agoravape.com\/wp-content\/uploads\/2025\/10\/Boring-Tiger-25K-Puffs-3-Mode-Disposable-Vape_Agora_vape-18-scaled.webp 2560w, https:\/\/agoravape.com\/wp-content\/uploads\/2025\/10\/Boring-Tiger-25K-Puffs-3-Mode-Disposable-Vape_Agora_vape-18-scaled-1200x675.webp 1200w, https:\/\/agoravape.com\/wp-content\/uploads\/2025\/10\/Boring-Tiger-25K-Puffs-3-Mode-Disposable-Vape_Agora_vape-18-300x169.webp 300w, https:\/\/agoravape.com\/wp-content\/uploads\/2025\/10\/Boring-Tiger-25K-Puffs-3-Mode-Disposable-Vape_Agora_vape-18-1024x576.webp 1024w, https:\/\/agoravape.com\/wp-content\/uploads\/2025\/10\/Boring-Tiger-25K-Puffs-3-Mode-Disposable-Vape_Agora_vape-18-768x432.webp 768w, https:\/\/agoravape.com\/wp-content\/uploads\/2025\/10\/Boring-Tiger-25K-Puffs-3-Mode-Disposable-Vape_Agora_vape-18-1536x864.webp 1536w, https:\/\/agoravape.com\/wp-content\/uploads\/2025\/10\/Boring-Tiger-25K-Puffs-3-Mode-Disposable-Vape_Agora_vape-18-2048x1152.webp 2048w\" sizes=\"auto, (max-width: 2560px) 100vw, 2560px\" \/><\/h2>\n<h2 data-v-md-heading=\"what-are-the-advantages-of-a-disposable-vape-with-three-modes-in-the-born-tiger-25k\" data-v-md-line=\"3\">Vilka \u00e4r f\u00f6rdelarna med en eng\u00e5ngsvape med tre l\u00e4gen i Born Tiger 25K?<\/h2>\n<p data-v-md-line=\"4\">Om du \u00e4r tr\u00f6tt p\u00e5 att byta vape med n\u00e5gra dagars mellanrum, kommer den h\u00e4r produkten definitivt att uppfylla dina behov. Boring Tiger 25K \u00e4r designad f\u00f6r l\u00e5ngvarig anv\u00e4ndning, med enkel anv\u00e4ndning, stabil smak och att den inte l\u00e4tt f\u00f6rlorar sin smak.<\/p>\n<p data-v-md-line=\"6\">Den passar alla som vill ha en enkel, p\u00e5litlig och l\u00e4ttkontrollerad eng\u00e5ngsvape. Du kan v\u00e4lja mellan tre l\u00e4gen baserat p\u00e5 ditt hum\u00f6r: \"mild\", \"normal\" och \"stark\". L\u00e4tt att anv\u00e4nda under dagen, om du vill ha n\u00e5got explosivt p\u00e5 natten kan du \u00f6ka volymen.<\/p>\n<h2 data-v-md-heading=\"excellent-performance-easy-and-convenient\" data-v-md-line=\"8\">Utm\u00e4rkt prestanda, enkelt och bekv\u00e4mt<\/h2>\n<p data-v-md-line=\"9\">Mesh-spiraldesign, hanterar allt enkelt. Den leder oljan snabbt, vilket s\u00e4kerst\u00e4ller att varje tugga har en ren smak, vilket g\u00f6r din sista tugga lika mjuk som din f\u00f6rsta. N\u00e4r batteriet \u00e4r l\u00e5gt kan du anv\u00e4nda Type-C f\u00f6r laddning. Samma kabel som din telefon. Ingen anledning att oroa dig. Tre l\u00e4gen l\u00e5ter dig enkelt v\u00e4lja mellan l\u00e4tt eller stark sugkraft utan st\u00f6rre \u00f6verv\u00e4ganden.<\/p>\n<h2 data-v-md-heading=\"specification-introduction\" data-v-md-line=\"11\">Specification Introduction<\/h2>\n<ul data-v-md-line=\"12\">\n<li>Sugfrekvens: upp till 25000 g\u00e5nger<\/li>\n<li>Nikotin: 50 mg nikotinsalt<\/li>\n<li>Working principle: Activated by inhalation<\/li>\n<li>Laddning: Standard USB-port av typ C<\/li>\n<li>Status: Klar att anv\u00e4nda direkt ur l\u00e5dan<\/li>\n<\/ul>\n<h2 data-v-md-heading=\"full-range-of-flavors\" data-v-md-line=\"18\">Fullt utbud av smaker<\/h2>\n<ul data-v-md-line=\"19\">\n<li>Smak av gr\u00f6nt \u00e4pple och vattenmelon<\/li>\n<li>Smak av hallon och granat\u00e4pple<\/li>\n<li>Smak av jordgubb och mango<\/li>\n<li>Smak av persika och b\u00e4r<\/li>\n<li>Smak av bl\u00e5b\u00e4rssmoothie<\/li>\n<li>Smak av vattenmelonsmoothie<\/li>\n<li>Smak av bl\u00e5b\u00e4r och marshmallows<\/li>\n<li>Smak av jordgubbscheesecake<\/li>\n<li>Teddy bear gummy flavor<\/li>\n<li>Miami Mint Smak<\/li>\n<li>Smak av mangosmoothie<\/li>\n<li>Smak av jordgubb och hallon<\/li>\n<li>Smak av druvsmoothie<\/li>\n<li>Smak av Alaska-smoothie<\/li>\n<li>Smak av jordgubbssmoothie<\/li>\n<li>Sval mintsmak<\/li>\n<li>Smak av mint-mint-smoothie<\/li>\n<\/ul>\n<h2 data-v-md-heading=\"tailored-for-you-and-your-business\" data-v-md-line=\"37\">Skr\u00e4ddarsytt f\u00f6r dig och ditt f\u00f6retag<\/h2>\n<p data-v-md-line=\"38\">Du kan k\u00f6pa en sj\u00e4lv eller fylla p\u00e5 lagret till din butik. Grossistf\u00f6rpackning: 5 stycken per displayl\u00e5da och 200 stycken per ytterl\u00e5da. L\u00e4tt att placera p\u00e5 hyllor och transportera.<\/p>\n<p data-v-md-line=\"40\">Vi erbjuder DDP-leveranser inom Europa via betrodda partners som UPS, DPD och DHL, s\u00e5 att tullar kan behandlas i f\u00f6rv\u00e4g och det inte uppst\u00e5r n\u00e5gra ov\u00e4ntade tullproblem. F\u00f6rklara kortfattat de relevanta best\u00e4mmelserna. Eng\u00e5ngsvapor i h\u00f6g volym och 50 mg nikotinsalt \u00e4r begr\u00e4nsade i m\u00e5nga EU-l\u00e4nder\/regioner. Kontrollera de lokala TPD-kraven innan du k\u00f6per eller s\u00e4ljer vidare.<\/p>\n<h2 data-v-md-heading=\"why-do-you-like-it\" data-v-md-line=\"42\">Why do you like it<\/h2>\n<ul data-v-md-line=\"43\">\n<li>Stor sugkapacitet: upp till 25 000 munfullar, vilket inneb\u00e4r f\u00e4rre byten mitt i veckan<\/li>\n<li>Tre l\u00e4gen f\u00f6r att m\u00f6ta dina dagliga behov: skonsam, normal eller stark, vilket ger en l\u00e4ttare eller starkare upplevelse<\/li>\n<li>Laddningsbart Type-C-gr\u00e4nssnitt: Anv\u00e4nd alla e-v\u00e4tskor du k\u00f6per<\/li>\n<li>Mesh coil-konsistens: len och stabil smak fr\u00e5n b\u00f6rjan till slut<\/li>\n<li>L\u00e4tt att anv\u00e4nda: kan inhaleras och laddas vid behov<\/li>\n<\/ul>\n<h2 data-v-md-heading=\"why-choose-agoravape\" data-v-md-line=\"49\">Varf\u00f6r v\u00e4lja AgoraVape?<\/h2>\n<p data-v-md-line=\"50\">Vi k\u00f6per endast 100 % \u00e4kta produkter f\u00f6r att s\u00e4kerst\u00e4lla att du alltid kan k\u00f6pa \u00e4kta varor till ett rimligt pris. F\u00f6retagskunder kan dra nytta av r\u00e4ttvisa grossistpriser, tydlig kommunikation och snabba och p\u00e5litliga DDP-distributionstj\u00e4nster n\u00e4r de k\u00f6per Boring Tiger 25K Puffs trel\u00e4ges eng\u00e5ngsvape. Vill du lista en vape-produkt som har s\u00e5lts l\u00e4nge och har en h\u00f6g kundreturfrekvens? Kontakta oss s\u00e5 ordnar vi det \u00e5t dig snabbt.<\/p>","protected":false},"excerpt":{"rendered":"<p>&nbsp;<\/p>\n<p><script src=\"chrome-extension:\/\/fpelahbljekknahkcaegamhcndkfpfnc\/iFrame.js\" type=\"text\/javascript\"><\/script><\/p>\n<p><script src=\"chrome-extension:\/\/fpelahbljekknahkcaegamhcndkfpfnc\/iFrame.js\" type=\"text\/javascript\"><\/script><\/p>\n<p><script src=\"chrome-extension:\/\/fpelahbljekknahkcaegamhcndkfpfnc\/iFrame.js\" type=\"text\/javascript\"><\/script><\/p>\n<p><script src=\"chrome-extension:\/\/fpelahbljekknahkcaegamhcndkfpfnc\/iFrame.js\" type=\"text\/javascript\"><\/script><\/p>\n<p><script src=\"chrome-extension:\/\/fpelahbljekknahkcaegamhcndkfpfnc\/iFrame.js\" type=\"text\/javascript\"><\/script><\/p>\n<p><script src=\"chrome-extension:\/\/fpelahbljekknahkcaegamhcndkfpfnc\/iFrame.js\" type=\"text\/javascript\"><\/script><\/p>\n<p><script src=\"chrome-extension:\/\/fpelahbljekknahkcaegamhcndkfpfnc\/iFrame.js\" type=\"text\/javascript\"><\/script><\/p>","protected":false},"featured_media":14809,"comment_status":"open","ping_status":"closed","template":"","meta":[],"product_brand":[215],"product_cat":[124,185,177,174,175,193,191,173,186,180,190,192,142],"product_tag":[],"class_list":{"0":"post-14773","1":"product","2":"type-product","3":"status-publish","4":"has-post-thumbnail","6":"product_brand-vasy","7":"product_cat-vape-by-brand","8":"product_cat-10000-puffs-high-capacity","9":"product_cat-dessert-sweets","10":"product_cat-fruit-flavors","11":"product_cat-icy-mint","12":"product_cat-mesh-coil","13":"product_cat-rechargeable-disposables","14":"product_cat-vape-by-flavor-profile","15":"product_cat-vape-by-nicotine-strength","16":"product_cat-vape-by-puff-count","17":"product_cat-vape-by-feature-or-type","18":"product_cat-vapes-with-screens","19":"product_cat-vasy","21":"first","22":"onbackorder","23":"shipping-taxable","24":"purchasable","25":"product-type-variable","26":"has-default-attributes"},"tiered_pricing_type":"percentage","tiered_pricing_fixed_rules":[],"tiered_pricing_product_settings":{"layout":"default","base_unit_name":{"singular":null,"plural":null},"default_variation":null},"tiered_pricing_minimum_quantity":10,"tiered_pricing_roles_data":[],"tiered_pricing_percentage_rules":{"30":"29","50":"35","100":"40","200":"44","500":"47","1000":"49"},"tiered_pricing_maximum_quantity":null,"tiered_pricing_quantity_step":"10","_links":{"self":[{"href":"https:\/\/agoravape.com\/sv\/wp-json\/wp\/v2\/product\/14773","targetHints":{"allow":["GET"]}}],"collection":[{"href":"https:\/\/agoravape.com\/sv\/wp-json\/wp\/v2\/product"}],"about":[{"href":"https:\/\/agoravape.com\/sv\/wp-json\/wp\/v2\/types\/product"}],"replies":[{"embeddable":true,"href":"https:\/\/agoravape.com\/sv\/wp-json\/wp\/v2\/comments?post=14773"}],"version-history":[{"count":0,"href":"https:\/\/agoravape.com\/sv\/wp-json\/wp\/v2\/product\/14773\/revisions"}],"wp:featuredmedia":[{"embeddable":true,"href":"https:\/\/agoravape.com\/sv\/wp-json\/wp\/v2\/media\/14809"}],"wp:attachment":[{"href":"https:\/\/agoravape.com\/sv\/wp-json\/wp\/v2\/media?parent=14773"}],"wp:term":[{"taxonomy":"product_brand","embeddable":true,"href":"https:\/\/agoravape.com\/sv\/wp-json\/wp\/v2\/product_brand?post=14773"},{"taxonomy":"product_cat","embeddable":true,"href":"https:\/\/agoravape.com\/sv\/wp-json\/wp\/v2\/product_cat?post=14773"},{"taxonomy":"product_tag","embeddable":true,"href":"https:\/\/agoravape.com\/sv\/wp-json\/wp\/v2\/product_tag?post=14773"}],"curies":[{"name":"wp","href":"https:\/\/api.w.org\/{rel}","templated":true}]}}