{"id":14830,"date":"2025-10-14T11:10:20","date_gmt":"2025-10-14T03:10:20","guid":{"rendered":"https:\/\/green-grasshopper-921422.hostingersite.com\/?post_type=product&#038;p=14830"},"modified":"2026-03-31T01:41:51","modified_gmt":"2026-03-30T23:41:51","slug":"arymi-elibar-18000-puffar-mtl-dtl-vape","status":"publish","type":"product","link":"https:\/\/agoravape.com\/sv\/product\/arymi-elibar-18000-puffs-mtl-dtl-vape\/","title":{"rendered":"Arymi Elibar 18000 Puffs MTL &amp; DTL Vape | Stora Puffs, Enkel Vardagsvapning"},"content":{"rendered":"<h2 data-v-md-heading=\"what-about-the-arymi-elibar-18000-mouth-suction-and-slim-mouth-suction-vapes\" data-v-md-line=\"3\">Vad s\u00e4gs om Arymi Elibar 18000 munsugning och slim mouth suction vapes?<\/h2>\n<p data-v-md-line=\"4\">Om du \u00e4r tr\u00f6tt p\u00e5 att byta apparat med n\u00e5gra dagars mellanrum kommer den h\u00e4r produkten att g\u00f6ra ditt liv enklare. Aryami Elibars uppladdningsbara eng\u00e5ngsvapor rymmer upp till 18 000 bloss och \u00e4r kompatibla med b\u00e5de puff och smala bloss, s\u00e5 att du kan v\u00e4lja mellan t\u00e4ta cigarettpuffar eller mjuka bloss.<\/p>\n<p data-v-md-line=\"6\">Du kanske tror att en vape med s\u00e5 stor kapacitet skulle vara klumpig, men Elibar k\u00e4nns fortfarande bekv\u00e4m att b\u00e4ra med sig. Justerbart sugintag g\u00f6r att du kan justera sugkraften inom n\u00e5gra sekunder, vilket resulterar i en ren smak utan att vara f\u00f6r s\u00f6t.<\/p>\n<h2 data-v-md-heading=\"excellent-performance-without-any-complexity\" data-v-md-line=\"8\">Utm\u00e4rkt prestanda utan n\u00e5gon komplexitet<\/h2>\n<p data-v-md-line=\"9\">K\u00e4rnan i Elibar \u00e4r en mesh-spiral, vilket inneb\u00e4r att den snabbt kan v\u00e4rmas upp och bibeh\u00e5lla en stabil smak fr\u00e5n f\u00f6rsta till sista tuggan. N\u00e4r batteriet \u00e4r l\u00e5gt kan du anv\u00e4nda USB-C-laddning, vilket kan vara samma kabel som anv\u00e4nds p\u00e5 din telefon. Inget behov av komplicerade laddare, och ingen anledning att oroa dig. Justera bara luftfl\u00f6det f\u00f6r att v\u00e4xla till MTL-l\u00e4ge, eller sl\u00e5 p\u00e5 luftfl\u00f6det f\u00f6r att v\u00e4xla till DTL-l\u00e4ge f\u00f6r att enkelt slutf\u00f6ra laddningen.<\/p>\n<h2 data-v-md-heading=\"specification-introduction\" data-v-md-line=\"11\">Specification Introduction<\/h2>\n<p data-v-md-line=\"12\"><strong>Suction frequency<\/strong>upp till 18000 g\u00e5nger<br \/>\n<strong>Nikotininneh\u00e5ll<\/strong>: 0.5%<br \/>\n<strong>Arbetsprincip<\/strong>Andas bara in f\u00f6r att aktivera<br \/>\n<strong>Laddning<\/strong>Standard USB-C-port<br \/>\n<strong>Status<\/strong>Klar att anv\u00e4nda direkt ur l\u00e5dan<\/p>\n<h2 data-v-md-heading=\"complete-flavor-lineup\" data-v-md-line=\"18\">Komplett smakutbud<\/h2>\n<ul data-v-md-line=\"19\">\n<li>Bl\u00e5b\u00e4r<\/li>\n<li>Vaniljkaramell<\/li>\n<li>Tuggummi<\/li>\n<li>Mint chewing gum<\/li>\n<li>Hallon<\/li>\n<li>Tobak<\/li>\n<li>Jordgubb, persika, mango<\/li>\n<li>Rosa citron<\/li>\n<li>Cola Citron<\/li>\n<li>Vattenmelon<\/li>\n<li>Mango<\/li>\n<li>Dubbla \u00e4pplen<\/li>\n<li>Jordgubb<\/li>\n<li>Persikois<\/li>\n<li>Doftande is<\/li>\n<li>\u00c4pple<\/li>\n<li>Kiwifrukt<\/li>\n<\/ul>\n<h2 data-v-md-heading=\"for-you-and-your-business\" data-v-md-line=\"37\">For you and your business<\/h2>\n<p data-v-md-line=\"38\">Om du vill ha l\u00e5ngvarig bekv\u00e4mlighet utan problem, s\u00e5 f\u00f6rbered en f\u00f6r dig sj\u00e4lv. Om du \u00e4r \u00e5terf\u00f6rs\u00e4ljare kan du k\u00f6pa in p\u00e5 grossistniv\u00e5. <a class=\"wpil_keyword_link\" href=\"https:\/\/agoravape.com\/sv\/vape-efter-varumarke\/arymi\/\" target=\"_blank\" rel=\"noopener\" title=\"ARYMI\" data-wpil-keyword-link=\"linked\" data-wpil-monitor-id=\"7173\">Arymi<\/a> Elibars i l\u00e5dor f\u00f6r att h\u00e5lla dina hyllor \u00f6ppna. Vi samarbetar med p\u00e5litliga partners som UPS, DPD och DHL f\u00f6r att tillhandah\u00e5lla DDP-leveranstj\u00e4nster, s\u00e5 att tullar kan behandlas i f\u00f6rv\u00e4g f\u00f6r att undvika tullolyckor.<\/p>\n<h2 data-v-md-heading=\"why-do-you-like-it\" data-v-md-line=\"40\">Why do you like it<\/h2>\n<p data-v-md-line=\"41\"><strong>Stor kaliber:<\/strong>\u00a0H\u00e5llbar och h\u00e5llbar, inget behov av att k\u00f6pa nya patroner ofta.<br \/>\n<strong>Justerbart insug:<\/strong>\u00a0Du kan v\u00e4xla mellan munsug (MTL) och finsug (DTL) efter personlig preferens.<br \/>\n<strong>Uppladdningsbar:<\/strong>\u00a0Du kan anv\u00e4nda alla k\u00f6pta e-v\u00e4tskor.<br \/>\n<strong>N\u00e4tspiral:<\/strong>\u00a0Det ger en j\u00e4mn och fyllig smak varje g\u00e5ng.<\/p>\n<h2 data-v-md-heading=\"why-choose-agoravape\" data-v-md-line=\"46\">Varf\u00f6r v\u00e4lja AgoraVape?<\/h2>\n<p data-v-md-line=\"47\">Som en av de mest betrodda vape-distribut\u00f6rerna i Europa s\u00e4ljer vi endast 100 % \u00e4kta produkter. F\u00f6r kommersiella kunder inneb\u00e4r detta grossistpriser, p\u00e5litlig support och snabb och p\u00e5litlig transport f\u00f6r Arymi Elibar 18000 mun-till-mun (MTL) och fin-till-mun (DTL) vapes. Kontakta oss s\u00e5 fyller vi p\u00e5 lagret \u00e5t dig f\u00f6r att verkligen tacka dina kunder f\u00f6r din produkt.<\/p>","protected":false},"excerpt":{"rendered":"<p>Vad s\u00e4gs om Arymi Elibar 18000 munsug och slim munsug vapes? Om du \u00e4r tr\u00f6tt p\u00e5 att byta enheter varje<\/p>","protected":false},"featured_media":14868,"comment_status":"open","ping_status":"closed","template":"","meta":[],"product_brand":[216],"product_cat":[124,185,194,143,176,177,174,175,193,191,178,173,186,180,190],"product_tag":[],"class_list":{"0":"post-14830","1":"product","2":"type-product","3":"status-publish","4":"has-post-thumbnail","6":"product_brand-arymi","7":"product_cat-vape-by-brand","8":"product_cat-10000-puffs-high-capacity","9":"product_cat-adjustable-airflow","10":"product_cat-arymi","11":"product_cat-beverage","12":"product_cat-dessert-sweets","13":"product_cat-fruit-flavors","14":"product_cat-icy-mint","15":"product_cat-mesh-coil","16":"product_cat-rechargeable-disposables","17":"product_cat-tobacco","18":"product_cat-vape-by-flavor-profile","19":"product_cat-vape-by-nicotine-strength","20":"product_cat-vape-by-puff-count","21":"product_cat-vape-by-feature-or-type","23":"first","24":"onbackorder","25":"shipping-taxable","26":"purchasable","27":"product-type-variable","28":"has-default-attributes"},"tiered_pricing_type":"percentage","tiered_pricing_fixed_rules":[],"tiered_pricing_product_settings":{"layout":"default","base_unit_name":{"singular":null,"plural":null},"default_variation":null},"tiered_pricing_minimum_quantity":10,"tiered_pricing_roles_data":[],"tiered_pricing_percentage_rules":{"30":"29","50":"35","100":"40","200":"44","500":"47","1000":"49"},"tiered_pricing_maximum_quantity":null,"tiered_pricing_quantity_step":"10","_links":{"self":[{"href":"https:\/\/agoravape.com\/sv\/wp-json\/wp\/v2\/product\/14830","targetHints":{"allow":["GET"]}}],"collection":[{"href":"https:\/\/agoravape.com\/sv\/wp-json\/wp\/v2\/product"}],"about":[{"href":"https:\/\/agoravape.com\/sv\/wp-json\/wp\/v2\/types\/product"}],"replies":[{"embeddable":true,"href":"https:\/\/agoravape.com\/sv\/wp-json\/wp\/v2\/comments?post=14830"}],"version-history":[{"count":1,"href":"https:\/\/agoravape.com\/sv\/wp-json\/wp\/v2\/product\/14830\/revisions"}],"predecessor-version":[{"id":29825,"href":"https:\/\/agoravape.com\/sv\/wp-json\/wp\/v2\/product\/14830\/revisions\/29825"}],"wp:featuredmedia":[{"embeddable":true,"href":"https:\/\/agoravape.com\/sv\/wp-json\/wp\/v2\/media\/14868"}],"wp:attachment":[{"href":"https:\/\/agoravape.com\/sv\/wp-json\/wp\/v2\/media?parent=14830"}],"wp:term":[{"taxonomy":"product_brand","embeddable":true,"href":"https:\/\/agoravape.com\/sv\/wp-json\/wp\/v2\/product_brand?post=14830"},{"taxonomy":"product_cat","embeddable":true,"href":"https:\/\/agoravape.com\/sv\/wp-json\/wp\/v2\/product_cat?post=14830"},{"taxonomy":"product_tag","embeddable":true,"href":"https:\/\/agoravape.com\/sv\/wp-json\/wp\/v2\/product_tag?post=14830"}],"curies":[{"name":"wp","href":"https:\/\/api.w.org\/{rel}","templated":true}]}}