{"id":14945,"date":"2025-10-14T13:15:51","date_gmt":"2025-10-14T05:15:51","guid":{"rendered":"https:\/\/green-grasshopper-921422.hostingersite.com\/?post_type=product&#038;p=14945"},"modified":"2026-03-27T06:21:39","modified_gmt":"2026-03-27T05:21:39","slug":"arymi-hookalit-40k-puffs-shisha-vape","status":"publish","type":"product","link":"https:\/\/agoravape.com\/sv\/product\/arymi-hookalit-40k-puffs-shisha-vape\/","title":{"rendered":"Arymi Hookalit 40K Puffs Shisha Hookah Vape | L\u00e5ngvarig Shisha-smak, Enkel Typ-C-laddning"},"content":{"rendered":"<h2 data-v-md-heading=\"what-about-the-arymi-hookalit-40k-drool-vape\" data-v-md-line=\"3\">Vad s\u00e4gs om Arymi Hookalit 40K drool vape?<\/h2>\n<p data-v-md-line=\"4\">Om du \u00e4r tr\u00f6tt p\u00e5 eng\u00e5ngsvapor och k\u00e4nner att de \u00e4r v\u00e4rda det varje g\u00e5ng du anv\u00e4nder dem, d\u00e5 kommer den h\u00e4r vapen att g\u00f6ra ditt liv enklare. Arymi Hookalit har en kapacitet p\u00e5 upp till 40 000 bloss, vilket ger en rik vattenpipsmak som f\u00f6rblir len fr\u00e5n f\u00f6rsta klunken till den sista.<\/p>\n<p data-v-md-line=\"6\">Den passar alla som vill ha en stor kapacitet men inte vill ha problem. Du beh\u00f6ver inte justera inst\u00e4llningar eller ta med extra tillbeh\u00f6r, bara njut av den direkt. Du kanske tror att enheter med h\u00f6gt munantal gradvis kommer att f\u00f6rlora sin smak, men LIT-mesh-spolar kan bibeh\u00e5lla stabilitet och l\u00e4ckerhet.<\/p>\n<h2 data-v-md-heading=\"excellent-performance-and-easy-operation\" data-v-md-line=\"8\">Utm\u00e4rkt prestanda och enkel anv\u00e4ndning<\/h2>\n<p data-v-md-line=\"9\">Inbyggd 0,6 \u03a9 LIT-n\u00e4tf\u00f6rstoftningsk\u00e4rna, j\u00e4mnt uppv\u00e4rmd, varje tugga \u00e4r lika uts\u00f6kt som ett f\u00f6rsta bloss. Inga br\u00e4nda kanter, l\u00e4tt smak. N\u00e4r batteriet \u00e4r l\u00e5gt kan den laddas med en typ-C-datakabel. Datakabeln kan vara densamma som telefonens laddningskabel. Enkelt och bekv\u00e4mt.<\/p>\n<h2 data-v-md-heading=\"specification-overview\" data-v-md-line=\"11\">Specifikations\u00f6versikt<\/h2>\n<ul data-v-md-line=\"12\">\n<li>Sugfrekvens: upp till 40000 g\u00e5nger<\/li>\n<li>E-v\u00e4tskekapacitet: 40 milliliter<\/li>\n<li>Nikotinhalt: 0,35 % (valfritt)<\/li>\n<li>Working principle: Activated by inhalation<\/li>\n<li>Atomiseringsk\u00e4rna: 0,6 \u03a9 LIT-n\u00e4tf\u00f6rstoftningsk\u00e4rna<\/li>\n<li>Batteri: 1300 mAh<\/li>\n<li>Laddningsmetod: Standard USB-gr\u00e4nssnitt av typ C<\/li>\n<li>Storlek: 43,4 \u00d7 191,7 millimeter<\/li>\n<li>Status: Klar att anv\u00e4nda direkt ur l\u00e5dan<\/li>\n<li>F\u00f6rpackning: 1 enhet per liten l\u00e5da | 100 enheter per l\u00e5da | Bruttovikt cirka 21 kilogram per l\u00e5da<\/li>\n<\/ul>\n<h2 data-v-md-heading=\"full-range-of-flavors\" data-v-md-line=\"24\">Fullt utbud av smaker<\/h2>\n<ul data-v-md-line=\"25\">\n<li>Smak av vattenmelon, jordgubb och s\u00f6t melon<\/li>\n<li>Smak av persika och vattenmelon<\/li>\n<li>Jordgubbskonstig fruktsmak<\/li>\n<li>Bl\u00e5b\u00e4rssmak<\/li>\n<li>Smak av blandade b\u00e4r<\/li>\n<li>Smak av passionsfrukt<\/li>\n<li>Dubbel \u00e4ppelsmak<\/li>\n<li>Smak av brun \u00f6l<\/li>\n<li>Smak av k\u00f6rsb\u00e4rsmynta<\/li>\n<li>Sval mintsmak<\/li>\n<li>Dubbel \u00e4ppelsmak av vattenpipa<\/li>\n<li>Peach smoothie flavor<\/li>\n<li>Blueberry and Lemon Water Flavor<\/li>\n<li>Smak av k\u00f6rsb\u00e4r och hallon<\/li>\n<li>66 smaker av k\u00e4rlek<\/li>\n<li>Lady Killer-smak<\/li>\n<li>Lukt av klardr\u00f6m<\/li>\n<li>Magisk k\u00e4rlekssmak<\/li>\n<li>Smak av bubbelgum<\/li>\n<li>Citronmyntsmak<\/li>\n<\/ul>\n<h2 data-v-md-heading=\"for-you-for-your-business\" data-v-md-line=\"46\">F\u00f6r dig, f\u00f6r ditt f\u00f6retag<\/h2>\n<p data-v-md-line=\"47\">Vill du k\u00f6pa till dig sj\u00e4lv? L\u00e4gg bara till n\u00e5gra favoritprodukter i din varukorg och njut av dem l\u00e4nge. Vill du fylla p\u00e5 lagret till din butik? Vi erbjuder f\u00f6rpackningar f\u00f6r 100 enheter per l\u00e5da, d\u00e4r varje enhet \u00e4r individuellt f\u00f6rpackad f\u00f6r enkel och ordnad visning och inventering.<\/p>\n<p data-v-md-line=\"49\">Vi samarbetar med betrodda partners som UPS, DPD och DHL f\u00f6r att tillhandah\u00e5lla DDP-leveranser \u00f6ver hela Europa, s\u00e5 att tullar kan behandlas i f\u00f6rv\u00e4g och tullen inte st\u00f6ter p\u00e5 n\u00e5gra ov\u00e4ntade situationer. Snabb, sp\u00e5rbar och s\u00e4ker f\u00f6rpackning.<\/p>\n<h2 data-v-md-heading=\"why-do-you-like-it\" data-v-md-line=\"51\">Why do you like it<\/h2>\n<ul data-v-md-line=\"52\">\n<li>Stor kapacitet: upp till 40 000 portar, vilket inneb\u00e4r f\u00e4rre upprepade best\u00e4llningar och avbrott.<\/li>\n<li>Nikotininneh\u00e5ll valfritt: Om du vill ha en l\u00e4ttare smak kan du v\u00e4lja 0,35 % nikotin.<\/li>\n<li>Uppladdningsbar: Typ-C-laddning hj\u00e4lper dig att anv\u00e4nda upp varenda droppe e-v\u00e4tska.<\/li>\n<li>Mesh coil: Varje anv\u00e4ndning kan ge en j\u00e4mn och j\u00e4mn smak.<\/li>\n<\/ul>\n<h2 data-v-md-heading=\"why-collaborate-with-agoravape\" data-v-md-line=\"57\">Why collaborate with AgoraVape?<\/h2>\n<p data-v-md-line=\"58\">Vi tillhandah\u00e5ller endast 100%-originalprodukter fr\u00e5n v\u00e5ra betrodda varum\u00e4rken. <a class=\"wpil_keyword_link\" href=\"https:\/\/agoravape.com\/sv\/vape-efter-varumarke\/arymi\/\" target=\"_blank\" rel=\"noopener\" title=\"ARYMI\" data-wpil-keyword-link=\"linked\" data-wpil-monitor-id=\"7111\">Arymi<\/a> Hookalit 40, Du kan njuta av rabatterade grossistpriser, snabb teknisk support och p\u00e5litliga leveranstj\u00e4nster inom Europeiska unionen f\u00f6r 000 vatten och vapes. V\u00e4lkommen att diskutera bulkbest\u00e4llningar med oss och etablera din produktlinje f\u00f6r kundreturer.<\/p>","protected":false},"excerpt":{"rendered":"<p>&nbsp;<\/p>","protected":false},"featured_media":14987,"comment_status":"open","ping_status":"closed","template":"","meta":[],"product_brand":[216],"product_cat":[124,185,143,176,174,175,193,191,179,173,186,180,190],"product_tag":[],"class_list":{"0":"post-14945","1":"product","2":"type-product","3":"status-publish","4":"has-post-thumbnail","6":"product_brand-arymi","7":"product_cat-vape-by-brand","8":"product_cat-10000-puffs-high-capacity","9":"product_cat-arymi","10":"product_cat-beverage","11":"product_cat-fruit-flavors","12":"product_cat-icy-mint","13":"product_cat-mesh-coil","14":"product_cat-rechargeable-disposables","15":"product_cat-unique-blends","16":"product_cat-vape-by-flavor-profile","17":"product_cat-vape-by-nicotine-strength","18":"product_cat-vape-by-puff-count","19":"product_cat-vape-by-feature-or-type","21":"first","22":"instock","23":"shipping-taxable","24":"purchasable","25":"product-type-variable","26":"has-default-attributes"},"tiered_pricing_type":"percentage","tiered_pricing_fixed_rules":[],"tiered_pricing_product_settings":{"layout":"default","base_unit_name":{"singular":null,"plural":null},"default_variation":null},"tiered_pricing_minimum_quantity":10,"tiered_pricing_roles_data":[],"tiered_pricing_percentage_rules":{"100":"40","200":"44","500":"47","1000":"49"},"tiered_pricing_maximum_quantity":null,"tiered_pricing_quantity_step":"10","_links":{"self":[{"href":"https:\/\/agoravape.com\/sv\/wp-json\/wp\/v2\/product\/14945","targetHints":{"allow":["GET"]}}],"collection":[{"href":"https:\/\/agoravape.com\/sv\/wp-json\/wp\/v2\/product"}],"about":[{"href":"https:\/\/agoravape.com\/sv\/wp-json\/wp\/v2\/types\/product"}],"replies":[{"embeddable":true,"href":"https:\/\/agoravape.com\/sv\/wp-json\/wp\/v2\/comments?post=14945"}],"version-history":[{"count":1,"href":"https:\/\/agoravape.com\/sv\/wp-json\/wp\/v2\/product\/14945\/revisions"}],"predecessor-version":[{"id":29763,"href":"https:\/\/agoravape.com\/sv\/wp-json\/wp\/v2\/product\/14945\/revisions\/29763"}],"wp:featuredmedia":[{"embeddable":true,"href":"https:\/\/agoravape.com\/sv\/wp-json\/wp\/v2\/media\/14987"}],"wp:attachment":[{"href":"https:\/\/agoravape.com\/sv\/wp-json\/wp\/v2\/media?parent=14945"}],"wp:term":[{"taxonomy":"product_brand","embeddable":true,"href":"https:\/\/agoravape.com\/sv\/wp-json\/wp\/v2\/product_brand?post=14945"},{"taxonomy":"product_cat","embeddable":true,"href":"https:\/\/agoravape.com\/sv\/wp-json\/wp\/v2\/product_cat?post=14945"},{"taxonomy":"product_tag","embeddable":true,"href":"https:\/\/agoravape.com\/sv\/wp-json\/wp\/v2\/product_tag?post=14945"}],"curies":[{"name":"wp","href":"https:\/\/api.w.org\/{rel}","templated":true}]}}