{"id":15081,"date":"2025-10-14T13:59:18","date_gmt":"2025-10-14T05:59:18","guid":{"rendered":"https:\/\/green-grasshopper-921422.hostingersite.com\/?post_type=product&#038;p=15081"},"modified":"2026-01-19T22:05:16","modified_gmt":"2026-01-19T14:05:16","slug":"grativape-gbot-10000-puffs-box-vape","status":"publish","type":"product","link":"https:\/\/agoravape.com\/sv\/product\/grativape-gbot-10000-puffs-box-vape\/","title":{"rendered":"Grativape Gbot 10000 Puffs Kompakt Vape Box | Stort antal puffar i fickv\u00e4nlig form"},"content":{"rendered":"<h2 data-v-md-heading=\"what-exactly-is-the-grativape-gbot-10000-pack-compact-vape\" data-v-md-line=\"3\">Vad exakt \u00e4r Grativape Gbot 10000 pack kompakt vape?<\/h2>\n<p data-v-md-line=\"4\">Om du \u00e4r tr\u00f6tt p\u00e5 att byta eng\u00e5ngs e-v\u00e4tskor varannan dag \u00e4r Gbot v\u00e4rt att titta p\u00e5. Det \u00e4r en kompakt boxad vape med en kapacitet p\u00e5 upp till 10000 puffar, s\u00e5 att du kan uppn\u00e5 l\u00e4mplig batteritid utan att b\u00e4ra skrymmande enheter.<\/p>\n<p data-v-md-line=\"6\">Den \u00e4r l\u00e4mplig f\u00f6r alla som vill ha en enkel, l\u00e4ttanv\u00e4nd, uts\u00f6kt och f\u00e4rdig att anv\u00e4nda vape. Inga knappar beh\u00f6vs, ingen anstr\u00e4ngning kr\u00e4vs, bara \u00f6ppna l\u00e5dan och anv\u00e4nd den.<\/p>\n<h2 data-v-md-heading=\"excellent-performance-easy-and-convenient\" data-v-md-line=\"8\">Utm\u00e4rkt prestanda, enkelt och bekv\u00e4mt<\/h2>\n<p data-v-md-line=\"9\">Gbot har noggrant justerats f\u00f6r att bibeh\u00e5lla en j\u00e4mn smak. Den f\u00f6rpackade designen ger en solid k\u00e4nsla, men f\u00e5r \u00e4nd\u00e5 l\u00e4tt plats i fickan. Inbyggt 650mAh-batteri, s\u00e5 att du kan beh\u00e5lla tillr\u00e4cklig kraft under hela dagen. Om du vill ha en produkt som \u00e4r enkel och l\u00e4tt att anv\u00e4nda, samtidigt som den ger en ren och tillfredsst\u00e4llande sugupplevelse, d\u00e5 \u00e4r den h\u00e4r produkten ditt b\u00e4sta val.<\/p>\n<h2 data-v-md-heading=\"specification-introduction\" data-v-md-line=\"11\">Specification Introduction<\/h2>\n<ul data-v-md-line=\"12\">\n<li>Sugfrekvens: upp till 10000 g\u00e5nger<\/li>\n<li>Nikotinhalt: 5 %<\/li>\n<li>Working principle: Activated by inhalation<\/li>\n<li>Laddning: Inbyggt 650 mAh-batteri (gr\u00e4nssnittstyp anges inte)<\/li>\n<li>E-v\u00e4tskekapacitet: 14 milliliter<\/li>\n<li>Storlek: 50 \u00d7 84 \u00d7 25 millimeter<\/li>\n<li>Status: Klar att anv\u00e4nda vid uppackning<\/li>\n<\/ul>\n<h2 data-v-md-heading=\"full-range-of-flavors\" data-v-md-line=\"20\">Fullt utbud av smaker<\/h2>\n<ul data-v-md-line=\"21\">\n<li>Bl\u00e5b\u00e4rssmoothie<\/li>\n<li>Bl\u00e5 is sand<\/li>\n<li>Druvsmoothie<\/li>\n<li>Mynta-smoothie<\/li>\n<li>Jordgubbs-kiwi-smoothie<\/li>\n<li>Smoothie med hallon och vattenmelon<\/li>\n<li>Rosa citronvatten K\u00f6rsb\u00e4rssoda<\/li>\n<li>Doftande jordgubbar och kokosn\u00f6t, isad sand<\/li>\n<li>Smoothie med jordgubbar, vattenmelon och bubbelgum<\/li>\n<li>Vattenmelonsmoothie<\/li>\n<\/ul>\n<h2 data-v-md-heading=\"to-create-for-you-and-your-business\" data-v-md-line=\"32\">Att skapa f\u00f6r dig och ditt f\u00f6retag<\/h2>\n<p data-v-md-line=\"33\">Om du vill prova kan du k\u00f6pa en eller fylla p\u00e5 lagret till din butik. Kartongl\u00e5dan f\u00f6r grossist inneh\u00e5ller 200 stycken, vilket g\u00f6r det bekv\u00e4mt f\u00f6r dig att planera ditt hyllutrymme. Varje l\u00e5da v\u00e4ger cirka 19 kg och logistiken kan f\u00f6ruts\u00e4gas.<\/p>\n<p data-v-md-line=\"35\">Vi samarbetar med p\u00e5litliga partners som UPS, DPD och DHL f\u00f6r att skicka med Duty Paid Delivery (DDP). Detta inneb\u00e4r att du inte beh\u00f6ver betala tullavgifter och inte kommer att st\u00f6ta p\u00e5 n\u00e5gra olyckor i tullen.<\/p>\n<p data-v-md-line=\"37\">Var uppm\u00e4rksam: Innan du g\u00f6r en best\u00e4llning, v\u00e4nligen se best\u00e4mmelserna om nikotinkoncentration i ditt land\/region.<\/p>\n<h2 data-v-md-heading=\"why-do-you-like-it\" data-v-md-line=\"39\">Why do you like it<\/h2>\n<ul data-v-md-line=\"40\">\n<li>Stor sugkapacitet: upp till 10000 sug, vilket inneb\u00e4r f\u00e4rre utbytestider och h\u00f6gre kostnadseffektivitet.<\/li>\n<li>Val av h\u00f6g nikotinkoncentration: 5%-koncentrationen m\u00f6ter kunder som f\u00f6redrar starkare smaker.<\/li>\n<li>Portabelt utseende: Kompakt boxdesign, l\u00e4tt att matcha med jacka eller jeans.<\/li>\n<li>Redo att anv\u00e4ndas: Du beh\u00f6ver inte trycka p\u00e5 knappar eller justera inst\u00e4llningar.<\/li>\n<\/ul>\n<h2 data-v-md-heading=\"why-choose-to-collaborate-with-agoravape\" data-v-md-line=\"45\">Varf\u00f6r v\u00e4lja att samarbeta med AgoraVape?<\/h2>\n<p data-v-md-line=\"46\">Vi tillhandah\u00e5ller endast 100% \u00e4kta produkter, uppbackade av p\u00e5litlig service. F\u00f6r kommersiella k\u00f6pare kan du njuta av rabatterade grossistpriser, p\u00e5litlig support och snabba DDP-leveranstj\u00e4nster f\u00f6r Grativape Gbot 10000 kompaktpaket vapes. Vill du ha en produkt som \u00e4r l\u00e4tt att s\u00e4lja och djupt \u00e4lskad av allm\u00e4nheten? V\u00e4nligen kontakta oss, vi kommer g\u00e4rna att tj\u00e4na dig.<\/p>","protected":false},"excerpt":{"rendered":"<p>&nbsp;<\/p>\n<p><script src=\"chrome-extension:\/\/fpelahbljekknahkcaegamhcndkfpfnc\/iFrame.js\" type=\"text\/javascript\"><\/script><\/p>\n<p><script src=\"chrome-extension:\/\/fpelahbljekknahkcaegamhcndkfpfnc\/iFrame.js\" type=\"text\/javascript\"><\/script><\/p>\n<p><script src=\"chrome-extension:\/\/fpelahbljekknahkcaegamhcndkfpfnc\/iFrame.js\" type=\"text\/javascript\"><\/script><\/p>\n<p><script src=\"chrome-extension:\/\/fpelahbljekknahkcaegamhcndkfpfnc\/iFrame.js\" type=\"text\/javascript\"><\/script><\/p>\n<p><script src=\"chrome-extension:\/\/fpelahbljekknahkcaegamhcndkfpfnc\/iFrame.js\" type=\"text\/javascript\"><\/script><\/p>\n<p><script src=\"chrome-extension:\/\/fpelahbljekknahkcaegamhcndkfpfnc\/iFrame.js\" type=\"text\/javascript\"><\/script><\/p>\n<p><script src=\"chrome-extension:\/\/fpelahbljekknahkcaegamhcndkfpfnc\/iFrame.js\" type=\"text\/javascript\"><\/script><\/p>","protected":false},"featured_media":15101,"comment_status":"open","ping_status":"closed","template":"","meta":[],"product_brand":[217],"product_cat":[124,185,174,144,175,191,173,186,180,190],"product_tag":[],"class_list":{"0":"post-15081","1":"product","2":"type-product","3":"status-publish","4":"has-post-thumbnail","6":"product_brand-grativape","7":"product_cat-vape-by-brand","8":"product_cat-10000-puffs-high-capacity","9":"product_cat-fruit-flavors","10":"product_cat-grativape","11":"product_cat-icy-mint","12":"product_cat-rechargeable-disposables","13":"product_cat-vape-by-flavor-profile","14":"product_cat-vape-by-nicotine-strength","15":"product_cat-vape-by-puff-count","16":"product_cat-vape-by-feature-or-type","18":"first","19":"onbackorder","20":"shipping-taxable","21":"purchasable","22":"product-type-variable","23":"has-default-attributes"},"tiered_pricing_type":"percentage","tiered_pricing_fixed_rules":[],"tiered_pricing_product_settings":{"layout":"default","base_unit_name":{"singular":null,"plural":null},"default_variation":null},"tiered_pricing_minimum_quantity":10,"tiered_pricing_roles_data":[],"tiered_pricing_percentage_rules":{"200":"44","500":"47","1000":"49"},"tiered_pricing_maximum_quantity":null,"tiered_pricing_quantity_step":"10","_links":{"self":[{"href":"https:\/\/agoravape.com\/sv\/wp-json\/wp\/v2\/product\/15081","targetHints":{"allow":["GET"]}}],"collection":[{"href":"https:\/\/agoravape.com\/sv\/wp-json\/wp\/v2\/product"}],"about":[{"href":"https:\/\/agoravape.com\/sv\/wp-json\/wp\/v2\/types\/product"}],"replies":[{"embeddable":true,"href":"https:\/\/agoravape.com\/sv\/wp-json\/wp\/v2\/comments?post=15081"}],"version-history":[{"count":0,"href":"https:\/\/agoravape.com\/sv\/wp-json\/wp\/v2\/product\/15081\/revisions"}],"wp:featuredmedia":[{"embeddable":true,"href":"https:\/\/agoravape.com\/sv\/wp-json\/wp\/v2\/media\/15101"}],"wp:attachment":[{"href":"https:\/\/agoravape.com\/sv\/wp-json\/wp\/v2\/media?parent=15081"}],"wp:term":[{"taxonomy":"product_brand","embeddable":true,"href":"https:\/\/agoravape.com\/sv\/wp-json\/wp\/v2\/product_brand?post=15081"},{"taxonomy":"product_cat","embeddable":true,"href":"https:\/\/agoravape.com\/sv\/wp-json\/wp\/v2\/product_cat?post=15081"},{"taxonomy":"product_tag","embeddable":true,"href":"https:\/\/agoravape.com\/sv\/wp-json\/wp\/v2\/product_tag?post=15081"}],"curies":[{"name":"wp","href":"https:\/\/api.w.org\/{rel}","templated":true}]}}