{"id":15111,"date":"2025-10-14T14:06:08","date_gmt":"2025-10-14T06:06:08","guid":{"rendered":"https:\/\/green-grasshopper-921422.hostingersite.com\/?post_type=product&#038;p=15111"},"modified":"2026-01-19T22:05:11","modified_gmt":"2026-01-19T14:05:11","slug":"grativape-imagic-10k-puffar-kvicksand-vape","status":"publish","type":"product","link":"https:\/\/agoravape.com\/sv\/product\/grativape-imagic-10k-puffs-quicksand-vape\/","title":{"rendered":"Grativape iMagic 10K Puffs Quicksand Design | Laddningsbar bekv\u00e4mlighet med j\u00e4mn smak"},"content":{"rendered":"<h2 data-v-md-heading=\"what-are-the-highlights-of-the-grativape-imagic-10k-quicksand-design-vape\" data-v-md-line=\"3\"><img loading=\"lazy\" decoding=\"async\" class=\"aligncenter size-full wp-image-15125\" src=\"https:\/\/agoravape.com\/wp-content\/uploads\/2025\/10\/Grativape-iMagic-10K-Puffs-Quicksand-Design-Vape_Agora_vape-11.webp\" alt=\"\" width=\"1920\" height=\"799\" srcset=\"https:\/\/agoravape.com\/wp-content\/uploads\/2025\/10\/Grativape-iMagic-10K-Puffs-Quicksand-Design-Vape_Agora_vape-11.webp 1920w, https:\/\/agoravape.com\/wp-content\/uploads\/2025\/10\/Grativape-iMagic-10K-Puffs-Quicksand-Design-Vape_Agora_vape-11-1200x499.webp 1200w, https:\/\/agoravape.com\/wp-content\/uploads\/2025\/10\/Grativape-iMagic-10K-Puffs-Quicksand-Design-Vape_Agora_vape-11-300x125.webp 300w, https:\/\/agoravape.com\/wp-content\/uploads\/2025\/10\/Grativape-iMagic-10K-Puffs-Quicksand-Design-Vape_Agora_vape-11-1024x426.webp 1024w, https:\/\/agoravape.com\/wp-content\/uploads\/2025\/10\/Grativape-iMagic-10K-Puffs-Quicksand-Design-Vape_Agora_vape-11-768x320.webp 768w, https:\/\/agoravape.com\/wp-content\/uploads\/2025\/10\/Grativape-iMagic-10K-Puffs-Quicksand-Design-Vape_Agora_vape-11-1536x639.webp 1536w\" sizes=\"auto, (max-width: 1920px) 100vw, 1920px\" \/><\/h2>\n<h2 data-v-md-heading=\"what-are-the-highlights-of-the-grativape-imagic-10k-quicksand-design-vape\" data-v-md-line=\"3\">Vilka \u00e4r h\u00f6jdpunkterna hos Grativape iMagic 10K quicksand-designen?<\/h2>\n<p data-v-md-line=\"4\">Om du \u00e4r tr\u00f6tt p\u00e5 eng\u00e5ngsvapor som inte kan anv\u00e4ndas p\u00e5 n\u00e5gra dagar \u00e4r iMagic 10K ditt perfekta val. Den har en l\u00e5ngvarig sugfrekvens och en sl\u00e5ende b\u00f6ljande sandform, vilket \u00e4r b\u00e5de i\u00f6gonfallande och moderiktigt.<\/p>\n<p data-v-md-line=\"6\">F\u00f6r de som s\u00f6ker en enkel och p\u00e5litlig vape-upplevelse \u00e4r det definitivt ett idealiskt val. Inget behov av komplicerade menyer, inget behov av att l\u00e4ra sig kurvor. Du beh\u00f6ver bara v\u00e4lja smaken, ta ett l\u00e4tt bloss och njuta.<\/p>\n<h2 data-v-md-heading=\"excellent-performance-easy-and-convenient\" data-v-md-line=\"8\">Utm\u00e4rkt prestanda, enkelt och bekv\u00e4mt<\/h2>\n<p data-v-md-line=\"9\">K\u00e4rnan i iMagic \u00e4r en 1,0 \u03a9 mesh-spole. Detta g\u00f6r varje sugning j\u00e4mn och j\u00e4mn, vilket ger ditt f\u00f6rsta bett en silkeslen konsistens som ditt 100:e bett. N\u00e4r batteriet \u00e4r l\u00e5gt kan du ladda det via Type-C, vilket kan vara samma kabel som anv\u00e4nds p\u00e5 din telefon. Det \u00e4r enkelt.<\/p>\n<h2 data-v-md-heading=\"specification-introduction\" data-v-md-line=\"11\">Specification Introduction<\/h2>\n<ul data-v-md-line=\"12\">\n<li>Sugfrekvens: upp till 10000 g\u00e5nger<\/li>\n<li>Nikotin: 0 %, 2 %, 3 %, 5 % valfritt<\/li>\n<li>Working principle: Activated by inhalation<\/li>\n<li>Laddning: USB-gr\u00e4nssnitt av typ C<\/li>\n<li>Spole: 1,0 \u03a9 mesh-spole<\/li>\n<li>E-v\u00e4tskekapacitet: 18 milliliter<\/li>\n<li>Status: Klar att anv\u00e4nda vid uppackning<\/li>\n<\/ul>\n<h2 data-v-md-heading=\"full-range-of-flavors\" data-v-md-line=\"20\">Fullt utbud av smaker<\/h2>\n<ul data-v-md-line=\"21\">\n<li>Smak av bl\u00e5b\u00e4r och hallon<\/li>\n<li>Regnb\u00e5gssockerisbitar<\/li>\n<li>Smak av energidryck<\/li>\n<li>Smak av rosa citronvatten<\/li>\n<li>Bj\u00f6rnb\u00e4rs-isbitar<\/li>\n<li>Smak av jordgubb och mango<\/li>\n<li>Syrlig \u00e4ppelsmak<\/li>\n<li>Bl\u00e5b\u00e4rsisbitar<\/li>\n<li>Doftande isbitar (vattenmelon- och jordgubbsisbitar)<\/li>\n<li>Jordgubbsisbitar<\/li>\n<\/ul>\n<h2 data-v-md-heading=\"for-you-for-your-business\" data-v-md-line=\"32\">F\u00f6r dig, f\u00f6r ditt f\u00f6retag<\/h2>\n<p data-v-md-line=\"33\">Du kan k\u00f6pa Grativape iMagic 10K separat f\u00f6r personligt bruk eller fylla p\u00e5 lager till din butik. Vi erbjuder standardpapperskartonger i grossistledet, och du kan anpassa smakkombinationer efter kundens behov. Beh\u00f6ver du v\u00e4gledning om produktkombinationer eller p\u00e5fyllningsrytmer? V\u00e4lkommen att h\u00f6ra av dig, vi planerar g\u00e4rna \u00e5t dig.<\/p>\n<p data-v-md-line=\"35\">Vi anv\u00e4nder betrodda partners som UPS, DPD och DHL f\u00f6r att skicka via DDP efter skatt i olika delar av Europa, vilket s\u00e4kerst\u00e4ller att du f\u00e5r en ren och f\u00f6ruts\u00e4gbar leverans och undviker olyckor i tullen. P\u00e5 grund av olika lokala best\u00e4mmelser kan nikotinkoncentrationen variera beroende p\u00e5 land\/region, s\u00e5 v\u00e4nligen se g\u00e4llande best\u00e4mmelser p\u00e5 din marknad.<\/p>\n<h2 data-v-md-heading=\"why-do-you-like-it\" data-v-md-line=\"37\">Why do you like it<\/h2>\n<ul data-v-md-line=\"38\">\n<li>Massiv sugkraft: h\u00e5llbar och l\u00e5ngvarig, utan behov av att ofta k\u00f6pa ers\u00e4ttningsprodukter.<\/li>\n<li>Nikotinval: V\u00e4lj den koncentration som \u00e4r l\u00e4mplig f\u00f6r din dagliga anv\u00e4ndning.<\/li>\n<li>Uppladdningsbar: All e-v\u00e4tska du k\u00f6per kommer att f\u00f6rbrukas.<\/li>\n<li>Mesh coil: From the first bite to the last bite, the taste remains consistent.<\/li>\n<li>Design med b\u00f6ljande sand: snygg touch, len k\u00e4nsla.<\/li>\n<li>Bekv\u00e4m sugfunktion: Inga knappar beh\u00f6vs, enkelt och bekv\u00e4mt.<\/li>\n<\/ul>\n<h2 data-v-md-heading=\"why-choose-to-collaborate-with-agoravape\" data-v-md-line=\"45\">Varf\u00f6r v\u00e4lja att samarbeta med AgoraVape?<\/h2>\n<p data-v-md-line=\"46\">Vi \u00e4r en av de mest betrodda vape-distribut\u00f6rerna i Europa och s\u00e4ljer endast \u00e4kta produkter. F\u00f6r f\u00f6retagskunder inneb\u00e4r detta att Grativape iMagic 10K Puffs quicksand design-vape erbjuder rimliga grossistpriser, snabb kundsupport och snabba DDP-leveranser. Kontakta oss f\u00f6r att tillhandah\u00e5lla n\u00f6dv\u00e4ndig utrustning f\u00f6r \u00e5terkommande kunder.<\/p>","protected":false},"excerpt":{"rendered":"<p>&nbsp;<\/p>\n<p><script src=\"chrome-extension:\/\/fpelahbljekknahkcaegamhcndkfpfnc\/iFrame.js\" type=\"text\/javascript\"><\/script><\/p>\n<p><script src=\"chrome-extension:\/\/fpelahbljekknahkcaegamhcndkfpfnc\/iFrame.js\" type=\"text\/javascript\"><\/script><\/p>\n<p><script src=\"chrome-extension:\/\/fpelahbljekknahkcaegamhcndkfpfnc\/iFrame.js\" type=\"text\/javascript\"><\/script><\/p>\n<p><script src=\"chrome-extension:\/\/fpelahbljekknahkcaegamhcndkfpfnc\/iFrame.js\" type=\"text\/javascript\"><\/script><\/p>\n<p><script src=\"chrome-extension:\/\/fpelahbljekknahkcaegamhcndkfpfnc\/iFrame.js\" type=\"text\/javascript\"><\/script><\/p>\n<p><script src=\"chrome-extension:\/\/fpelahbljekknahkcaegamhcndkfpfnc\/iFrame.js\" type=\"text\/javascript\"><\/script><\/p>\n<p><script src=\"chrome-extension:\/\/fpelahbljekknahkcaegamhcndkfpfnc\/iFrame.js\" type=\"text\/javascript\"><\/script><\/p>","protected":false},"featured_media":15124,"comment_status":"open","ping_status":"closed","template":"","meta":[],"product_brand":[217],"product_cat":[124,187,185,189,176,174,144,175,193,191,173,186,180,190],"product_tag":[],"class_list":{"0":"post-15111","1":"product","2":"type-product","3":"status-publish","4":"has-post-thumbnail","6":"product_brand-grativape","7":"product_cat-vape-by-brand","8":"product_cat-0mg-nicotine-free-vapes","9":"product_cat-10000-puffs-high-capacity","10":"product_cat-20mg-standard-nicotine-vapes","11":"product_cat-beverage","12":"product_cat-fruit-flavors","13":"product_cat-grativape","14":"product_cat-icy-mint","15":"product_cat-mesh-coil","16":"product_cat-rechargeable-disposables","17":"product_cat-vape-by-flavor-profile","18":"product_cat-vape-by-nicotine-strength","19":"product_cat-vape-by-puff-count","20":"product_cat-vape-by-feature-or-type","22":"first","23":"onbackorder","24":"shipping-taxable","25":"purchasable","26":"product-type-variable","27":"has-default-attributes"},"tiered_pricing_type":"percentage","tiered_pricing_fixed_rules":[],"tiered_pricing_product_settings":{"layout":"default","base_unit_name":{"singular":null,"plural":null},"default_variation":null},"tiered_pricing_minimum_quantity":10,"tiered_pricing_roles_data":[],"tiered_pricing_percentage_rules":{"50":"35","100":"40","200":"44","500":"47","1000":"49"},"tiered_pricing_maximum_quantity":null,"tiered_pricing_quantity_step":"10","_links":{"self":[{"href":"https:\/\/agoravape.com\/sv\/wp-json\/wp\/v2\/product\/15111","targetHints":{"allow":["GET"]}}],"collection":[{"href":"https:\/\/agoravape.com\/sv\/wp-json\/wp\/v2\/product"}],"about":[{"href":"https:\/\/agoravape.com\/sv\/wp-json\/wp\/v2\/types\/product"}],"replies":[{"embeddable":true,"href":"https:\/\/agoravape.com\/sv\/wp-json\/wp\/v2\/comments?post=15111"}],"version-history":[{"count":0,"href":"https:\/\/agoravape.com\/sv\/wp-json\/wp\/v2\/product\/15111\/revisions"}],"wp:featuredmedia":[{"embeddable":true,"href":"https:\/\/agoravape.com\/sv\/wp-json\/wp\/v2\/media\/15124"}],"wp:attachment":[{"href":"https:\/\/agoravape.com\/sv\/wp-json\/wp\/v2\/media?parent=15111"}],"wp:term":[{"taxonomy":"product_brand","embeddable":true,"href":"https:\/\/agoravape.com\/sv\/wp-json\/wp\/v2\/product_brand?post=15111"},{"taxonomy":"product_cat","embeddable":true,"href":"https:\/\/agoravape.com\/sv\/wp-json\/wp\/v2\/product_cat?post=15111"},{"taxonomy":"product_tag","embeddable":true,"href":"https:\/\/agoravape.com\/sv\/wp-json\/wp\/v2\/product_tag?post=15111"}],"curies":[{"name":"wp","href":"https:\/\/api.w.org\/{rel}","templated":true}]}}