{"id":15127,"date":"2025-10-14T14:14:37","date_gmt":"2025-10-14T06:14:37","guid":{"rendered":"https:\/\/green-grasshopper-921422.hostingersite.com\/?post_type=product&#038;p=15127"},"modified":"2026-01-19T22:05:05","modified_gmt":"2026-01-19T14:05:05","slug":"grativape-ipanda-15k-puffar-display-vape","status":"publish","type":"product","link":"https:\/\/agoravape.com\/sv\/product\/grativape-ipanda-15k-puffs-display-vape\/","title":{"rendered":"Grativape iPanda 15K Puffs Vape med sk\u00e4rm | L\u00e5ngvarig smak med smart sk\u00e4rm"},"content":{"rendered":"<h2 data-v-md-heading=\"what-is-the-grativape-ipanda-15000-mouth-vape-with-a-display-screen-like\" data-v-md-line=\"3\"><img loading=\"lazy\" decoding=\"async\" class=\"aligncenter size-full wp-image-15139\" src=\"https:\/\/agoravape.com\/wp-content\/uploads\/2025\/10\/Grativape-iPanda-15K-Puffs-Vape-with-Display-Screen_Agora_vape-1-scaled.webp\" alt=\"\" width=\"2560\" height=\"1121\" srcset=\"https:\/\/agoravape.com\/wp-content\/uploads\/2025\/10\/Grativape-iPanda-15K-Puffs-Vape-with-Display-Screen_Agora_vape-1-scaled.webp 2560w, https:\/\/agoravape.com\/wp-content\/uploads\/2025\/10\/Grativape-iPanda-15K-Puffs-Vape-with-Display-Screen_Agora_vape-1-scaled-1200x525.webp 1200w, https:\/\/agoravape.com\/wp-content\/uploads\/2025\/10\/Grativape-iPanda-15K-Puffs-Vape-with-Display-Screen_Agora_vape-1-300x131.webp 300w, https:\/\/agoravape.com\/wp-content\/uploads\/2025\/10\/Grativape-iPanda-15K-Puffs-Vape-with-Display-Screen_Agora_vape-1-1024x448.webp 1024w, https:\/\/agoravape.com\/wp-content\/uploads\/2025\/10\/Grativape-iPanda-15K-Puffs-Vape-with-Display-Screen_Agora_vape-1-768x336.webp 768w, https:\/\/agoravape.com\/wp-content\/uploads\/2025\/10\/Grativape-iPanda-15K-Puffs-Vape-with-Display-Screen_Agora_vape-1-1536x673.webp 1536w, https:\/\/agoravape.com\/wp-content\/uploads\/2025\/10\/Grativape-iPanda-15K-Puffs-Vape-with-Display-Screen_Agora_vape-1-2048x897.webp 2048w\" sizes=\"auto, (max-width: 2560px) 100vw, 2560px\" \/><\/h2>\n<h2 data-v-md-heading=\"what-is-the-grativape-ipanda-15000-mouth-vape-with-a-display-screen-like\" data-v-md-line=\"3\">Hur \u00e4r Grativape iPanda 15000 munvape med sk\u00e4rm?<\/h2>\n<p data-v-md-line=\"4\">Om du \u00e4r tr\u00f6tt p\u00e5 att anv\u00e4nda eng\u00e5ngsvapor innan helgen kanske du vill ta en titt p\u00e5 den h\u00e4r produkten. Grativape iPanda har en kapacitet p\u00e5 upp till 15 000 portar och \u00e4r utrustad med en tydlig sk\u00e4rm som samtidigt kan visa batteri- och e-v\u00e4tskeniv\u00e5er. Du beh\u00f6ver inte gissa, och det blir inget torrt sug.<\/p>\n<p data-v-md-line=\"6\">Den passar alla vape-anv\u00e4ndare som vill ha enkelhet, p\u00e5litlighet och en konsekvent smak. Du kan njuta av en bekv\u00e4m r\u00f6kupplevelse och ha en praktisk sk\u00e4rm som exakt visar n\u00e4r du beh\u00f6ver ladda eller n\u00e4r e-v\u00e4tskan \u00e4r l\u00e5g. Du kanske tror att en vape med s\u00e5 stor kapacitet skulle vara skrymmande, men dess portabilitet kommer att \u00f6verraska dig.<\/p>\n<h2 data-v-md-heading=\"excellent-performance-easy-and-convenient\" data-v-md-line=\"8\">Utm\u00e4rkt prestanda, enkelt och bekv\u00e4mt<\/h2>\n<p data-v-md-line=\"9\">K\u00e4rnan i iPanda \u00e4r en 1,0 \u03a9 mesh-f\u00f6r\u00e5ngare, vilket s\u00e4kerst\u00e4ller att varje tugga \u00e4r lika uts\u00f6kt som ett f\u00f6rsta bloss. Det uppladdningsbara 650 mAh-batteriet s\u00e4kerst\u00e4ller stabil prestanda hos f\u00f6r\u00e5ngningsk\u00e4rnan. E-v\u00e4tskekapaciteten p\u00e5 18 ml st\u00f6der l\u00e5ngvarig sugning, och sk\u00e4rmen kan visa batteri- och e-v\u00e4tskestatus, vilket g\u00f6r att du kan kontrollera allt. N\u00e4r batteriet \u00e4r l\u00e5gt anv\u00e4nder du helt enkelt en typ-C-datakabel f\u00f6r att ansluta. Enkelt och bekv\u00e4mt.<\/p>\n<h2 data-v-md-heading=\"specification-introduction\" data-v-md-line=\"11\">Specification Introduction<\/h2>\n<ul data-v-md-line=\"12\">\n<li>Sugfrekvens: upp till 15000 g\u00e5nger<\/li>\n<li>Nikotinhalt: 0 %, 2 %, 3 % och 5 %<\/li>\n<li>Funktionsprincip: Aktiveras med bara ett bloss<\/li>\n<li>Laddning: Standard USB-gr\u00e4nssnitt av typ C<\/li>\n<li>Status: Klar att anv\u00e4nda direkt ur l\u00e5dan<\/li>\n<\/ul>\n<h2 data-v-md-heading=\"full-range-of-flavors\" data-v-md-line=\"18\">Fullt utbud av smaker<\/h2>\n<ul data-v-md-line=\"19\">\n<li>Hallonis<\/li>\n<li>Mango- och bananis<\/li>\n<li>Mangois<\/li>\n<li>Tobak<\/li>\n<li>Litchi vattenmelonglass<\/li>\n<\/ul>\n<h2 data-v-md-heading=\"for-you-and-your-business\" data-v-md-line=\"25\">For you and your business<\/h2>\n<p data-v-md-line=\"26\">Du kan v\u00e4lja en enhet f\u00f6r dagligt bruk eller fylla p\u00e5 lager till din butik. Vi erbjuder individuella best\u00e4llningar och grossistalternativ, s\u00e5 att du kan v\u00e4lja r\u00e4tt produkter. Vi tillhandah\u00e5ller DDP-leveranser inom Europeiska unionen med betrodda partners som UPS, DPD och DHL, vilket s\u00e4kerst\u00e4ller att tullar hanteras korrekt och undviker ov\u00e4ntade situationer i tullen.<\/p>\n<p data-v-md-line=\"28\">Om du \u00e4r en privatk\u00f6pare, v\u00e4nligen kontakta oss f\u00f6r priss\u00e4ttning i bulk och transporterbara blandade smaker. Vi uppr\u00e4tth\u00e5ller transparens f\u00f6r att du ska f\u00e5 en exakt f\u00f6rst\u00e5else f\u00f6r de produkter du har best\u00e4llt.<\/p>\n<h2 data-v-md-heading=\"why-do-you-like-it\" data-v-md-line=\"30\">Why do you like it<\/h2>\n<ul data-v-md-line=\"31\">\n<li>Stor r\u00f6kkapacitet: l\u00e4ngre batteritid, inget behov av att byta ut vape ofta.<\/li>\n<li>Val av nikotinkoncentration: V\u00e4lj den nikotinkoncentration som passar din smak.<\/li>\n<li>Uppladdningsbar: 18 milliliter e-v\u00e4tska kan anv\u00e4ndas utan avfall.<\/li>\n<li>N\u00e4tf\u00f6rstoftande k\u00e4rna: Den kan ge en stabil och l\u00e5ngvarig smak varje g\u00e5ng.<\/li>\n<li>Intelligent display: Batteriniv\u00e5n och e-v\u00e4tskeniv\u00e5n \u00e4r tydliga med en blick, s\u00e5 att du kan vara redo n\u00e4r som helst.<\/li>\n<\/ul>\n<h2 data-v-md-heading=\"why-choose-agoravape\" data-v-md-line=\"37\">Varf\u00f6r v\u00e4lja AgoraVape?<\/h2>\n<p data-v-md-line=\"38\">Vi s\u00e4ljer endast \u00e4kta produkter och garanterar kvaliteten p\u00e5 de produkter vi skickar. F\u00f6r kommersiella kunder inneb\u00e4r detta att Grativape iPanda 15K vapingkapacitet med displaysk\u00e4rm erbjuder konkurrenskraftiga grossistpriser, snabb teknisk support och snabb leverans inom EU. Kontakta oss f\u00f6r att reservera en p\u00e5litlig enhet f\u00f6r dina kunder.<\/p>","protected":false},"excerpt":{"rendered":"<p>&nbsp;<\/p>\n<p><script src=\"chrome-extension:\/\/fpelahbljekknahkcaegamhcndkfpfnc\/iFrame.js\" type=\"text\/javascript\"><\/script><\/p>\n<p><script src=\"chrome-extension:\/\/fpelahbljekknahkcaegamhcndkfpfnc\/iFrame.js\" type=\"text\/javascript\"><\/script><\/p>\n<p><script src=\"chrome-extension:\/\/fpelahbljekknahkcaegamhcndkfpfnc\/iFrame.js\" type=\"text\/javascript\"><\/script><\/p>\n<p><script src=\"chrome-extension:\/\/fpelahbljekknahkcaegamhcndkfpfnc\/iFrame.js\" type=\"text\/javascript\"><\/script><\/p>\n<p><script src=\"chrome-extension:\/\/fpelahbljekknahkcaegamhcndkfpfnc\/iFrame.js\" type=\"text\/javascript\"><\/script><\/p>\n<p><script src=\"chrome-extension:\/\/fpelahbljekknahkcaegamhcndkfpfnc\/iFrame.js\" type=\"text\/javascript\"><\/script><\/p>\n<p><script src=\"chrome-extension:\/\/fpelahbljekknahkcaegamhcndkfpfnc\/iFrame.js\" type=\"text\/javascript\"><\/script><\/p>","protected":false},"featured_media":15143,"comment_status":"open","ping_status":"closed","template":"","meta":[],"product_brand":[217],"product_cat":[124,187,185,1635,189,174,144,175,193,191,178,173,186,180,190,192],"product_tag":[],"class_list":{"0":"post-15127","1":"product","2":"type-product","3":"status-publish","4":"has-post-thumbnail","6":"product_brand-grativape","7":"product_cat-vape-by-brand","8":"product_cat-0mg-nicotine-free-vapes","9":"product_cat-10000-puffs-high-capacity","10":"product_cat-15000-puffs","11":"product_cat-20mg-standard-nicotine-vapes","12":"product_cat-fruit-flavors","13":"product_cat-grativape","14":"product_cat-icy-mint","15":"product_cat-mesh-coil","16":"product_cat-rechargeable-disposables","17":"product_cat-tobacco","18":"product_cat-vape-by-flavor-profile","19":"product_cat-vape-by-nicotine-strength","20":"product_cat-vape-by-puff-count","21":"product_cat-vape-by-feature-or-type","22":"product_cat-vapes-with-screens","24":"first","25":"onbackorder","26":"shipping-taxable","27":"purchasable","28":"product-type-variable","29":"has-default-attributes"},"tiered_pricing_type":"percentage","tiered_pricing_fixed_rules":[],"tiered_pricing_product_settings":{"layout":"default","base_unit_name":{"singular":null,"plural":null},"default_variation":null},"tiered_pricing_minimum_quantity":10,"tiered_pricing_roles_data":[],"tiered_pricing_percentage_rules":{"50":"35","100":"40","200":"44","500":"47","1000":"49"},"tiered_pricing_maximum_quantity":null,"tiered_pricing_quantity_step":"10","_links":{"self":[{"href":"https:\/\/agoravape.com\/sv\/wp-json\/wp\/v2\/product\/15127","targetHints":{"allow":["GET"]}}],"collection":[{"href":"https:\/\/agoravape.com\/sv\/wp-json\/wp\/v2\/product"}],"about":[{"href":"https:\/\/agoravape.com\/sv\/wp-json\/wp\/v2\/types\/product"}],"replies":[{"embeddable":true,"href":"https:\/\/agoravape.com\/sv\/wp-json\/wp\/v2\/comments?post=15127"}],"version-history":[{"count":0,"href":"https:\/\/agoravape.com\/sv\/wp-json\/wp\/v2\/product\/15127\/revisions"}],"wp:featuredmedia":[{"embeddable":true,"href":"https:\/\/agoravape.com\/sv\/wp-json\/wp\/v2\/media\/15143"}],"wp:attachment":[{"href":"https:\/\/agoravape.com\/sv\/wp-json\/wp\/v2\/media?parent=15127"}],"wp:term":[{"taxonomy":"product_brand","embeddable":true,"href":"https:\/\/agoravape.com\/sv\/wp-json\/wp\/v2\/product_brand?post=15127"},{"taxonomy":"product_cat","embeddable":true,"href":"https:\/\/agoravape.com\/sv\/wp-json\/wp\/v2\/product_cat?post=15127"},{"taxonomy":"product_tag","embeddable":true,"href":"https:\/\/agoravape.com\/sv\/wp-json\/wp\/v2\/product_tag?post=15127"}],"curies":[{"name":"wp","href":"https:\/\/api.w.org\/{rel}","templated":true}]}}