{"id":15154,"date":"2025-10-16T08:21:03","date_gmt":"2025-10-16T00:21:03","guid":{"rendered":"https:\/\/green-grasshopper-921422.hostingersite.com\/?post_type=product&#038;p=15154"},"modified":"2026-01-19T22:04:38","modified_gmt":"2026-01-19T14:04:38","slug":"gammal-skola-12k-puffs-lader-vape","status":"publish","type":"product","link":"https:\/\/agoravape.com\/sv\/product\/old-school-12k-puffs-leather-vape\/","title":{"rendered":"Old School 12K Puffs L\u00e4dervape med Dubbel Display | L\u00e5ngvariga Puffs och Tydliga Avl\u00e4sningar"},"content":{"rendered":"<h2 data-v-md-heading=\"what-is-special-about-the-old-school-12k-dual-screen-genuine-leather-vape\" data-v-md-line=\"3\">Vad \u00e4r speciellt med Old School 12K vape i \u00e4kta l\u00e4der med dubbla sk\u00e4rmar?<\/h2>\n<p data-v-md-line=\"4\">Om du \u00e4r tr\u00f6tt p\u00e5 eng\u00e5ngsvapor som tar slut varje g\u00e5ng du beh\u00f6ver dem, kanske du vill ta en titt p\u00e5 den h\u00e4r produkten. Old School 12K \u00e4r tillverkad av h\u00f6gkvalitativt l\u00e4dermaterial och utrustad med en praktisk dubbelsk\u00e4rm, vilket g\u00f6r att batteri- och e-v\u00e4tskeniv\u00e5erna \u00e4r tydliga med en blick. Inget behov av att gissa, inga \u00f6verraskningar.<\/p>\n<p data-v-md-line=\"6\">F\u00f6r dig som vill ha en p\u00e5litlig daglig vape utan att beh\u00f6va byta e-v\u00e4tska ofta \u00e4r den h\u00e4r produkten det perfekta valet. 18 ml p\u00e5fyllning och det uppladdningsbara batteriet p\u00e5 480 mAh r\u00e4cker till upp till 12 000 oljep\u00e5fyllningar, vilket g\u00f6r att du verkligen kan anv\u00e4nda upp den e-v\u00e4tska du k\u00f6pt.<\/p>\n<h2 data-v-md-heading=\"excellent-performance-without-any-problems\" data-v-md-line=\"8\">Utm\u00e4rkt prestanda utan problem<\/h2>\n<p data-v-md-line=\"9\">K\u00e4rnkomponenten i den h\u00e4r enheten \u00e4r en mesh-spole, s\u00e5 varje sug \u00e4r lika uts\u00f6kt som det f\u00f6rsta suget. Smaken f\u00f6rblir j\u00e4mn. N\u00e4r batteriet \u00e4r l\u00e5gt kan du ladda det via Type-C, s\u00e5 du anv\u00e4nder f\u00f6rmodligen samma datakabel som din telefon. Den dubbla sk\u00e4rmen l\u00e5ter dig h\u00e5lla koll p\u00e5 batteri- och e-v\u00e4tskeniv\u00e5erna hela tiden, s\u00e5 att du kan vara redo att anv\u00e4nda dem n\u00e4r som helst.<\/p>\n<h2 data-v-md-heading=\"specification-overview\" data-v-md-line=\"11\">Specifikations\u00f6versikt<\/h2>\n<ul data-v-md-line=\"12\">\n<li>Sugfrekvens: upp till 12000 g\u00e5nger<\/li>\n<li>Nikotin: 0 %, 2 %, 3 %, 5 % koncentration<\/li>\n<li>Working principle: Activated by inhalation<\/li>\n<li>Laddning: Standard USB-port av typ C<\/li>\n<li>Status: Klar att anv\u00e4nda vid uppackning<\/li>\n<\/ul>\n<h2 data-v-md-heading=\"multiple-flavor-options\" data-v-md-line=\"18\">Flera smakalternativ<\/h2>\n<ul data-v-md-line=\"19\">\n<li>Persikasmoothie<\/li>\n<li>Vattenmelonsmoothie<\/li>\n<li>Persika-mango-smoothie<\/li>\n<li>Druvsmoothie<\/li>\n<li>Liten bj\u00f6rn gummy smoothie<\/li>\n<li>Cool mynta-smoothie<\/li>\n<li>Jordgubbs-kiwi-smoothie<\/li>\n<li>Jordgubbs-banan-smoothie<\/li>\n<li>Bl\u00e5b\u00e4rs-citronsmoothie<\/li>\n<li>Litchi-issand<\/li>\n<\/ul>\n<h2 data-v-md-heading=\"for-you-and-for-your-business-as-well\" data-v-md-line=\"30\">F\u00f6r dig, och \u00e4ven f\u00f6r ditt f\u00f6retag<\/h2>\n<p data-v-md-line=\"31\">Du kan k\u00f6pa Old School 12K f\u00f6r personligt bruk eller k\u00f6pa det till din butik. Varje grossistl\u00e5da inneh\u00e5ller 10 stycken, vilket g\u00f6r det enkelt f\u00f6r dig att organisera ditt lager. Standardl\u00e5dan rymmer 200 stycken, med en bruttovikt p\u00e5 20 kilogram och en kartongstorlek p\u00e5 520 \u00d7 276 \u00d7 222 millimeter.<\/p>\n<p data-v-md-line=\"33\">Vi samarbetar med betrodda partners som UPS, DPD och DHL f\u00f6r att tillhandah\u00e5lla DDP-leveranser \u00f6ver hela Europa, vilket s\u00e4kerst\u00e4ller att du f\u00e5r tydliga fraktkostnader och undviker tullolyckor. Snabb leverans och p\u00e5litlig sp\u00e5rning g\u00f6r allt enkelt.<\/p>\n<h2 data-v-md-heading=\"why-do-you-like-it\" data-v-md-line=\"35\">Why do you like it<\/h2>\n<ul data-v-md-line=\"36\">\n<li>Massivr\u00f6kning: H\u00e5llbar och l\u00e5ngvarig, inget behov av att k\u00f6pa nya cigaretter ofta.<\/li>\n<li>Nikotinval: Du kan v\u00e4lja den koncentration som passar dig.<\/li>\n<li>Uppladdningsbar: inneb\u00e4r att du kan anv\u00e4nda alla k\u00f6pta e-v\u00e4tskor.<\/li>\n<li>Mesh coil: Den kan ge en j\u00e4mn och rik smak varje g\u00e5ng.<\/li>\n<\/ul>\n<h2 data-v-md-heading=\"why-choose-agoravape\" data-v-md-line=\"41\">Varf\u00f6r v\u00e4lja AgoraVape?<\/h2>\n<p data-v-md-line=\"42\">Vi s\u00e4ljer endast 100 % \u00e4kta produkter och ansvarar f\u00f6r de produkter vi skickar. F\u00f6r f\u00f6retagskunder inneb\u00e4r detta att Old School 12K Puffs l\u00e4dervapes med dubbla sk\u00e4rmar har rabatterade grossistpriser, p\u00e5litlig support och snabb leverans via DDP. Kontakta oss f\u00f6r att fylla p\u00e5 med en enhet som \u00e4r v\u00e4rd att \u00e5terv\u00e4nda till f\u00f6r dina kunder.<\/p>\n<p><script src=\"chrome-extension:\/\/fpelahbljekknahkcaegamhcndkfpfnc\/iFrame.js\" type=\"text\/javascript\"><\/script><\/p>","protected":false},"excerpt":{"rendered":"<p>&nbsp;<\/p>\n<p><script src=\"chrome-extension:\/\/fpelahbljekknahkcaegamhcndkfpfnc\/iFrame.js\" type=\"text\/javascript\"><\/script><\/p>\n<p><script src=\"chrome-extension:\/\/fpelahbljekknahkcaegamhcndkfpfnc\/iFrame.js\" type=\"text\/javascript\"><\/script><\/p>\n<p><script src=\"chrome-extension:\/\/fpelahbljekknahkcaegamhcndkfpfnc\/iFrame.js\" type=\"text\/javascript\"><\/script><\/p>\n<p><script src=\"chrome-extension:\/\/fpelahbljekknahkcaegamhcndkfpfnc\/iFrame.js\" type=\"text\/javascript\"><\/script><\/p>\n<p><script src=\"chrome-extension:\/\/fpelahbljekknahkcaegamhcndkfpfnc\/iFrame.js\" type=\"text\/javascript\"><\/script><\/p>\n<p><script src=\"chrome-extension:\/\/fpelahbljekknahkcaegamhcndkfpfnc\/iFrame.js\" type=\"text\/javascript\"><\/script><\/p>\n<p><script src=\"chrome-extension:\/\/fpelahbljekknahkcaegamhcndkfpfnc\/iFrame.js\" type=\"text\/javascript\"><\/script><\/p>\n<p><script src=\"chrome-extension:\/\/fpelahbljekknahkcaegamhcndkfpfnc\/iFrame.js\" type=\"text\/javascript\"><\/script><\/p>","protected":false},"featured_media":15168,"comment_status":"open","ping_status":"closed","template":"","meta":[],"product_brand":[219],"product_cat":[124,187,185,1634,189,174,175,193,146,191,178,173,186,180,190,192],"product_tag":[],"class_list":{"0":"post-15154","1":"product","2":"type-product","3":"status-publish","4":"has-post-thumbnail","6":"product_brand-old-school","7":"product_cat-vape-by-brand","8":"product_cat-0mg-nicotine-free-vapes","9":"product_cat-10000-puffs-high-capacity","10":"product_cat-12000-puffs","11":"product_cat-20mg-standard-nicotine-vapes","12":"product_cat-fruit-flavors","13":"product_cat-icy-mint","14":"product_cat-mesh-coil","15":"product_cat-old-school","16":"product_cat-rechargeable-disposables","17":"product_cat-tobacco","18":"product_cat-vape-by-flavor-profile","19":"product_cat-vape-by-nicotine-strength","20":"product_cat-vape-by-puff-count","21":"product_cat-vape-by-feature-or-type","22":"product_cat-vapes-with-screens","24":"first","25":"onbackorder","26":"shipping-taxable","27":"purchasable","28":"product-type-variable","29":"has-default-attributes"},"tiered_pricing_type":"percentage","tiered_pricing_fixed_rules":[],"tiered_pricing_product_settings":{"layout":"default","base_unit_name":{"singular":null,"plural":null},"default_variation":null},"tiered_pricing_minimum_quantity":10,"tiered_pricing_roles_data":[],"tiered_pricing_percentage_rules":{"30":"29","50":"35","100":"40","200":"44","500":"47","1000":"49"},"tiered_pricing_maximum_quantity":null,"tiered_pricing_quantity_step":"10","_links":{"self":[{"href":"https:\/\/agoravape.com\/sv\/wp-json\/wp\/v2\/product\/15154","targetHints":{"allow":["GET"]}}],"collection":[{"href":"https:\/\/agoravape.com\/sv\/wp-json\/wp\/v2\/product"}],"about":[{"href":"https:\/\/agoravape.com\/sv\/wp-json\/wp\/v2\/types\/product"}],"replies":[{"embeddable":true,"href":"https:\/\/agoravape.com\/sv\/wp-json\/wp\/v2\/comments?post=15154"}],"version-history":[{"count":0,"href":"https:\/\/agoravape.com\/sv\/wp-json\/wp\/v2\/product\/15154\/revisions"}],"wp:featuredmedia":[{"embeddable":true,"href":"https:\/\/agoravape.com\/sv\/wp-json\/wp\/v2\/media\/15168"}],"wp:attachment":[{"href":"https:\/\/agoravape.com\/sv\/wp-json\/wp\/v2\/media?parent=15154"}],"wp:term":[{"taxonomy":"product_brand","embeddable":true,"href":"https:\/\/agoravape.com\/sv\/wp-json\/wp\/v2\/product_brand?post=15154"},{"taxonomy":"product_cat","embeddable":true,"href":"https:\/\/agoravape.com\/sv\/wp-json\/wp\/v2\/product_cat?post=15154"},{"taxonomy":"product_tag","embeddable":true,"href":"https:\/\/agoravape.com\/sv\/wp-json\/wp\/v2\/product_tag?post=15154"}],"curies":[{"name":"wp","href":"https:\/\/api.w.org\/{rel}","templated":true}]}}