{"id":15178,"date":"2025-10-16T09:43:19","date_gmt":"2025-10-16T01:43:19","guid":{"rendered":"https:\/\/green-grasshopper-921422.hostingersite.com\/?post_type=product&#038;p=15178"},"modified":"2026-01-19T22:04:32","modified_gmt":"2026-01-19T14:04:32","slug":"old-school-kp10000-10k-puffar-vape","status":"publish","type":"product","link":"https:\/\/agoravape.com\/sv\/product\/old-school-kp10000-10k-puffs-vape\/","title":{"rendered":"Old School KP10000 10K Puffs Mesh Coil Vape | L\u00e5ngvarig smak, inget kr\u00e5ngel"},"content":{"rendered":"<h2 data-v-md-heading=\"what-is-special-about-the-old-school-kp10000-10k-mesh-coil-vape\" data-v-md-line=\"3\">Vad \u00e4r speciellt med Old School KP10000 10K Mesh Coil vape?<\/h2>\n<p data-v-md-line=\"4\">Om du \u00e4r tr\u00f6tt p\u00e5 eng\u00e5ngsvapor kan den h\u00e4r produkten uppfylla dina behov. Old School KP10000 kan ge dig en sugkapacitet p\u00e5 upp till 10 000 tuggor, med en len smak fr\u00e5n f\u00f6rsta till sista tuggan. Den \u00e4r l\u00e4tt att anv\u00e4nda, har en utm\u00e4rkt smak, k\u00e4nns stabil i handen och f\u00e5r dig inte att k\u00e4nna att du har en tegelsten i fickan.<\/p>\n<p data-v-md-line=\"6\">Om du vill ha en p\u00e5litlig och bekv\u00e4m vape \u00e4r detta det perfekta valet. Du kan v\u00e4lja din favoritsmak, v\u00e4lja l\u00e4mplig nikotinkoncentration och sedan inhalera direkt. Det h\u00e4r \u00e4r det. Inga knappar, inga menyer, inga bekymmer.<\/p>\n<h2 data-v-md-heading=\"excellent-performance-no-need-for-any-operation\" data-v-md-line=\"8\">Utm\u00e4rkt prestanda, inget behov av n\u00e5gon operation<\/h2>\n<p data-v-md-line=\"9\">Mesh-coilen \u00e4r h\u00f6jdpunkten hos den h\u00e4r produkten. Den kan v\u00e4rma e-v\u00e4tskan j\u00e4mnt, vilket s\u00e4kerst\u00e4ller att varje tugga \u00e4r j\u00e4mnt ren. N\u00e4r batteriet \u00e4r l\u00e5gt beh\u00f6vs bara en vanlig USB-kabel f\u00f6r att ladda den. Det \u00e4r enkelt. Du kanske tror att en vape med s\u00e5 stor kapacitet skulle vara klumpig. Men dess portabilitet kommer definitivt att \u00f6verraska dig.<\/p>\n<h2 data-v-md-heading=\"specification-overview\" data-v-md-line=\"11\">Specifikations\u00f6versikt<\/h2>\n<p data-v-md-line=\"12\"><strong>Suction frequency<\/strong>upp till 10 000 g\u00e5nger<br \/>\n<strong>Nikotininneh\u00e5ll<\/strong>: 0%, 2%, 3%, 5%<br \/>\n<strong>Arbetsprincip<\/strong>Andas bara in f\u00f6r att aktivera<br \/>\n<strong>Laddning<\/strong>USB-laddningsport<br \/>\n<strong>Status<\/strong>Klar att anv\u00e4nda vid uppackning<br \/>\n<strong>e-v\u00e4tskans kapacitet<\/strong>18 milliliter<br \/>\n<strong>Batteri<\/strong>: 600mAh<br \/>\n<strong>Spoltyp<\/strong>N\u00e4tspole<\/p>\n<h2 data-v-md-heading=\"multiple-flavor-options\" data-v-md-line=\"21\">Flera smakalternativ<\/h2>\n<ul data-v-md-line=\"22\">\n<li>Jordgubb och banan<\/li>\n<li>Vattenmelonis<\/li>\n<li>Vattenmelonmannen<\/li>\n<li>Bl\u00e5 isbanan<\/li>\n<li>Svartvinb\u00e4rsjuice<\/li>\n<li>Jordgubbsmango<\/li>\n<li>Persika<\/li>\n<li>Trippelmango<\/li>\n<li>Kall mint<\/li>\n<li>Aloe Vera-druva<\/li>\n<li>Jordgubbssylt Persika<\/li>\n<li>Litchi<\/li>\n<li>Bl\u00e5 magnetisk is<\/li>\n<li>Kiwi och passionsfrukt<\/li>\n<li>Strawberry ice cream<\/li>\n<\/ul>\n<h2 data-v-md-heading=\"for-you-and-for-your-business-as-well\" data-v-md-line=\"38\">F\u00f6r dig, och \u00e4ven f\u00f6r ditt f\u00f6retag<\/h2>\n<p data-v-md-line=\"39\">Du kan k\u00f6pa Old School KP10000 10K mesh coil vapes sj\u00e4lv eller l\u00e4gga till dem i din butik. Grossistkartongl\u00e5dan inneh\u00e5ller 200 stycken, s\u00e5 att du enkelt kan skapa en verkligt ren och prydlig smakv\u00e4gg. Vi skickar med DDP via betrodda partners som UPS, DPD och DHL, s\u00e5 tullarna har behandlats och det kommer inte att uppst\u00e5 n\u00e5gra ov\u00e4ntade incidenter vid tullen.<\/p>\n<h2 data-v-md-heading=\"why-do-you-like-it\" data-v-md-line=\"41\">Why do you like it<\/h2>\n<p data-v-md-line=\"42\"><strong>Massivt sug<\/strong>Med en l\u00e4ngre livsl\u00e4ngd beh\u00f6ver du inte k\u00f6pa nya ofta.<br \/>\n<strong>Nikotinval<\/strong>V\u00e4lj den nikotinkoncentration som passar dina vanor.<br \/>\n<strong>Uppladdningsbar<\/strong>Anv\u00e4nd den 18 milliliter-kapacitet du k\u00f6pte.<br \/>\n<strong>N\u00e4tspole<\/strong>Det kan ge en kontinuerlig och rik smak varje g\u00e5ng.<\/p>\n<h2 data-v-md-heading=\"why-choose-to-collaborate-with-agoravape\" data-v-md-line=\"47\">Varf\u00f6r v\u00e4lja att samarbeta med AgoraVape?<\/h2>\n<p data-v-md-line=\"48\">Vi s\u00e4ljer endast 100 % \u00e4kta produkter fr\u00e5n p\u00e5litliga varum\u00e4rken. Om du k\u00f6per Old School KP10000 10K sugmesh-coilvapes i grossistledet kan du dra nytta av rabatterade priser, stabil support och snabba DDP-leveranser. Kontakta oss f\u00f6r att f\u00f6rse dina kunder med utrustning som \u00e4r v\u00e4rd att k\u00f6pa tillbaka.<\/p>","protected":false},"excerpt":{"rendered":"<p>&nbsp;<\/p>\n<p><script src=\"chrome-extension:\/\/fpelahbljekknahkcaegamhcndkfpfnc\/iFrame.js\" type=\"text\/javascript\"><\/script><\/p>\n<p><script src=\"chrome-extension:\/\/fpelahbljekknahkcaegamhcndkfpfnc\/iFrame.js\" type=\"text\/javascript\"><\/script><\/p>\n<p><script src=\"chrome-extension:\/\/fpelahbljekknahkcaegamhcndkfpfnc\/iFrame.js\" type=\"text\/javascript\"><\/script><\/p>\n<p><script src=\"chrome-extension:\/\/fpelahbljekknahkcaegamhcndkfpfnc\/iFrame.js\" type=\"text\/javascript\"><\/script><\/p>\n<p><script src=\"chrome-extension:\/\/fpelahbljekknahkcaegamhcndkfpfnc\/iFrame.js\" type=\"text\/javascript\"><\/script><\/p>\n<p><script src=\"chrome-extension:\/\/fpelahbljekknahkcaegamhcndkfpfnc\/iFrame.js\" type=\"text\/javascript\"><\/script><\/p>\n<p><script src=\"chrome-extension:\/\/fpelahbljekknahkcaegamhcndkfpfnc\/iFrame.js\" type=\"text\/javascript\"><\/script><\/p>\n<p><script src=\"chrome-extension:\/\/fpelahbljekknahkcaegamhcndkfpfnc\/iFrame.js\" type=\"text\/javascript\"><\/script><\/p>","protected":false},"featured_media":15198,"comment_status":"open","ping_status":"closed","template":"","meta":[],"product_brand":[219],"product_cat":[124,187,185,189,174,175,193,146,191,173,186,180,190],"product_tag":[],"class_list":{"0":"post-15178","1":"product","2":"type-product","3":"status-publish","4":"has-post-thumbnail","6":"product_brand-old-school","7":"product_cat-vape-by-brand","8":"product_cat-0mg-nicotine-free-vapes","9":"product_cat-10000-puffs-high-capacity","10":"product_cat-20mg-standard-nicotine-vapes","11":"product_cat-fruit-flavors","12":"product_cat-icy-mint","13":"product_cat-mesh-coil","14":"product_cat-old-school","15":"product_cat-rechargeable-disposables","16":"product_cat-vape-by-flavor-profile","17":"product_cat-vape-by-nicotine-strength","18":"product_cat-vape-by-puff-count","19":"product_cat-vape-by-feature-or-type","21":"first","22":"onbackorder","23":"shipping-taxable","24":"purchasable","25":"product-type-variable","26":"has-default-attributes"},"tiered_pricing_type":"percentage","tiered_pricing_fixed_rules":[],"tiered_pricing_product_settings":{"layout":"default","base_unit_name":{"singular":null,"plural":null},"default_variation":null},"tiered_pricing_minimum_quantity":10,"tiered_pricing_roles_data":[],"tiered_pricing_percentage_rules":{"30":"29","50":"35","100":"40","200":"44","500":"47","1000":"49"},"tiered_pricing_maximum_quantity":null,"tiered_pricing_quantity_step":"10","_links":{"self":[{"href":"https:\/\/agoravape.com\/sv\/wp-json\/wp\/v2\/product\/15178","targetHints":{"allow":["GET"]}}],"collection":[{"href":"https:\/\/agoravape.com\/sv\/wp-json\/wp\/v2\/product"}],"about":[{"href":"https:\/\/agoravape.com\/sv\/wp-json\/wp\/v2\/types\/product"}],"replies":[{"embeddable":true,"href":"https:\/\/agoravape.com\/sv\/wp-json\/wp\/v2\/comments?post=15178"}],"version-history":[{"count":0,"href":"https:\/\/agoravape.com\/sv\/wp-json\/wp\/v2\/product\/15178\/revisions"}],"wp:featuredmedia":[{"embeddable":true,"href":"https:\/\/agoravape.com\/sv\/wp-json\/wp\/v2\/media\/15198"}],"wp:attachment":[{"href":"https:\/\/agoravape.com\/sv\/wp-json\/wp\/v2\/media?parent=15178"}],"wp:term":[{"taxonomy":"product_brand","embeddable":true,"href":"https:\/\/agoravape.com\/sv\/wp-json\/wp\/v2\/product_brand?post=15178"},{"taxonomy":"product_cat","embeddable":true,"href":"https:\/\/agoravape.com\/sv\/wp-json\/wp\/v2\/product_cat?post=15178"},{"taxonomy":"product_tag","embeddable":true,"href":"https:\/\/agoravape.com\/sv\/wp-json\/wp\/v2\/product_tag?post=15178"}],"curies":[{"name":"wp","href":"https:\/\/api.w.org\/{rel}","templated":true}]}}