{"id":15244,"date":"2025-10-16T10:37:06","date_gmt":"2025-10-16T02:37:06","guid":{"rendered":"https:\/\/green-grasshopper-921422.hostingersite.com\/?post_type=product&#038;p=15244"},"modified":"2026-03-31T04:20:54","modified_gmt":"2026-03-31T02:20:54","slug":"breze-stiik-bs8500-8500-puffar-vape","status":"publish","type":"product","link":"https:\/\/agoravape.com\/sv\/product\/breze-stiik-bs8500-8500-puffs-vape\/","title":{"rendered":"Breze Stiik BS8500 8500 Puffs Rechargeable Vape | Big Puffs. Simple Recharge"},"content":{"rendered":"<h2 data-v-md-heading=\"what-is-special-about-the-breze-stiik-bs8500-8500-rechargeable-vape\" data-v-md-line=\"3\"><img loading=\"lazy\" decoding=\"async\" class=\"aligncenter size-full wp-image-15242\" src=\"https:\/\/agoravape.com\/wp-content\/uploads\/2025\/10\/Breze-Stiik-BS8500-8500-Puffs-Rechargeable-Vape_Agora_vape-1-scaled.webp\" alt=\"\" width=\"2560\" height=\"1901\" srcset=\"https:\/\/agoravape.com\/wp-content\/uploads\/2025\/10\/Breze-Stiik-BS8500-8500-Puffs-Rechargeable-Vape_Agora_vape-1-scaled.webp 2560w, https:\/\/agoravape.com\/wp-content\/uploads\/2025\/10\/Breze-Stiik-BS8500-8500-Puffs-Rechargeable-Vape_Agora_vape-1-scaled-1200x891.webp 1200w, https:\/\/agoravape.com\/wp-content\/uploads\/2025\/10\/Breze-Stiik-BS8500-8500-Puffs-Rechargeable-Vape_Agora_vape-1-300x223.webp 300w, https:\/\/agoravape.com\/wp-content\/uploads\/2025\/10\/Breze-Stiik-BS8500-8500-Puffs-Rechargeable-Vape_Agora_vape-1-1024x760.webp 1024w, https:\/\/agoravape.com\/wp-content\/uploads\/2025\/10\/Breze-Stiik-BS8500-8500-Puffs-Rechargeable-Vape_Agora_vape-1-768x570.webp 768w, https:\/\/agoravape.com\/wp-content\/uploads\/2025\/10\/Breze-Stiik-BS8500-8500-Puffs-Rechargeable-Vape_Agora_vape-1-1536x1140.webp 1536w, https:\/\/agoravape.com\/wp-content\/uploads\/2025\/10\/Breze-Stiik-BS8500-8500-Puffs-Rechargeable-Vape_Agora_vape-1-2048x1521.webp 2048w\" sizes=\"auto, (max-width: 2560px) 100vw, 2560px\" \/><\/h2>\n<h2 data-v-md-heading=\"what-is-special-about-the-breze-stiik-bs8500-8500-rechargeable-vape\" data-v-md-line=\"3\">Vad \u00e4r speciellt med den uppladdningsbara vapen Breze Stiik BS8500 8500?<\/h2>\n<p data-v-md-line=\"4\">Om du \u00e4r tr\u00f6tt p\u00e5 eng\u00e5ngsvapor som kasseras innan e-v\u00e4tskan tar slut, kanske du vill ta en titt p\u00e5 Breze Stiik BS8500. Detta \u00e4r en uppladdningsbar eng\u00e5ngsvape med en kapacitet p\u00e5 upp till 8500 bloss och 17 milliliter e-v\u00e4tska, vilket ger dig valuta f\u00f6r pengarna.<\/p>\n<p data-v-md-line=\"6\">Den passar alla vape-anv\u00e4ndare som vill ha p\u00e5litlighet, l\u00e4ckerhet och enkel anv\u00e4ndning. Det gummiliknande hartsskalet har ett bekv\u00e4mt grepp och glider inte. Det f\u00e4rgglada transparenta sugmunstycket \u00e4r enkelt och snyggt, och den kompakta kroppen f\u00e5r l\u00e4tt plats i en ficka. Du kanske tror att en vape med en s\u00e5 stor kapacitet skulle vara skrymmande, men du kommer att bli f\u00f6rv\u00e5nad \u00f6ver hur l\u00e4tt och b\u00e4rbar den \u00e4r.<\/p>\n<h2 data-v-md-heading=\"excellent-performance-easy-and-convenient\" data-v-md-line=\"8\">Utm\u00e4rkt prestanda, enkelt och bekv\u00e4mt<\/h2>\n<p data-v-md-line=\"9\">K\u00e4rnan i BS8500 anv\u00e4nder n\u00e4tspolar f\u00f6r att s\u00e4kerst\u00e4lla att varje tugga \u00e4r lika uts\u00f6kt som en f\u00f6rsta klunk. Smaken f\u00f6rblir j\u00e4mn utan avbrott. N\u00e4r batteriet \u00e4r l\u00e5gt kan du ladda den via Type-C-gr\u00e4nssnittet, vilket \u00e4r samma som laddningskabeln som anv\u00e4nds i de flesta telefoner idag. Inget behov av speciella laddare, enkelt och bekv\u00e4mt.<\/p>\n<h2 data-v-md-heading=\"specification-introduction\" data-v-md-line=\"11\">Specification Introduction<\/h2>\n<ul data-v-md-line=\"12\">\n<li>Sugfrekvens: upp till 8500 g\u00e5nger<\/li>\n<li>Nikotinhalt: 2 % eller 5 %<\/li>\n<li>E-v\u00e4tskekapacitet: 17 milliliter<\/li>\n<li>Atomiseringsk\u00e4rna: 1,2 \u03a9 mesh<\/li>\n<li>Battery: 600 mAh rechargeable battery<\/li>\n<li>Funktionsprincip: Aktiveras med bara ett bloss<\/li>\n<li>Laddning: Standard USB-gr\u00e4nssnitt av typ C<\/li>\n<li>Status: Klar att anv\u00e4nda vid uppackning<\/li>\n<\/ul>\n<h2 data-v-md-heading=\"full-range-of-flavors\" data-v-md-line=\"21\">Fullt utbud av smaker<\/h2>\n<ul data-v-md-line=\"22\">\n<li>Apelsinjuice L\u00e4sk<\/li>\n<li>Bl\u00e5b\u00e4r, hallon, citroner<\/li>\n<li>Druvsoda<\/li>\n<li>Ananas, \u00e4pple, p\u00e4ron<\/li>\n<li>Mango, Persika, Vattenmelon<\/li>\n<li>Vattenmelonis<\/li>\n<li>Jordgubbskr\u00e4m<\/li>\n<li>Regnb\u00e5gsgodis<\/li>\n<li>Mint Mint<\/li>\n<li>Jordgubb, kiwi<\/li>\n<li>Uts\u00f6kt<\/li>\n<li>Tranb\u00e4r Citron Mynta<\/li>\n<li>K\u00f6rsb\u00e4rscola<\/li>\n<li>Coconut Grove Fragrance<\/li>\n<li>Mint chewing gum<\/li>\n<li>Jordgubb och banan<\/li>\n<\/ul>\n<h2 data-v-md-heading=\"for-you-and-your-business\" data-v-md-line=\"39\">For you and your business<\/h2>\n<p data-v-md-line=\"40\">Du kan k\u00f6pa Breze Stiik h\u00e4r, skr\u00e4ddarsydd efter din BS8500-standard. Om du driver en vapebutik eller webbutik kan du k\u00f6pa 10-pack i bulk. Stora best\u00e4llningar skickas i 200 kartonger f\u00f6r enkel p\u00e5fyllning.<\/p>\n<p data-v-md-line=\"42\">Vi samarbetar med betrodda partners som UPS, DPD och DHL f\u00f6r att tillhandah\u00e5lla DDP-leveranstj\u00e4nster, s\u00e5 att tullavgifter kan betalas i f\u00f6rskott f\u00f6r att undvika tullolyckor. Snabb transport och snabb leverans.<\/p>\n<h2 data-v-md-heading=\"why-do-you-like-it\" data-v-md-line=\"44\">Why do you like it<\/h2>\n<ul data-v-md-line=\"45\">\n<li>Stor r\u00f6kkapacitet: h\u00e5llbar och l\u00e5ngvarig, inget behov av att k\u00f6pa nya cigaretter ofta.<\/li>\n<li>Val av nikotininneh\u00e5ll: V\u00e4lj 2 % eller 5 % efter dina \u00f6nskem\u00e5l.<\/li>\n<li>Uppladdningsbar: Anv\u00e4nd alla e-v\u00e4tskor utan att sl\u00e4nga halvanv\u00e4nd utrustning.<\/li>\n<li>K\u00e4rna i mesh-f\u00f6r\u00e5ngaren: J\u00e4mn smak, len och fl\u00f6dande fr\u00e5n b\u00f6rjan till slut.<\/li>\n<li>Bekv\u00e4m laddning: Typ-C-gr\u00e4nssnittet g\u00f6r laddningen snabb och bekv\u00e4m.<\/li>\n<\/ul>\n<h2 data-v-md-heading=\"why-choose-to-collaborate-with-agoravape\" data-v-md-line=\"51\">Varf\u00f6r v\u00e4lja att samarbeta med AgoraVape?<\/h2>\n<p data-v-md-line=\"52\">Vi s\u00e4ljer endast 100 % \u00e4kta produkter och garanterar kvaliteten p\u00e5 v\u00e5ra leveranser. F\u00f6r kommersiella kunder inneb\u00e4r detta att den uppladdningsbara vapen Breze Stiik BS8500 8500 har mycket konkurrenskraftiga grossistpriser, p\u00e5litlig support och p\u00e5litlig DDP-logistik. Kontakta oss f\u00f6r att f\u00f6rbereda en enhet v\u00e4rd att \u00e5terv\u00e4nda till f\u00f6r dina kunder.<\/p>","protected":false},"excerpt":{"rendered":"<p>&nbsp;<\/p>","protected":false},"featured_media":15266,"comment_status":"open","ping_status":"closed","template":"","meta":[],"product_brand":[220],"product_cat":[124,185,176,147,177,174,175,193,191,173,186,180,190],"product_tag":[],"class_list":{"0":"post-15244","1":"product","2":"type-product","3":"status-publish","4":"has-post-thumbnail","6":"product_brand-breze-stiik","7":"product_cat-vape-by-brand","8":"product_cat-10000-puffs-high-capacity","9":"product_cat-beverage","10":"product_cat-breze-stiik","11":"product_cat-dessert-sweets","12":"product_cat-fruit-flavors","13":"product_cat-icy-mint","14":"product_cat-mesh-coil","15":"product_cat-rechargeable-disposables","16":"product_cat-vape-by-flavor-profile","17":"product_cat-vape-by-nicotine-strength","18":"product_cat-vape-by-puff-count","19":"product_cat-vape-by-feature-or-type","21":"first","22":"onbackorder","23":"shipping-taxable","24":"purchasable","25":"product-type-variable","26":"has-default-attributes"},"tiered_pricing_type":"percentage","tiered_pricing_fixed_rules":[],"tiered_pricing_product_settings":{"layout":"default","base_unit_name":{"singular":null,"plural":null},"default_variation":null},"tiered_pricing_minimum_quantity":10,"tiered_pricing_roles_data":[],"tiered_pricing_percentage_rules":{"30":"29","50":"35","100":"40","200":"44","500":"47","1000":"49"},"tiered_pricing_maximum_quantity":null,"tiered_pricing_quantity_step":"10","_links":{"self":[{"href":"https:\/\/agoravape.com\/sv\/wp-json\/wp\/v2\/product\/15244","targetHints":{"allow":["GET"]}}],"collection":[{"href":"https:\/\/agoravape.com\/sv\/wp-json\/wp\/v2\/product"}],"about":[{"href":"https:\/\/agoravape.com\/sv\/wp-json\/wp\/v2\/types\/product"}],"replies":[{"embeddable":true,"href":"https:\/\/agoravape.com\/sv\/wp-json\/wp\/v2\/comments?post=15244"}],"version-history":[{"count":1,"href":"https:\/\/agoravape.com\/sv\/wp-json\/wp\/v2\/product\/15244\/revisions"}],"predecessor-version":[{"id":29823,"href":"https:\/\/agoravape.com\/sv\/wp-json\/wp\/v2\/product\/15244\/revisions\/29823"}],"wp:featuredmedia":[{"embeddable":true,"href":"https:\/\/agoravape.com\/sv\/wp-json\/wp\/v2\/media\/15266"}],"wp:attachment":[{"href":"https:\/\/agoravape.com\/sv\/wp-json\/wp\/v2\/media?parent=15244"}],"wp:term":[{"taxonomy":"product_brand","embeddable":true,"href":"https:\/\/agoravape.com\/sv\/wp-json\/wp\/v2\/product_brand?post=15244"},{"taxonomy":"product_cat","embeddable":true,"href":"https:\/\/agoravape.com\/sv\/wp-json\/wp\/v2\/product_cat?post=15244"},{"taxonomy":"product_tag","embeddable":true,"href":"https:\/\/agoravape.com\/sv\/wp-json\/wp\/v2\/product_tag?post=15244"}],"curies":[{"name":"wp","href":"https:\/\/api.w.org\/{rel}","templated":true}]}}