{"id":15287,"date":"2025-10-16T10:51:17","date_gmt":"2025-10-16T02:51:17","guid":{"rendered":"https:\/\/green-grasshopper-921422.hostingersite.com\/?post_type=product&#038;p=15287"},"modified":"2026-03-31T04:20:54","modified_gmt":"2026-03-31T02:20:54","slug":"breze-stiik-king-max-10k-dtl-vape","status":"publish","type":"product","link":"https:\/\/agoravape.com\/sv\/product\/breze-stiik-king-max-10k-dtl-vape\/","title":{"rendered":"Breze Stiik King Max 10K Puffs DTL Justerbart Luftfl\u00f6de | L\u00e5ngvarig DTL-smak med Enkel Typ-C-laddning"},"content":{"rendered":"<h2 data-v-md-heading=\"what-is-special-about-breze-stiik-king-max-10k-caliber-adjustable-dtl-e-liquid\" data-v-md-line=\"3\"><img loading=\"lazy\" decoding=\"async\" class=\"aligncenter size-full wp-image-15286\" src=\"https:\/\/agoravape.com\/wp-content\/uploads\/2025\/10\/Breze-Stiik-King-Max-10K-Puffs-DTL-Adjustable-Airflow_Agora_vape-3.webp\" alt=\"\" width=\"1000\" height=\"1000\" srcset=\"https:\/\/agoravape.com\/wp-content\/uploads\/2025\/10\/Breze-Stiik-King-Max-10K-Puffs-DTL-Adjustable-Airflow_Agora_vape-3.webp 1000w, https:\/\/agoravape.com\/wp-content\/uploads\/2025\/10\/Breze-Stiik-King-Max-10K-Puffs-DTL-Adjustable-Airflow_Agora_vape-3-600x600.webp 600w, https:\/\/agoravape.com\/wp-content\/uploads\/2025\/10\/Breze-Stiik-King-Max-10K-Puffs-DTL-Adjustable-Airflow_Agora_vape-3-300x300.webp 300w, https:\/\/agoravape.com\/wp-content\/uploads\/2025\/10\/Breze-Stiik-King-Max-10K-Puffs-DTL-Adjustable-Airflow_Agora_vape-3-150x150.webp 150w, https:\/\/agoravape.com\/wp-content\/uploads\/2025\/10\/Breze-Stiik-King-Max-10K-Puffs-DTL-Adjustable-Airflow_Agora_vape-3-768x768.webp 768w\" sizes=\"auto, (max-width: 1000px) 100vw, 1000px\" \/><\/h2>\n<h2 data-v-md-heading=\"what-is-special-about-breze-stiik-king-max-10k-caliber-adjustable-dtl-e-liquid\" data-v-md-line=\"3\">Vad \u00e4r speciellt med Breze Stiik King Max 10K kaliber justerbar DTL e-v\u00e4tska?<\/h2>\n<p data-v-md-line=\"4\">Om du \u00e4r tr\u00f6tt p\u00e5 eng\u00e5ngs-e-v\u00e4tska som tar slut n\u00e4r du b\u00f6rjar r\u00f6ka, d\u00e5 \u00e4r den h\u00e4r produkten v\u00e4rd att ta en titt p\u00e5. Breze Stiik King Max \u00e4r speciellt utformad f\u00f6r djup lungsugning, med justerbart intag och rikliga e-v\u00e4tskereserver. Den kan beh\u00e5lla sin smak l\u00e4nge utan behov av komplicerade inst\u00e4llningar.<\/p>\n<p data-v-md-line=\"6\">Den passar alla som f\u00f6redrar en mer transparent, r\u00f6kig och len smak. Du kanske tycker att 10K-kaliber DTL e-v\u00e4tskeenheten \u00e4r klumpig, men den h\u00e4r produkten f\u00e5r fortfarande plats i en jackficka och uppfyller enkelt dina dagliga behov genom laddning med typ-C.<\/p>\n<h2 data-v-md-heading=\"excellent-performance-no-need-for-complex-operations\" data-v-md-line=\"8\">Utm\u00e4rkt prestanda, inget behov av komplexa operationer<\/h2>\n<p data-v-md-line=\"9\">N\u00e4tspolen b\u00e4r det tunga ansvaret, vilket inneb\u00e4r att den kan v\u00e4rmas j\u00e4mnt fr\u00e5n f\u00f6rsta tuggan till sista, och smaken \u00e4r konsekvent. \u00d6ppna intaget f\u00f6r att njuta av en l\u00e4tt och fin sugupplevelse; om du f\u00f6redrar st\u00f6rre motst\u00e5nd kan du \u00e4ven s\u00e4nka intaget. N\u00e4r batteriet \u00e4r l\u00e5gt anv\u00e4nder du helt enkelt standardtyp-C-datakabeln f\u00f6r att ladda den. Det \u00e4r samma kabel som den du anv\u00e4nder p\u00e5 din telefon. L\u00e4tt att anv\u00e4nda.<\/p>\n<h2 data-v-md-heading=\"specification-introduction\" data-v-md-line=\"11\">Specification Introduction<\/h2>\n<ul data-v-md-line=\"12\">\n<li>Sugfrekvens: upp till 10000 g\u00e5nger<\/li>\n<li>Nikotinhalt: 0 milligram eller 1 % (10 milligram\/milliliter)<\/li>\n<li>Working principle: Activated by inhalation<\/li>\n<li>Laddning: Standard USB-gr\u00e4nssnitt av typ C<\/li>\n<li>Status: Klar att anv\u00e4nda direkt ur l\u00e5dan<\/li>\n<li>E-v\u00e4tskekapacitet: 20 milliliter<\/li>\n<li>Batteri: 850mAh uppladdningsbart batteri<\/li>\n<\/ul>\n<h2 data-v-md-heading=\"full-range-of-flavors\" data-v-md-line=\"20\">Fullt utbud av smaker<\/h2>\n<ul data-v-md-line=\"21\">\n<li>Bl\u00e5b\u00e4rs-citronvatten<\/li>\n<li>Spunnet socker<\/li>\n<li>\u00c4pple persika<\/li>\n<li>Vattenmelonis<\/li>\n<li>Mentol-is<\/li>\n<li>Strawberry ice cream<\/li>\n<li>Bl\u00e5b\u00e4r och hallon<\/li>\n<li>Persika och mango<\/li>\n<li>Druvsoda<\/li>\n<li>Apelsiner, mango, vattenmeloner<\/li>\n<li>Sm\u00e5 bj\u00f6rngodisar<\/li>\n<li>Jordgubb, kiwi<\/li>\n<\/ul>\n<h2 data-v-md-heading=\"for-you-and-for-your-business-as-well\" data-v-md-line=\"34\">F\u00f6r dig, och \u00e4ven f\u00f6r ditt f\u00f6retag<\/h2>\n<p data-v-md-line=\"35\">K\u00f6per du till dig sj\u00e4lv? Du f\u00e5r en h\u00e5llbar DTL elektronisk cigarett som \u00e4r enkel att anv\u00e4nda och ladda. Ingen meny kr\u00e4vs, inga knappar beh\u00f6vs. Len smak, justerbart luftintag, fritt att v\u00e4lja mellan.<\/p>\n<p data-v-md-line=\"37\">\u00c4r lagret begr\u00e4nsat? Vi erbjuder grossistl\u00e5dor med Breze Stiik King Max, med 6 stycken per l\u00e5da och 180 stycken per l\u00e5da. Vi erbjuder DDP-leveranser via betrodda partners som UPS DPD och DHL, s\u00e5 att tullar kan behandlas i f\u00f6rv\u00e4g f\u00f6r att undvika tullolyckor. Tillf\u00f6rlitlig leverans inneb\u00e4r att du kan lova dina kunders behov och verkligen leverera.<\/p>\n<h2 data-v-md-heading=\"why-do-you-like-it\" data-v-md-line=\"39\">Why do you like it<\/h2>\n<ul data-v-md-line=\"40\">\n<li>Stor r\u00f6kkapacitet: upp till 10 000 bloss, inget behov av att k\u00f6pa nya cigaretter ofta.<\/li>\n<li>Alternativ f\u00f6r nikotininneh\u00e5ll: 0 milligram eller 1 %, du kan v\u00e4lja det nikotininneh\u00e5ll som passar dig b\u00e4st.<\/li>\n<li>Uppladdningsbar: Typ-C-laddning l\u00e5ter dig utnyttja varje droppe e-v\u00e4tska fullt ut.<\/li>\n<li>N\u00e4tspiral: J\u00e4mn smak, delikat och j\u00e4mn DTL-sugupplevelse.<\/li>\n<li>Justerbart insug: \u00f6ppning kan generera r\u00f6k, \u00e5tdragning kan \u00f6ka motst\u00e5ndet.<\/li>\n<\/ul>\n<h2 data-v-md-heading=\"why-choose-to-collaborate-with-agoravape\" data-v-md-line=\"46\">Varf\u00f6r v\u00e4lja att samarbeta med AgoraVape?<\/h2>\n<p data-v-md-line=\"47\">Vi s\u00e4ljer endast 100 % \u00e4kta produkter och garanterar deras kvalitet. F\u00f6retagskunder som k\u00f6per Breze Stiik King Max 10K Puffs DTL justerbara r\u00f6kbomber kan dra nytta av rabatterade grossistpriser, professionell support och snabba och p\u00e5litliga leveranser. V\u00e4lkommen att kontakta oss f\u00f6r att l\u00e4ra dig hur du skapar en enhet som \u00e5terkommer till dina kunder.<\/p>","protected":false},"excerpt":{"rendered":"<p>&nbsp;<\/p>","protected":false},"featured_media":15306,"comment_status":"open","ping_status":"closed","template":"","meta":[],"product_brand":[220],"product_cat":[124,187,185,188,194,176,147,177,174,175,193,191,173,186,180,190],"product_tag":[],"class_list":{"0":"post-15287","1":"product","2":"type-product","3":"status-publish","4":"has-post-thumbnail","6":"product_brand-breze-stiik","7":"product_cat-vape-by-brand","8":"product_cat-0mg-nicotine-free-vapes","9":"product_cat-10000-puffs-high-capacity","10":"product_cat-10mg-low-nicotine-vapes","11":"product_cat-adjustable-airflow","12":"product_cat-beverage","13":"product_cat-breze-stiik","14":"product_cat-dessert-sweets","15":"product_cat-fruit-flavors","16":"product_cat-icy-mint","17":"product_cat-mesh-coil","18":"product_cat-rechargeable-disposables","19":"product_cat-vape-by-flavor-profile","20":"product_cat-vape-by-nicotine-strength","21":"product_cat-vape-by-puff-count","22":"product_cat-vape-by-feature-or-type","24":"first","25":"onbackorder","26":"shipping-taxable","27":"purchasable","28":"product-type-variable","29":"has-default-attributes"},"tiered_pricing_type":"percentage","tiered_pricing_fixed_rules":[],"tiered_pricing_product_settings":{"layout":"default","base_unit_name":{"singular":null,"plural":null},"default_variation":null},"tiered_pricing_minimum_quantity":10,"tiered_pricing_roles_data":[],"tiered_pricing_percentage_rules":{"30":"29","50":"35","100":"40","200":"44","500":"47","1000":"49"},"tiered_pricing_maximum_quantity":null,"tiered_pricing_quantity_step":"10","_links":{"self":[{"href":"https:\/\/agoravape.com\/sv\/wp-json\/wp\/v2\/product\/15287","targetHints":{"allow":["GET"]}}],"collection":[{"href":"https:\/\/agoravape.com\/sv\/wp-json\/wp\/v2\/product"}],"about":[{"href":"https:\/\/agoravape.com\/sv\/wp-json\/wp\/v2\/types\/product"}],"replies":[{"embeddable":true,"href":"https:\/\/agoravape.com\/sv\/wp-json\/wp\/v2\/comments?post=15287"}],"version-history":[{"count":1,"href":"https:\/\/agoravape.com\/sv\/wp-json\/wp\/v2\/product\/15287\/revisions"}],"predecessor-version":[{"id":29822,"href":"https:\/\/agoravape.com\/sv\/wp-json\/wp\/v2\/product\/15287\/revisions\/29822"}],"wp:featuredmedia":[{"embeddable":true,"href":"https:\/\/agoravape.com\/sv\/wp-json\/wp\/v2\/media\/15306"}],"wp:attachment":[{"href":"https:\/\/agoravape.com\/sv\/wp-json\/wp\/v2\/media?parent=15287"}],"wp:term":[{"taxonomy":"product_brand","embeddable":true,"href":"https:\/\/agoravape.com\/sv\/wp-json\/wp\/v2\/product_brand?post=15287"},{"taxonomy":"product_cat","embeddable":true,"href":"https:\/\/agoravape.com\/sv\/wp-json\/wp\/v2\/product_cat?post=15287"},{"taxonomy":"product_tag","embeddable":true,"href":"https:\/\/agoravape.com\/sv\/wp-json\/wp\/v2\/product_tag?post=15287"}],"curies":[{"name":"wp","href":"https:\/\/api.w.org\/{rel}","templated":true}]}}