{"id":15353,"date":"2025-10-16T12:44:02","date_gmt":"2025-10-16T04:44:02","guid":{"rendered":"https:\/\/green-grasshopper-921422.hostingersite.com\/?post_type=product&#038;p=15353"},"modified":"2026-01-19T22:03:59","modified_gmt":"2026-01-19T14:03:59","slug":"myde-ds-15-1500-puffar-vape","status":"publish","type":"product","link":"https:\/\/agoravape.com\/sv\/product\/myde-ds-15-1500-puffs-vape\/","title":{"rendered":"Myde DS-15 1500 Puffs Compact Mesh Coil Vape | Fickv\u00e4nlig Smak Som Varar"},"content":{"rendered":"<h2 data-v-md-heading=\"how-about-the-myde-ds-15-1500-close-fitting-mesh-coil-vape\" data-v-md-line=\"3\">Vad s\u00e4gs om Myde DS-15 1500 t\u00e4ttslutande mesh-coil-vape?<\/h2>\n<p data-v-md-line=\"4\">Om du vill ha en enkel och l\u00e4ttanv\u00e4nd vape med utm\u00e4rkt smak utan hinder \u00e4r Myde DS-15 ditt perfekta val. Den \u00e4r kompakt och l\u00e4tt, kan producera upp till 1500 r\u00f6kpuffar och ger ren och stabil sugkraft.<\/p>\n<p data-v-md-line=\"6\">Du kanske tror att en vape med s\u00e5 stor kapacitet skulle g\u00f6ra den klumpig, men den h\u00e4r vapen beh\u00e5ller sitt smala utseende, vilket g\u00f6r den enkel att b\u00e4ra. Sl\u00e4t ytbehandling, mycket bekv\u00e4m att h\u00e5lla i handen. Om du vill ha en stabil smak utan att beh\u00f6va justera inst\u00e4llningar eller byta patroner, d\u00e5 \u00e4r den h\u00e4r produkten ditt perfekta val.<\/p>\n<h2 data-v-md-heading=\"excellent-performance-easy-and-convenient\" data-v-md-line=\"8\">Utm\u00e4rkt prestanda, enkelt och bekv\u00e4mt<\/h2>\n<p data-v-md-line=\"9\">DS-15 anv\u00e4nder en 1,2 \u03a9 mesh-spole som j\u00e4mnt kan avleda v\u00e4rmen, vilket g\u00f6r varje tugga lika uts\u00f6kt som den f\u00f6rsta smaken. Inga knappar beh\u00f6vs. Ta bara ett andetag s\u00e5 startar den. Ingen laddning beh\u00f6vs, vilket g\u00f6r den dagliga anv\u00e4ndningen enkel.<\/p>\n<h2 data-v-md-heading=\"specification-introduction\" data-v-md-line=\"11\">Specification Introduction<\/h2>\n<ul data-v-md-line=\"12\">\n<li>Sugfrekvens: upp till 1500 g\u00e5nger<\/li>\n<li>Nikotin: upp till 20 milligram per milliliter, beroende p\u00e5 marknadsregler<\/li>\n<li>Working principle: Activated by inhalation<\/li>\n<li>Laddningsmetod: Ingen laddning beh\u00f6vs<\/li>\n<li>Status: Klar att anv\u00e4nda vid uppackning<\/li>\n<\/ul>\n<h2 data-v-md-heading=\"full-range-of-flavors\" data-v-md-line=\"18\">Fullt utbud av smaker<\/h2>\n<ul data-v-md-line=\"19\">\n<li>Vattenmelonis<\/li>\n<li>Bl\u00e5b\u00e4r och hallon<\/li>\n<li>Jordgubbsvattenmelon<\/li>\n<li>Jordgubb och banan<\/li>\n<li>K\u00f6rsb\u00e4r<\/li>\n<li>Jordgubbsglass<\/li>\n<li>Glass<\/li>\n<li>Mangois<\/li>\n<li>Blandade b\u00e4r<\/li>\n<li>Jordgubbsdruvor<\/li>\n<li>Bl\u00e5 isbanan<\/li>\n<li>Jordgubb, kiwi<\/li>\n<li>Persika och mango<\/li>\n<li>Persikaglass<\/li>\n<li>Bl\u00e5b\u00e4rsbubbelgummi<\/li>\n<li>B\u00e4r-citronvatten<\/li>\n<li>Jordgubb Red Bull<\/li>\n<li>Vattenmelonbubbelgummi<\/li>\n<li>Hallonvattenmelon<\/li>\n<li>Blueberries, cherries, cranberries<\/li>\n<li>Jordgubbspuff<\/li>\n<li>Drakfruktis<\/li>\n<li>Ananasis<\/li>\n<li>R\u00f6d energiis<\/li>\n<li>Coca Cola-is<\/li>\n<li>P\u00e4ronis<\/li>\n<\/ul>\n<h2 data-v-md-heading=\"for-you-for-your-business\" data-v-md-line=\"46\">F\u00f6r dig, f\u00f6r ditt f\u00f6retag<\/h2>\n<p data-v-md-line=\"47\">Om du vill njuta av vape varje dag utan problem, k\u00f6p en DS-15. Om du driver en fysisk butik eller webbutik kan vi hj\u00e4lpa dig att fylla p\u00e5 lagret. Vi tillhandah\u00e5ller grossistf\u00f6rpackningar och anv\u00e4nder full europeisk DDP-transport f\u00f6r att undvika tullf\u00f6rseningar eller extra avgifter. Vi samarbetar med betrodda partners som UPS, DPD och DHL f\u00f6r att s\u00e4kerst\u00e4lla p\u00e5litlig leverans och tydlig sp\u00e5rning.<\/p>\n<p data-v-md-line=\"49\">Om du beh\u00f6ver specifika f\u00f6rpackningsstorlekar eller smakkombinationer, v\u00e4nligen kontakta v\u00e5rt team. Vi ordnar det snabbt \u00e5t dig.<\/p>\n<h2 data-v-md-heading=\"why-do-you-like-it\" data-v-md-line=\"51\">Why do you like it<\/h2>\n<ul data-v-md-line=\"52\">\n<li>Massiv sugkraft: H\u00e5llbar och l\u00e5ngvarig, beh\u00f6ver inte bytas ut med n\u00e5gra dagars mellanrum.<\/li>\n<li>Nikotinval: V\u00e4lj den koncentration som passar din inhalationsmetod.<\/li>\n<li>Ingen laddning beh\u00f6vs: anv\u00e4nd omedelbart, inget behov av att ansluta kablar.<\/li>\n<li>Mesh coil: Fr\u00e5n f\u00f6rsta till sista tuggan f\u00f6rblir smaken j\u00e4mn och len.<\/li>\n<li>Kompakt struktur: l\u00e4tt att b\u00e4ra och diskret n\u00e4r man ska ut.<\/li>\n<\/ul>\n<h2 data-v-md-heading=\"why-collaborate-with-agoravape\" data-v-md-line=\"58\">Why collaborate with AgoraVape?<\/h2>\n<p data-v-md-line=\"59\">Vi s\u00e4ljer endast 100 % \u00e4kta produkter och ansvarar f\u00f6r deras kvalitet. Du kan njuta av mycket konkurrenskraftiga grossistpriser, snabb support och snabb DDP-leverans f\u00f6r att s\u00e4kerst\u00e4lla smidig och obehindrad drift. Vi f\u00f6ljer EU:s marknadsstandarder, inklusive TPD-restriktioner f\u00f6r nikotinkoncentration och e-v\u00e4tskekapacitet. Vi utf\u00f6r strikt \u00e5lderskontroll p\u00e5 alla best\u00e4llningar. Om problem uppst\u00e5r kan v\u00e5r r\u00e4ttvisa returprocess och v\u00e4nliga kundservice hj\u00e4lpa dig att enkelt l\u00f6sa dem.<\/p>\n<p data-v-md-line=\"61\">Vill du f\u00e5 ut Myde DS-15 1500 compact mesh coil vape till dina hyllor? Kontakta oss s\u00e5 hj\u00e4lper vi dig att skapa en serie smaker som kommer att ge en h\u00f6g kundlojalitet.<\/p>","protected":false},"excerpt":{"rendered":"<p>&nbsp;<\/p>","protected":false},"featured_media":15385,"comment_status":"open","ping_status":"closed","template":"","meta":[],"product_brand":[221],"product_cat":[124,182,176,177,174,175,193,148,173,186,180,190],"product_tag":[],"class_list":{"0":"post-15353","1":"product","2":"type-product","3":"status-publish","4":"has-post-thumbnail","6":"product_brand-myde","7":"product_cat-vape-by-brand","8":"product_cat-800-1500-puffs","9":"product_cat-beverage","10":"product_cat-dessert-sweets","11":"product_cat-fruit-flavors","12":"product_cat-icy-mint","13":"product_cat-mesh-coil","14":"product_cat-myde","15":"product_cat-vape-by-flavor-profile","16":"product_cat-vape-by-nicotine-strength","17":"product_cat-vape-by-puff-count","18":"product_cat-vape-by-feature-or-type","20":"first","21":"onbackorder","22":"shipping-taxable","23":"purchasable","24":"product-type-variable","25":"has-default-attributes"},"tiered_pricing_type":"percentage","tiered_pricing_fixed_rules":[],"tiered_pricing_product_settings":{"layout":"default","base_unit_name":{"singular":null,"plural":null},"default_variation":null},"tiered_pricing_minimum_quantity":10,"tiered_pricing_roles_data":[],"tiered_pricing_percentage_rules":{"100":"40","200":"44","500":"47","1000":"49"},"tiered_pricing_maximum_quantity":null,"tiered_pricing_quantity_step":"10","_links":{"self":[{"href":"https:\/\/agoravape.com\/sv\/wp-json\/wp\/v2\/product\/15353","targetHints":{"allow":["GET"]}}],"collection":[{"href":"https:\/\/agoravape.com\/sv\/wp-json\/wp\/v2\/product"}],"about":[{"href":"https:\/\/agoravape.com\/sv\/wp-json\/wp\/v2\/types\/product"}],"replies":[{"embeddable":true,"href":"https:\/\/agoravape.com\/sv\/wp-json\/wp\/v2\/comments?post=15353"}],"version-history":[{"count":0,"href":"https:\/\/agoravape.com\/sv\/wp-json\/wp\/v2\/product\/15353\/revisions"}],"wp:featuredmedia":[{"embeddable":true,"href":"https:\/\/agoravape.com\/sv\/wp-json\/wp\/v2\/media\/15385"}],"wp:attachment":[{"href":"https:\/\/agoravape.com\/sv\/wp-json\/wp\/v2\/media?parent=15353"}],"wp:term":[{"taxonomy":"product_brand","embeddable":true,"href":"https:\/\/agoravape.com\/sv\/wp-json\/wp\/v2\/product_brand?post=15353"},{"taxonomy":"product_cat","embeddable":true,"href":"https:\/\/agoravape.com\/sv\/wp-json\/wp\/v2\/product_cat?post=15353"},{"taxonomy":"product_tag","embeddable":true,"href":"https:\/\/agoravape.com\/sv\/wp-json\/wp\/v2\/product_tag?post=15353"}],"curies":[{"name":"wp","href":"https:\/\/api.w.org\/{rel}","templated":true}]}}