{"id":15417,"date":"2025-10-16T13:10:46","date_gmt":"2025-10-16T05:10:46","guid":{"rendered":"https:\/\/green-grasshopper-921422.hostingersite.com\/?post_type=product&#038;p=15417"},"modified":"2026-03-31T04:20:53","modified_gmt":"2026-03-31T02:20:53","slug":"myde-haven-18000-puffs-dual-mesh-vape","status":"publish","type":"product","link":"https:\/\/agoravape.com\/sv\/product\/myde-haven-18000-puffs-dual-mesh-vape\/","title":{"rendered":"Myde Haven 18000 Puffs Dual Mesh Coil Vape | Stort antal puffar, len smak"},"content":{"rendered":"<h2 data-v-md-heading=\"what-is-special-about-the-myrde-haven-18000-dual-mesh-coil-vape\" data-v-md-line=\"3\">Vad \u00e4r speciellt med Myrde Haven 18000 dual mesh coil vape?<\/h2>\n<p data-v-md-line=\"4\">Om du \u00e4r tr\u00f6tt p\u00e5 eng\u00e5ngsvapor och batteriet tar slut f\u00f6r tidigt kanske du vill ta en titt p\u00e5 den h\u00e4r produkten. MyDe Haven anv\u00e4nder dubbla mesh-spolar som kan ge en kapacitet p\u00e5 upp till 18 000 munfullar, vilket bibeh\u00e5ller en stabil smak fr\u00e5n f\u00f6rsta till sista tuggan. Inget behov av tr\u00e5kiga operationer, du kan uppn\u00e5 p\u00e5litlig prestanda dag efter dag.<\/p>\n<p data-v-md-line=\"6\">Den passar alla anv\u00e4ndare som efterstr\u00e4var l\u00e5ng livsl\u00e4ngd, bekv\u00e4m anv\u00e4ndning och inga komplicerade inst\u00e4llningar. Du kanske tror att en e-cigarett med ett s\u00e5 stort antal munstycken skulle vara klumpig, men den h\u00e4r e-cigaretten \u00e4r v\u00e4ldigt b\u00e4rbar. H\u00f6ljet \u00e4r robust och l\u00e4tt, vilket g\u00f6r den enkel att f\u00e5 plats i en jacka eller v\u00e4ska.<\/p>\n<h2 data-v-md-heading=\"excellent-performance-worry-free\" data-v-md-line=\"8\">Utm\u00e4rkt prestanda, bekymmersfritt<\/h2>\n<p data-v-md-line=\"9\">Den 1,1 \u03a9 dubbelmesh-spolen b\u00e4r det tunga ansvaret. Den v\u00e4rms upp j\u00e4mnt, vilket g\u00f6r varje tugga lika ren som den f\u00f6rsta. Rik smak och h\u00e5llbar k\u00e4rna. N\u00e4r batteriet \u00e4r l\u00e5gt laddar du det bara f\u00f6r att forts\u00e4tta anv\u00e4nda det. Enkelt och bekv\u00e4mt. Du kan anv\u00e4nda de k\u00f6pta 15 milliliter komplett e-v\u00e4tska.<\/p>\n<h2 data-v-md-heading=\"specification-overview\" data-v-md-line=\"11\">Specifikations\u00f6versikt<\/h2>\n<ul data-v-md-line=\"12\">\n<li>Suction frequency: up to 18000 times<\/li>\n<li>Spole: 1,1 \u03a9 dubbeln\u00e4t<\/li>\n<li>E-v\u00e4tskekapacitet: 15 milliliter<\/li>\n<li>Battery: 600 mAh rechargeable battery<\/li>\n<li>Funktionsprincip: Aktiveras genom inandning<\/li>\n<li>Laddning: USB-laddningsport<\/li>\n<li>Storlek: 99,6 \u00d7 45 \u00d7 22,5 millimeter<\/li>\n<li>Vikt: 72 gram<\/li>\n<li>Status: Klar att anv\u00e4nda direkt ur l\u00e5dan<\/li>\n<li>Nikotin: Alternativen varierar beroende p\u00e5 marknad. Kontakta oss f\u00f6r att bekr\u00e4fta de befintliga produktf\u00f6rdelarna i ditt land\/din region.<\/li>\n<\/ul>\n<h2 data-v-md-heading=\"full-flavor-series\" data-v-md-line=\"23\">Full smakserie<\/h2>\n<ul data-v-md-line=\"24\">\n<li>Jordgubbsglass<\/li>\n<li>Druvis<\/li>\n<li>Bj\u00f6rnb\u00e4rs-drakfruktis<\/li>\n<li>Trippelb\u00e4ris<\/li>\n<li>Jordgubbsvattenmelonglass<\/li>\n<li>Bl\u00e5 isbanan<\/li>\n<li>K\u00f6rsb\u00e4rs- och citronis<\/li>\n<li>Vattenmelonis<\/li>\n<li>Jordgubbs-hallon-is<\/li>\n<li>Kiwi passionsfrukt guava-is<\/li>\n<li>Mentol-is<\/li>\n<li>Jordgubb Tranb\u00e4r K\u00f6rsb\u00e4rsglass<\/li>\n<li>Druva och b\u00e4ris<\/li>\n<li>Persika vattenmelonglass<\/li>\n<li>Jordgubbs-kiwi-glass<\/li>\n<li>Persika, Mango, Vattenmelon, Is<\/li>\n<li>Persika, Mango, Ananasis<\/li>\n<li>Utm\u00e4rkt (tobakssmak)<\/li>\n<li>Jordgubbsvattenmelon bubbelgumis<\/li>\n<li>Herr Bl\u00e5 Is<\/li>\n<\/ul>\n<h2 data-v-md-heading=\"for-you-and-your-business\" data-v-md-line=\"45\">For you and your business<\/h2>\n<p data-v-md-line=\"46\">Du kan v\u00e4lja varor sj\u00e4lv eller fylla p\u00e5 lagret till din butik. Vi tillhandah\u00e5ller f\u00f6rseglade detaljhandelsf\u00f6rpackningar och stora f\u00f6rpackningsl\u00e5dor f\u00f6r grossister. Antalet f\u00f6rpackningsl\u00e5dor varierar beroende p\u00e5 batch. Kontakta oss f\u00f6r aktuella f\u00f6rpackningsm\u00e5tt och pallinformation.<\/p>\n<p data-v-md-line=\"48\">Vi samarbetar med betrodda partners som UPS, DPD och DHL f\u00f6r att tillhandah\u00e5lla DDP-leveranstj\u00e4nster inom Europeiska unionen. F\u00f6rbehandling av tullar f\u00f6r att undvika ov\u00e4ntade tullincidenter. Hela processen kan sp\u00e5ras f\u00f6r leverans. En s\u00e4ker betalningsmetod. Fr\u00e5n utcheckning till hemleverans, varje process \u00e4r noggrann.<\/p>\n<p data-v-md-line=\"50\">Meddelande om efterlevnad: Leveranssituationen och nikotinkoncentrationen kan variera i olika l\u00e4nder\/regioner. Vi erbjuder modeller som uppfyller EU-standarder. V\u00e4nligen kontakta leverant\u00f6rer p\u00e5 din marknad.<\/p>\n<h2 data-v-md-heading=\"why-do-you-like-it\" data-v-md-line=\"52\">Why do you like it<\/h2>\n<ul data-v-md-line=\"53\">\n<li>Stor sugkapacitet: h\u00e5llbar och l\u00e5ngvarig, inget behov av frekventa ink\u00f6p<\/li>\n<li>Dubbeln\u00e4tig f\u00f6r\u00e5ngark\u00e4rna: J\u00e4mn smak, j\u00e4mn sugkraft varje g\u00e5ng<\/li>\n<li>Uppladdningsbar: Utnyttja 15 milliliter kapacitet fullt ut utan att sl\u00f6sa<\/li>\n<li>B\u00e4rbar och l\u00e4tt att b\u00e4ra: stor kapacitet, ingen f\u00f6rdr\u00f6jningsk\u00e4nsla<\/li>\n<li>L\u00e4tt att anv\u00e4nda: Inga knappar eller menyer, bara ett l\u00e4tt sug<\/li>\n<\/ul>\n<h2 data-v-md-heading=\"why-choose-to-collaborate-with-agoravape\" data-v-md-line=\"59\">Varf\u00f6r v\u00e4lja att samarbeta med AgoraVape?<\/h2>\n<p data-v-md-line=\"60\">Vi s\u00e4ljer endast \u00e4kta 100%-produkter fr\u00e5n p\u00e5litliga k\u00e4llor. Som en av Europas mest betrodda distribut\u00f6rer av e-cigaretter erbjuder vi rabatterade grossistpriser, h\u00f6gkvalitativ teknisk support samt snabba och p\u00e5litliga leveranstj\u00e4nster inom EU f\u00f6r <a class=\"wpil_keyword_link\" href=\"https:\/\/agoravape.com\/sv\/vape-efter-varumarke\/mrvi\/\" target=\"_blank\" rel=\"noopener\" title=\"MYCKET LITEN\" data-wpil-keyword-link=\"linked\" data-wpil-monitor-id=\"7168\">MyDe<\/a> Haven 18000 e-cigaretter med dubbla mesh-spolar. Vill du k\u00f6pa den? Kontakta oss s\u00e5 skapar vi en produkt som verkligen lockar dina kunder.<\/p>","protected":false},"excerpt":{"rendered":"<p>&nbsp;<\/p>","protected":false},"featured_media":15462,"comment_status":"open","ping_status":"closed","template":"","meta":[],"product_brand":[221],"product_cat":[124,185,174,175,193,148,191,178,179,173,186,180,190],"product_tag":[],"class_list":{"0":"post-15417","1":"product","2":"type-product","3":"status-publish","4":"has-post-thumbnail","6":"product_brand-myde","7":"product_cat-vape-by-brand","8":"product_cat-10000-puffs-high-capacity","9":"product_cat-fruit-flavors","10":"product_cat-icy-mint","11":"product_cat-mesh-coil","12":"product_cat-myde","13":"product_cat-rechargeable-disposables","14":"product_cat-tobacco","15":"product_cat-unique-blends","16":"product_cat-vape-by-flavor-profile","17":"product_cat-vape-by-nicotine-strength","18":"product_cat-vape-by-puff-count","19":"product_cat-vape-by-feature-or-type","21":"first","22":"onbackorder","23":"shipping-taxable","24":"purchasable","25":"product-type-variable","26":"has-default-attributes"},"tiered_pricing_type":"percentage","tiered_pricing_fixed_rules":[],"tiered_pricing_product_settings":{"layout":"default","base_unit_name":{"singular":null,"plural":null},"default_variation":null},"tiered_pricing_minimum_quantity":10,"tiered_pricing_roles_data":[],"tiered_pricing_percentage_rules":{"100":"40","200":"44","500":"47","1000":"49"},"tiered_pricing_maximum_quantity":null,"tiered_pricing_quantity_step":"10","_links":{"self":[{"href":"https:\/\/agoravape.com\/sv\/wp-json\/wp\/v2\/product\/15417","targetHints":{"allow":["GET"]}}],"collection":[{"href":"https:\/\/agoravape.com\/sv\/wp-json\/wp\/v2\/product"}],"about":[{"href":"https:\/\/agoravape.com\/sv\/wp-json\/wp\/v2\/types\/product"}],"replies":[{"embeddable":true,"href":"https:\/\/agoravape.com\/sv\/wp-json\/wp\/v2\/comments?post=15417"}],"version-history":[{"count":1,"href":"https:\/\/agoravape.com\/sv\/wp-json\/wp\/v2\/product\/15417\/revisions"}],"predecessor-version":[{"id":29820,"href":"https:\/\/agoravape.com\/sv\/wp-json\/wp\/v2\/product\/15417\/revisions\/29820"}],"wp:featuredmedia":[{"embeddable":true,"href":"https:\/\/agoravape.com\/sv\/wp-json\/wp\/v2\/media\/15462"}],"wp:attachment":[{"href":"https:\/\/agoravape.com\/sv\/wp-json\/wp\/v2\/media?parent=15417"}],"wp:term":[{"taxonomy":"product_brand","embeddable":true,"href":"https:\/\/agoravape.com\/sv\/wp-json\/wp\/v2\/product_brand?post=15417"},{"taxonomy":"product_cat","embeddable":true,"href":"https:\/\/agoravape.com\/sv\/wp-json\/wp\/v2\/product_cat?post=15417"},{"taxonomy":"product_tag","embeddable":true,"href":"https:\/\/agoravape.com\/sv\/wp-json\/wp\/v2\/product_tag?post=15417"}],"curies":[{"name":"wp","href":"https:\/\/api.w.org\/{rel}","templated":true}]}}