{"id":15531,"date":"2025-10-16T16:14:35","date_gmt":"2025-10-16T08:14:35","guid":{"rendered":"https:\/\/green-grasshopper-921422.hostingersite.com\/?post_type=product&#038;p=15531"},"modified":"2026-01-19T22:03:39","modified_gmt":"2026-01-19T14:03:39","slug":"myde-crystal-bar-1500-puffar-vape","status":"publish","type":"product","link":"https:\/\/agoravape.com\/sv\/product\/myde-crystal-bar-1500-puffs-vape\/","title":{"rendered":"Myde Crystal Bar 1500 Puffs Mesh Coil Vape | Stort antal puffar. Ren mesh-smak."},"content":{"rendered":"<h2 data-v-md-heading=\"what-is-special-about-the-myde-crystal-bar-1500-mouth-mesh-coil-vape\" data-v-md-line=\"3\">Vad \u00e4r speciellt med Myde Crystal Bar 1500 mouth mesh coil vape?<\/h2>\n<p data-v-md-line=\"4\">Om du vill ha en enkel vape med utm\u00e4rkt smak fr\u00e5n f\u00f6rsta till sista tuggan, d\u00e5 \u00e4r den h\u00e4r produkten ditt perfekta val. Myde Crystal Bar har en mesh-coildesign, vilket m\u00f6jligg\u00f6r en enkel upplevelse av rika smaker utan n\u00e5gon manipulation.<\/p>\n<p data-v-md-line=\"6\">Den passar alla som vill ha en eng\u00e5ngsvape som \u00e4r l\u00e4tt att b\u00e4ra och bekv\u00e4m att b\u00e4ra med sig. Du kanske tycker att denna vape med en s\u00e5 stor kaliber kan verka skrymmande, men den \u00e4r l\u00e4tt och enkel att b\u00e4ra.<\/p>\n<p data-v-md-line=\"8\">En kort f\u00f6rklaring av efterlevnaden. Denna enhet rymmer 2 milliliter e-v\u00e4tska och uppfyller TPD-restriktionerna f\u00f6r de flesta EU-marknader. Data fr\u00e5n 1500 portar kommer fr\u00e5n kontrolltester p\u00e5 kort avst\u00e5nd. Det faktiska antalet andetag varierar beroende p\u00e5 inhalationens intensitet och varaktighet.<\/p>\n<h2 data-v-md-heading=\"excellent-performance-without-any-complex-operations\" data-v-md-line=\"10\">Utm\u00e4rkt prestanda utan komplicerade operationer<\/h2>\n<p data-v-md-line=\"11\">Mesh-coilen b\u00e4r allt ansvar. Den kan v\u00e4rmas j\u00e4mnt f\u00f6r att s\u00e4kerst\u00e4lla en j\u00e4mn smak och f\u00f6rsvinner inte efter en eller tv\u00e5 dagar. 500 mAh-batteriet \u00e4r specialanpassat f\u00f6r coilen f\u00f6r att s\u00e4kerst\u00e4lla stabil effekt under hela oljningsprocessen. Bara andas in f\u00f6r att njuta av vape-upplevelsen. Inga knappar beh\u00f6vs, inga menyer beh\u00f6vs.<\/p>\n<h2 data-v-md-heading=\"specification-overview\" data-v-md-line=\"13\">Specifikations\u00f6versikt<\/h2>\n<ul data-v-md-line=\"14\">\n<li>Sugfrekvens: upp till 1500 g\u00e5nger<\/li>\n<li>Nikotinkoncentration: Det kan finnas skillnader p\u00e5 olika marknader. Den maximalt till\u00e5tna koncentrationen i TPD-regioner \u00e4r 20 milligram per milliliter. Kontakta oss f\u00f6r att bekr\u00e4fta tillg\u00e4ngliga alternativ.<\/li>\n<li>Funktionsprincip: Aktiveras genom inandning<\/li>\n<li>Laddning: F\u00f6r n\u00e4rvarande inte tillg\u00e4ngligt. Eng\u00e5ngsbatteri<\/li>\n<li>Status: Klar att anv\u00e4nda vid uppackning<\/li>\n<\/ul>\n<h2 data-v-md-heading=\"full-range-of-flavors\" data-v-md-line=\"20\">Fullt utbud av smaker<\/h2>\n<ul data-v-md-line=\"21\">\n<li>Citron och lime<\/li>\n<li>Galen bl\u00e5<\/li>\n<li>Regnb\u00e5gsgodis<\/li>\n<li>\u00c4pple persika<\/li>\n<li>Bl\u00e5b\u00e4rs-citronvatten<\/li>\n<li>Jordgubbspur\u00e9<\/li>\n<li>Vattenmelonis<\/li>\n<li>Vattenmelonbubbelgummi<\/li>\n<li>K\u00f6rsb\u00e4rssoda<\/li>\n<li>Bl\u00e5b\u00e4r<\/li>\n<\/ul>\n<h2 data-v-md-heading=\"for-you-and-for-your-business-as-well\" data-v-md-line=\"32\">F\u00f6r dig, och \u00e4ven f\u00f6r ditt f\u00f6retag<\/h2>\n<p data-v-md-line=\"33\">K\u00f6p sj\u00e4lv, enkelt och bekv\u00e4mt. V\u00e4lj din smak. L\u00e4gg till i varukorgen. Klart. Om du driver en fysisk butik eller webbutik kan vi erbjuda grossistkartongf\u00f6rpackningar med stabila partier. Antalet kartongf\u00f6rpackningar kan variera beroende p\u00e5 produktionsparti. Kontakta oss f\u00f6r aktuell kvantitet och graderade priser.<\/p>\n<p data-v-md-line=\"35\">Vi erbjuder Duty Paid Delivery (DDP) inom Europa via UPS, DPD och DHL. F\u00f6rbehandling av tullar f\u00f6r att undvika ov\u00e4ntade avdrag fr\u00e5n tullen. S\u00e4ker betalning. Fakturor \u00e4r kompletta. Tydlig sp\u00e5rning fr\u00e5n d\u00f6rr till d\u00f6rr.<\/p>\n<h2 data-v-md-heading=\"why-do-you-like-it\" data-v-md-line=\"37\">Why do you like it<\/h2>\n<ul data-v-md-line=\"38\">\n<li>Stor sugkapacitet: minskar antalet byten, vilket g\u00f6r din dag smidigare<\/li>\n<li>N\u00e4tspole: Rik textur, l\u00e5ngvarig sugkraft<\/li>\n<li>Ingen laddning beh\u00f6vs: \u00c5tervinn enligt lokala riktlinjer efter anv\u00e4ndning<\/li>\n<li>Bekv\u00e4m sugkraft: Inga knappar beh\u00f6vs, bara sug in<\/li>\n<li>TPD-storlek f\u00f6r\u00e5ngare: 2 ml fyllning uppfyller EU:s kapacitetsf\u00f6reskrifter<\/li>\n<\/ul>\n<h2 data-v-md-heading=\"why-choose-to-collaborate-with-agoravape\" data-v-md-line=\"44\">Varf\u00f6r v\u00e4lja att samarbeta med AgoraVape?<\/h2>\n<p data-v-md-line=\"45\">Vi k\u00f6per endast 100 % \u00e4kta produkter. Varje produkt levereras i f\u00f6rseglad detaljhandelsf\u00f6rpackning och \u00e4r utrustad med en funktion f\u00f6r batchsp\u00e5rning, vilket g\u00f6r att du s\u00e4kert kan undvika att k\u00f6pa f\u00f6rfalskade produkter. V\u00e5rt team ger dig f\u00f6rslag p\u00e5 smakmatchning, produktrotationsplaner och snabba ers\u00e4ttningstj\u00e4nster f\u00f6r alla DOA-produkter.<\/p>\n<p data-v-md-line=\"47\">Som en av de betrodda vape-distribut\u00f6rerna i Europa erbjuder vi rabatterade grossistpriser och snabba DDP-leveranser. Vi utf\u00f6r strikt \u00e5ldersverifiering p\u00e5 B2C-best\u00e4llningar f\u00f6r att s\u00e4kerst\u00e4lla att f\u00f6rs\u00e4ljningen uppfyller kraven och skydda ditt varum\u00e4rke. Vill du verifiera partier eller kontrollera lagerstatus? V\u00e4nligen skicka oss produktkoden p\u00e5 din kartong. Vi bekr\u00e4ftar omedelbart.<\/p>","protected":false},"excerpt":{"rendered":"<p>&nbsp;<\/p>\n<p><script src=\"chrome-extension:\/\/fpelahbljekknahkcaegamhcndkfpfnc\/iFrame.js\" type=\"text\/javascript\"><\/script><\/p>\n<p><script src=\"chrome-extension:\/\/fpelahbljekknahkcaegamhcndkfpfnc\/iFrame.js\" type=\"text\/javascript\"><\/script><\/p>\n<p><script src=\"chrome-extension:\/\/fpelahbljekknahkcaegamhcndkfpfnc\/iFrame.js\" type=\"text\/javascript\"><\/script><\/p>\n<p><script src=\"chrome-extension:\/\/fpelahbljekknahkcaegamhcndkfpfnc\/iFrame.js\" type=\"text\/javascript\"><\/script><\/p>\n<p><script src=\"chrome-extension:\/\/fpelahbljekknahkcaegamhcndkfpfnc\/iFrame.js\" type=\"text\/javascript\"><\/script><\/p>\n<p><script src=\"chrome-extension:\/\/fpelahbljekknahkcaegamhcndkfpfnc\/iFrame.js\" type=\"text\/javascript\"><\/script><\/p>\n<p><script src=\"chrome-extension:\/\/fpelahbljekknahkcaegamhcndkfpfnc\/iFrame.js\" type=\"text\/javascript\"><\/script><\/p>\n<p><script src=\"chrome-extension:\/\/fpelahbljekknahkcaegamhcndkfpfnc\/iFrame.js\" type=\"text\/javascript\"><\/script><\/p>\n<p><script src=\"chrome-extension:\/\/fpelahbljekknahkcaegamhcndkfpfnc\/iFrame.js\" type=\"text\/javascript\"><\/script><\/p>\n<p><script src=\"chrome-extension:\/\/fpelahbljekknahkcaegamhcndkfpfnc\/iFrame.js\" type=\"text\/javascript\"><\/script><\/p>","protected":false},"featured_media":15561,"comment_status":"open","ping_status":"closed","template":"","meta":[],"product_brand":[221],"product_cat":[124,182,176,177,174,175,193,148,173,186,180,190],"product_tag":[],"class_list":{"0":"post-15531","1":"product","2":"type-product","3":"status-publish","4":"has-post-thumbnail","6":"product_brand-myde","7":"product_cat-vape-by-brand","8":"product_cat-800-1500-puffs","9":"product_cat-beverage","10":"product_cat-dessert-sweets","11":"product_cat-fruit-flavors","12":"product_cat-icy-mint","13":"product_cat-mesh-coil","14":"product_cat-myde","15":"product_cat-vape-by-flavor-profile","16":"product_cat-vape-by-nicotine-strength","17":"product_cat-vape-by-puff-count","18":"product_cat-vape-by-feature-or-type","20":"first","21":"onbackorder","22":"shipping-taxable","23":"purchasable","24":"product-type-variable","25":"has-default-attributes"},"tiered_pricing_type":"percentage","tiered_pricing_fixed_rules":[],"tiered_pricing_product_settings":{"layout":"default","base_unit_name":{"singular":null,"plural":null},"default_variation":null},"tiered_pricing_minimum_quantity":10,"tiered_pricing_roles_data":[],"tiered_pricing_percentage_rules":{"100":"40","200":"44","500":"47","1000":"49"},"tiered_pricing_maximum_quantity":null,"tiered_pricing_quantity_step":"10","_links":{"self":[{"href":"https:\/\/agoravape.com\/sv\/wp-json\/wp\/v2\/product\/15531","targetHints":{"allow":["GET"]}}],"collection":[{"href":"https:\/\/agoravape.com\/sv\/wp-json\/wp\/v2\/product"}],"about":[{"href":"https:\/\/agoravape.com\/sv\/wp-json\/wp\/v2\/types\/product"}],"replies":[{"embeddable":true,"href":"https:\/\/agoravape.com\/sv\/wp-json\/wp\/v2\/comments?post=15531"}],"version-history":[{"count":0,"href":"https:\/\/agoravape.com\/sv\/wp-json\/wp\/v2\/product\/15531\/revisions"}],"wp:featuredmedia":[{"embeddable":true,"href":"https:\/\/agoravape.com\/sv\/wp-json\/wp\/v2\/media\/15561"}],"wp:attachment":[{"href":"https:\/\/agoravape.com\/sv\/wp-json\/wp\/v2\/media?parent=15531"}],"wp:term":[{"taxonomy":"product_brand","embeddable":true,"href":"https:\/\/agoravape.com\/sv\/wp-json\/wp\/v2\/product_brand?post=15531"},{"taxonomy":"product_cat","embeddable":true,"href":"https:\/\/agoravape.com\/sv\/wp-json\/wp\/v2\/product_cat?post=15531"},{"taxonomy":"product_tag","embeddable":true,"href":"https:\/\/agoravape.com\/sv\/wp-json\/wp\/v2\/product_tag?post=15531"}],"curies":[{"name":"wp","href":"https:\/\/api.w.org\/{rel}","templated":true}]}}