{"id":15575,"date":"2025-10-16T16:43:23","date_gmt":"2025-10-16T08:43:23","guid":{"rendered":"https:\/\/green-grasshopper-921422.hostingersite.com\/?post_type=product&#038;p=15575"},"modified":"2026-01-19T22:03:27","modified_gmt":"2026-01-19T14:03:27","slug":"cloud-nine-d33-20k-puffs-dual-power-vape","status":"publish","type":"product","link":"https:\/\/agoravape.com\/sv\/product\/cloud-nine-d33-20k-puffs-dual-power-vape\/","title":{"rendered":"Cloud Nine D33 20K Puffs | Dubbel kraft f\u00f6r ett j\u00e4mnare eller starkare drag"},"content":{"rendered":"<h2 data-v-md-heading=\"cloud-nine-d33-20-what-are-the-special-features-of-a-dual-power-mode-vape-with-a-capacity-of-000\" data-v-md-line=\"3\"><img loading=\"lazy\" decoding=\"async\" class=\"aligncenter size-full wp-image-15596\" src=\"https:\/\/agoravape.com\/wp-content\/uploads\/2025\/10\/Cloud-Nine-D33-20K-Puffs-Dual-Power-Mode-Vape_Agora_vape-11-scaled.webp\" alt=\"\" width=\"1810\" height=\"2560\" srcset=\"https:\/\/agoravape.com\/wp-content\/uploads\/2025\/10\/Cloud-Nine-D33-20K-Puffs-Dual-Power-Mode-Vape_Agora_vape-11-scaled.webp 1810w, https:\/\/agoravape.com\/wp-content\/uploads\/2025\/10\/Cloud-Nine-D33-20K-Puffs-Dual-Power-Mode-Vape_Agora_vape-11-scaled-1200x1697.webp 1200w, https:\/\/agoravape.com\/wp-content\/uploads\/2025\/10\/Cloud-Nine-D33-20K-Puffs-Dual-Power-Mode-Vape_Agora_vape-11-212x300.webp 212w, https:\/\/agoravape.com\/wp-content\/uploads\/2025\/10\/Cloud-Nine-D33-20K-Puffs-Dual-Power-Mode-Vape_Agora_vape-11-724x1024.webp 724w, https:\/\/agoravape.com\/wp-content\/uploads\/2025\/10\/Cloud-Nine-D33-20K-Puffs-Dual-Power-Mode-Vape_Agora_vape-11-768x1086.webp 768w, https:\/\/agoravape.com\/wp-content\/uploads\/2025\/10\/Cloud-Nine-D33-20K-Puffs-Dual-Power-Mode-Vape_Agora_vape-11-1086x1536.webp 1086w, https:\/\/agoravape.com\/wp-content\/uploads\/2025\/10\/Cloud-Nine-D33-20K-Puffs-Dual-Power-Mode-Vape_Agora_vape-11-1448x2048.webp 1448w\" sizes=\"auto, (max-width: 1810px) 100vw, 1810px\" \/><\/h2>\n<h2 data-v-md-heading=\"cloud-nine-d33-20-what-are-the-special-features-of-a-dual-power-mode-vape-with-a-capacity-of-000\" data-v-md-line=\"3\">Cloud Nine D33 20, Vilka \u00e4r de speciella egenskaperna hos en vape med dubbla effektl\u00e4gen och en kapacitet p\u00e5 000?<\/h2>\n<p data-v-md-line=\"4\">Om du \u00e4r tr\u00f6tt p\u00e5 besv\u00e4ret med att f\u00e5 slut p\u00e5 eng\u00e5ngs-e-v\u00e4tska direkt efter att du smakat uts\u00f6kt mat, kan Cloud Nine D33 g\u00f6ra din vecka mycket enklare. Den \u00e4r designad f\u00f6r l\u00e5ngvarig anv\u00e4ndning, rymmer upp till 20 000 munnar och \u00e4r utrustad med ett bekv\u00e4mt dubbelt effektl\u00e4ge, s\u00e5 att du fritt kan v\u00e4lja mellan mjukare sugkraft eller starkare smak.<\/p>\n<p data-v-md-line=\"6\">Om du enkelt vill uppn\u00e5 en j\u00e4mn smak \u00e4r denna vape det perfekta valet. Du beh\u00f6ver bara v\u00e4lja smaken, ta ett l\u00e4tt bloss och njuta. Inget behov av att l\u00e4ra dig, inga tr\u00e5kiga inst\u00e4llningar.<\/p>\n<h2 data-v-md-heading=\"excellent-performance-easy-and-convenient\" data-v-md-line=\"8\">Utm\u00e4rkt prestanda, enkelt och bekv\u00e4mt<\/h2>\n<p data-v-md-line=\"9\">Internt anv\u00e4nds en n\u00e4tspole f\u00f6r att bibeh\u00e5lla renhet och enhetlighet under varje sug. Spolen v\u00e4rms j\u00e4mnt, vilket g\u00f6r att du kan bibeh\u00e5lla en rik smak fr\u00e5n b\u00f6rjan till slut. D33 \u00e4r utrustad med dubbelt effektl\u00e4ge, med en utg\u00e5ngseffekt mellan 13 och 23 watt, vilket g\u00f6r att du kan njuta av en mjukare vape-upplevelse dagligen eller byta till en starkare effekt n\u00e4r du beh\u00f6ver mer kraft. N\u00e4r batteriet \u00e4r l\u00e5gt kan du ladda den och forts\u00e4tta anv\u00e4nda den.<\/p>\n<h2 data-v-md-heading=\"specification-introduction\" data-v-md-line=\"11\">Specification Introduction<\/h2>\n<ul data-v-md-line=\"12\">\n<li>Sugfrekvens: upp till 20000 g\u00e5nger<\/li>\n<li>Nikotin: 5 % (50 milligram\/milliliter), specifik m\u00e4ngd kan variera beroende p\u00e5 land\/region, beroende p\u00e5 lokala f\u00f6reskrifter<\/li>\n<li>Working principle: Activated by inhalation<\/li>\n<li>Laddningsmetod: USB-laddning<\/li>\n<li>E-v\u00e4tskekapacitet: 26 milliliter<\/li>\n<li>Batteri: 500mAh<\/li>\n<li>Spole: N\u00e4t, valfritt 1,0 \u03a9 eller 0,5 \u03a9<\/li>\n<li>Status: Klar att anv\u00e4nda vid uppackning<\/li>\n<\/ul>\n<h2 data-v-md-heading=\"full-range-of-flavors\" data-v-md-line=\"21\">Fullt utbud av smaker<\/h2>\n<ul data-v-md-line=\"22\">\n<li>Miami Myntverk<\/li>\n<li>Bl\u00e5b\u00e4rssmoothie tuggummi<\/li>\n<li>Vattenmelon och bl\u00e5b\u00e4r<\/li>\n<li>Bl\u00e5b\u00e4rsmarshmallows<\/li>\n<li>Persikasmoothie<\/li>\n<li>Bl\u00e5b\u00e4r och persikor<\/li>\n<li>Bl\u00e5b\u00e4r och hallon<\/li>\n<li>Bl\u00e5b\u00e4rssmoothie<\/li>\n<li>Vattenmelonsmoothie<\/li>\n<li>Druvsmoothie<\/li>\n<\/ul>\n<h2 data-v-md-heading=\"for-you-for-your-business\" data-v-md-line=\"33\">F\u00f6r dig, f\u00f6r ditt f\u00f6retag<\/h2>\n<p data-v-md-line=\"34\">Du kan k\u00f6pa Cloud Nine D33 f\u00f6r personligt bruk eller l\u00e4gga till den i din butik. Vi erbjuder grossistleveranser, vilket s\u00e4kerst\u00e4ller att dina hyllor alltid \u00e4r fyllda med nya produkter i olika smaker. Kontakta oss g\u00e4rna n\u00e4r som helst f\u00f6r att f\u00e5 information om de senaste f\u00f6rpackningsm\u00e4ngderna och prisrabatterna.<\/p>\n<p data-v-md-line=\"36\">Vi erbjuder momsbetalda DDP-leveranser i hela Europa via betrodda transport\u00f6rer som UPS, DPD och DHL, vilket g\u00f6r att du enkelt och bekv\u00e4mt kan ta emot dina varor och undvika tullolyckor. Om din marknad har s\u00e4rskilda regler g\u00e4llande nikotinkoncentration eller m\u00e4rkning kommer vi att justera din best\u00e4llning enligt lokala krav.<\/p>\n<h2 data-v-md-heading=\"why-do-you-like-it\" data-v-md-line=\"38\">Why do you like it<\/h2>\n<ul data-v-md-line=\"39\">\n<li>Stor kapacitet: upp till 20 000 bloss, vilket inneb\u00e4r f\u00e4rre bytestider, vilket g\u00f6r att du kan njuta av en mer njutbar vape-upplevelse.<\/li>\n<li>Flera effektalternativ: Dubbelt l\u00e4ge l\u00e5ter dig v\u00e4lja mellan mjukare sug eller starkare smak beroende p\u00e5 ditt hum\u00f6r<\/li>\n<li>Uppladdningsbar: Du kan anv\u00e4nda all e-v\u00e4tska du k\u00f6per ist\u00e4llet f\u00f6r att sl\u00e4nga halva enheten<\/li>\n<li>Meshspiral: bibeh\u00e5ller ren och j\u00e4mn smak fr\u00e5n f\u00f6rsta till sista tuggan<\/li>\n<\/ul>\n<h2 data-v-md-heading=\"why-choose-to-collaborate-with-agoravape\" data-v-md-line=\"44\">Varf\u00f6r v\u00e4lja att samarbeta med AgoraVape?<\/h2>\n<p data-v-md-line=\"45\">Vi s\u00e4ljer endast 100 % \u00e4kta produkter fr\u00e5n betrodda leverant\u00f6rer. V\u00e5ra f\u00f6retagskunder f\u00e5r rabatterade grossistpriser, p\u00e5litlig support och snabba DDP-leveranser via Cloud Nine D33. Om du vill ha en eng\u00e5ngsprodukt som \u00e4r h\u00e5llbar och har en h\u00f6g kundreturfrekvens, v\u00e4nligen kontakta oss.<\/p>\n<p><script src=\"chrome-extension:\/\/fpelahbljekknahkcaegamhcndkfpfnc\/iFrame.js\" type=\"text\/javascript\"><\/script><\/p>","protected":false},"excerpt":{"rendered":"<p>&nbsp;<\/p>\n<p><script src=\"chrome-extension:\/\/fpelahbljekknahkcaegamhcndkfpfnc\/iFrame.js\" type=\"text\/javascript\"><\/script><\/p>\n<p><script src=\"chrome-extension:\/\/fpelahbljekknahkcaegamhcndkfpfnc\/iFrame.js\" type=\"text\/javascript\"><\/script><\/p>\n<p><script src=\"chrome-extension:\/\/fpelahbljekknahkcaegamhcndkfpfnc\/iFrame.js\" type=\"text\/javascript\"><\/script><\/p>\n<p><script src=\"chrome-extension:\/\/fpelahbljekknahkcaegamhcndkfpfnc\/iFrame.js\" type=\"text\/javascript\"><\/script><\/p>\n<p><script src=\"chrome-extension:\/\/fpelahbljekknahkcaegamhcndkfpfnc\/iFrame.js\" type=\"text\/javascript\"><\/script><\/p>\n<p><script src=\"chrome-extension:\/\/fpelahbljekknahkcaegamhcndkfpfnc\/iFrame.js\" type=\"text\/javascript\"><\/script><\/p>\n<p><script src=\"chrome-extension:\/\/fpelahbljekknahkcaegamhcndkfpfnc\/iFrame.js\" type=\"text\/javascript\"><\/script><\/p>\n<p><script src=\"chrome-extension:\/\/fpelahbljekknahkcaegamhcndkfpfnc\/iFrame.js\" type=\"text\/javascript\"><\/script><\/p>\n<p><script src=\"chrome-extension:\/\/fpelahbljekknahkcaegamhcndkfpfnc\/iFrame.js\" type=\"text\/javascript\"><\/script><\/p>\n<p><script src=\"chrome-extension:\/\/fpelahbljekknahkcaegamhcndkfpfnc\/iFrame.js\" type=\"text\/javascript\"><\/script><\/p>","protected":false},"featured_media":15595,"comment_status":"open","ping_status":"closed","template":"","meta":[],"product_brand":[224],"product_cat":[124,185,194,151,177,174,175,193,191,173,186,180,190],"product_tag":[],"class_list":{"0":"post-15575","1":"product","2":"type-product","3":"status-publish","4":"has-post-thumbnail","6":"product_brand-cloud-nine","7":"product_cat-vape-by-brand","8":"product_cat-10000-puffs-high-capacity","9":"product_cat-adjustable-airflow","10":"product_cat-cloud-nine","11":"product_cat-dessert-sweets","12":"product_cat-fruit-flavors","13":"product_cat-icy-mint","14":"product_cat-mesh-coil","15":"product_cat-rechargeable-disposables","16":"product_cat-vape-by-flavor-profile","17":"product_cat-vape-by-nicotine-strength","18":"product_cat-vape-by-puff-count","19":"product_cat-vape-by-feature-or-type","21":"first","22":"onbackorder","23":"shipping-taxable","24":"purchasable","25":"product-type-variable","26":"has-default-attributes"},"tiered_pricing_type":"percentage","tiered_pricing_fixed_rules":[],"tiered_pricing_product_settings":{"layout":"default","base_unit_name":{"singular":null,"plural":null},"default_variation":null},"tiered_pricing_minimum_quantity":10,"tiered_pricing_roles_data":[],"tiered_pricing_percentage_rules":{"50":"35","100":"40","200":"44","500":"47","1000":"49"},"tiered_pricing_maximum_quantity":null,"tiered_pricing_quantity_step":"10","_links":{"self":[{"href":"https:\/\/agoravape.com\/sv\/wp-json\/wp\/v2\/product\/15575","targetHints":{"allow":["GET"]}}],"collection":[{"href":"https:\/\/agoravape.com\/sv\/wp-json\/wp\/v2\/product"}],"about":[{"href":"https:\/\/agoravape.com\/sv\/wp-json\/wp\/v2\/types\/product"}],"replies":[{"embeddable":true,"href":"https:\/\/agoravape.com\/sv\/wp-json\/wp\/v2\/comments?post=15575"}],"version-history":[{"count":0,"href":"https:\/\/agoravape.com\/sv\/wp-json\/wp\/v2\/product\/15575\/revisions"}],"wp:featuredmedia":[{"embeddable":true,"href":"https:\/\/agoravape.com\/sv\/wp-json\/wp\/v2\/media\/15595"}],"wp:attachment":[{"href":"https:\/\/agoravape.com\/sv\/wp-json\/wp\/v2\/media?parent=15575"}],"wp:term":[{"taxonomy":"product_brand","embeddable":true,"href":"https:\/\/agoravape.com\/sv\/wp-json\/wp\/v2\/product_brand?post=15575"},{"taxonomy":"product_cat","embeddable":true,"href":"https:\/\/agoravape.com\/sv\/wp-json\/wp\/v2\/product_cat?post=15575"},{"taxonomy":"product_tag","embeddable":true,"href":"https:\/\/agoravape.com\/sv\/wp-json\/wp\/v2\/product_tag?post=15575"}],"curies":[{"name":"wp","href":"https:\/\/api.w.org\/{rel}","templated":true}]}}