{"id":15611,"date":"2025-10-16T17:25:29","date_gmt":"2025-10-16T09:25:29","guid":{"rendered":"https:\/\/green-grasshopper-921422.hostingersite.com\/?post_type=product&#038;p=15611"},"modified":"2026-01-19T22:03:20","modified_gmt":"2026-01-19T14:03:20","slug":"jnr-radiance-31000-puffar-vape","status":"publish","type":"product","link":"https:\/\/agoravape.com\/sv\/product\/jnr-radiance-31000-puffs-vape\/","title":{"rendered":"JNR Radiance 31K Puffs Vape med animerad sk\u00e4rm | L\u00e5ngvarig smak med enkel typ-C-laddning"},"content":{"rendered":"<h2 data-v-md-heading=\"jnr-radiance-31k-suction-capacity-with-animated-screen-what-s-special-about-it\" data-v-md-line=\"3\"><img loading=\"lazy\" decoding=\"async\" class=\"aligncenter size-full wp-image-15632\" src=\"https:\/\/agoravape.com\/wp-content\/uploads\/2025\/10\/JNR-Radiance-31K-Puffs-Vape-with-Animation-Screen_Blue-Razz-Cherry_Agora_vape-11.webp\" alt=\"\" width=\"1920\" height=\"1080\" srcset=\"https:\/\/agoravape.com\/wp-content\/uploads\/2025\/10\/JNR-Radiance-31K-Puffs-Vape-with-Animation-Screen_Blue-Razz-Cherry_Agora_vape-11.webp 1920w, https:\/\/agoravape.com\/wp-content\/uploads\/2025\/10\/JNR-Radiance-31K-Puffs-Vape-with-Animation-Screen_Blue-Razz-Cherry_Agora_vape-11-1200x675.webp 1200w, https:\/\/agoravape.com\/wp-content\/uploads\/2025\/10\/JNR-Radiance-31K-Puffs-Vape-with-Animation-Screen_Blue-Razz-Cherry_Agora_vape-11-300x169.webp 300w, https:\/\/agoravape.com\/wp-content\/uploads\/2025\/10\/JNR-Radiance-31K-Puffs-Vape-with-Animation-Screen_Blue-Razz-Cherry_Agora_vape-11-1024x576.webp 1024w, https:\/\/agoravape.com\/wp-content\/uploads\/2025\/10\/JNR-Radiance-31K-Puffs-Vape-with-Animation-Screen_Blue-Razz-Cherry_Agora_vape-11-768x432.webp 768w, https:\/\/agoravape.com\/wp-content\/uploads\/2025\/10\/JNR-Radiance-31K-Puffs-Vape-with-Animation-Screen_Blue-Razz-Cherry_Agora_vape-11-1536x864.webp 1536w\" sizes=\"auto, (max-width: 1920px) 100vw, 1920px\" \/><\/h2>\n<h2 data-v-md-heading=\"jnr-radiance-31k-suction-capacity-with-animated-screen-what-s-special-about-it\" data-v-md-line=\"3\">JNR Radiance 31K sugkapacitet med animerad sk\u00e4rm, vad \u00e4r speciellt med den?<\/h2>\n<p data-v-md-line=\"4\">Om du \u00e4r tr\u00f6tt p\u00e5 eng\u00e5ngsvapor som f\u00f6rbrukar f\u00f6r mycket str\u00f6m kanske du vill ta en titt p\u00e5 den h\u00e4r produkten. JNR Radiance har en sugkapacitet p\u00e5 upp till 31000 och \u00e4r utrustad med en intelligent animerad sk\u00e4rm, vilket ger din sugupplevelse en touch av n\u00f6je. Den \u00e4r designad f\u00f6r anv\u00e4ndare som str\u00e4var efter l\u00e5ng batteritid och stabil smak, utan behov av komplicerade inst\u00e4llningar eller knappar.<\/p>\n<p data-v-md-line=\"6\">Den \u00e4r utrustad med uppladdningsbara batterier och e-v\u00e4tska med stor kapacitet, vilket g\u00f6r att du kan njuta av dina favoritsmaker under en l\u00e4ngre tid med sinnesro. Den \u00e4r l\u00e4mplig f\u00f6r dagliga vape-anv\u00e4ndare som inte vill ladda med n\u00e5gra timmars mellanrum eller byta ut sina enheter p\u00e5 vardagar.<\/p>\n<h2 data-v-md-heading=\"excellent-performance-easy-and-convenient\" data-v-md-line=\"8\">Utm\u00e4rkt prestanda, enkelt och bekv\u00e4mt<\/h2>\n<p data-v-md-line=\"9\">K\u00e4rnan i Radiance anv\u00e4nder dubbla mesh-spolar f\u00f6r att s\u00e4kerst\u00e4lla att varje tugga har en ren och fyllig smak. Fr\u00e5n f\u00f6rsta till sista tuggan f\u00f6rblir smaken j\u00e4mn. N\u00e4r batteriet \u00e4r l\u00e5gt kan den laddas med en typ-C-datakabel. Det kan vara samma sak som att anv\u00e4nda din telefon. Det \u00e4r enkelt.<\/p>\n<h2 data-v-md-heading=\"specification-overview\" data-v-md-line=\"11\">Specifikations\u00f6versikt<\/h2>\n<p data-v-md-line=\"12\"><strong>Antal sugningar<\/strong>upp till 31000 sugningar<br \/>\n<strong>Nikotin<\/strong>: 0 %, 2 % och 5 % valfritt (specifik leverans kan variera beroende p\u00e5 land\/region)<br \/>\n<strong>F\u00f6rstoftande k\u00e4rna<\/strong>Dubbelt n\u00e4t<br \/>\n<strong>Batteri<\/strong>950 mAh uppladdningsbart batteri<br \/>\n<strong>e-v\u00e4tskans kapacitet<\/strong>28 milliliter<br \/>\n<strong>Laddning<\/strong>Standard USB-gr\u00e4nssnitt av typ C<br \/>\n<strong>Status<\/strong>Klar att anv\u00e4nda vid uppackning<\/p>\n<h2 data-v-md-heading=\"full-range-of-flavors\" data-v-md-line=\"20\">Fullt utbud av smaker<\/h2>\n<ul data-v-md-line=\"21\">\n<li>Blueberry cherry flavor<\/li>\n<li>Smak av bl\u00e5b\u00e4rssmoothie<\/li>\n<li>Smak av k\u00f6rsb\u00e4rsfrukt<\/li>\n<li>Double Apple Flavor<\/li>\n<li>Smak av k\u00f6rsb\u00e4rscola<\/li>\n<li>Hawaiiansk smak<\/li>\n<li>Smak av blandade b\u00e4r<\/li>\n<li>Jordgubbskonstig fruktsmak<\/li>\n<li>Bl\u00e5b\u00e4rssur hallonsmak<\/li>\n<li>Passionsfrukt Konstig fruktsmak<\/li>\n<li>Smak av persika och ananas<\/li>\n<li>Smak av jordgubb, hallon och k\u00f6rsb\u00e4rssmoothie<\/li>\n<li>Sommarpersikasmoothie<\/li>\n<li>Vattenmelonsmoothie<\/li>\n<li>Jordgubbssmoothie<\/li>\n<\/ul>\n<h2 data-v-md-heading=\"for-you-for-your-business\" data-v-md-line=\"37\">F\u00f6r dig, f\u00f6r ditt f\u00f6retag<\/h2>\n<p data-v-md-line=\"38\">Du kan k\u00f6pa en enhet f\u00f6r personligt bruk eller fylla p\u00e5 lagret till din butik. Vi erbjuder grossistf\u00f6rpackningar, s\u00e5 att du kan l\u00e4gga bulkbest\u00e4llningar med p\u00e5litlig leverans. Vi erbjuder DDP-leveranstj\u00e4nster via betrodda partners som UPS, DPD och DHL, s\u00e5 att tullar kan behandlas i f\u00f6rv\u00e4g f\u00f6r att undvika ov\u00e4ntade situationer vid tullen.<\/p>\n<p data-v-md-line=\"40\">Reglerna varierar mellan olika Europa. Nikotinkoncentration och -tillf\u00f6rsel kan variera beroende p\u00e5 land\/region. Kontrollera lokala best\u00e4mmelser innan du k\u00f6per. Om du har n\u00e5gra fr\u00e5gor, v\u00e4nligen kontakta oss.<\/p>\n<h2 data-v-md-heading=\"why-do-you-like-it\" data-v-md-line=\"42\">Why do you like it<\/h2>\n<p data-v-md-line=\"43\"><strong>Stor kaliber:<\/strong>\u00a0R\u00f6kpatroner h\u00e5ller l\u00e4ngre och kr\u00e4ver inte frekvent ink\u00f6p av nya patroner.<br \/>\n<strong>Val av nikotinkoncentration:<\/strong>\u00a0V\u00e4lj en koncentration p\u00e5 0 %, 2 % eller 5 % beroende p\u00e5 vad du f\u00f6redrar.<br \/>\n<strong>Uppladdningsbart batteri:<\/strong>\u00a0Anv\u00e4nd upp all k\u00f6pt e-v\u00e4tska p\u00e5 en g\u00e5ng.<br \/>\n<strong>Dubbelmaskig f\u00f6rstoftningsk\u00e4rna:<\/strong>\u00a0Bibeh\u00e5ll alltid en j\u00e4mn smak.<br \/>\n<strong>Typ-C-laddning:<\/strong>\u00a0Med bara en datakabel kan du enkelt hantera allt och g\u00f6ra livet enklare.<br \/>\n<strong>Animerad sk\u00e4rm:<\/strong>\u00a0Intelligenta visuella effekter g\u00f6r varje anv\u00e4ndning mer attraktiv.<\/p>\n<h2 data-v-md-heading=\"why-collaborate-with-agoravape\" data-v-md-line=\"50\">Why collaborate with AgoraVape?<\/h2>\n<p data-v-md-line=\"51\">Vi s\u00e4ljer endast 100 % \u00e4kta produkter fr\u00e5n v\u00e4lrenommerade leverant\u00f6rer. F\u00f6retagskunder kan dra nytta av rabatterade grossistpriser, p\u00e5litlig kundsupport och snabba och p\u00e5litliga leveranser i Europa. V\u00e4lkommen att kontakta oss f\u00f6r att l\u00e4ra dig mer om JNR Radiance 31K vape-produkter med animerade sk\u00e4rmar, vilket ger dina kunder en enhet v\u00e4rd att k\u00f6pa igen.<\/p>\n<p><script src=\"chrome-extension:\/\/fpelahbljekknahkcaegamhcndkfpfnc\/iFrame.js\" type=\"text\/javascript\"><\/script><\/p>\n<p><script src=\"chrome-extension:\/\/fpelahbljekknahkcaegamhcndkfpfnc\/iFrame.js\" type=\"text\/javascript\"><\/script><\/p>\n<p><script src=\"chrome-extension:\/\/fpelahbljekknahkcaegamhcndkfpfnc\/iFrame.js\" type=\"text\/javascript\"><\/script><\/p>","protected":false},"excerpt":{"rendered":"<p>&nbsp;<\/p>\n<p><script src=\"chrome-extension:\/\/fpelahbljekknahkcaegamhcndkfpfnc\/iFrame.js\" type=\"text\/javascript\"><\/script><\/p>\n<p><script src=\"chrome-extension:\/\/fpelahbljekknahkcaegamhcndkfpfnc\/iFrame.js\" type=\"text\/javascript\"><\/script><\/p>\n<p><script src=\"chrome-extension:\/\/fpelahbljekknahkcaegamhcndkfpfnc\/iFrame.js\" type=\"text\/javascript\"><\/script><\/p>\n<p><script src=\"chrome-extension:\/\/fpelahbljekknahkcaegamhcndkfpfnc\/iFrame.js\" type=\"text\/javascript\"><\/script><\/p>\n<p><script src=\"chrome-extension:\/\/fpelahbljekknahkcaegamhcndkfpfnc\/iFrame.js\" type=\"text\/javascript\"><\/script><\/p>\n<p><script src=\"chrome-extension:\/\/fpelahbljekknahkcaegamhcndkfpfnc\/iFrame.js\" type=\"text\/javascript\"><\/script><\/p>\n<p><script src=\"chrome-extension:\/\/fpelahbljekknahkcaegamhcndkfpfnc\/iFrame.js\" type=\"text\/javascript\"><\/script><\/p>\n<p><script src=\"chrome-extension:\/\/fpelahbljekknahkcaegamhcndkfpfnc\/iFrame.js\" type=\"text\/javascript\"><\/script><\/p>\n<p><script src=\"chrome-extension:\/\/fpelahbljekknahkcaegamhcndkfpfnc\/iFrame.js\" type=\"text\/javascript\"><\/script><\/p>\n<p><script src=\"chrome-extension:\/\/fpelahbljekknahkcaegamhcndkfpfnc\/iFrame.js\" type=\"text\/javascript\"><\/script><\/p>\n<p><script src=\"chrome-extension:\/\/fpelahbljekknahkcaegamhcndkfpfnc\/iFrame.js\" type=\"text\/javascript\"><\/script><\/p>\n<p><script src=\"chrome-extension:\/\/fpelahbljekknahkcaegamhcndkfpfnc\/iFrame.js\" type=\"text\/javascript\"><\/script><\/p>","protected":false},"featured_media":15637,"comment_status":"open","ping_status":"closed","template":"","meta":[],"product_brand":[225],"product_cat":[124,187,185,189,176,177,174,175,152,193,191,179,173,186,180,190,192],"product_tag":[],"class_list":{"0":"post-15611","1":"product","2":"type-product","3":"status-publish","4":"has-post-thumbnail","6":"product_brand-jnr","7":"product_cat-vape-by-brand","8":"product_cat-0mg-nicotine-free-vapes","9":"product_cat-10000-puffs-high-capacity","10":"product_cat-20mg-standard-nicotine-vapes","11":"product_cat-beverage","12":"product_cat-dessert-sweets","13":"product_cat-fruit-flavors","14":"product_cat-icy-mint","15":"product_cat-jnr","16":"product_cat-mesh-coil","17":"product_cat-rechargeable-disposables","18":"product_cat-unique-blends","19":"product_cat-vape-by-flavor-profile","20":"product_cat-vape-by-nicotine-strength","21":"product_cat-vape-by-puff-count","22":"product_cat-vape-by-feature-or-type","23":"product_cat-vapes-with-screens","25":"first","26":"onbackorder","27":"shipping-taxable","28":"purchasable","29":"product-type-variable","30":"has-default-attributes"},"tiered_pricing_type":"percentage","tiered_pricing_fixed_rules":[],"tiered_pricing_product_settings":{"layout":"default","base_unit_name":{"singular":null,"plural":null},"default_variation":null},"tiered_pricing_minimum_quantity":10,"tiered_pricing_roles_data":[],"tiered_pricing_percentage_rules":{"50":"35","100":"40","200":"44","500":"47","1000":"49"},"tiered_pricing_maximum_quantity":null,"tiered_pricing_quantity_step":"10","_links":{"self":[{"href":"https:\/\/agoravape.com\/sv\/wp-json\/wp\/v2\/product\/15611","targetHints":{"allow":["GET"]}}],"collection":[{"href":"https:\/\/agoravape.com\/sv\/wp-json\/wp\/v2\/product"}],"about":[{"href":"https:\/\/agoravape.com\/sv\/wp-json\/wp\/v2\/types\/product"}],"replies":[{"embeddable":true,"href":"https:\/\/agoravape.com\/sv\/wp-json\/wp\/v2\/comments?post=15611"}],"version-history":[{"count":0,"href":"https:\/\/agoravape.com\/sv\/wp-json\/wp\/v2\/product\/15611\/revisions"}],"wp:featuredmedia":[{"embeddable":true,"href":"https:\/\/agoravape.com\/sv\/wp-json\/wp\/v2\/media\/15637"}],"wp:attachment":[{"href":"https:\/\/agoravape.com\/sv\/wp-json\/wp\/v2\/media?parent=15611"}],"wp:term":[{"taxonomy":"product_brand","embeddable":true,"href":"https:\/\/agoravape.com\/sv\/wp-json\/wp\/v2\/product_brand?post=15611"},{"taxonomy":"product_cat","embeddable":true,"href":"https:\/\/agoravape.com\/sv\/wp-json\/wp\/v2\/product_cat?post=15611"},{"taxonomy":"product_tag","embeddable":true,"href":"https:\/\/agoravape.com\/sv\/wp-json\/wp\/v2\/product_tag?post=15611"}],"curies":[{"name":"wp","href":"https:\/\/api.w.org\/{rel}","templated":true}]}}