{"id":15758,"date":"2025-10-16T21:40:51","date_gmt":"2025-10-16T13:40:51","guid":{"rendered":"https:\/\/green-grasshopper-921422.hostingersite.com\/?post_type=product&#038;p=15758"},"modified":"2026-03-26T13:22:37","modified_gmt":"2026-03-26T12:22:37","slug":"jnr-falcon-x-18000-puffar-vape","status":"publish","type":"product","link":"https:\/\/agoravape.com\/sv\/product\/jnr-falcon-x-18000-puffs-vape\/","title":{"rendered":"JNR Falcon-X 18K Puffs Digital Display Vape | L\u00e5ngvarig smak med en smart sk\u00e4rm"},"content":{"rendered":"<h2 data-v-md-heading=\"how-about-jnr-falcon-x-18k-suction-digital-vape\" data-v-md-line=\"3\"><img loading=\"lazy\" decoding=\"async\" class=\"aligncenter size-full wp-image-15836\" src=\"https:\/\/agoravape.com\/wp-content\/uploads\/2025\/10\/JNR-Falcon-X-18K-Puffs-Digital-Display-Vape-Online_Agora_vape-14.webp\" alt=\"\" width=\"2048\" height=\"1152\" srcset=\"https:\/\/agoravape.com\/wp-content\/uploads\/2025\/10\/JNR-Falcon-X-18K-Puffs-Digital-Display-Vape-Online_Agora_vape-14.webp 2048w, https:\/\/agoravape.com\/wp-content\/uploads\/2025\/10\/JNR-Falcon-X-18K-Puffs-Digital-Display-Vape-Online_Agora_vape-14-1200x675.webp 1200w, https:\/\/agoravape.com\/wp-content\/uploads\/2025\/10\/JNR-Falcon-X-18K-Puffs-Digital-Display-Vape-Online_Agora_vape-14-300x169.webp 300w, https:\/\/agoravape.com\/wp-content\/uploads\/2025\/10\/JNR-Falcon-X-18K-Puffs-Digital-Display-Vape-Online_Agora_vape-14-1024x576.webp 1024w, https:\/\/agoravape.com\/wp-content\/uploads\/2025\/10\/JNR-Falcon-X-18K-Puffs-Digital-Display-Vape-Online_Agora_vape-14-768x432.webp 768w, https:\/\/agoravape.com\/wp-content\/uploads\/2025\/10\/JNR-Falcon-X-18K-Puffs-Digital-Display-Vape-Online_Agora_vape-14-1536x864.webp 1536w\" sizes=\"auto, (max-width: 2048px) 100vw, 2048px\" \/><\/h2>\n<h2 data-v-md-heading=\"how-about-jnr-falcon-x-18k-suction-digital-vape\" data-v-md-line=\"3\">How about JNR Falcon-X 18K suction digital vape?<\/h2>\n<p data-v-md-line=\"4\">If you\u2019re tired of disposable vapes that consume power quickly or leave you guessing the remaining battery life, then this product is worth a look. JNR Falcon-X is designed for easy and convenient long-term use, with a clear digital display that keeps you up-to-date with the latest developments.<\/p>\n<p data-v-md-line=\"6\">It is suitable for anyone who wants to easily enjoy big bites. You can obtain a suction capacity of up to 18000 puffs, adjust the intake volume to fine tune the suction, and have a convenient Type-C charging interface, making it easy for you to finish every drop of e-liquid.<\/p>\n<h2 data-v-md-heading=\"excellent-performance-easy-and-convenient\" data-v-md-line=\"8\">Utm\u00e4rkt prestanda, enkelt och bekv\u00e4mt<\/h2>\n<p data-v-md-line=\"9\">The Falcon-X adopts a dual mesh coil and dual core design, which can maintain a smooth and consistent taste from the first bite to the last bite. You may think that such a large mouthed device may feel boring when it is almost used up, but this atomization core technology keeps it lively. When the battery is depleted, you can use a Type-C data cable that you may already have to charge it. It\u2019s simple, the digital display screen allows you to easily understand the current status at a glance.<\/p>\n<h2 data-v-md-heading=\"specification-overview\" data-v-md-line=\"11\">Specifikations\u00f6versikt<\/h2>\n<ul data-v-md-line=\"12\">\n<li>Number of ports: up to 18000 ports<\/li>\n<li>Nicotine: 0%, 2%, or 5% optional<\/li>\n<li>Working principle: No need to set up<\/li>\n<li>Laddning: Standard USB-gr\u00e4nssnitt av typ C<\/li>\n<li>Status: Klar att anv\u00e4nda direkt ur l\u00e5dan<\/li>\n<\/ul>\n<h2 data-v-md-heading=\"full-range-of-flavors\" data-v-md-line=\"18\">Fullt utbud av smaker<\/h2>\n<ul data-v-md-line=\"19\">\n<li>Bl\u00e5b\u00e4rssmoothie<\/li>\n<li>Jordgubb, kiwi<\/li>\n<li>Vattenmelonsmoothie<\/li>\n<li>Persikasmoothie<\/li>\n<li>Fler smaker att v\u00e4lja mellan<\/li>\n<\/ul>\n<h2 data-v-md-heading=\"for-you-and-for-your-business\" data-v-md-line=\"25\">For you, and for your business<\/h2>\n<p data-v-md-line=\"26\">Purchase for yourself quickly and easily. If you operate a physical or online store, you can purchase JNR Falcon-X on a large scale at highly competitive wholesale prices. The packaging quantity and minimum order quantity vary by batch. Please contact us for current packaging size and inventory information.<\/p>\n<p data-v-md-line=\"28\">We provide reliable tax paid DDP options for various locations in Europe through UPS, DPD, and DHL, which can transport your goods to many destinations without any unexpected incidents at customs. Compliance and supply situation depend on local regulations, so we will help you understand the allowable range in your country\/region.<\/p>\n<h2 data-v-md-heading=\"why-do-you-like-it\" data-v-md-line=\"30\">Why do you like it<\/h2>\n<ul data-v-md-line=\"31\">\n<li>Massive suction: A capacity of up to 18K means fewer replacements and higher value.<\/li>\n<li>Val av nikotinhalt: V\u00e4lj 0 %, 2 % eller 5 % efter \u00f6nskem\u00e5l.<\/li>\n<li>Rechargeable: Use all 24 milliliters of e-liquid without wasting.<\/li>\n<li>Mesh coil: The double-layer mesh coil maintains a consistent and satisfying taste.<\/li>\n<li>Digital display screen: View your status at a glance, eliminating the need for guessing.<\/li>\n<li>Adjustable airflow: looser or tighter suction to match your style.<\/li>\n<\/ul>\n<h2 data-v-md-heading=\"why-choose-to-collaborate-with-agoravape\" data-v-md-line=\"38\">Varf\u00f6r v\u00e4lja att samarbeta med AgoraVape?<\/h2>\n<p data-v-md-line=\"39\">We only sell 100% genuine products, and the source of goods can be verified. JNR Falcon-X 18K Puffs digital vape, you will enjoy fair wholesale prices, professional technical support, and fast and traceable delivery services. A secure payment method ensures a smooth and secure checkout process. Please contact our team to inquire about inventory, flavor availability, and bulk discounts in order to provide customers with truly worth repurchasing equipment.<\/p>","protected":false},"excerpt":{"rendered":"<p>&nbsp;<\/p>\n<p><script src=\"chrome-extension:\/\/fpelahbljekknahkcaegamhcndkfpfnc\/iFrame.js\" type=\"text\/javascript\"><\/script><\/p>\n<p><script src=\"chrome-extension:\/\/fpelahbljekknahkcaegamhcndkfpfnc\/iFrame.js\" type=\"text\/javascript\"><\/script><\/p>\n<p><script src=\"chrome-extension:\/\/fpelahbljekknahkcaegamhcndkfpfnc\/iFrame.js\" type=\"text\/javascript\"><\/script><\/p>\n<p><script src=\"chrome-extension:\/\/fpelahbljekknahkcaegamhcndkfpfnc\/iFrame.js\" type=\"text\/javascript\"><\/script><\/p>\n<p><script src=\"chrome-extension:\/\/fpelahbljekknahkcaegamhcndkfpfnc\/iFrame.js\" type=\"text\/javascript\"><\/script><\/p>\n<p><script src=\"chrome-extension:\/\/fpelahbljekknahkcaegamhcndkfpfnc\/iFrame.js\" type=\"text\/javascript\"><\/script><\/p>\n<p><script src=\"chrome-extension:\/\/fpelahbljekknahkcaegamhcndkfpfnc\/iFrame.js\" type=\"text\/javascript\"><\/script><\/p>\n<p><script src=\"chrome-extension:\/\/fpelahbljekknahkcaegamhcndkfpfnc\/iFrame.js\" type=\"text\/javascript\"><\/script><\/p>\n<p><script src=\"chrome-extension:\/\/fpelahbljekknahkcaegamhcndkfpfnc\/iFrame.js\" type=\"text\/javascript\"><\/script><\/p>\n<p><script src=\"chrome-extension:\/\/fpelahbljekknahkcaegamhcndkfpfnc\/iFrame.js\" type=\"text\/javascript\"><\/script><\/p>\n<p><script src=\"chrome-extension:\/\/fpelahbljekknahkcaegamhcndkfpfnc\/iFrame.js\" type=\"text\/javascript\"><\/script><\/p>","protected":false},"featured_media":15848,"comment_status":"open","ping_status":"closed","template":"","meta":[],"product_brand":[225],"product_cat":[124,187,185,189,194,176,177,1674,174,175,152,193,191,179,173,186,180,190,192],"product_tag":[],"class_list":{"0":"post-15758","1":"product","2":"type-product","3":"status-publish","4":"has-post-thumbnail","6":"product_brand-jnr","7":"product_cat-vape-by-brand","8":"product_cat-0mg-nicotine-free-vapes","9":"product_cat-10000-puffs-high-capacity","10":"product_cat-20mg-standard-nicotine-vapes","11":"product_cat-adjustable-airflow","12":"product_cat-beverage","13":"product_cat-dessert-sweets","14":"product_cat-eu-warehouse","15":"product_cat-fruit-flavors","16":"product_cat-icy-mint","17":"product_cat-jnr","18":"product_cat-mesh-coil","19":"product_cat-rechargeable-disposables","20":"product_cat-unique-blends","21":"product_cat-vape-by-flavor-profile","22":"product_cat-vape-by-nicotine-strength","23":"product_cat-vape-by-puff-count","24":"product_cat-vape-by-feature-or-type","25":"product_cat-vapes-with-screens","27":"first","28":"instock","29":"shipping-taxable","30":"purchasable","31":"product-type-variable","32":"has-default-attributes"},"tiered_pricing_type":"percentage","tiered_pricing_fixed_rules":[],"tiered_pricing_product_settings":{"layout":"default","base_unit_name":{"singular":null,"plural":null},"default_variation":null},"tiered_pricing_minimum_quantity":10,"tiered_pricing_roles_data":[],"tiered_pricing_percentage_rules":{"50":"35","100":"40","200":"44","500":"47","1000":"49"},"tiered_pricing_maximum_quantity":null,"tiered_pricing_quantity_step":"10","_links":{"self":[{"href":"https:\/\/agoravape.com\/sv\/wp-json\/wp\/v2\/product\/15758","targetHints":{"allow":["GET"]}}],"collection":[{"href":"https:\/\/agoravape.com\/sv\/wp-json\/wp\/v2\/product"}],"about":[{"href":"https:\/\/agoravape.com\/sv\/wp-json\/wp\/v2\/types\/product"}],"replies":[{"embeddable":true,"href":"https:\/\/agoravape.com\/sv\/wp-json\/wp\/v2\/comments?post=15758"}],"version-history":[{"count":0,"href":"https:\/\/agoravape.com\/sv\/wp-json\/wp\/v2\/product\/15758\/revisions"}],"wp:featuredmedia":[{"embeddable":true,"href":"https:\/\/agoravape.com\/sv\/wp-json\/wp\/v2\/media\/15848"}],"wp:attachment":[{"href":"https:\/\/agoravape.com\/sv\/wp-json\/wp\/v2\/media?parent=15758"}],"wp:term":[{"taxonomy":"product_brand","embeddable":true,"href":"https:\/\/agoravape.com\/sv\/wp-json\/wp\/v2\/product_brand?post=15758"},{"taxonomy":"product_cat","embeddable":true,"href":"https:\/\/agoravape.com\/sv\/wp-json\/wp\/v2\/product_cat?post=15758"},{"taxonomy":"product_tag","embeddable":true,"href":"https:\/\/agoravape.com\/sv\/wp-json\/wp\/v2\/product_tag?post=15758"}],"curies":[{"name":"wp","href":"https:\/\/api.w.org\/{rel}","templated":true}]}}