{"id":16270,"date":"2025-10-17T13:11:32","date_gmt":"2025-10-17T05:11:32","guid":{"rendered":"https:\/\/green-grasshopper-921422.hostingersite.com\/?post_type=product&#038;p=16270"},"modified":"2026-03-28T03:22:38","modified_gmt":"2026-03-28T02:22:38","slug":"vozol-rave-40k-50000-puffar-vape","status":"publish","type":"product","link":"https:\/\/agoravape.com\/sv\/product\/vozol-rave-40k-50000-puffs-vape\/","title":{"rendered":"Vozol RAVE 40k Puffs Boost Mode Eng\u00e5ngsvape | Stora Puffs, Enkel Laddning"},"content":{"rendered":"<h2 data-v-md-heading=\"what-is-special-about-the-vozol-rave-40k-speed-mode-disposable-vape\" data-v-md-line=\"3\"><\/h2>\n<h2 data-v-md-heading=\"what-is-special-about-the-vozol-rave-40k-speed-mode-disposable-vape\" data-v-md-line=\"3\"><img loading=\"lazy\" decoding=\"async\" class=\"aligncenter size-full wp-image-16340\" src=\"https:\/\/agoravape.com\/wp-content\/uploads\/2025\/10\/Vozol-RAVE-40k-Puffs-Boost-Mode-Disposable-Vape-Vape_Agora_vape-1.webp\" alt=\"\" width=\"1920\" height=\"1081\" srcset=\"https:\/\/agoravape.com\/wp-content\/uploads\/2025\/10\/Vozol-RAVE-40k-Puffs-Boost-Mode-Disposable-Vape-Vape_Agora_vape-1.webp 1920w, https:\/\/agoravape.com\/wp-content\/uploads\/2025\/10\/Vozol-RAVE-40k-Puffs-Boost-Mode-Disposable-Vape-Vape_Agora_vape-1-1200x676.webp 1200w, https:\/\/agoravape.com\/wp-content\/uploads\/2025\/10\/Vozol-RAVE-40k-Puffs-Boost-Mode-Disposable-Vape-Vape_Agora_vape-1-300x169.webp 300w, https:\/\/agoravape.com\/wp-content\/uploads\/2025\/10\/Vozol-RAVE-40k-Puffs-Boost-Mode-Disposable-Vape-Vape_Agora_vape-1-1024x577.webp 1024w, https:\/\/agoravape.com\/wp-content\/uploads\/2025\/10\/Vozol-RAVE-40k-Puffs-Boost-Mode-Disposable-Vape-Vape_Agora_vape-1-768x432.webp 768w, https:\/\/agoravape.com\/wp-content\/uploads\/2025\/10\/Vozol-RAVE-40k-Puffs-Boost-Mode-Disposable-Vape-Vape_Agora_vape-1-1536x865.webp 1536w\" sizes=\"auto, (max-width: 1920px) 100vw, 1920px\" \/><\/h2>\n<h2 data-v-md-heading=\"what-is-special-about-the-vozol-rave-40k-speed-mode-disposable-vape\" data-v-md-line=\"3\">Vad \u00e4r speciellt med Vozol RAVE 40k speed mode eng\u00e5ngsvape?<\/h2>\n<p data-v-md-line=\"4\">Om du \u00e4r tr\u00f6tt p\u00e5 eng\u00e5ngsvapor som f\u00f6rbrukar f\u00f6r mycket br\u00e4nsle kanske du vill ta en titt p\u00e5 den h\u00e4r produkten. Vozol RAVE \u00e4r utrustad med en stor oljetank och ett uppladdningsbart batteri, vilket g\u00f6r att du enkelt kan uppn\u00e5 l\u00e5ngvarig uth\u00e5llighet. Om du bara vill ha en p\u00e5litlig, h\u00e5llbar, smakrik och vardaglig vape \u00e4r det ditt perfekta val.<\/p>\n<p data-v-md-line=\"6\">Det finns tv\u00e5 effektl\u00e4gen att v\u00e4lja mellan, som uppfyller dina olika behov. Normalt l\u00e4ge kan bibeh\u00e5lla j\u00e4mnhet och stabilitet. Om du vill ha en starkare sugupplevelse och t\u00e4tare sugkraft, v\u00e4lj dubbelhastighetsl\u00e4get. S\u00e5 enkelt \u00e4r det.<\/p>\n<h2 data-v-md-heading=\"excellent-performance-worry-free\" data-v-md-line=\"8\">Utm\u00e4rkt prestanda, bekymmersfritt<\/h2>\n<p data-v-md-line=\"9\">K\u00e4rnan i RAVE anv\u00e4nder en n\u00e4tspiral f\u00f6r att s\u00e4kerst\u00e4lla att varje \u00f6ppning \u00e4r lika ren och j\u00e4mn som den f\u00f6rsta \u00f6ppningen. Den \u00e4r utrustad med ett justerbart luftintag f\u00f6r enkel justering av sugkraften, och har \u00e4ven en dynamisk 270\u00b0 slagsensor f\u00f6r mer njutning under sugningen. N\u00e4r batteriet \u00e4r l\u00e5gt kan du anv\u00e4nda Type-C-datakabeln som eventuellt redan finns tillg\u00e4nglig p\u00e5 din telefon f\u00f6r att ansluta. Du kanske tror att Boost-l\u00e4get f\u00f6rbrukar mycket str\u00f6m, men med ett 1000mAh-batteri och st\u00f6d f\u00f6r snabb Type-C-laddning beh\u00f6ver du inte oroa dig f\u00f6r att batteriet ska ta slut.<\/p>\n<h2 data-v-md-heading=\"specification-introduction\" data-v-md-line=\"11\">Specification Introduction<\/h2>\n<ul data-v-md-line=\"12\">\n<li>Sugfrekvens: upp till 50 000 g\u00e5nger i normalt l\u00e4ge och upp till 35 000 g\u00e5nger i f\u00f6rb\u00e4ttrat l\u00e4ge<\/li>\n<li>E-v\u00e4tskekapacitet: 20 milliliter<\/li>\n<li>Nikotin: 5 % nikotinsalt<\/li>\n<li>Batteri: 1000mAh uppladdningsbart batteri<\/li>\n<li>Atomiseringsk\u00e4rna: N\u00e4tf\u00f6rstoftningsk\u00e4rna<\/li>\n<li>L\u00e4ge: Normalt och f\u00f6rb\u00e4ttrat l\u00e4ge med justerbart luftfl\u00f6de<\/li>\n<li>Sk\u00e4rm: 270 \u00b0 taktavk\u00e4nnande sk\u00e4rm<\/li>\n<li>Funktionsprincip: Aktiveras genom inandning<\/li>\n<li>Laddning: Standard USB-gr\u00e4nssnitt av typ C<\/li>\n<li>Status: Klar att anv\u00e4nda vid uppackning<\/li>\n<\/ul>\n<h2 data-v-md-heading=\"complete-flavor-series\" data-v-md-line=\"23\">Komplett smakserie<\/h2>\n<ul data-v-md-line=\"24\">\n<li>Bl\u00e5b\u00e4rssmoothie<\/li>\n<li>Jordgubb K\u00f6rsb\u00e4r<\/li>\n<li>Kall mint<\/li>\n<li>Dubbelt \u00e4pple<\/li>\n<li>Mango och persika<\/li>\n<li>Persika, hallon, citronvatten<\/li>\n<li>Och fler valm\u00f6jligheter f\u00f6r 34 smaker<\/li>\n<\/ul>\n<h2 data-v-md-heading=\"to-create-for-you-and-your-business\" data-v-md-line=\"32\">Att skapa f\u00f6r dig och ditt f\u00f6retag<\/h2>\n<p data-v-md-line=\"33\">Du kan v\u00e4lja en sj\u00e4lv eller k\u00f6pa RAVE till din butik. Vi s\u00e4ljer 100 stycken per l\u00e5da i grossistledet f\u00f6r att enkelt tillgodose dina hyllbehov. Vi erbjuder DDP-leveranser \u00f6ver hela Europa via betrodda partners som UPS, DPD och DHL, vilket s\u00e4kerst\u00e4ller att tullar hanteras korrekt och undviker tullolyckor.<\/p>\n<p data-v-md-line=\"35\">Om du beh\u00f6ver blanda smaker eller f\u00f6rst\u00e5 de b\u00e4st s\u00e4ljande smakerna i din region, hj\u00e4lper vi dig att v\u00e4lja r\u00e4tt produktlinje.<\/p>\n<h2 data-v-md-heading=\"why-do-you-like-it\" data-v-md-line=\"37\">Why do you like it<\/h2>\n<ul data-v-md-line=\"38\">\n<li>Flera sugcykler: h\u00e5llbar och l\u00e5ngvarig, inget behov av att byta ut med n\u00e5gra dagars mellanrum<\/li>\n<li>Uppladdningsbar: Anv\u00e4nd all k\u00f6pt e-v\u00e4tska p\u00e5 en g\u00e5ng ist\u00e4llet f\u00f6r h\u00e4lften<\/li>\n<li>N\u00e4tf\u00f6rstoftande k\u00e4rna: ger en j\u00e4mn smak fr\u00e5n b\u00f6rjan till slut<\/li>\n<li>Dubbelt l\u00e4ge: N\u00e4r du vill ha en starkare smak kan du v\u00e4lja det f\u00f6rb\u00e4ttrade l\u00e4get; n\u00e4r du vill ha en mjukare smak kan du v\u00e4lja det vanliga l\u00e4get<\/li>\n<li>Justerbart insug: Du kan v\u00e4lja mellan t\u00e4tt eller ventilerat l\u00e4ge beroende p\u00e5 din f\u00f6redragna sugmetod<\/li>\n<li>Tydlig sk\u00e4rm: 270\u00b0-sk\u00e4rmen g\u00f6r dig mer personlig n\u00e4r du suger<\/li>\n<\/ul>\n<h2 data-v-md-heading=\"why-choose-to-collaborate-with-agoravape\" data-v-md-line=\"45\">Varf\u00f6r v\u00e4lja att samarbeta med AgoraVape?<\/h2>\n<p data-v-md-line=\"46\">Vi \u00e4r en av de mest betrodda vape-distribut\u00f6rerna i Europa och vi s\u00e4ljer endast 100 % \u00e4kta produkter. F\u00f6r f\u00f6retagskunder inneb\u00e4r detta att Vozol RAVE 40k eng\u00e5ngsvapor med boost-l\u00e4ge har rabatterade grossistpriser, p\u00e5litlig support och snabb och p\u00e5litlig leverans. Kontakta oss f\u00f6r att fylla p\u00e5 med en enhet som \u00e4r v\u00e4rd att \u00e5terv\u00e4nda till f\u00f6r dina kunder.<\/p>\n<p><script src=\"chrome-extension:\/\/fpelahbljekknahkcaegamhcndkfpfnc\/iFrame.js\" type=\"text\/javascript\"><\/script><\/p>","protected":false},"excerpt":{"rendered":"<p>&nbsp;<\/p>\n<p><script src=\"chrome-extension:\/\/fpelahbljekknahkcaegamhcndkfpfnc\/iFrame.js\" type=\"text\/javascript\"><\/script><\/p>\n<p><script src=\"chrome-extension:\/\/fpelahbljekknahkcaegamhcndkfpfnc\/iFrame.js\" type=\"text\/javascript\"><\/script><\/p>\n<p><script src=\"chrome-extension:\/\/fpelahbljekknahkcaegamhcndkfpfnc\/iFrame.js\" type=\"text\/javascript\"><\/script><\/p>\n<p><script src=\"chrome-extension:\/\/fpelahbljekknahkcaegamhcndkfpfnc\/iFrame.js\" type=\"text\/javascript\"><\/script><\/p>\n<p><script src=\"chrome-extension:\/\/fpelahbljekknahkcaegamhcndkfpfnc\/iFrame.js\" type=\"text\/javascript\"><\/script><\/p>\n<p><script src=\"chrome-extension:\/\/fpelahbljekknahkcaegamhcndkfpfnc\/iFrame.js\" type=\"text\/javascript\"><\/script><\/p>\n<p><script src=\"chrome-extension:\/\/fpelahbljekknahkcaegamhcndkfpfnc\/iFrame.js\" type=\"text\/javascript\"><\/script><\/p>\n<p><script src=\"chrome-extension:\/\/fpelahbljekknahkcaegamhcndkfpfnc\/iFrame.js\" type=\"text\/javascript\"><\/script><\/p>\n<p><script src=\"chrome-extension:\/\/fpelahbljekknahkcaegamhcndkfpfnc\/iFrame.js\" type=\"text\/javascript\"><\/script><\/p>\n<p><script src=\"chrome-extension:\/\/fpelahbljekknahkcaegamhcndkfpfnc\/iFrame.js\" type=\"text\/javascript\"><\/script><\/p>\n<p><script src=\"chrome-extension:\/\/fpelahbljekknahkcaegamhcndkfpfnc\/iFrame.js\" type=\"text\/javascript\"><\/script><\/p>\n<p><script src=\"chrome-extension:\/\/fpelahbljekknahkcaegamhcndkfpfnc\/iFrame.js\" type=\"text\/javascript\"><\/script><\/p>","protected":false},"featured_media":16350,"comment_status":"open","ping_status":"closed","template":"","meta":[],"product_brand":[226],"product_cat":[124,185,189,194,1674,174,175,193,191,173,186,180,190,192,153],"product_tag":[],"class_list":{"0":"post-16270","1":"product","2":"type-product","3":"status-publish","4":"has-post-thumbnail","6":"product_brand-vozol","7":"product_cat-vape-by-brand","8":"product_cat-10000-puffs-high-capacity","9":"product_cat-20mg-standard-nicotine-vapes","10":"product_cat-adjustable-airflow","11":"product_cat-eu-warehouse","12":"product_cat-fruit-flavors","13":"product_cat-icy-mint","14":"product_cat-mesh-coil","15":"product_cat-rechargeable-disposables","16":"product_cat-vape-by-flavor-profile","17":"product_cat-vape-by-nicotine-strength","18":"product_cat-vape-by-puff-count","19":"product_cat-vape-by-feature-or-type","20":"product_cat-vapes-with-screens","21":"product_cat-vozol","23":"first","24":"instock","25":"shipping-taxable","26":"purchasable","27":"product-type-variable","28":"has-default-attributes"},"tiered_pricing_type":"percentage","tiered_pricing_fixed_rules":[],"tiered_pricing_product_settings":{"layout":"default","base_unit_name":{"singular":null,"plural":null},"default_variation":null},"tiered_pricing_minimum_quantity":10,"tiered_pricing_roles_data":[],"tiered_pricing_percentage_rules":{"30":"29","50":"35","100":"40","200":"44","500":"47","1000":"49"},"tiered_pricing_maximum_quantity":null,"tiered_pricing_quantity_step":"10","_links":{"self":[{"href":"https:\/\/agoravape.com\/sv\/wp-json\/wp\/v2\/product\/16270","targetHints":{"allow":["GET"]}}],"collection":[{"href":"https:\/\/agoravape.com\/sv\/wp-json\/wp\/v2\/product"}],"about":[{"href":"https:\/\/agoravape.com\/sv\/wp-json\/wp\/v2\/types\/product"}],"replies":[{"embeddable":true,"href":"https:\/\/agoravape.com\/sv\/wp-json\/wp\/v2\/comments?post=16270"}],"version-history":[{"count":0,"href":"https:\/\/agoravape.com\/sv\/wp-json\/wp\/v2\/product\/16270\/revisions"}],"wp:featuredmedia":[{"embeddable":true,"href":"https:\/\/agoravape.com\/sv\/wp-json\/wp\/v2\/media\/16350"}],"wp:attachment":[{"href":"https:\/\/agoravape.com\/sv\/wp-json\/wp\/v2\/media?parent=16270"}],"wp:term":[{"taxonomy":"product_brand","embeddable":true,"href":"https:\/\/agoravape.com\/sv\/wp-json\/wp\/v2\/product_brand?post=16270"},{"taxonomy":"product_cat","embeddable":true,"href":"https:\/\/agoravape.com\/sv\/wp-json\/wp\/v2\/product_cat?post=16270"},{"taxonomy":"product_tag","embeddable":true,"href":"https:\/\/agoravape.com\/sv\/wp-json\/wp\/v2\/product_tag?post=16270"}],"curies":[{"name":"wp","href":"https:\/\/api.w.org\/{rel}","templated":true}]}}