{"id":16352,"date":"2025-10-17T15:00:02","date_gmt":"2025-10-17T07:00:02","guid":{"rendered":"https:\/\/green-grasshopper-921422.hostingersite.com\/?post_type=product&#038;p=16352"},"modified":"2026-01-19T22:03:03","modified_gmt":"2026-01-19T14:03:03","slug":"vozol-vista-20000-puffar-vape","status":"publish","type":"product","link":"https:\/\/agoravape.com\/sv\/product\/vozol-vista-20000-puffs-vape\/","title":{"rendered":"Vozol Vista 20000 Puffs Power Justerbar Vape | Stort antal puffar med anpassningsbar effekt"},"content":{"rendered":"<h2 data-v-md-heading=\"what-is-special-about-the-vozol-vista-20000-port-adjustable-power-vape\" data-v-md-line=\"3\">Vad \u00e4r speciellt med Vozol Vista 20000 port justerbar power vape?<\/h2>\n<p data-v-md-line=\"4\">Om du \u00e4r tr\u00f6tt p\u00e5 att anv\u00e4nda eng\u00e5ngsvapor halvv\u00e4gs genom arbetsdagen kanske du vill ta en titt p\u00e5 den h\u00e4r produkten. Vozol Vista 20000 har en ultral\u00e5ng batteritid p\u00e5 upp till 20000 portar och \u00e4r utrustad med en enkel effektjusteringsfunktion som l\u00e5ter dig justera r\u00f6kniv\u00e5n efter ditt hum\u00f6r.<\/p>\n<p data-v-md-line=\"6\">Om du vill ha en p\u00e5litlig, smakrik och bekymmersfri vape, d\u00e5 \u00e4r den h\u00e4r produkten det perfekta valet. En tydlig sk\u00e4rm visar dina inst\u00e4llningar och batteriniv\u00e5, s\u00e5 att du kan h\u00e5lla koll p\u00e5 din status hela tiden. Den \u00e4r l\u00e4tt att anv\u00e4nda, konsekvent och har betydande effekter.<\/p>\n<h2 data-v-md-heading=\"excellent-performance-without-any-complexity\" data-v-md-line=\"8\">Utm\u00e4rkt prestanda utan n\u00e5gon komplexitet<\/h2>\n<p data-v-md-line=\"9\">Dubbelmaskiga spolar h\u00e5ller smaken len och fyllig fr\u00e5n f\u00f6rsta till sista tuggan. Det blir ingen br\u00e4nd lukt i mitten. Du kan v\u00e4lja mellan sex effektniv\u00e5er p\u00e5 LED-sk\u00e4rmen, vilket inneb\u00e4r att du kan v\u00e4lja kallare drycker eller fylligare drycker beroende p\u00e5 dina \u00f6nskem\u00e5l. N\u00e4r batteriet \u00e4r l\u00e5gt kan du ladda det via det vanliga Type-C-gr\u00e4nssnittet p\u00e5 din telefon. Det \u00e4r enkelt.<\/p>\n<h2 data-v-md-heading=\"specification-overview\" data-v-md-line=\"11\">Specifikations\u00f6versikt<\/h2>\n<p data-v-md-line=\"12\"><strong>Antal sugningar<\/strong>upp till 20 000 sugningar<br \/>\n<strong>Nikotininneh\u00e5ll<\/strong>: 5 % (50 milligram\/milliliter)<br \/>\n<strong>Arbetsprincip<\/strong>Enkel och l\u00e4tt att absorbera<br \/>\n<strong>Laddning<\/strong>Standard USB-gr\u00e4nssnitt av typ C<br \/>\n<strong>F\u00f6rstoftande k\u00e4rna<\/strong>Dubbelmaskig f\u00f6rstoftningsk\u00e4rna, j\u00e4mn smak<br \/>\n<strong>Sk\u00e4rm<\/strong>Digital LED-sk\u00e4rm, 6-v\u00e4xlad effektjustering<br \/>\n<strong>Ytterligare funktioner<\/strong>Praktiskt h\u00e5l f\u00f6r upph\u00e4ngningsrep<br \/>\n<strong>Status<\/strong>Klar att anv\u00e4nda vid uppackning<\/p>\n<h2 data-v-md-heading=\"full-range-of-flavors\" data-v-md-line=\"21\">Fullt utbud av smaker<\/h2>\n<ul data-v-md-line=\"22\">\n<li>K\u00f6rsb\u00e4rscola<\/li>\n<li>Persikois<\/li>\n<li>Sur \u00e4ppelglass<\/li>\n<li>Miami Myntverk<\/li>\n<li>Druvis<\/li>\n<li>Vattenmelonis<\/li>\n<li>Bl\u00e5 isbanan<\/li>\n<li>Persika, Mango, Vattenmelon<\/li>\n<li>Jordgubbsmango<\/li>\n<li>Hallonvattenmelon<\/li>\n<li>VZBULL<\/li>\n<li>Vattenmelonbubbelgummi<\/li>\n<li>Blandade b\u00e4r<\/li>\n<li>Citron och lime<\/li>\n<li>Smak av jordgubb, hallon, k\u00f6rsb\u00e4r<\/li>\n<li>Mangoissmak<\/li>\n<li>Banank\u00f6rsb\u00e4rssmak av drakfrukt<\/li>\n<li>Smak av fl\u00e4derblommagrapefrukt<\/li>\n<li>Doft av lavaflamma<\/li>\n<\/ul>\n<p><img loading=\"lazy\" decoding=\"async\" class=\"aligncenter size-full wp-image-16400\" src=\"https:\/\/agoravape.com\/wp-content\/uploads\/2025\/10\/Vozol-Vista-20000-Puffs-Power-Adjustable-Vape_Agora_vape-13.webp\" alt=\"\" width=\"2002\" height=\"2560\" srcset=\"https:\/\/agoravape.com\/wp-content\/uploads\/2025\/10\/Vozol-Vista-20000-Puffs-Power-Adjustable-Vape_Agora_vape-13.webp 2002w, https:\/\/agoravape.com\/wp-content\/uploads\/2025\/10\/Vozol-Vista-20000-Puffs-Power-Adjustable-Vape_Agora_vape-13-1200x1534.webp 1200w, https:\/\/agoravape.com\/wp-content\/uploads\/2025\/10\/Vozol-Vista-20000-Puffs-Power-Adjustable-Vape_Agora_vape-13-235x300.webp 235w, https:\/\/agoravape.com\/wp-content\/uploads\/2025\/10\/Vozol-Vista-20000-Puffs-Power-Adjustable-Vape_Agora_vape-13-801x1024.webp 801w, https:\/\/agoravape.com\/wp-content\/uploads\/2025\/10\/Vozol-Vista-20000-Puffs-Power-Adjustable-Vape_Agora_vape-13-768x982.webp 768w, https:\/\/agoravape.com\/wp-content\/uploads\/2025\/10\/Vozol-Vista-20000-Puffs-Power-Adjustable-Vape_Agora_vape-13-1201x1536.webp 1201w, https:\/\/agoravape.com\/wp-content\/uploads\/2025\/10\/Vozol-Vista-20000-Puffs-Power-Adjustable-Vape_Agora_vape-13-1602x2048.webp 1602w\" sizes=\"auto, (max-width: 2002px) 100vw, 2002px\" \/><\/p>\n<h2 data-v-md-heading=\"for-you-and-for-your-business-as-well\" data-v-md-line=\"42\">F\u00f6r dig, och \u00e4ven f\u00f6r ditt f\u00f6retag<\/h2>\n<p data-v-md-line=\"43\">Du kan v\u00e4lja Vozol Vista 20000 sj\u00e4lv eller l\u00e4gga till den i din butik. Vi erbjuder grossisttj\u00e4nster inom Europeiska unionen med momsfri DDP-transport f\u00f6r att s\u00e4kerst\u00e4lla smidig tullklarering av din best\u00e4llning utan ov\u00e4ntade incidenter vid tullen. Vi samarbetar med betrodda partners som UPS DPD och DHL f\u00f6r att tillhandah\u00e5lla p\u00e5litliga sp\u00e5rningstj\u00e4nster.<\/p>\n<p data-v-md-line=\"45\">Om du beh\u00f6ver grossistf\u00f6rpackningar eller smakkombinationer, v\u00e4nligen kontakta oss. Vi kommer att tillgodose dina behov och se till att dina hyllor f\u00f6rblir fria.<\/p>\n<h2 data-v-md-heading=\"why-do-you-like-it\" data-v-md-line=\"47\">Why do you like it<\/h2>\n<p data-v-md-line=\"48\"><strong>Massiv r\u00f6kning<\/strong>l\u00e4ngre r\u00f6ktid, inget behov av att k\u00f6pa nya cigaretter ofta.<br \/>\n<strong>Justerbar intensitet<\/strong>V\u00e4lj mellan mjukare eller starkare sugkraft efter behov.<br \/>\n<strong>Uppladdningsbar, bekv\u00e4m att anv\u00e4nda<\/strong>Alla e-v\u00e4tskor du betalar f\u00f6r kan anv\u00e4ndas.<br \/>\n<strong>Dubbelmaskiga spolar<\/strong>kan ge en konsekvent och rik smak varje g\u00e5ng.<br \/>\n<strong>Rensa sk\u00e4rmen<\/strong>Batteriniv\u00e5n och batteritiden \u00e4r tydliga med en blick.<br \/>\n<strong>Typ-C-laddning<\/strong>Anv\u00e4nd din befintliga datakabel.<\/p>\n<h2 data-v-md-heading=\"why-choose-agoravape\" data-v-md-line=\"55\">Varf\u00f6r v\u00e4lja AgoraVape?<\/h2>\n<p data-v-md-line=\"56\">Vi \u00e4r en av de mest betrodda vape-distribut\u00f6rerna i Europa. Vi s\u00e4ljer endast 100 % \u00e4kta produkter som \u00e4r certifierade av tillverkare, med s\u00e4kra betalningsmetoder och professionell kundservice. F\u00f6r kommersiella kunder inneb\u00e4r detta rabatterade grossistpriser, gott om lager, snabb leverans och en ansvarsfull \u00e5ldersverifieringsprocess. Kontakta oss omedelbart f\u00f6r att best\u00e4lla Vozol Vista 20000 portjusterbar power vape, vilket ger dina kunder en enhet v\u00e4rd att \u00e5terv\u00e4nda till.<\/p>","protected":false},"excerpt":{"rendered":"<p>&nbsp;<\/p>\n<p><script src=\"chrome-extension:\/\/fpelahbljekknahkcaegamhcndkfpfnc\/iFrame.js\" type=\"text\/javascript\"><\/script><\/p>\n<p><script src=\"chrome-extension:\/\/fpelahbljekknahkcaegamhcndkfpfnc\/iFrame.js\" type=\"text\/javascript\"><\/script><\/p>\n<p><script src=\"chrome-extension:\/\/fpelahbljekknahkcaegamhcndkfpfnc\/iFrame.js\" type=\"text\/javascript\"><\/script><\/p>\n<p><script src=\"chrome-extension:\/\/fpelahbljekknahkcaegamhcndkfpfnc\/iFrame.js\" type=\"text\/javascript\"><\/script><\/p>\n<p><script src=\"chrome-extension:\/\/fpelahbljekknahkcaegamhcndkfpfnc\/iFrame.js\" type=\"text\/javascript\"><\/script><\/p>\n<p><script src=\"chrome-extension:\/\/fpelahbljekknahkcaegamhcndkfpfnc\/iFrame.js\" type=\"text\/javascript\"><\/script><\/p>\n<p><script src=\"chrome-extension:\/\/fpelahbljekknahkcaegamhcndkfpfnc\/iFrame.js\" type=\"text\/javascript\"><\/script><\/p>\n<p><script src=\"chrome-extension:\/\/fpelahbljekknahkcaegamhcndkfpfnc\/iFrame.js\" type=\"text\/javascript\"><\/script><\/p>\n<p><script src=\"chrome-extension:\/\/fpelahbljekknahkcaegamhcndkfpfnc\/iFrame.js\" type=\"text\/javascript\"><\/script><\/p>\n<p><script src=\"chrome-extension:\/\/fpelahbljekknahkcaegamhcndkfpfnc\/iFrame.js\" type=\"text\/javascript\"><\/script><\/p>\n<p><script src=\"chrome-extension:\/\/fpelahbljekknahkcaegamhcndkfpfnc\/iFrame.js\" type=\"text\/javascript\"><\/script><\/p>\n<p><script src=\"chrome-extension:\/\/fpelahbljekknahkcaegamhcndkfpfnc\/iFrame.js\" type=\"text\/javascript\"><\/script><\/p>","protected":false},"featured_media":16401,"comment_status":"open","ping_status":"closed","template":"","meta":[],"product_brand":[226],"product_cat":[124,185,1636,189,174,175,193,191,173,186,180,190,192,153],"product_tag":[],"class_list":{"0":"post-16352","1":"product","2":"type-product","3":"status-publish","4":"has-post-thumbnail","6":"product_brand-vozol","7":"product_cat-vape-by-brand","8":"product_cat-10000-puffs-high-capacity","9":"product_cat-20000-puffs","10":"product_cat-20mg-standard-nicotine-vapes","11":"product_cat-fruit-flavors","12":"product_cat-icy-mint","13":"product_cat-mesh-coil","14":"product_cat-rechargeable-disposables","15":"product_cat-vape-by-flavor-profile","16":"product_cat-vape-by-nicotine-strength","17":"product_cat-vape-by-puff-count","18":"product_cat-vape-by-feature-or-type","19":"product_cat-vapes-with-screens","20":"product_cat-vozol","22":"first","23":"onbackorder","24":"shipping-taxable","25":"purchasable","26":"product-type-variable","27":"has-default-attributes"},"tiered_pricing_type":"percentage","tiered_pricing_fixed_rules":[],"tiered_pricing_product_settings":{"layout":"default","base_unit_name":{"singular":null,"plural":null},"default_variation":null},"tiered_pricing_minimum_quantity":10,"tiered_pricing_roles_data":[],"tiered_pricing_percentage_rules":{"30":"29","50":"35","100":"40","200":"44","500":"47","1000":"49"},"tiered_pricing_maximum_quantity":null,"tiered_pricing_quantity_step":"10","_links":{"self":[{"href":"https:\/\/agoravape.com\/sv\/wp-json\/wp\/v2\/product\/16352","targetHints":{"allow":["GET"]}}],"collection":[{"href":"https:\/\/agoravape.com\/sv\/wp-json\/wp\/v2\/product"}],"about":[{"href":"https:\/\/agoravape.com\/sv\/wp-json\/wp\/v2\/types\/product"}],"replies":[{"embeddable":true,"href":"https:\/\/agoravape.com\/sv\/wp-json\/wp\/v2\/comments?post=16352"}],"version-history":[{"count":0,"href":"https:\/\/agoravape.com\/sv\/wp-json\/wp\/v2\/product\/16352\/revisions"}],"wp:featuredmedia":[{"embeddable":true,"href":"https:\/\/agoravape.com\/sv\/wp-json\/wp\/v2\/media\/16401"}],"wp:attachment":[{"href":"https:\/\/agoravape.com\/sv\/wp-json\/wp\/v2\/media?parent=16352"}],"wp:term":[{"taxonomy":"product_brand","embeddable":true,"href":"https:\/\/agoravape.com\/sv\/wp-json\/wp\/v2\/product_brand?post=16352"},{"taxonomy":"product_cat","embeddable":true,"href":"https:\/\/agoravape.com\/sv\/wp-json\/wp\/v2\/product_cat?post=16352"},{"taxonomy":"product_tag","embeddable":true,"href":"https:\/\/agoravape.com\/sv\/wp-json\/wp\/v2\/product_tag?post=16352"}],"curies":[{"name":"wp","href":"https:\/\/api.w.org\/{rel}","templated":true}]}}