{"id":16423,"date":"2025-10-17T15:10:49","date_gmt":"2025-10-17T07:10:49","guid":{"rendered":"https:\/\/green-grasshopper-921422.hostingersite.com\/?post_type=product&#038;p=16423"},"modified":"2026-01-19T22:02:57","modified_gmt":"2026-01-19T14:02:57","slug":"vozol-vaxelkraft-20k-puffar-vape","status":"publish","type":"product","link":"https:\/\/agoravape.com\/sv\/product\/vozol-gear-power-20k-puffs-vape\/","title":{"rendered":"Vozol Gear Power 20k Puffs ECO\/POWER Mode Vape | Stora Puffs, Enkel Anv\u00e4ndning"},"content":{"rendered":"<h2 data-v-md-heading=\"what-is-special-about-the-vozol-gear-power-20000-pack-eco-power-mode-vape\" data-v-md-line=\"3\"><img loading=\"lazy\" decoding=\"async\" class=\"aligncenter size-full wp-image-16460\" src=\"https:\/\/agoravape.com\/wp-content\/uploads\/2025\/10\/Vozol-Gear-Power-20k-Puffs-ECOPOWER-Mode-Vape_Agora_vape-17-scaled.webp\" alt=\"\" width=\"2560\" height=\"1440\" srcset=\"https:\/\/agoravape.com\/wp-content\/uploads\/2025\/10\/Vozol-Gear-Power-20k-Puffs-ECOPOWER-Mode-Vape_Agora_vape-17-scaled.webp 2560w, https:\/\/agoravape.com\/wp-content\/uploads\/2025\/10\/Vozol-Gear-Power-20k-Puffs-ECOPOWER-Mode-Vape_Agora_vape-17-scaled-1200x675.webp 1200w, https:\/\/agoravape.com\/wp-content\/uploads\/2025\/10\/Vozol-Gear-Power-20k-Puffs-ECOPOWER-Mode-Vape_Agora_vape-17-300x169.webp 300w, https:\/\/agoravape.com\/wp-content\/uploads\/2025\/10\/Vozol-Gear-Power-20k-Puffs-ECOPOWER-Mode-Vape_Agora_vape-17-1024x576.webp 1024w, https:\/\/agoravape.com\/wp-content\/uploads\/2025\/10\/Vozol-Gear-Power-20k-Puffs-ECOPOWER-Mode-Vape_Agora_vape-17-768x432.webp 768w, https:\/\/agoravape.com\/wp-content\/uploads\/2025\/10\/Vozol-Gear-Power-20k-Puffs-ECOPOWER-Mode-Vape_Agora_vape-17-1536x864.webp 1536w, https:\/\/agoravape.com\/wp-content\/uploads\/2025\/10\/Vozol-Gear-Power-20k-Puffs-ECOPOWER-Mode-Vape_Agora_vape-17-2048x1152.webp 2048w\" sizes=\"auto, (max-width: 2560px) 100vw, 2560px\" \/><\/h2>\n<h2 data-v-md-heading=\"what-is-special-about-the-vozol-gear-power-20000-pack-eco-power-mode-vape\" data-v-md-line=\"3\">Vad \u00e4r speciellt med Vozol Gear Power 20000-paketet i ECO\/POWER-l\u00e4ge?<\/h2>\n<p data-v-md-line=\"4\">Om du \u00e4r tr\u00f6tt p\u00e5 att byta ut eng\u00e5ngsvapor med n\u00e5gra dagars mellanrum, kommer den h\u00e4r produkten att g\u00f6ra ditt liv enklare. Vozol Gear Power erbjuder en kapacitet p\u00e5 upp till 20 000 portar och levereras med tv\u00e5 enkla l\u00e4gen som du kan v\u00e4xla mellan beroende p\u00e5 din dag. ECO-l\u00e4get l\u00e5ter dig enkelt njuta av en smidig heldagsupplevelse. POWER-l\u00e4get l\u00e5ter dig njuta av starkare r\u00f6k n\u00e4r som helst, var som helst.<\/p>\n<p data-v-md-line=\"6\">Den passar alla som vill anv\u00e4nda den l\u00e4nge och bibeh\u00e5lla en stabil smak utan kr\u00e5ngel. Du har ocks\u00e5 en tydlig helsk\u00e4rmsdisplay och munstycksskydd, vilket skulle vara ett bra val om du f\u00f6rvarar den i fickan eller v\u00e4skan.<\/p>\n<h2 data-v-md-heading=\"excellent-performance-worry-free\" data-v-md-line=\"8\">Utm\u00e4rkt prestanda, bekymmersfritt<\/h2>\n<p data-v-md-line=\"9\">K\u00e4rnan i Gear Power \u00e4r en dubbeln\u00e4tsspiral, s\u00e5 varje tugga kan bibeh\u00e5lla en ren och stabil smak fr\u00e5n b\u00f6rjan till slut. J\u00e4mnt luftfl\u00f6de och ih\u00e5llande r\u00f6k. N\u00e4r batteriet \u00e4r l\u00e5gt anv\u00e4nder du helt enkelt den vanliga typ-C-datakabeln som du kanske redan har f\u00f6r att ladda den. Det \u00e4r enkelt.<\/p>\n<h2 data-v-md-heading=\"specification-overview\" data-v-md-line=\"11\">Specifikations\u00f6versikt<\/h2>\n<ul data-v-md-line=\"12\">\n<li>Sugfrekvens: upp till 20000 g\u00e5nger<\/li>\n<li>Nikotinhalt: 5 %<\/li>\n<li>L\u00e4ge: ECO och POWER<\/li>\n<li>Atomizing core: double mesh<\/li>\n<li>Batteri: 650 mAh uppladdningsbart batteri<\/li>\n<li>E-v\u00e4tskekapacitet: 20 milliliter<\/li>\n<li>Sk\u00e4rm: Helsk\u00e4rmsvisning<\/li>\n<li>Cigaretth\u00e5llare: med skyddslock<\/li>\n<li>Laddning: USB-gr\u00e4nssnitt av typ C<\/li>\n<li>Status: Klar att anv\u00e4nda vid uppackning<\/li>\n<\/ul>\n<h2 data-v-md-heading=\"multiple-flavor-options\" data-v-md-line=\"23\">Flera smakalternativ<\/h2>\n<ul data-v-md-line=\"24\">\n<li>Vattenmelonis<\/li>\n<li>Druvis<\/li>\n<li>Mangois<\/li>\n<li>Jordgubb, kiwi<\/li>\n<li>Fler smaker att v\u00e4lja mellan<\/li>\n<\/ul>\n<h2 data-v-md-heading=\"for-you-and-your-business\" data-v-md-line=\"30\">For you and your business<\/h2>\n<p data-v-md-line=\"31\">Du kan v\u00e4lja en sj\u00e4lv eller fylla p\u00e5 lagret till din butik. Vi erbjuder b\u00e5de bulk- och grossistalternativ, vilket ger dig en bepr\u00f6vad och v\u00e4lk\u00e4nd h\u00f6gkapacitetsenhet som h\u00e5ller dina hyllor fulla. Vi samarbetar med partners som UPS, DPD och DHL f\u00f6r att tillhandah\u00e5lla DDP-leveranstj\u00e4nster, vilket s\u00e4kerst\u00e4ller snabb leverans och undviker tullolyckor.<\/p>\n<p data-v-md-line=\"33\">Reglerna varierar i Europa, s\u00e5 tillg\u00e5ngen och koncentrationen av nikotin kan variera beroende p\u00e5 land\/region. Om du beh\u00f6ver v\u00e4gledning om efterlevnadsalternativ kan v\u00e5rt team hj\u00e4lpa dig.<\/p>\n<h2 data-v-md-heading=\"why-do-you-like-it\" data-v-md-line=\"35\">Why do you like it<\/h2>\n<ul data-v-md-line=\"36\">\n<li>Flera sugcykler: Inget behov av att tanka ofta, vilket sparar tid och restid.<\/li>\n<li>Flera l\u00e4gesalternativ: ECO-l\u00e4get kan f\u00f6rl\u00e4nga anv\u00e4ndningstiden, medan POWER-l\u00e4get kan ge en kraftfullare upplevelse n\u00e4r du vill.<\/li>\n<li>Uppladdningsbar: Du anv\u00e4nder varje droppe k\u00f6pt e-v\u00e4tska.<\/li>\n<li>Mesh coil: H\u00e5ll smaken konsekvent, den sista tuggan \u00e4r som den f\u00f6rsta.<\/li>\n<li>Tydlig sk\u00e4rm: tydlig vid f\u00f6rsta anblicken.<\/li>\n<li>Skyddade cigarettfimpar: kan bibeh\u00e5lla renlighet \u00e4ven under resor.<\/li>\n<\/ul>\n<h2 data-v-md-heading=\"why-choose-to-collaborate-with-agoravape\" data-v-md-line=\"43\">Varf\u00f6r v\u00e4lja att samarbeta med AgoraVape?<\/h2>\n<p data-v-md-line=\"44\">Vi s\u00e4ljer endast 100 % \u00e4kta produkter fr\u00e5n varum\u00e4rken som v\u00e5ra kunder litar p\u00e5. V\u00e5ra kommersiella kunder kan njuta av mycket konkurrenskraftiga grossistpriser, snabb support och snabba DDP-leveranser \u00f6ver hela Europa. V\u00e4lkommen att kontakta oss f\u00f6r att f\u00e5 veta mer om v\u00e5rt lager av Vozol Gear Power 20k Puffs ECO\/POWER-l\u00e4ges vapes, vilket ger dina kunder ett h\u00e5llbart, bekv\u00e4mt och l\u00e4ttanv\u00e4nt alternativ som \u00e4r v\u00e4rt att k\u00f6pa igen.<\/p>\n<p><script src=\"chrome-extension:\/\/fpelahbljekknahkcaegamhcndkfpfnc\/iFrame.js\" type=\"text\/javascript\"><\/script><\/p>","protected":false},"excerpt":{"rendered":"<p>&nbsp;<\/p>\n<p><script src=\"chrome-extension:\/\/fpelahbljekknahkcaegamhcndkfpfnc\/iFrame.js\" type=\"text\/javascript\"><\/script><\/p>\n<p><script src=\"chrome-extension:\/\/fpelahbljekknahkcaegamhcndkfpfnc\/iFrame.js\" type=\"text\/javascript\"><\/script><\/p>\n<p><script src=\"chrome-extension:\/\/fpelahbljekknahkcaegamhcndkfpfnc\/iFrame.js\" type=\"text\/javascript\"><\/script><\/p>\n<p><script src=\"chrome-extension:\/\/fpelahbljekknahkcaegamhcndkfpfnc\/iFrame.js\" type=\"text\/javascript\"><\/script><\/p>\n<p><script src=\"chrome-extension:\/\/fpelahbljekknahkcaegamhcndkfpfnc\/iFrame.js\" type=\"text\/javascript\"><\/script><\/p>\n<p><script src=\"chrome-extension:\/\/fpelahbljekknahkcaegamhcndkfpfnc\/iFrame.js\" type=\"text\/javascript\"><\/script><\/p>\n<p><script src=\"chrome-extension:\/\/fpelahbljekknahkcaegamhcndkfpfnc\/iFrame.js\" type=\"text\/javascript\"><\/script><\/p>\n<p><script src=\"chrome-extension:\/\/fpelahbljekknahkcaegamhcndkfpfnc\/iFrame.js\" type=\"text\/javascript\"><\/script><\/p>\n<p><script src=\"chrome-extension:\/\/fpelahbljekknahkcaegamhcndkfpfnc\/iFrame.js\" type=\"text\/javascript\"><\/script><\/p>\n<p><script src=\"chrome-extension:\/\/fpelahbljekknahkcaegamhcndkfpfnc\/iFrame.js\" type=\"text\/javascript\"><\/script><\/p>\n<p><script src=\"chrome-extension:\/\/fpelahbljekknahkcaegamhcndkfpfnc\/iFrame.js\" type=\"text\/javascript\"><\/script><\/p>\n<p><script src=\"chrome-extension:\/\/fpelahbljekknahkcaegamhcndkfpfnc\/iFrame.js\" type=\"text\/javascript\"><\/script><\/p>\n<p><script src=\"chrome-extension:\/\/fpelahbljekknahkcaegamhcndkfpfnc\/iFrame.js\" type=\"text\/javascript\"><\/script><\/p>","protected":false},"featured_media":16459,"comment_status":"open","ping_status":"closed","template":"","meta":[],"product_brand":[226],"product_cat":[124,185,189,174,175,193,191,173,186,180,190,192,153],"product_tag":[],"class_list":{"0":"post-16423","1":"product","2":"type-product","3":"status-publish","4":"has-post-thumbnail","6":"product_brand-vozol","7":"product_cat-vape-by-brand","8":"product_cat-10000-puffs-high-capacity","9":"product_cat-20mg-standard-nicotine-vapes","10":"product_cat-fruit-flavors","11":"product_cat-icy-mint","12":"product_cat-mesh-coil","13":"product_cat-rechargeable-disposables","14":"product_cat-vape-by-flavor-profile","15":"product_cat-vape-by-nicotine-strength","16":"product_cat-vape-by-puff-count","17":"product_cat-vape-by-feature-or-type","18":"product_cat-vapes-with-screens","19":"product_cat-vozol","21":"first","22":"onbackorder","23":"shipping-taxable","24":"purchasable","25":"product-type-variable","26":"has-default-attributes"},"tiered_pricing_type":"percentage","tiered_pricing_fixed_rules":[],"tiered_pricing_product_settings":{"layout":"default","base_unit_name":{"singular":null,"plural":null},"default_variation":null},"tiered_pricing_minimum_quantity":10,"tiered_pricing_roles_data":[],"tiered_pricing_percentage_rules":{"30":"29","50":"35","100":"40","200":"44","500":"47","1000":"49"},"tiered_pricing_maximum_quantity":null,"tiered_pricing_quantity_step":"10","_links":{"self":[{"href":"https:\/\/agoravape.com\/sv\/wp-json\/wp\/v2\/product\/16423","targetHints":{"allow":["GET"]}}],"collection":[{"href":"https:\/\/agoravape.com\/sv\/wp-json\/wp\/v2\/product"}],"about":[{"href":"https:\/\/agoravape.com\/sv\/wp-json\/wp\/v2\/types\/product"}],"replies":[{"embeddable":true,"href":"https:\/\/agoravape.com\/sv\/wp-json\/wp\/v2\/comments?post=16423"}],"version-history":[{"count":0,"href":"https:\/\/agoravape.com\/sv\/wp-json\/wp\/v2\/product\/16423\/revisions"}],"wp:featuredmedia":[{"embeddable":true,"href":"https:\/\/agoravape.com\/sv\/wp-json\/wp\/v2\/media\/16459"}],"wp:attachment":[{"href":"https:\/\/agoravape.com\/sv\/wp-json\/wp\/v2\/media?parent=16423"}],"wp:term":[{"taxonomy":"product_brand","embeddable":true,"href":"https:\/\/agoravape.com\/sv\/wp-json\/wp\/v2\/product_brand?post=16423"},{"taxonomy":"product_cat","embeddable":true,"href":"https:\/\/agoravape.com\/sv\/wp-json\/wp\/v2\/product_cat?post=16423"},{"taxonomy":"product_tag","embeddable":true,"href":"https:\/\/agoravape.com\/sv\/wp-json\/wp\/v2\/product_tag?post=16423"}],"curies":[{"name":"wp","href":"https:\/\/api.w.org\/{rel}","templated":true}]}}