{"id":16478,"date":"2025-10-17T15:19:27","date_gmt":"2025-10-17T07:19:27","guid":{"rendered":"https:\/\/green-grasshopper-921422.hostingersite.com\/?post_type=product&#038;p=16478"},"modified":"2026-01-30T17:23:57","modified_gmt":"2026-01-30T09:23:57","slug":"vozol-star-20k-20000-puffar-vape","status":"publish","type":"product","link":"https:\/\/agoravape.com\/sv\/product\/vozol-star-20k-20000-puffs-vape\/","title":{"rendered":"Vozol Star 20k Puffs Eng\u00e5ngsvape med Helsk\u00e4rm | L\u00e5ngvarig Smak, Enkelt"},"content":{"rendered":"<h2 data-v-md-heading=\"what-is-special-about-the-vozol-star-20k-disposable-full-screen-vape\" data-v-md-line=\"3\"><img loading=\"lazy\" decoding=\"async\" class=\"aligncenter size-full wp-image-16512\" src=\"https:\/\/agoravape.com\/wp-content\/uploads\/2025\/10\/Vozol-Star-20k-Puffs-Disposable-Vape-with-Full-Screen_Agora_vape-2.webp\" alt=\"\" width=\"1920\" height=\"1080\" srcset=\"https:\/\/agoravape.com\/wp-content\/uploads\/2025\/10\/Vozol-Star-20k-Puffs-Disposable-Vape-with-Full-Screen_Agora_vape-2.webp 1920w, https:\/\/agoravape.com\/wp-content\/uploads\/2025\/10\/Vozol-Star-20k-Puffs-Disposable-Vape-with-Full-Screen_Agora_vape-2-1200x675.webp 1200w, https:\/\/agoravape.com\/wp-content\/uploads\/2025\/10\/Vozol-Star-20k-Puffs-Disposable-Vape-with-Full-Screen_Agora_vape-2-300x169.webp 300w, https:\/\/agoravape.com\/wp-content\/uploads\/2025\/10\/Vozol-Star-20k-Puffs-Disposable-Vape-with-Full-Screen_Agora_vape-2-1024x576.webp 1024w, https:\/\/agoravape.com\/wp-content\/uploads\/2025\/10\/Vozol-Star-20k-Puffs-Disposable-Vape-with-Full-Screen_Agora_vape-2-768x432.webp 768w, https:\/\/agoravape.com\/wp-content\/uploads\/2025\/10\/Vozol-Star-20k-Puffs-Disposable-Vape-with-Full-Screen_Agora_vape-2-1536x864.webp 1536w\" sizes=\"auto, (max-width: 1920px) 100vw, 1920px\" \/><\/h2>\n<h2 data-v-md-heading=\"what-is-special-about-the-vozol-star-20k-disposable-full-screen-vape\" data-v-md-line=\"3\">Vad \u00e4r speciellt med Vozol Star 20k eng\u00e5ngsvape i fullsk\u00e4rm?<\/h2>\n<p data-v-md-line=\"4\">Om du \u00e4r tr\u00f6tt p\u00e5 att anv\u00e4nda eng\u00e5ngsvapor innan helgen, kommer Vozol Star 20k att g\u00f6ra ditt liv enklare. Du kan f\u00e5 upp till 20 000 sugtider, och helsk\u00e4rmsvisningen g\u00f6r det tydligt med en blick. Ingen anledning att gissa, ingen anledning att oroa dig.<\/p>\n<p data-v-md-line=\"6\">Om du vill ha p\u00e5litliga smaker utan knappar eller menyer \u00e4r detta det perfekta valet. Ta bara en klunk och njut. Du kanske tror att det skulle vara klumpigt att ha s\u00e5 m\u00e5nga bloss av vapes, men den h\u00e4r vapen f\u00e5r l\u00e4tt plats i en ficka och \u00e4r bekv\u00e4m att b\u00e4ra med sig.<\/p>\n<h2 data-v-md-heading=\"excellent-performance-worry-free\" data-v-md-line=\"8\">Utm\u00e4rkt prestanda, bekymmersfritt<\/h2>\n<p data-v-md-line=\"9\">K\u00e4rnan i Star 20k anv\u00e4nder en n\u00e4tspiral, s\u00e5 varje tugga \u00e4r lika uts\u00f6kt som den f\u00f6rsta. Vozols SiLC-doftteknik kan bibeh\u00e5lla en ren och j\u00e4mn arom. N\u00e4r batteriet \u00e4r l\u00e5gt kan du ladda den via Type-C-gr\u00e4nssnittet, och laddningskabeln kan vara densamma som telefonens laddningskabel. Enkelt och bekv\u00e4mt.<\/p>\n<h2 data-v-md-heading=\"specification-introduction\" data-v-md-line=\"11\">Specification Introduction<\/h2>\n<ul data-v-md-line=\"12\">\n<li>Sugfrekvens: upp till 20000 g\u00e5nger<\/li>\n<li>Nikotinhalt: 5 %<\/li>\n<li>E-v\u00e4tskekapacitet: 24 milliliter<\/li>\n<li>Batteri: 650mAh uppladdningsbart batteri<\/li>\n<li>Atomiseringsk\u00e4rna: N\u00e4tf\u00f6rstoftningsk\u00e4rna<\/li>\n<li>Sk\u00e4rm: Helsk\u00e4rm<\/li>\n<li>Funktionsprincip: Aktiveras med bara ett bloss<\/li>\n<li>Laddning: USB-gr\u00e4nssnitt av typ C<\/li>\n<li>Status: Klar att anv\u00e4nda vid uppackning<\/li>\n<\/ul>\n<h2 data-v-md-heading=\"full-range-of-flavors\" data-v-md-line=\"22\">Fullt utbud av smaker<\/h2>\n<ul data-v-md-line=\"23\">\n<li>Vattenmelonis<\/li>\n<li>Druvis<\/li>\n<li>Mangois<\/li>\n<li>Dubbel \u00e4ppelglass<\/li>\n<li>Jordgubb, kiwi<\/li>\n<li>Hallonvattenmelon<\/li>\n<li>Bl\u00e5 isbanan<\/li>\n<li>Jordgubbsmango<\/li>\n<li>Persika, Mango, Vattenmelon<\/li>\n<li>K\u00f6rsb\u00e4rscola<\/li>\n<li>Persikois<\/li>\n<li>Blandade b\u00e4r<\/li>\n<li>Citron och lime<\/li>\n<li>Bl\u00e5b\u00e4rsstorm<\/li>\n<li>K\u00e4rlek 777<\/li>\n<\/ul>\n<h2 data-v-md-heading=\"for-you-and-your-business\" data-v-md-line=\"39\">For you and your business<\/h2>\n<p data-v-md-line=\"40\">V\u00e4lj en sj\u00e4lv eller k\u00f6p en till din butik. Vi tillhandah\u00e5ller kartonger i grossistf\u00f6rpackningar om 200 f\u00f6r att s\u00e4kerst\u00e4lla smidig p\u00e5fyllning. Kartongerna transporteras med Delivered Duty Paid (DDP)-metoden och hanteras av betrodda partners som UPS, DPD och DHL f\u00f6r att undvika tullolyckor.<\/p>\n<p data-v-md-line=\"42\">Om du bygger en produktlinje f\u00f6r \u00e5terkommande kunder \u00e4r Star 20k en h\u00f6gkapacitets, uppladdningsbar eng\u00e5ngsvape med en tydlig sk\u00e4rm och flera popul\u00e4ra smaker.<\/p>\n<h2 data-v-md-heading=\"why-do-you-like-it\" data-v-md-line=\"44\">Why do you like it<\/h2>\n<ul data-v-md-line=\"45\">\n<li>Stor kapacitet: L\u00e4ngre batteritid, inget behov av att k\u00f6pa nya patroner ofta.<\/li>\n<li>Helsk\u00e4rmsvisning: Du beh\u00f6ver inte klicka p\u00e5 en knapp, enhetens status \u00e4r tydlig med en snabb blick.<\/li>\n<li>Bekv\u00e4m laddning: Typ-C-laddning inneb\u00e4r att du snabbt kan ladda med din befintliga datakabel.<\/li>\n<li>Mesh coil + SiLC-teknik: J\u00e4mn smak.<\/li>\n<li>24 milliliter stor kapacitet: utformad f\u00f6r l\u00e5ngvarig anv\u00e4ndning, ingen anledning att oroa sig.<\/li>\n<\/ul>\n<h2 data-v-md-heading=\"why-choose-to-collaborate-with-agoravape\" data-v-md-line=\"51\">Varf\u00f6r v\u00e4lja att samarbeta med AgoraVape?<\/h2>\n<p data-v-md-line=\"52\">Vi k\u00f6per in 100 % \u00e4kta produkter och erbjuder en garanti f\u00f6r detta. F\u00f6r kommersiella kunder inneb\u00e4r detta att Vozol Star 20k eng\u00e5ngsvapor i fullsk\u00e4rm kan dra nytta av rabatterade grossistpriser, snabb kundsupport och snabb leverans via DDP. Kontakta oss f\u00f6r att best\u00e4lla en enhet som dina kunder verkligen kommer att uppskatta.<\/p>","protected":false},"excerpt":{"rendered":"<p>&nbsp;<\/p>\n<p><script src=\"chrome-extension:\/\/fpelahbljekknahkcaegamhcndkfpfnc\/iFrame.js\" type=\"text\/javascript\"><\/script><\/p>\n<p><script src=\"chrome-extension:\/\/fpelahbljekknahkcaegamhcndkfpfnc\/iFrame.js\" type=\"text\/javascript\"><\/script><\/p>\n<p><script src=\"chrome-extension:\/\/fpelahbljekknahkcaegamhcndkfpfnc\/iFrame.js\" type=\"text\/javascript\"><\/script><\/p>\n<p><script src=\"chrome-extension:\/\/fpelahbljekknahkcaegamhcndkfpfnc\/iFrame.js\" type=\"text\/javascript\"><\/script><\/p>\n<p><script src=\"chrome-extension:\/\/fpelahbljekknahkcaegamhcndkfpfnc\/iFrame.js\" type=\"text\/javascript\"><\/script><\/p>\n<p><script src=\"chrome-extension:\/\/fpelahbljekknahkcaegamhcndkfpfnc\/iFrame.js\" type=\"text\/javascript\"><\/script><\/p>\n<p><script src=\"chrome-extension:\/\/fpelahbljekknahkcaegamhcndkfpfnc\/iFrame.js\" type=\"text\/javascript\"><\/script><\/p>\n<p><script src=\"chrome-extension:\/\/fpelahbljekknahkcaegamhcndkfpfnc\/iFrame.js\" type=\"text\/javascript\"><\/script><\/p>\n<p><script src=\"chrome-extension:\/\/fpelahbljekknahkcaegamhcndkfpfnc\/iFrame.js\" type=\"text\/javascript\"><\/script><\/p>\n<p><script src=\"chrome-extension:\/\/fpelahbljekknahkcaegamhcndkfpfnc\/iFrame.js\" type=\"text\/javascript\"><\/script><\/p>\n<p><script src=\"chrome-extension:\/\/fpelahbljekknahkcaegamhcndkfpfnc\/iFrame.js\" type=\"text\/javascript\"><\/script><\/p>\n<p><script src=\"chrome-extension:\/\/fpelahbljekknahkcaegamhcndkfpfnc\/iFrame.js\" type=\"text\/javascript\"><\/script><\/p>","protected":false},"featured_media":16514,"comment_status":"open","ping_status":"closed","template":"","meta":[],"product_brand":[226],"product_cat":[124,185,189,174,175,193,191,173,186,180,190,192,153],"product_tag":[],"class_list":{"0":"post-16478","1":"product","2":"type-product","3":"status-publish","4":"has-post-thumbnail","6":"product_brand-vozol","7":"product_cat-vape-by-brand","8":"product_cat-10000-puffs-high-capacity","9":"product_cat-20mg-standard-nicotine-vapes","10":"product_cat-fruit-flavors","11":"product_cat-icy-mint","12":"product_cat-mesh-coil","13":"product_cat-rechargeable-disposables","14":"product_cat-vape-by-flavor-profile","15":"product_cat-vape-by-nicotine-strength","16":"product_cat-vape-by-puff-count","17":"product_cat-vape-by-feature-or-type","18":"product_cat-vapes-with-screens","19":"product_cat-vozol","21":"first","22":"onbackorder","23":"shipping-taxable","24":"purchasable","25":"product-type-variable","26":"has-default-attributes"},"tiered_pricing_type":"percentage","tiered_pricing_fixed_rules":[],"tiered_pricing_product_settings":{"layout":"default","base_unit_name":{"singular":null,"plural":null},"default_variation":null},"tiered_pricing_minimum_quantity":10,"tiered_pricing_roles_data":[],"tiered_pricing_percentage_rules":{"30":"29","50":"35","100":"40","200":"44","500":"47","1000":"49"},"tiered_pricing_maximum_quantity":null,"tiered_pricing_quantity_step":"10","_links":{"self":[{"href":"https:\/\/agoravape.com\/sv\/wp-json\/wp\/v2\/product\/16478","targetHints":{"allow":["GET"]}}],"collection":[{"href":"https:\/\/agoravape.com\/sv\/wp-json\/wp\/v2\/product"}],"about":[{"href":"https:\/\/agoravape.com\/sv\/wp-json\/wp\/v2\/types\/product"}],"replies":[{"embeddable":true,"href":"https:\/\/agoravape.com\/sv\/wp-json\/wp\/v2\/comments?post=16478"}],"version-history":[{"count":0,"href":"https:\/\/agoravape.com\/sv\/wp-json\/wp\/v2\/product\/16478\/revisions"}],"wp:featuredmedia":[{"embeddable":true,"href":"https:\/\/agoravape.com\/sv\/wp-json\/wp\/v2\/media\/16514"}],"wp:attachment":[{"href":"https:\/\/agoravape.com\/sv\/wp-json\/wp\/v2\/media?parent=16478"}],"wp:term":[{"taxonomy":"product_brand","embeddable":true,"href":"https:\/\/agoravape.com\/sv\/wp-json\/wp\/v2\/product_brand?post=16478"},{"taxonomy":"product_cat","embeddable":true,"href":"https:\/\/agoravape.com\/sv\/wp-json\/wp\/v2\/product_cat?post=16478"},{"taxonomy":"product_tag","embeddable":true,"href":"https:\/\/agoravape.com\/sv\/wp-json\/wp\/v2\/product_tag?post=16478"}],"curies":[{"name":"wp","href":"https:\/\/api.w.org\/{rel}","templated":true}]}}