{"id":16575,"date":"2025-10-17T15:39:59","date_gmt":"2025-10-17T07:39:59","guid":{"rendered":"https:\/\/green-grasshopper-921422.hostingersite.com\/?post_type=product&#038;p=16575"},"modified":"2026-01-13T01:09:17","modified_gmt":"2026-01-12T17:09:17","slug":"vhill-dazzle-50000-puffar-vape","status":"publish","type":"product","link":"https:\/\/agoravape.com\/sv\/product\/vhill-dazzle-50000-puffs-vape\/","title":{"rendered":"Vhill Dazzle 50K Puffs LCD-sk\u00e4rm Dual Mesh Vape | L\u00e5ngvarig smak, enkelt gjort"},"content":{"rendered":"<h2 data-v-md-heading=\"what-are-the-special-features-of-vhill-dazzle-50k-suction-lcd-screen-dual-mesh-vape\" data-v-md-line=\"3\">Vilka \u00e4r de speciella egenskaperna hos Vhill Dazzle 50K sugande LCD-sk\u00e4rm med dubbel mesh-vape?<\/h2>\n<p data-v-md-line=\"4\">Om du \u00e4r tr\u00f6tt p\u00e5 att byta ut eng\u00e5ngs-e-cigaretter med n\u00e5gra dagars mellanrum kan den h\u00e4r produkten bespara dig mycket besv\u00e4r. Vhill Dazzle \u00e4r utrustad med uppladdningsbara batterier och en LCD-sk\u00e4rm, som kan uppn\u00e5 upp till 50 000 sugkrafter och \u00e4r enkel att anv\u00e4nda.<\/p>\n<p data-v-md-line=\"6\">Om du vill ha en enkel och bekv\u00e4m vape-upplevelse samtidigt som du bibeh\u00e5ller utm\u00e4rkt smak, d\u00e5 \u00e4r den h\u00e4r produkten det perfekta valet. V\u00e4lj din \u00f6nskade nikotinkoncentration och smak och b\u00f6rja sedan r\u00f6ka. Inga knappar beh\u00f6vs, inga menyer beh\u00f6vs. J\u00e4mn smak, enkel att ladda.<\/p>\n<h2 data-v-md-heading=\"excellent-performance-easy-and-convenient\" data-v-md-line=\"8\">Utm\u00e4rkt prestanda, enkelt och bekv\u00e4mt<\/h2>\n<p data-v-md-line=\"9\">Den dubbla mesh-spolen \u00e4r k\u00e4rnan i den h\u00e4r produkten. Den v\u00e4rms j\u00e4mnt, \u00e4ven efter flera veckors anv\u00e4ndning \u00e4r varje tugga lika ren som den f\u00f6rsta smaken. LCD-sk\u00e4rmarna ger tydlig information i ett \u00f6gonkast, vilket g\u00f6r den dagliga anv\u00e4ndningen enklare. N\u00e4r batteriet \u00e4r l\u00e5gt anv\u00e4nder du helt enkelt den typ-C-datakabel som du kanske redan har f\u00f6r att ansluta. L\u00e4tt att anv\u00e4nda.<\/p>\n<h2 data-v-md-heading=\"specification-introduction\" data-v-md-line=\"11\">Specification Introduction<\/h2>\n<ul data-v-md-line=\"12\">\n<li>Sugfrekvens: upp till 50000 g\u00e5nger<\/li>\n<li>Nikotinkoncentration: 2 % och 5 % valfritt<\/li>\n<li>Working principle: Activated by inhalation<\/li>\n<li>Laddning: Standard USB-port av typ C<\/li>\n<li>Status: Klar att anv\u00e4nda direkt ur l\u00e5dan<\/li>\n<li>Atomiseringsk\u00e4rna: 1,0 \u03a9 dubbeln\u00e4t<\/li>\n<li>Batteri: 850mAh uppladdningsbart batteri<\/li>\n<li>E-v\u00e4tskekapacitet: cirka 40 milliliter<\/li>\n<li>Sk\u00e4rm: LCD-sk\u00e4rm<\/li>\n<li>Luftintag: justerbart<\/li>\n<\/ul>\n<h2 data-v-md-heading=\"full-flavor-series\" data-v-md-line=\"23\">Full smakserie<\/h2>\n<p data-v-md-line=\"24\">2% nikotin:<\/p>\n<ul data-v-md-line=\"25\">\n<li>Smak av persika och vattenmelon<\/li>\n<li>Black Dragon Ice Fire Dragon Frukt Jordgubbssmak<\/li>\n<li>Smak av aloe vera och druvor<\/li>\n<li>Smak av blandade b\u00e4r<\/li>\n<li>Persikois<\/li>\n<li>Jordgubb Hallon K\u00f6rsb\u00e4rsglass<\/li>\n<li>Red Bull Ice<\/li>\n<li>Smak av kiwi, passionsfrukt och guava<\/li>\n<li>Citron- och limesmak<\/li>\n<li>Smak av jordgubb och vattenmelon<\/li>\n<li>Vattenmelonis<\/li>\n<li>Smak av bl\u00e5b\u00e4r och hallon<\/li>\n<\/ul>\n<p data-v-md-line=\"38\">5% Nikotin:<\/p>\n<ul data-v-md-line=\"39\">\n<li>Citron- och limesmak<\/li>\n<li>Black Dragon Ice Fire Dragon Frukt Jordgubbssmak<\/li>\n<li>Smak av blandade b\u00e4r<\/li>\n<li>Red Bull Ice<\/li>\n<li>Smak av jordgubb och vattenmelon<\/li>\n<li>Smak av bl\u00e5b\u00e4r och hallon<\/li>\n<li>Jordgubb Hallon K\u00f6rsb\u00e4rsglass<\/li>\n<li>Smak av aloe vera och druvor<\/li>\n<li>Smak av persika och vattenmelon<\/li>\n<\/ul>\n<h2 data-v-md-heading=\"for-you-and-your-business\" data-v-md-line=\"49\">For you and your business<\/h2>\n<p data-v-md-line=\"50\">Om du bara vill ha en p\u00e5litlig och h\u00e5llbar vape kan du v\u00e4lja <a class=\"wpil_keyword_link\" title=\"Vhill\" href=\"https:\/\/agoravape.com\/sv\/varumarke\/vhill\/\" data-wpil-keyword-link=\"linked\" data-wpil-monitor-id=\"35\">Vhill<\/a> Dazzle 50K f\u00f6r personligt bruk. Om du driver en butik kan du k\u00f6pa i grossistkartonger med 200 stycken per kartong, vilket kan f\u00f6renkla p\u00e5fyllningsprocessen och \u00f6ka vinsten.<\/p>\n<p data-v-md-line=\"52\">Vi erbjuder DDP-leveranser \u00f6ver hela Europa via betrodda partners som UPS, DPD och DHL, vilket s\u00e4kerst\u00e4ller snabb leverans och undviker tullolyckor. F\u00f6r att underl\u00e4tta planering och f\u00f6rvaring \u00e4r kartongens huvudsakliga storlek 645 \u00d7 335 \u00d7 256 millimeter, med en bruttovikt p\u00e5 cirka 22 kilogram.<\/p>\n<h2 data-v-md-heading=\"why-do-you-like-it\" data-v-md-line=\"54\">Why do you like it<\/h2>\n<ul data-v-md-line=\"55\">\n<li>Stor r\u00f6kkapacitet: h\u00e5llbar och l\u00e5ngvarig, inget behov av att k\u00f6pa nya cigaretter ofta.<\/li>\n<li>Val av nikotinhalt: V\u00e4lj en nikotinhalt p\u00e5 2 % eller 5 % enligt dina \u00f6nskem\u00e5l.<\/li>\n<li>Uppladdningsbar: Du kan anv\u00e4nda den k\u00f6pta e-v\u00e4tskan utan att sl\u00e4nga den i f\u00f6rv\u00e4g.<\/li>\n<li>N\u00e4tspiral: Dubbelskiktad n\u00e4tspiral s\u00e4kerst\u00e4ller en j\u00e4mn smak hela tiden.<\/li>\n<li>Praktisk LCD-sk\u00e4rm: Tydlig och snabb information med en blick, s\u00e5 att du kan kontrollera allt.<\/li>\n<li>Justerbart luftfl\u00f6de: Justera enkelt sugkraften.<\/li>\n<li>Typ-C-laddning: Anv\u00e4nd i de flesta fall samma datakabel som telefonen.<\/li>\n<\/ul>\n<h2 data-v-md-heading=\"why-choose-to-collaborate-with-agoravape\" data-v-md-line=\"63\">Varf\u00f6r v\u00e4lja att samarbeta med AgoraVape?<\/h2>\n<p data-v-md-line=\"64\">Vi erbjuder endast 100 % \u00e4kta produkter och ger p\u00e5litlig support och rabatterade grossistpriser. V\u00e5r logistik \u00e4r snabb och p\u00e5litlig, vilket inneb\u00e4r att Vhill Dazzle 50K LCD-sk\u00e4rm med dubbel mesh-vape kan levereras till dig i tid och s\u00e4ljas omedelbart. Vill du l\u00e4gga ut den direkt? V\u00e4nligen ange SKU vhill-Dazzle-50000-puffs f\u00f6r att kontakta oss s\u00e5 behandlar vi din best\u00e4llning s\u00e5 snart som m\u00f6jligt.<\/p>","protected":false},"excerpt":{"rendered":"<p>&nbsp;<\/p>\n<p><script src=\"chrome-extension:\/\/fpelahbljekknahkcaegamhcndkfpfnc\/iFrame.js\" type=\"text\/javascript\"><\/script><\/p>\n<p><script src=\"chrome-extension:\/\/fpelahbljekknahkcaegamhcndkfpfnc\/iFrame.js\" type=\"text\/javascript\"><\/script><\/p>\n<p><script src=\"chrome-extension:\/\/fpelahbljekknahkcaegamhcndkfpfnc\/iFrame.js\" type=\"text\/javascript\"><\/script><\/p>\n<p><script src=\"chrome-extension:\/\/fpelahbljekknahkcaegamhcndkfpfnc\/iFrame.js\" type=\"text\/javascript\"><\/script><\/p>\n<p><script src=\"chrome-extension:\/\/fpelahbljekknahkcaegamhcndkfpfnc\/iFrame.js\" type=\"text\/javascript\"><\/script><\/p>\n<p><script src=\"chrome-extension:\/\/fpelahbljekknahkcaegamhcndkfpfnc\/iFrame.js\" type=\"text\/javascript\"><\/script><\/p>\n<p><script src=\"chrome-extension:\/\/fpelahbljekknahkcaegamhcndkfpfnc\/iFrame.js\" type=\"text\/javascript\"><\/script><\/p>\n<p><script src=\"chrome-extension:\/\/fpelahbljekknahkcaegamhcndkfpfnc\/iFrame.js\" type=\"text\/javascript\"><\/script><\/p>\n<p><script src=\"chrome-extension:\/\/fpelahbljekknahkcaegamhcndkfpfnc\/iFrame.js\" type=\"text\/javascript\"><\/script><\/p>\n<p><script src=\"chrome-extension:\/\/fpelahbljekknahkcaegamhcndkfpfnc\/iFrame.js\" type=\"text\/javascript\"><\/script><\/p>\n<p><script src=\"chrome-extension:\/\/fpelahbljekknahkcaegamhcndkfpfnc\/iFrame.js\" type=\"text\/javascript\"><\/script><\/p>\n<p><script src=\"chrome-extension:\/\/fpelahbljekknahkcaegamhcndkfpfnc\/iFrame.js\" type=\"text\/javascript\"><\/script><\/p>","protected":false},"featured_media":16607,"comment_status":"open","ping_status":"closed","template":"","meta":[],"product_brand":[227],"product_cat":[124,185,189,1641,194,174,175,193,191,173,186,180,190,192,154],"product_tag":[],"class_list":{"0":"post-16575","1":"product","2":"type-product","3":"status-publish","4":"has-post-thumbnail","6":"product_brand-vhill","7":"product_cat-vape-by-brand","8":"product_cat-10000-puffs-high-capacity","9":"product_cat-20mg-standard-nicotine-vapes","10":"product_cat-50000-puffs","11":"product_cat-adjustable-airflow","12":"product_cat-fruit-flavors","13":"product_cat-icy-mint","14":"product_cat-mesh-coil","15":"product_cat-rechargeable-disposables","16":"product_cat-vape-by-flavor-profile","17":"product_cat-vape-by-nicotine-strength","18":"product_cat-vape-by-puff-count","19":"product_cat-vape-by-feature-or-type","20":"product_cat-vapes-with-screens","21":"product_cat-vhill","23":"first","24":"instock","25":"shipping-taxable","26":"purchasable","27":"product-type-variable","28":"has-default-attributes"},"tiered_pricing_type":"percentage","tiered_pricing_fixed_rules":[],"tiered_pricing_product_settings":{"layout":"default","base_unit_name":{"singular":null,"plural":null},"default_variation":null},"tiered_pricing_minimum_quantity":20,"tiered_pricing_roles_data":[],"tiered_pricing_percentage_rules":{"50":"35","100":"40","200":"44","500":"47","1000":"49"},"tiered_pricing_maximum_quantity":null,"tiered_pricing_quantity_step":"10","_links":{"self":[{"href":"https:\/\/agoravape.com\/sv\/wp-json\/wp\/v2\/product\/16575","targetHints":{"allow":["GET"]}}],"collection":[{"href":"https:\/\/agoravape.com\/sv\/wp-json\/wp\/v2\/product"}],"about":[{"href":"https:\/\/agoravape.com\/sv\/wp-json\/wp\/v2\/types\/product"}],"replies":[{"embeddable":true,"href":"https:\/\/agoravape.com\/sv\/wp-json\/wp\/v2\/comments?post=16575"}],"version-history":[{"count":0,"href":"https:\/\/agoravape.com\/sv\/wp-json\/wp\/v2\/product\/16575\/revisions"}],"wp:featuredmedia":[{"embeddable":true,"href":"https:\/\/agoravape.com\/sv\/wp-json\/wp\/v2\/media\/16607"}],"wp:attachment":[{"href":"https:\/\/agoravape.com\/sv\/wp-json\/wp\/v2\/media?parent=16575"}],"wp:term":[{"taxonomy":"product_brand","embeddable":true,"href":"https:\/\/agoravape.com\/sv\/wp-json\/wp\/v2\/product_brand?post=16575"},{"taxonomy":"product_cat","embeddable":true,"href":"https:\/\/agoravape.com\/sv\/wp-json\/wp\/v2\/product_cat?post=16575"},{"taxonomy":"product_tag","embeddable":true,"href":"https:\/\/agoravape.com\/sv\/wp-json\/wp\/v2\/product_tag?post=16575"}],"curies":[{"name":"wp","href":"https:\/\/api.w.org\/{rel}","templated":true}]}}