{"id":16622,"date":"2025-10-17T15:58:55","date_gmt":"2025-10-17T07:58:55","guid":{"rendered":"https:\/\/green-grasshopper-921422.hostingersite.com\/?post_type=product&#038;p=16622"},"modified":"2026-01-12T19:22:29","modified_gmt":"2026-01-12T11:22:29","slug":"vhill-fullskarm-32000-puffar-vape","status":"publish","type":"product","link":"https:\/\/agoravape.com\/sv\/product\/vhill-full-screen-32000-puffs-vape\/","title":{"rendered":"Vhill helsk\u00e4rm 32 000 puffar Boost-l\u00e4ge Vape | Storsk\u00e4rmskontroll, l\u00e5ngvarig smak"},"content":{"rendered":"<h2 data-v-md-heading=\"what-are-the-special-features-of-vhill-s-full-screen-32k-port-boost-mode-vape\" data-v-md-line=\"3\">Vilka \u00e4r de speciella funktionerna hos Vhills fullsk\u00e4rms 32K port boost mode vape?<\/h2>\n<p data-v-md-line=\"4\">Om du \u00e4r tr\u00f6tt p\u00e5 eng\u00e5ngsvapor som kan anv\u00e4ndas inom en vecka \u00e4r den h\u00e4r vapen definitivt v\u00e4rd att \u00f6verv\u00e4ga. Vhill 32K fullsk\u00e4rmsvapen har superl\u00e5ng batteritid och \u00e4r utrustad med tydliga dubbla sk\u00e4rmar, s\u00e5 att du enkelt kan kontrollera e-v\u00e4tskan och batteriniv\u00e5n med en blick. Inget behov av att gissa, enkelt och bekv\u00e4mt.<\/p>\n<p data-v-md-line=\"6\">Om du f\u00f6redrar p\u00e5litlig smak och enkel daglig anv\u00e4ndning \u00e4r denna vape det perfekta valet. Om du f\u00f6redrar en stark sugupplevelse kan du v\u00e4lja boost-l\u00e4get; om du vill ha en j\u00e4mn och stabil sugupplevelse kan du v\u00e4lja det vanliga l\u00e4get.<\/p>\n<h2 data-v-md-heading=\"excellent-performance-easy-and-convenient\" data-v-md-line=\"8\">Utm\u00e4rkt prestanda, enkelt och bekv\u00e4mt<\/h2>\n<p data-v-md-line=\"9\">1,0 \u03a9 mesh-spolen bibeh\u00e5ller en j\u00e4mn smak, vilket g\u00f6r din f\u00f6rsta tugga lika mjuk som din tusende tugga. N\u00e4r batteriet \u00e4r l\u00e5gt kan du anv\u00e4nda din befintliga Type-C-datakabel f\u00f6r laddning, vilket g\u00f6r den mer bekv\u00e4m att anv\u00e4nda. Justerbart luftfl\u00f6de l\u00e5ter dig justera sugkraften efter dina \u00f6nskem\u00e5l och visa viktig information i helsk\u00e4rm i realtid.<\/p>\n<h2 data-v-md-heading=\"specification-introduction\" data-v-md-line=\"11\">Specification Introduction<\/h2>\n<ul data-v-md-line=\"12\">\n<li>Sugfrekvens: upp till 32000 g\u00e5nger<\/li>\n<li>E-v\u00e4tskekapacitet: 35 milliliter<\/li>\n<li>Nikotinhalt: 2 % eller 5 % (specifik m\u00e4ngd kan variera beroende p\u00e5 land\/region)<\/li>\n<li>Atomiseringsk\u00e4rna: 1,0 \u03a9 mesh<\/li>\n<li>L\u00e4gen: F\u00f6rb\u00e4ttrat l\u00e4ge och normalt l\u00e4ge<\/li>\n<li>Luftfl\u00f6de: Justerbart<\/li>\n<li>Sk\u00e4rm: dubbel sk\u00e4rm f\u00f6r e-v\u00e4tska och batteriniv\u00e5<\/li>\n<li>Laddning: USB-gr\u00e4nssnitt av typ C<\/li>\n<li>Funktionsprincip: Enheten har inbyggd l\u00e4geskontroll, vilket \u00e4r enkelt att anv\u00e4nda<\/li>\n<li>Status: Klar att anv\u00e4nda direkt ur l\u00e5dan<\/li>\n<\/ul>\n<h2 data-v-md-heading=\"full-range-of-flavors\" data-v-md-line=\"23\">Fullt utbud av smaker<\/h2>\n<ul data-v-md-line=\"24\">\n<li>Smak av blandade b\u00e4r<\/li>\n<li>Mango Fest Smak<\/li>\n<li>Smak av jordgubb och hallon-smoothie<\/li>\n<li>Smak av hallon och vattenmelon<\/li>\n<li>Smak av bl\u00e5tt \u00e4pple<\/li>\n<li>Smak av k\u00f6rsb\u00e4r, lime, hallon<\/li>\n<li>Smak av aloe vera och druvor<\/li>\n<li>Smak av svart drakeblod<\/li>\n<\/ul>\n<h2 data-v-md-heading=\"for-you-and-your-business\" data-v-md-line=\"33\">For you and your business<\/h2>\n<p data-v-md-line=\"34\">Du kan anv\u00e4nda den f\u00f6r eget bruk eller k\u00f6pa en enhet till butiken. Vi kan tillhandah\u00e5lla <a class=\"wpil_keyword_link\" title=\"Vhill\" href=\"https:\/\/agoravape.com\/sv\/varumarke\/vhill\/\" data-wpil-keyword-link=\"linked\" data-wpil-monitor-id=\"34\">Vhill<\/a> helsk\u00e4rms 32K grossistkartonger och hj\u00e4lper dig att f\u00f6rst\u00e5 den aktuella kvantiteten och priset p\u00e5 kartonger.<\/p>\n<p data-v-md-line=\"36\">Vi erbjuder snabba och p\u00e5litliga DDP-leveranser f\u00f6r UPS, DPD och DHL, vilket g\u00f6r att du kan njuta av momsfri leverans och undvika tullolyckor. Vi verifierar produktens \u00e5lder vid utcheckningen och f\u00f6ljer lokala best\u00e4mmelser, vilket inneb\u00e4r att vissa nikotinkoncentrationer eller smaker kan variera beroende p\u00e5 land\/region.<\/p>\n<h2 data-v-md-heading=\"why-do-you-like-it\" data-v-md-line=\"38\">Why do you like it<\/h2>\n<ul data-v-md-line=\"39\">\n<li>Stor sugkapacitet: f\u00e4rre byten, vilket sparar tid och besv\u00e4r.<\/li>\n<li>Val av nikotinkoncentration: V\u00e4lj 2 % eller 5 % efter dina \u00f6nskem\u00e5l.<\/li>\n<li>Uppladdningsbar: Det du faktiskt anv\u00e4nder \u00e4r den e-v\u00e4tska du betalat f\u00f6r.<\/li>\n<li>K\u00e4rna i mesh-f\u00f6r\u00e5ngare: J\u00e4mn smak fr\u00e5n b\u00f6rjan till slut.<\/li>\n<li>Helsk\u00e4rmsinformation: Du \u00e4r alltid medveten om \u00e5terst\u00e5ende batteri- och e-v\u00e4tskeniv\u00e5er.<\/li>\n<li>F\u00f6rb\u00e4ttrat l\u00e4ge och luftfl\u00f6deskontroll: Du kan v\u00e4lja mellan starkare sugkraft eller en j\u00e4mnare sugupplevelse.<\/li>\n<\/ul>\n<h2 data-v-md-heading=\"why-collaborate-with-agoravape\" data-v-md-line=\"46\">Why collaborate with AgoraVape?<\/h2>\n<p data-v-md-line=\"47\">Vi s\u00e4ljer endast 100 % \u00e4kta produkter och tvivlar inte p\u00e5 det. F\u00f6retagskunder som k\u00f6per Vhill fullscreen 32K Boost Mode-vapes kan dra nytta av rabatterade grossistpriser, p\u00e5litlig support och snabba DDP-leveranser \u00f6ver hela Europa. Kontakta v\u00e5rt team f\u00f6r att reservera en enhet som \u00e4r v\u00e4rd att k\u00f6pa tillbaka \u00e5t dina kunder.<\/p>","protected":false},"excerpt":{"rendered":"<p>&nbsp;<\/p>\n<p><script src=\"chrome-extension:\/\/fpelahbljekknahkcaegamhcndkfpfnc\/iFrame.js\" type=\"text\/javascript\"><\/script><\/p>\n<p><script src=\"chrome-extension:\/\/fpelahbljekknahkcaegamhcndkfpfnc\/iFrame.js\" type=\"text\/javascript\"><\/script><\/p>\n<p><script src=\"chrome-extension:\/\/fpelahbljekknahkcaegamhcndkfpfnc\/iFrame.js\" type=\"text\/javascript\"><\/script><\/p>\n<p><script src=\"chrome-extension:\/\/fpelahbljekknahkcaegamhcndkfpfnc\/iFrame.js\" type=\"text\/javascript\"><\/script><\/p>\n<p><script src=\"chrome-extension:\/\/fpelahbljekknahkcaegamhcndkfpfnc\/iFrame.js\" type=\"text\/javascript\"><\/script><\/p>\n<p><script src=\"chrome-extension:\/\/fpelahbljekknahkcaegamhcndkfpfnc\/iFrame.js\" type=\"text\/javascript\"><\/script><\/p>\n<p><script src=\"chrome-extension:\/\/fpelahbljekknahkcaegamhcndkfpfnc\/iFrame.js\" type=\"text\/javascript\"><\/script><\/p>\n<p><script src=\"chrome-extension:\/\/fpelahbljekknahkcaegamhcndkfpfnc\/iFrame.js\" type=\"text\/javascript\"><\/script><\/p>\n<p><script src=\"chrome-extension:\/\/fpelahbljekknahkcaegamhcndkfpfnc\/iFrame.js\" type=\"text\/javascript\"><\/script><\/p>\n<p><script src=\"chrome-extension:\/\/fpelahbljekknahkcaegamhcndkfpfnc\/iFrame.js\" type=\"text\/javascript\"><\/script><\/p>\n<p><script src=\"chrome-extension:\/\/fpelahbljekknahkcaegamhcndkfpfnc\/iFrame.js\" type=\"text\/javascript\"><\/script><\/p>\n<p><script src=\"chrome-extension:\/\/fpelahbljekknahkcaegamhcndkfpfnc\/iFrame.js\" type=\"text\/javascript\"><\/script><\/p>","protected":false},"featured_media":16645,"comment_status":"open","ping_status":"closed","template":"","meta":[],"product_brand":[227],"product_cat":[124,185,189,194,174,175,193,191,173,186,180,190,192,154],"product_tag":[],"class_list":{"0":"post-16622","1":"product","2":"type-product","3":"status-publish","4":"has-post-thumbnail","6":"product_brand-vhill","7":"product_cat-vape-by-brand","8":"product_cat-10000-puffs-high-capacity","9":"product_cat-20mg-standard-nicotine-vapes","10":"product_cat-adjustable-airflow","11":"product_cat-fruit-flavors","12":"product_cat-icy-mint","13":"product_cat-mesh-coil","14":"product_cat-rechargeable-disposables","15":"product_cat-vape-by-flavor-profile","16":"product_cat-vape-by-nicotine-strength","17":"product_cat-vape-by-puff-count","18":"product_cat-vape-by-feature-or-type","19":"product_cat-vapes-with-screens","20":"product_cat-vhill","22":"first","23":"instock","24":"shipping-taxable","25":"purchasable","26":"product-type-variable","27":"has-default-attributes"},"tiered_pricing_type":"percentage","tiered_pricing_fixed_rules":[],"tiered_pricing_product_settings":{"layout":"default","base_unit_name":{"singular":null,"plural":null},"default_variation":null},"tiered_pricing_minimum_quantity":20,"tiered_pricing_roles_data":[],"tiered_pricing_percentage_rules":{"50":"35","100":"40","200":"44","500":"47","1000":"49"},"tiered_pricing_maximum_quantity":null,"tiered_pricing_quantity_step":"10","_links":{"self":[{"href":"https:\/\/agoravape.com\/sv\/wp-json\/wp\/v2\/product\/16622","targetHints":{"allow":["GET"]}}],"collection":[{"href":"https:\/\/agoravape.com\/sv\/wp-json\/wp\/v2\/product"}],"about":[{"href":"https:\/\/agoravape.com\/sv\/wp-json\/wp\/v2\/types\/product"}],"replies":[{"embeddable":true,"href":"https:\/\/agoravape.com\/sv\/wp-json\/wp\/v2\/comments?post=16622"}],"version-history":[{"count":0,"href":"https:\/\/agoravape.com\/sv\/wp-json\/wp\/v2\/product\/16622\/revisions"}],"wp:featuredmedia":[{"embeddable":true,"href":"https:\/\/agoravape.com\/sv\/wp-json\/wp\/v2\/media\/16645"}],"wp:attachment":[{"href":"https:\/\/agoravape.com\/sv\/wp-json\/wp\/v2\/media?parent=16622"}],"wp:term":[{"taxonomy":"product_brand","embeddable":true,"href":"https:\/\/agoravape.com\/sv\/wp-json\/wp\/v2\/product_brand?post=16622"},{"taxonomy":"product_cat","embeddable":true,"href":"https:\/\/agoravape.com\/sv\/wp-json\/wp\/v2\/product_cat?post=16622"},{"taxonomy":"product_tag","embeddable":true,"href":"https:\/\/agoravape.com\/sv\/wp-json\/wp\/v2\/product_tag?post=16622"}],"curies":[{"name":"wp","href":"https:\/\/api.w.org\/{rel}","templated":true}]}}