{"id":16666,"date":"2025-10-17T16:45:56","date_gmt":"2025-10-17T08:45:56","guid":{"rendered":"https:\/\/green-grasshopper-921422.hostingersite.com\/?post_type=product&#038;p=16666"},"modified":"2026-01-13T00:53:01","modified_gmt":"2026-01-12T16:53:01","slug":"vhill-20000-puffar-engangs-vape","status":"publish","type":"product","link":"https:\/\/agoravape.com\/sv\/product\/vhill-20000-puffs-disposable-vape\/","title":{"rendered":"VHILL 20000 Puffs Mesh Coil Uppladdningsbar Vape | Stort antal Puffs med Enkel Typ-C-laddning"},"content":{"rendered":"<h2 data-v-md-heading=\"how-about-vhill-20000-port-mesh-coil-rechargeable-vape\" data-v-md-line=\"3\">Vad s\u00e4gs om VHILL 20000-ports mesh coil uppladdningsbar vape?<\/h2>\n<p data-v-md-line=\"4\">Om du \u00e4r tr\u00f6tt p\u00e5 att byta ut eng\u00e5ngsvapor med n\u00e5gra dagars mellanrum, kommer den h\u00e4r produkten att g\u00f6ra ditt liv enklare. VHILLs laddningsbara vaporizer med 20 000 portar g\u00f6r daglig anv\u00e4ndning enkel och bekv\u00e4m, med l\u00e5ng batteritid. Ingen anstr\u00e4ngning beh\u00f6vs, bara ladda och sug, den kan anv\u00e4ndas.<\/p>\n<p data-v-md-line=\"6\">Den passar alla som vill ha l\u00e5ngsiktig stabil anv\u00e4ndning utan att beh\u00f6va justera inst\u00e4llningar eller spolar. Du kanske tycker att den h\u00e4r typen av enhet med batteritid kan verka klumpig, men den \u00e4r kostnadseffektiv och enkel att anv\u00e4nda.<\/p>\n<h2 data-v-md-heading=\"excellent-performance-without-any-complexity\" data-v-md-line=\"8\">Utm\u00e4rkt prestanda utan n\u00e5gon komplexitet<\/h2>\n<p data-v-md-line=\"9\">1,0 \u03a9-meshspolen \u00e4r placerad i enhetens k\u00e4rna, vilket s\u00e4kerst\u00e4ller att varje port \u00e4r ren och stabil precis som den f\u00f6rsta porten. Smaken \u00e4r ljus och balanserad. N\u00e4r batteriet \u00e4r urladdat kan du anv\u00e4nda en vanlig typ-C-datakabel (som du kanske redan har anv\u00e4nt p\u00e5 din telefon) f\u00f6r att ladda den. Det \u00e4r enkelt.<\/p>\n<h2 data-v-md-heading=\"specification-introduction\" data-v-md-line=\"11\">Specification Introduction<\/h2>\n<p data-v-md-line=\"12\"><strong>Antal sugningar<\/strong>upp till 20 000 sugningar<br \/>\n<strong>Batteri<\/strong>650 mAh uppladdningsbart batteri<br \/>\n<strong>Nikotin<\/strong>Alternativen kan variera beroende p\u00e5 marknad. Kontakta oss f\u00f6r att bekr\u00e4fta aktuella f\u00f6rdelar.<br \/>\n<strong>Arbetsprincip<\/strong>Andas bara in f\u00f6r att aktivera<br \/>\n<strong>Laddning<\/strong>Standard USB-port av typ C<br \/>\n<strong>Status<\/strong>Klar att anv\u00e4nda direkt ur l\u00e5dan<\/p>\n<h2 data-v-md-heading=\"full-range-of-flavors\" data-v-md-line=\"19\">Fullt utbud av smaker<\/h2>\n<ul data-v-md-line=\"20\">\n<li>Bj\u00f6rnb\u00e4rsis<\/li>\n<li>K\u00f6rsb\u00e4rsglass<\/li>\n<li>Bl\u00e5b\u00e4r och vattenmeloner<\/li>\n<li>Druvis<\/li>\n<li>Persikois<\/li>\n<li>Blandad b\u00e4ris<\/li>\n<li>Vattenmelon och hallon<\/li>\n<li>Rosa citronvatten<\/li>\n<li>Vattenmelonbubbelgummi<\/li>\n<li>Jordgubbsvattenmelon<\/li>\n<li>Druva Jordgubb<\/li>\n<li>Bl\u00e5b\u00e4rkiwi<\/li>\n<li>Bl\u00e5 isbanan<\/li>\n<\/ul>\n<h2 data-v-md-heading=\"for-you-for-your-business\" data-v-md-line=\"34\">F\u00f6r dig, f\u00f6r ditt f\u00f6retag<\/h2>\n<p data-v-md-line=\"35\">Du kan k\u00f6pa enskilda varor f\u00f6r personligt bruk eller fylla p\u00e5 lagret till din butik. Grossistl\u00e5dan inneh\u00e5ller 200 stycken, s\u00e5 det \u00e4r mycket bekv\u00e4mt att fylla p\u00e5 lagret. Vi erbjuder DDP-leveranser inom Europa med betrodda partners som UPS, DPD och DHL, s\u00e5 att du kan f\u00e5 tydliga fraktkostnader och sp\u00e5rbar leveransinformation och undvika ov\u00e4ntade tullsituationer.<\/p>\n<p data-v-md-line=\"37\">Introduktion till best\u00e4mmelser. I vissa EU-l\u00e4nder\/regioner kan h\u00f6gsugande apparater \u00f6verskrida gr\u00e4nserna i tobaksproduktdirektivet (TPD). Kontrollera lokala best\u00e4mmelser innan du g\u00f6r en best\u00e4llning. Vi s\u00e4ljer endast till vuxna och utf\u00f6r \u00e5ldersverifiering i kassan.<\/p>\n<h2 data-v-md-heading=\"why-do-you-like-it\" data-v-md-line=\"39\">Why do you like it<\/h2>\n<p data-v-md-line=\"40\"><strong>Massivt sug:<\/strong>\u00a0Minska dubbletter och minimera kr\u00e5ngel<br \/>\n<strong>Nikotinval<\/strong>V\u00e4lj den nikotinkoncentration som passar dina vanor<br \/>\n<strong>Uppladdningsbar<\/strong>Anv\u00e4nd upp varje droppe e-v\u00e4tska du k\u00f6per<br \/>\n<strong>N\u00e4tspole<\/strong>Fr\u00e5n f\u00f6rsta till sista tuggan f\u00f6rblir smaken konsekvent<br \/>\n<strong>Bekv\u00e4mt typ-C-gr\u00e4nssnitt:<\/strong>\u00a0Laddning kan g\u00f6ras var som helst utan behov av speciella kablar<\/p>\n<h2 data-v-md-heading=\"why-choose-agoravape\" data-v-md-line=\"46\">Varf\u00f6r v\u00e4lja AgoraVape?<\/h2>\n<p data-v-md-line=\"47\">Vi k\u00f6per endast \u00e4kta produkter fr\u00e5n auktoriserade \u00e5terf\u00f6rs\u00e4ljare. Detta inneb\u00e4r att vi kan erbjuda p\u00e5litlig kvalitet f\u00f6r dig och dina kunder. F\u00f6retagskunder kan dra nytta av konkurrenskraftiga grossistpriser, snabb support samt snabb DDP-leverans och fullst\u00e4ndiga sp\u00e5rningstj\u00e4nster. Betalningen sker via en s\u00e4ker betalningsgateway som st\u00f6djer vanliga kreditkort och PayPal. V\u00e5rt team st\u00e5r alltid till din tj\u00e4nst f\u00f6r att hj\u00e4lpa dig med smakval, efterlevnadsfr\u00e5gor och kundsupport. Vill du k\u00f6pa <a class=\"wpil_keyword_link\" title=\"Vhill\" href=\"https:\/\/agoravape.com\/sv\/varumarke\/vhill\/\" data-wpil-keyword-link=\"linked\" data-wpil-monitor-id=\"33\">VHILL 20000 bloss<\/a> Mesh Coil uppladdningsbara vapes online? Kontakta oss, vi kommer att f\u00f6rse dig med stabil leverans f\u00f6r att s\u00e4kerst\u00e4lla kundernas \u00e5terv\u00e4ndande.<\/p>","protected":false},"excerpt":{"rendered":"<p>&nbsp;<\/p>\n<p><script src=\"chrome-extension:\/\/fpelahbljekknahkcaegamhcndkfpfnc\/iFrame.js\" type=\"text\/javascript\"><\/script><\/p>\n<p><script src=\"chrome-extension:\/\/fpelahbljekknahkcaegamhcndkfpfnc\/iFrame.js\" type=\"text\/javascript\"><\/script><\/p>\n<p><script src=\"chrome-extension:\/\/fpelahbljekknahkcaegamhcndkfpfnc\/iFrame.js\" type=\"text\/javascript\"><\/script><\/p>\n<p><script src=\"chrome-extension:\/\/fpelahbljekknahkcaegamhcndkfpfnc\/iFrame.js\" type=\"text\/javascript\"><\/script><\/p>\n<p><script src=\"chrome-extension:\/\/fpelahbljekknahkcaegamhcndkfpfnc\/iFrame.js\" type=\"text\/javascript\"><\/script><\/p>\n<p><script src=\"chrome-extension:\/\/fpelahbljekknahkcaegamhcndkfpfnc\/iFrame.js\" type=\"text\/javascript\"><\/script><\/p>\n<p><script src=\"chrome-extension:\/\/fpelahbljekknahkcaegamhcndkfpfnc\/iFrame.js\" type=\"text\/javascript\"><\/script><\/p>\n<p><script src=\"chrome-extension:\/\/fpelahbljekknahkcaegamhcndkfpfnc\/iFrame.js\" type=\"text\/javascript\"><\/script><\/p>\n<p><script src=\"chrome-extension:\/\/fpelahbljekknahkcaegamhcndkfpfnc\/iFrame.js\" type=\"text\/javascript\"><\/script><\/p>\n<p><script src=\"chrome-extension:\/\/fpelahbljekknahkcaegamhcndkfpfnc\/iFrame.js\" type=\"text\/javascript\"><\/script><\/p>\n<p><script src=\"chrome-extension:\/\/fpelahbljekknahkcaegamhcndkfpfnc\/iFrame.js\" type=\"text\/javascript\"><\/script><\/p>\n<p><script src=\"chrome-extension:\/\/fpelahbljekknahkcaegamhcndkfpfnc\/iFrame.js\" type=\"text\/javascript\"><\/script><\/p>","protected":false},"featured_media":16687,"comment_status":"open","ping_status":"closed","template":"","meta":[],"product_brand":[227],"product_cat":[124,185,1636,189,174,175,193,191,173,186,180,190,154],"product_tag":[],"class_list":{"0":"post-16666","1":"product","2":"type-product","3":"status-publish","4":"has-post-thumbnail","6":"product_brand-vhill","7":"product_cat-vape-by-brand","8":"product_cat-10000-puffs-high-capacity","9":"product_cat-20000-puffs","10":"product_cat-20mg-standard-nicotine-vapes","11":"product_cat-fruit-flavors","12":"product_cat-icy-mint","13":"product_cat-mesh-coil","14":"product_cat-rechargeable-disposables","15":"product_cat-vape-by-flavor-profile","16":"product_cat-vape-by-nicotine-strength","17":"product_cat-vape-by-puff-count","18":"product_cat-vape-by-feature-or-type","19":"product_cat-vhill","21":"first","22":"instock","23":"shipping-taxable","24":"purchasable","25":"product-type-variable","26":"has-default-attributes"},"tiered_pricing_type":"percentage","tiered_pricing_fixed_rules":[],"tiered_pricing_product_settings":{"layout":"default","base_unit_name":{"singular":null,"plural":null},"default_variation":null},"tiered_pricing_minimum_quantity":20,"tiered_pricing_roles_data":[],"tiered_pricing_percentage_rules":{"50":"35","100":"40","200":"44","500":"47","1000":"49"},"tiered_pricing_maximum_quantity":null,"tiered_pricing_quantity_step":"10","_links":{"self":[{"href":"https:\/\/agoravape.com\/sv\/wp-json\/wp\/v2\/product\/16666","targetHints":{"allow":["GET"]}}],"collection":[{"href":"https:\/\/agoravape.com\/sv\/wp-json\/wp\/v2\/product"}],"about":[{"href":"https:\/\/agoravape.com\/sv\/wp-json\/wp\/v2\/types\/product"}],"replies":[{"embeddable":true,"href":"https:\/\/agoravape.com\/sv\/wp-json\/wp\/v2\/comments?post=16666"}],"version-history":[{"count":0,"href":"https:\/\/agoravape.com\/sv\/wp-json\/wp\/v2\/product\/16666\/revisions"}],"wp:featuredmedia":[{"embeddable":true,"href":"https:\/\/agoravape.com\/sv\/wp-json\/wp\/v2\/media\/16687"}],"wp:attachment":[{"href":"https:\/\/agoravape.com\/sv\/wp-json\/wp\/v2\/media?parent=16666"}],"wp:term":[{"taxonomy":"product_brand","embeddable":true,"href":"https:\/\/agoravape.com\/sv\/wp-json\/wp\/v2\/product_brand?post=16666"},{"taxonomy":"product_cat","embeddable":true,"href":"https:\/\/agoravape.com\/sv\/wp-json\/wp\/v2\/product_cat?post=16666"},{"taxonomy":"product_tag","embeddable":true,"href":"https:\/\/agoravape.com\/sv\/wp-json\/wp\/v2\/product_tag?post=16666"}],"curies":[{"name":"wp","href":"https:\/\/api.w.org\/{rel}","templated":true}]}}