{"id":16701,"date":"2025-10-17T17:04:25","date_gmt":"2025-10-17T09:04:25","guid":{"rendered":"https:\/\/green-grasshopper-921422.hostingersite.com\/?post_type=product&#038;p=16701"},"modified":"2026-01-19T22:02:23","modified_gmt":"2026-01-19T14:02:23","slug":"crazyace-b15000-puffs-dubbel-tank-vape","status":"publish","type":"product","link":"https:\/\/agoravape.com\/sv\/product\/crazyace-b15000-puffs-dual-tank-vape\/","title":{"rendered":"CRAZYACE B15000 Puffs Eng\u00e5ngsvape med Dubbel Tank | L\u00e5ngvarig Smak med Enkel Typ-C-laddning"},"content":{"rendered":"<h2 data-v-md-heading=\"what-are-the-special-features-of-crazyace-b15000-disposable-vapes-with-dual-oil-storage-compartments\" data-v-md-line=\"3\">Vilka \u00e4r de speciella egenskaperna hos CRAZYACE B15000 eng\u00e5ngsvapor med dubbla oljef\u00f6rvaringsfack?<\/h2>\n<p data-v-md-line=\"4\">Om du \u00e4r tr\u00f6tt p\u00e5 de d\u00e4r vape-produkterna som f\u00e5r slut p\u00e5 batteri halvv\u00e4gs genom en vecka kanske du vill ta en titt p\u00e5 den h\u00e4r produkten. CRAZYACE B15000 \u00e4r utrustad med ett uppladdningsbart batteri som kan lagra upp till 15 000 e-v\u00e4tskor, s\u00e5 att du enkelt kan njuta av de e-v\u00e4tskor du k\u00f6per. Om du vill ha en h\u00f6gkapacitets, uts\u00f6kt och enkel vape-upplevelse \u00e4r den h\u00e4r produkten det perfekta valet.<\/p>\n<p data-v-md-line=\"6\">Du kanske tror att en vape med s\u00e5 stor kapacitet skulle vara klumpig, men du kommer att bli f\u00f6rv\u00e5nad. Den har en gedigen k\u00e4nsla men \u00e4r ocks\u00e5 l\u00e4tt att b\u00e4ra, med en design med dubbla oljef\u00f6rvaringsfack som h\u00e5ller smaken fr\u00e4sch hela tiden.<\/p>\n<h2 data-v-md-heading=\"excellent-performance-worry-free\" data-v-md-line=\"8\">Utm\u00e4rkt prestanda, bekymmersfritt<\/h2>\n<p data-v-md-line=\"9\">Inbyggda 1,0 \u03a9 dubbla mesh-spolar g\u00f6r varje tugga lika uts\u00f6kt som den f\u00f6rsta smaken. J\u00e4mnt luftfl\u00f6de, ren sugkraft, inget behov av att manipulera n\u00e5gra knappar. N\u00e4r batteriet \u00e4r l\u00e5gt ansluter du bara en typ-C-datakabel, som kan vara samma som datakabeln p\u00e5 din telefon. Det \u00e4r enkelt.<\/p>\n<h2 data-v-md-heading=\"specification-overview\" data-v-md-line=\"11\">Specifikations\u00f6versikt<\/h2>\n<ul data-v-md-line=\"12\">\n<li>Sugfrekvens: upp till 15000 g\u00e5nger<\/li>\n<li>Nikotininneh\u00e5ll: Tillg\u00e5ngen varierar beroende p\u00e5 marknad. Kontakta oss f\u00f6r att f\u00e5 veta mer om aktuella specifikationer och alternativ som uppfyller EU:s TPD-standarder.<\/li>\n<li>Working principle: Activated by inhalation<\/li>\n<li>Laddning: USB-gr\u00e4nssnitt av typ C<\/li>\n<li>Batteri: 900 mAh uppladdningsbart batteri<\/li>\n<li>E-v\u00e4tskekapacitet: Dubbla f\u00f6rvaringsfack 10 ml + 10 ml<\/li>\n<li>Atomiseringsk\u00e4rna: Dubbelmaskig 1,0 \u03a9<\/li>\n<li>Storlek: 48 \u00d7 24,5 \u00d7 104 mm<\/li>\n<li>Material: PC<\/li>\n<li>Vikt: 83 gram<\/li>\n<li>Status: Klar att anv\u00e4nda vid uppackning<\/li>\n<\/ul>\n<h2 data-v-md-heading=\"full-range-of-flavors\" data-v-md-line=\"24\">Fullt utbud av smaker<\/h2>\n<ul data-v-md-line=\"25\">\n<li>Bananis<\/li>\n<li>F\u00e4rsk mynta<\/li>\n<li>Vattenmelonbubbelgummi<\/li>\n<li>Tjock is<\/li>\n<li>Blandade b\u00e4r<\/li>\n<li>K\u00f6rsb\u00e4rs- och citronvatten<\/li>\n<li>Bl\u00e5b\u00e4rs- och hallongis<\/li>\n<li>Hawaiiansk mynta<\/li>\n<li>Jordgubbsvattenmelon<\/li>\n<li>Jordgubbs- och citronvatten<\/li>\n<li>Jordgubb, kiwi<\/li>\n<li>Regnb\u00e5gsexplosion<\/li>\n<li>Hallonvattenmelon<\/li>\n<\/ul>\n<h2 data-v-md-heading=\"for-you-for-your-business\" data-v-md-line=\"39\">F\u00f6r dig, f\u00f6r ditt f\u00f6retag<\/h2>\n<p data-v-md-line=\"40\">Du kan k\u00f6pa <a class=\"wpil_keyword_link\" title=\"GALSKAP\" href=\"https:\/\/agoravape.com\/sv\/varumarke\/crazyace\/\" data-wpil-keyword-link=\"linked\" data-wpil-monitor-id=\"32\">GALSKAP<\/a> B15000 eng\u00e5ngsvapes med dubbla beh\u00e5llare f\u00f6r personligt bruk eller f\u00f6r att fylla p\u00e5 lagret i din butik. Grossistf\u00f6rs\u00e4ljningen sker i form av 10 medelstora l\u00e5dor och 200 stora l\u00e5dor f\u00f6r att f\u00f6renkla lagerhanteringen.<\/p>\n<p data-v-md-line=\"42\">Vi erbjuder ett skattefritt DDP-alternativ i hela Europa genom partners som UPS, DPD och DHL, vilket g\u00f6r att du f\u00e5r tydliga priser och slipper tull\u00f6verraskningar. Om du beh\u00f6ver blanda smaker eller anpassa kombinationer, v\u00e4nligen kontakta v\u00e5rt team.<\/p>\n<p data-v-md-line=\"44\">Kort f\u00f6rklaring av efterlevnad: De tv\u00e5 lagringstankarna p\u00e5 B15000 har en total volym p\u00e5 20 milliliter. EU:s TPD2-f\u00f6rordning anger att den maximala kapaciteten f\u00f6r eng\u00e5ngslagringstankar f\u00f6r olja \u00e4r 2 milliliter och att det maximala nikotininneh\u00e5llet \u00e4r 20 milligram per milliliter. Kontrollera lokala f\u00f6reskrifter f\u00f6re f\u00f6rs\u00e4ljning. V\u00e5rt team kan ge rekommendationer f\u00f6r alternativa l\u00f6sningar som \u00e4r anpassade f\u00f6r specifika marknader.<\/p>\n<h2 data-v-md-heading=\"why-do-you-like-it\" data-v-md-line=\"46\">Why do you like it<\/h2>\n<ul data-v-md-line=\"47\">\n<li>Stor kapacitet: H\u00e5llbar och l\u00e5ngvarig, inget behov av frekventa ink\u00f6p<\/li>\n<li>Nikotinutbud: Tillg\u00e5ngen varierar i olika regioner, s\u00e5 du kan v\u00e4lja det mest l\u00e4mpliga nikotinet<\/li>\n<li>Uppladdningsbar: Du kan anv\u00e4nda upp all e-v\u00e4tska utan att sl\u00e4nga enheten i f\u00f6rv\u00e4g<\/li>\n<li>K\u00e4rna av n\u00e4tf\u00f6r\u00e5ngare: J\u00e4mn smak och tillfredsst\u00e4llande sugupplevelse<\/li>\n<\/ul>\n<h2 data-v-md-heading=\"why-choose-to-collaborate-with-agoravape\" data-v-md-line=\"52\">Varf\u00f6r v\u00e4lja att samarbeta med AgoraVape?<\/h2>\n<p data-v-md-line=\"53\">Vi k\u00f6per in \u00e4kta produkter fr\u00e5n 100% och erbjuder garantier f\u00f6r dessa. Genom att k\u00f6pa <a class=\"wpil_keyword_link\" title=\"GALSKAP\" href=\"https:\/\/agoravape.com\/sv\/vape-efter-varumarke\/crazyace\/\" data-wpil-keyword-link=\"linked\" data-wpil-monitor-id=\"55\">GALSKAP<\/a> B15000 Puffs eng\u00e5ngsvapes, du f\u00e5r mycket konkurrenskraftiga grossistpriser, p\u00e5litlig support och snabba och p\u00e5litliga leveranstj\u00e4nster. Om du beh\u00f6ver hj\u00e4lp, till exempel med att l\u00e4gga till EU-kompatibla etiketter i din butik eller genomf\u00f6ra \u00e5lderskontroll, kan vi tillgodose dina behov. Kontakta oss f\u00f6r att k\u00f6pa en enhet med h\u00f6g kapacitet som dina kunder kommer att vilja \u00e5terv\u00e4nda till.<\/p>","protected":false},"excerpt":{"rendered":"<p>Vilka \u00e4r de speciella egenskaperna hos CRAZYACE B15000 eng\u00e5ngsvapor med dubbla oljelagringsfack? Om du \u00e4r tr\u00f6tt p\u00e5 dem<\/p>","protected":false},"featured_media":16723,"comment_status":"open","ping_status":"closed","template":"","meta":[],"product_brand":[229],"product_cat":[124,185,1635,189,156,174,175,193,191,173,186,180,190],"product_tag":[],"class_list":{"0":"post-16701","1":"product","2":"type-product","3":"status-publish","4":"has-post-thumbnail","6":"product_brand-crazyace","7":"product_cat-vape-by-brand","8":"product_cat-10000-puffs-high-capacity","9":"product_cat-15000-puffs","10":"product_cat-20mg-standard-nicotine-vapes","11":"product_cat-crazyace","12":"product_cat-fruit-flavors","13":"product_cat-icy-mint","14":"product_cat-mesh-coil","15":"product_cat-rechargeable-disposables","16":"product_cat-vape-by-flavor-profile","17":"product_cat-vape-by-nicotine-strength","18":"product_cat-vape-by-puff-count","19":"product_cat-vape-by-feature-or-type","21":"first","22":"onbackorder","23":"shipping-taxable","24":"purchasable","25":"product-type-variable","26":"has-default-attributes"},"tiered_pricing_type":"percentage","tiered_pricing_fixed_rules":[],"tiered_pricing_product_settings":{"layout":"default","base_unit_name":{"singular":null,"plural":null},"default_variation":null},"tiered_pricing_minimum_quantity":10,"tiered_pricing_roles_data":[],"tiered_pricing_percentage_rules":{"30":"29","50":"35","100":"40","200":"44","500":"47","1000":"49"},"tiered_pricing_maximum_quantity":null,"tiered_pricing_quantity_step":"10","_links":{"self":[{"href":"https:\/\/agoravape.com\/sv\/wp-json\/wp\/v2\/product\/16701","targetHints":{"allow":["GET"]}}],"collection":[{"href":"https:\/\/agoravape.com\/sv\/wp-json\/wp\/v2\/product"}],"about":[{"href":"https:\/\/agoravape.com\/sv\/wp-json\/wp\/v2\/types\/product"}],"replies":[{"embeddable":true,"href":"https:\/\/agoravape.com\/sv\/wp-json\/wp\/v2\/comments?post=16701"}],"version-history":[{"count":0,"href":"https:\/\/agoravape.com\/sv\/wp-json\/wp\/v2\/product\/16701\/revisions"}],"wp:featuredmedia":[{"embeddable":true,"href":"https:\/\/agoravape.com\/sv\/wp-json\/wp\/v2\/media\/16723"}],"wp:attachment":[{"href":"https:\/\/agoravape.com\/sv\/wp-json\/wp\/v2\/media?parent=16701"}],"wp:term":[{"taxonomy":"product_brand","embeddable":true,"href":"https:\/\/agoravape.com\/sv\/wp-json\/wp\/v2\/product_brand?post=16701"},{"taxonomy":"product_cat","embeddable":true,"href":"https:\/\/agoravape.com\/sv\/wp-json\/wp\/v2\/product_cat?post=16701"},{"taxonomy":"product_tag","embeddable":true,"href":"https:\/\/agoravape.com\/sv\/wp-json\/wp\/v2\/product_tag?post=16701"}],"curies":[{"name":"wp","href":"https:\/\/api.w.org\/{rel}","templated":true}]}}