{"id":16821,"date":"2025-10-17T17:58:48","date_gmt":"2025-10-17T09:58:48","guid":{"rendered":"https:\/\/green-grasshopper-921422.hostingersite.com\/?post_type=product&#038;p=16821"},"modified":"2026-01-19T22:02:03","modified_gmt":"2026-01-19T14:02:03","slug":"bug-12000-puffar-rgb-ljus-vape","status":"publish","type":"product","link":"https:\/\/agoravape.com\/sv\/product\/bug-12000-puffs-rgb-light-vape\/","title":{"rendered":"BUG 12K Puffs LED Display Vape with RGB Light | Long-Lasting, Simple, and Sharp Looking"},"content":{"rendered":"<h2 data-v-md-heading=\"bug-12k-suction-capacity-led-display-vape-with-rgb-light-what-s-special-about-it\" data-v-md-line=\"3\">BUG 12K sugkapacitet LED-display vape med RGB-ljus, vad \u00e4r speciellt med den?<\/h2>\n<p data-v-md-line=\"4\">Om du \u00e4r tr\u00f6tt p\u00e5 eng\u00e5ngsvapor som f\u00f6rbrukar alldeles f\u00f6r mycket br\u00e4nsle, kommer den h\u00e4r produkten definitivt att f\u00e5 dig att \u00e4lska den. BUG 12K vape har en kapacitet p\u00e5 upp till 12000 bloss, \u00e4r utrustad med en tydlig LED-display och i\u00f6gonfallande RGB-lampor, med ett snyggt men \u00e4nd\u00e5 diskret utseende. Den \u00e4r designad f\u00f6r dig som str\u00e4var efter h\u00e5llbarhet, ren smak och noll belastning.<\/p>\n<p data-v-md-line=\"6\">Du kanske tror att en vape med s\u00e5 h\u00f6g r\u00f6kkapacitet skulle g\u00f6ra den klumpig, men den h\u00e4r vapen \u00e4r v\u00e4ldigt portabel. Den v\u00e4ger 91 gram och m\u00e4ter cirka 116 x 32 millimeter, vilket g\u00f6r den enkel att f\u00e5 plats i en ficka eller v\u00e4ska. Nikotinhalten \u00e4r 2 %, redo att anv\u00e4ndas direkt ur l\u00e5dan. N\u00e4r batteriet \u00e4r l\u00e5gt anv\u00e4nder du bara Type-C-datakabeln f\u00f6r att ladda den.<\/p>\n<h2 data-v-md-heading=\"excellent-performance-easy-and-convenient\" data-v-md-line=\"8\">Utm\u00e4rkt prestanda, enkelt och bekv\u00e4mt<\/h2>\n<p data-v-md-line=\"9\">N\u00e4tspolen b\u00e4r det tunga ansvaret. Den kan v\u00e4rmas j\u00e4mnt, vilket g\u00f6r din f\u00f6rsta tugga lika mjuk som din hundrade tugga. En 1,1 \u03a9-spole hj\u00e4lper till att bibeh\u00e5lla en mjuk och j\u00e4mn smak. Inbyggd 16 ml e-v\u00e4tska och ett 800 mAh uppladdningsbart batteri. N\u00e4r laddning beh\u00f6vs, anv\u00e4nd helt enkelt samma typ-C-datakabel som telefonen. Enkelt och bekv\u00e4mt.<\/p>\n<h2 data-v-md-heading=\"specification-introduction\" data-v-md-line=\"11\">Specification Introduction<\/h2>\n<ul data-v-md-line=\"12\">\n<li>Sugfrekvens: upp till 12000 g\u00e5nger<\/li>\n<li>Nikotinhalt: 2 % (20 mg\/ml)<\/li>\n<li>Working principle: Activated by inhalation<\/li>\n<li>Laddning: USB-gr\u00e4nssnitt av typ C<\/li>\n<li>Status: Klar att anv\u00e4nda direkt ur l\u00e5dan<\/li>\n<li>Atomiseringsk\u00e4rna: 1,1 \u03a9 mesh<\/li>\n<li>E-v\u00e4tskekapacitet: 16 milliliter<\/li>\n<li>Battery: 800 mAh rechargeable battery<\/li>\n<li>Sk\u00e4rm och belysning: LED-sk\u00e4rm med RGB-lampor<\/li>\n<li>Ytterligare funktioner: inklusive upph\u00e4ngningsrep<\/li>\n<li>Storlek och vikt: 116 \u00d7 32 millimeter, 91 gram<\/li>\n<\/ul>\n<h2 data-v-md-heading=\"for-you-and-your-business\" data-v-md-line=\"24\">For you and your business<\/h2>\n<p data-v-md-line=\"25\">Vill du k\u00f6pa sj\u00e4lv? Enkelt och l\u00e4tt att implementera. L\u00e4gg till i kundvagnen och njut av en h\u00e5llbar och l\u00e4ttanv\u00e4nd vape-upplevelse med tydliga LED-avl\u00e4sningar och sl\u00e5ende RGB-belysning.<\/p>\n<p data-v-md-line=\"27\">Handlar du i en fysisk butik eller onlinebutik? Vi levererar \u00e4kta BUG 12K vapes i form av grossistkartong, med f\u00f6rdelaktiga priser och stabila leveranser. Vi samarbetar med betrodda partners som UPS, DPD och DHL f\u00f6r att tillhandah\u00e5lla DDP-leveranstj\u00e4nster, s\u00e5 att tullar kan behandlas i f\u00f6rv\u00e4g f\u00f6r att undvika tullolyckor. V\u00e5rt team kan hj\u00e4lpa dig att planera din produktportf\u00f6lj f\u00f6r att tillfredsst\u00e4lla \u00e5terkommande kunder.<\/p>\n<h2 data-v-md-heading=\"why-do-you-like-it\" data-v-md-line=\"29\">Why do you like it<\/h2>\n<ul data-v-md-line=\"30\">\n<li>Stor sugkapacitet: upp till 12 000 portar, vilket g\u00f6r att du kan minska utbytestiden och ha roligare.<\/li>\n<li>Bekv\u00e4m laddning: Typ-C-laddning inneb\u00e4r att du kan anv\u00e4nda alla k\u00f6pta e-v\u00e4tskor.<\/li>\n<li>J\u00e4mn smak: N\u00e4tspiralen s\u00e4kerst\u00e4ller en j\u00e4mn konsistens fr\u00e5n b\u00f6rjan till slut.<\/li>\n<li>L\u00e4tt att anv\u00e4nda: LED-sk\u00e4rmen \u00e4r tydligt synlig och RGB-belysningen g\u00f6r det lite roligare.<\/li>\n<li>B\u00e4rbar och l\u00e4tt att b\u00e4ra: Den kompakta kroppen \u00e4r utrustad med ett praktiskt upph\u00e4ngningsrep, vilket g\u00f6r den enkel att b\u00e4ra.<\/li>\n<\/ul>\n<h2 data-v-md-heading=\"why-choose-agoravape\" data-v-md-line=\"36\">Varf\u00f6r v\u00e4lja AgoraVape?<\/h2>\n<p data-v-md-line=\"37\">Vi s\u00e4ljer endast 100 % \u00e4kta produkter fr\u00e5n p\u00e5litliga varum\u00e4rken. Genom att k\u00f6pa BUG 12K LED-display-vapes (med RGB-belysning) kan du dra nytta av rabatterade grossistpriser, snabb teknisk support och snabba DDP-leveranser inom Europa. Diskutera med oss \u200b\u200bhur du kan reservera utrustning som dina kunder kommer att k\u00f6pa igen.<\/p>","protected":false},"excerpt":{"rendered":"<p>&nbsp;<\/p>\n<p><script src=\"chrome-extension:\/\/fpelahbljekknahkcaegamhcndkfpfnc\/iFrame.js\" type=\"text\/javascript\"><\/script><\/p>\n<p><script src=\"chrome-extension:\/\/fpelahbljekknahkcaegamhcndkfpfnc\/iFrame.js\" type=\"text\/javascript\"><\/script><\/p>\n<p><script src=\"chrome-extension:\/\/fpelahbljekknahkcaegamhcndkfpfnc\/iFrame.js\" type=\"text\/javascript\"><\/script><\/p>\n<p><script src=\"chrome-extension:\/\/fpelahbljekknahkcaegamhcndkfpfnc\/iFrame.js\" type=\"text\/javascript\"><\/script><\/p>\n<p><script src=\"chrome-extension:\/\/fpelahbljekknahkcaegamhcndkfpfnc\/iFrame.js\" type=\"text\/javascript\"><\/script><\/p>\n<p><script src=\"chrome-extension:\/\/fpelahbljekknahkcaegamhcndkfpfnc\/iFrame.js\" type=\"text\/javascript\"><\/script><\/p>\n<p><script src=\"chrome-extension:\/\/fpelahbljekknahkcaegamhcndkfpfnc\/iFrame.js\" type=\"text\/javascript\"><\/script><\/p>\n<p><script src=\"chrome-extension:\/\/fpelahbljekknahkcaegamhcndkfpfnc\/iFrame.js\" type=\"text\/javascript\"><\/script><\/p>\n<p><script src=\"chrome-extension:\/\/fpelahbljekknahkcaegamhcndkfpfnc\/iFrame.js\" type=\"text\/javascript\"><\/script><\/p>\n<p><script src=\"chrome-extension:\/\/fpelahbljekknahkcaegamhcndkfpfnc\/iFrame.js\" type=\"text\/javascript\"><\/script><\/p>\n<p><script src=\"chrome-extension:\/\/fpelahbljekknahkcaegamhcndkfpfnc\/iFrame.js\" type=\"text\/javascript\"><\/script><\/p>\n<p><script src=\"chrome-extension:\/\/fpelahbljekknahkcaegamhcndkfpfnc\/iFrame.js\" type=\"text\/javascript\"><\/script><\/p>","protected":false},"featured_media":16846,"comment_status":"open","ping_status":"closed","template":"","meta":[],"product_brand":[230],"product_cat":[124,185,189,157,174,175,193,191,173,186,180,190,192],"product_tag":[],"class_list":{"0":"post-16821","1":"product","2":"type-product","3":"status-publish","4":"has-post-thumbnail","6":"product_brand-bug","7":"product_cat-vape-by-brand","8":"product_cat-10000-puffs-high-capacity","9":"product_cat-20mg-standard-nicotine-vapes","10":"product_cat-bug","11":"product_cat-fruit-flavors","12":"product_cat-icy-mint","13":"product_cat-mesh-coil","14":"product_cat-rechargeable-disposables","15":"product_cat-vape-by-flavor-profile","16":"product_cat-vape-by-nicotine-strength","17":"product_cat-vape-by-puff-count","18":"product_cat-vape-by-feature-or-type","19":"product_cat-vapes-with-screens","21":"first","22":"onbackorder","23":"shipping-taxable","24":"purchasable","25":"product-type-variable","26":"has-default-attributes"},"tiered_pricing_type":"percentage","tiered_pricing_fixed_rules":[],"tiered_pricing_product_settings":{"layout":"default","base_unit_name":{"singular":null,"plural":null},"default_variation":null},"tiered_pricing_minimum_quantity":10,"tiered_pricing_roles_data":[],"tiered_pricing_percentage_rules":{"30":"29","50":"35","100":"40","200":"44","500":"47","1000":"49"},"tiered_pricing_maximum_quantity":null,"tiered_pricing_quantity_step":"10","_links":{"self":[{"href":"https:\/\/agoravape.com\/sv\/wp-json\/wp\/v2\/product\/16821","targetHints":{"allow":["GET"]}}],"collection":[{"href":"https:\/\/agoravape.com\/sv\/wp-json\/wp\/v2\/product"}],"about":[{"href":"https:\/\/agoravape.com\/sv\/wp-json\/wp\/v2\/types\/product"}],"replies":[{"embeddable":true,"href":"https:\/\/agoravape.com\/sv\/wp-json\/wp\/v2\/comments?post=16821"}],"version-history":[{"count":0,"href":"https:\/\/agoravape.com\/sv\/wp-json\/wp\/v2\/product\/16821\/revisions"}],"wp:featuredmedia":[{"embeddable":true,"href":"https:\/\/agoravape.com\/sv\/wp-json\/wp\/v2\/media\/16846"}],"wp:attachment":[{"href":"https:\/\/agoravape.com\/sv\/wp-json\/wp\/v2\/media?parent=16821"}],"wp:term":[{"taxonomy":"product_brand","embeddable":true,"href":"https:\/\/agoravape.com\/sv\/wp-json\/wp\/v2\/product_brand?post=16821"},{"taxonomy":"product_cat","embeddable":true,"href":"https:\/\/agoravape.com\/sv\/wp-json\/wp\/v2\/product_cat?post=16821"},{"taxonomy":"product_tag","embeddable":true,"href":"https:\/\/agoravape.com\/sv\/wp-json\/wp\/v2\/product_tag?post=16821"}],"curies":[{"name":"wp","href":"https:\/\/api.w.org\/{rel}","templated":true}]}}