{"id":16862,"date":"2025-10-17T18:05:48","date_gmt":"2025-10-17T10:05:48","guid":{"rendered":"https:\/\/green-grasshopper-921422.hostingersite.com\/?post_type=product&#038;p=16862"},"modified":"2026-01-19T22:01:57","modified_gmt":"2026-01-19T14:01:57","slug":"bugg-bc5000-puffar-vape","status":"publish","type":"product","link":"https:\/\/agoravape.com\/sv\/product\/bug-bc5000-puffs-vape\/","title":{"rendered":"BUG BC5000 Puffs Compact Mesh Coil Eng\u00e5ngsvape | Stor smak som varar"},"content":{"rendered":"<h2 data-v-md-heading=\"what-is-special-about-the-bug-bc5000-compact-mesh-coil-disposable-vape\" data-v-md-line=\"3\">Vad \u00e4r speciellt med BUG BC5000 compact mesh coil eng\u00e5ngsvape?<\/h2>\n<p data-v-md-line=\"4\">Om du \u00e4r tr\u00f6tt p\u00e5 eng\u00e5ngs e-cigaretter som g\u00e5r ut p\u00e5 en dag, \u00e4r den h\u00e4r produkten exakt vad du beh\u00f6ver. BUG BC5000 \u00e4r utrustad med en mesh-spole som kan uppn\u00e5 upp till 5000 sug, vilket bibeh\u00e5ller en stabil smak fr\u00e5n f\u00f6rsta till sista tuggan.<\/p>\n<p data-v-md-line=\"6\">Om du vill ha en p\u00e5litlig och bekv\u00e4m vape \u00e4r det h\u00e4r det perfekta valet. Inget behov av knappar, inget behov av menyer. Ladda helt enkelt genom Type-C-gr\u00e4nssnittet f\u00f6r att andas in luft. Du kanske tror att vapes med s\u00e5 m\u00e5nga puffar \u00e4r skrymmande, men deras storlek \u00e4r bara 81 \u00d7 41 \u00d7 20 millimeter och vikten \u00e4r bara 50 gram, vilket g\u00f6r dem mycket praktiska att b\u00e4ra.<\/p>\n<h2 data-v-md-heading=\"excellent-performance-easy-and-convenient\" data-v-md-line=\"8\">Utm\u00e4rkt prestanda, enkelt och bekv\u00e4mt<\/h2>\n<p data-v-md-line=\"9\">Mesh-spolen v\u00e4rms upp j\u00e4mnt, vilket g\u00f6r varje tugga lika uts\u00f6kt som den f\u00f6rsta smaken. Den anv\u00e4nder ett 1,1 \u03a9-motst\u00e5nd som balanserar mjuk r\u00f6k och rik smak. N\u00e4r batteriet \u00e4r svagt kan du anv\u00e4nda samma typ C-datakabel som din telefon f\u00f6r att ladda det. Det \u00e4r mycket enkelt.<\/p>\n<h2 data-v-md-heading=\"specification-introduction\" data-v-md-line=\"11\">Specification Introduction<\/h2>\n<p data-v-md-line=\"12\"><strong>Suction frequency<\/strong>: upp till 5000 g\u00e5nger<br \/>\n<strong>Nicotine Content<\/strong>: 2% Nikotinsalt<br \/>\n<strong>Arbetsprincip<\/strong>Andas bara in f\u00f6r att aktivera<br \/>\n<strong>Laddning<\/strong>: Standard typ C-gr\u00e4nssnitt<br \/>\n<strong>Status<\/strong>Klar att anv\u00e4nda vid uppackning<\/p>\n<h2 data-v-md-heading=\"multiple-flavor-options\" data-v-md-line=\"18\">Flera smakalternativ<\/h2>\n<ul data-v-md-line=\"19\">\n<li>Vattenmelonis<\/li>\n<li>Strawberry Juice<\/li>\n<li>Grape jelly<\/li>\n<li>Persikois<\/li>\n<li>Bj\u00f6rnb\u00e4rsis<\/li>\n<li>Sour Pineapple<\/li>\n<li>Citron och lime<\/li>\n<li>Bl\u00e5 isbanan<\/li>\n<li>Jordgubbsmango<\/li>\n<li>Bl\u00e5b\u00e4r<\/li>\n<li>Hallon Surt \u00e4pple<\/li>\n<li>Bl\u00e5b\u00e4r och hallon<\/li>\n<\/ul>\n<h2 data-v-md-heading=\"for-you-for-your-business\" data-v-md-line=\"32\">F\u00f6r dig, f\u00f6r ditt f\u00f6retag<\/h2>\n<p data-v-md-line=\"33\">Du kan k\u00f6pa BUG BC5000 till dig sj\u00e4lv eller l\u00e4gga till det i din butik. Vi erbjuder grossistl\u00e5dor med 10 enheter och stora l\u00e5dor med 200 enheter f\u00f6r att uppfylla kraven p\u00e5 bulkbest\u00e4llningar. Enheten \u00e4r utrustad med en 12 milliliters e-v\u00e4tskebeh\u00e5llare och ett 500mAh uppladdningsbart batteri, vilket s\u00e4kerst\u00e4ller att kunderna kan utnyttja varje droppe e-v\u00e4tska fullt ut.<\/p>\n<p data-v-md-line=\"35\">Vi anv\u00e4nder p\u00e5litliga partners som UPS, DPD och DHL f\u00f6r att skicka inom Europa via DDP, s\u00e5 att tullar och tullf\u00f6rfaranden kan behandlas i f\u00f6rv\u00e4g och sp\u00e5rningsinformationen \u00e4r tydlig. P\u00e5 grund av enhetens kapacitet p\u00e5 12 milliliter, v\u00e4nligen kontrollera lokala best\u00e4mmelser innan du best\u00e4ller nikotinprodukter.<\/p>\n<h2 data-v-md-heading=\"why-do-you-like-it\" data-v-md-line=\"37\">Why do you like it<\/h2>\n<p data-v-md-line=\"38\"><strong>Large suction capacity:<\/strong>\u00a0H\u00e5llbar och l\u00e5ngvarig, inget behov av att ofta k\u00f6pa ny e-v\u00e4tska.<br \/>\n<strong>2% nikotin:<\/strong>\u00a0M\u00e5ttlig koncentration, fyllig smak, men inte skarp.<br \/>\n<strong>Uppladdningsbar:<\/strong>\u00a0Du kan anv\u00e4nda alla k\u00f6pta e-v\u00e4tskor.<br \/>\n<strong>K\u00e4rna av n\u00e4tf\u00f6r\u00e5ngare:<\/strong>\u00a0Smaken \u00e4r j\u00e4mn och du kan njuta av en smidig sugupplevelse varje g\u00e5ng.<br \/>\n<strong>Kompakt struktur:<\/strong>\u00a0L\u00e4tt att b\u00e4ra, bekv\u00e4mt grepp.<\/p>\n<h2 data-v-md-heading=\"why-choose-to-collaborate-with-agoravape\" data-v-md-line=\"44\">Varf\u00f6r v\u00e4lja att samarbeta med AgoraVape?<\/h2>\n<p data-v-md-line=\"45\">Vi s\u00e4ljer bara 100% \u00e4kta utrustning och har ingen tvekan om det. BUG BC5000 tillhandah\u00e5ller mycket konkurrenskraftiga grossistpriser, snabb responsst\u00f6d och snabba DDP-leveranstj\u00e4nster. Vi anv\u00e4nder s\u00e4kra betalningsgateways och kraftfulla \u00e5ldersverifieringsmekanismer f\u00f6r att s\u00e4kerst\u00e4lla produkt\u00f6verensst\u00e4mmelse. V\u00e5r returpolicy \u00e4r klar och tydlig, s\u00e5 att du kan k\u00f6pa med sinnesfrid. \u00c4r du redo att k\u00f6pa en enhet som kunderna kommer att \u00e5terbes\u00f6ka? V\u00e4lkommen att fr\u00e5ga.<\/p>","protected":false},"excerpt":{"rendered":"<p>&nbsp;<\/p>\n<p><script src=\"chrome-extension:\/\/fpelahbljekknahkcaegamhcndkfpfnc\/iFrame.js\" type=\"text\/javascript\"><\/script><\/p>\n<p><script src=\"chrome-extension:\/\/fpelahbljekknahkcaegamhcndkfpfnc\/iFrame.js\" type=\"text\/javascript\"><\/script><\/p>\n<p><script src=\"chrome-extension:\/\/fpelahbljekknahkcaegamhcndkfpfnc\/iFrame.js\" type=\"text\/javascript\"><\/script><\/p>\n<p><script src=\"chrome-extension:\/\/fpelahbljekknahkcaegamhcndkfpfnc\/iFrame.js\" type=\"text\/javascript\"><\/script><\/p>\n<p><script src=\"chrome-extension:\/\/fpelahbljekknahkcaegamhcndkfpfnc\/iFrame.js\" type=\"text\/javascript\"><\/script><\/p>\n<p><script src=\"chrome-extension:\/\/fpelahbljekknahkcaegamhcndkfpfnc\/iFrame.js\" type=\"text\/javascript\"><\/script><\/p>\n<p><script src=\"chrome-extension:\/\/fpelahbljekknahkcaegamhcndkfpfnc\/iFrame.js\" type=\"text\/javascript\"><\/script><\/p>\n<p><script src=\"chrome-extension:\/\/fpelahbljekknahkcaegamhcndkfpfnc\/iFrame.js\" type=\"text\/javascript\"><\/script><\/p>\n<p><script src=\"chrome-extension:\/\/fpelahbljekknahkcaegamhcndkfpfnc\/iFrame.js\" type=\"text\/javascript\"><\/script><\/p>\n<p><script src=\"chrome-extension:\/\/fpelahbljekknahkcaegamhcndkfpfnc\/iFrame.js\" type=\"text\/javascript\"><\/script><\/p>\n<p><script src=\"chrome-extension:\/\/fpelahbljekknahkcaegamhcndkfpfnc\/iFrame.js\" type=\"text\/javascript\"><\/script><\/p>\n<p><script src=\"chrome-extension:\/\/fpelahbljekknahkcaegamhcndkfpfnc\/iFrame.js\" type=\"text\/javascript\"><\/script><\/p>","protected":false},"featured_media":16886,"comment_status":"open","ping_status":"closed","template":"","meta":[],"product_brand":[230],"product_cat":[124,189,184,157,174,175,193,191,173,186,180,190],"product_tag":[],"class_list":{"0":"post-16862","1":"product","2":"type-product","3":"status-publish","4":"has-post-thumbnail","6":"product_brand-bug","7":"product_cat-vape-by-brand","8":"product_cat-20mg-standard-nicotine-vapes","9":"product_cat-5000-8000-puffs","10":"product_cat-bug","11":"product_cat-fruit-flavors","12":"product_cat-icy-mint","13":"product_cat-mesh-coil","14":"product_cat-rechargeable-disposables","15":"product_cat-vape-by-flavor-profile","16":"product_cat-vape-by-nicotine-strength","17":"product_cat-vape-by-puff-count","18":"product_cat-vape-by-feature-or-type","20":"first","21":"onbackorder","22":"shipping-taxable","23":"purchasable","24":"product-type-variable","25":"has-default-attributes"},"tiered_pricing_type":"percentage","tiered_pricing_fixed_rules":[],"tiered_pricing_product_settings":{"layout":"default","base_unit_name":{"singular":null,"plural":null},"default_variation":null},"tiered_pricing_minimum_quantity":10,"tiered_pricing_roles_data":[],"tiered_pricing_percentage_rules":{"30":"29","50":"35","100":"40","200":"44","500":"47","1000":"49"},"tiered_pricing_maximum_quantity":null,"tiered_pricing_quantity_step":"10","_links":{"self":[{"href":"https:\/\/agoravape.com\/sv\/wp-json\/wp\/v2\/product\/16862","targetHints":{"allow":["GET"]}}],"collection":[{"href":"https:\/\/agoravape.com\/sv\/wp-json\/wp\/v2\/product"}],"about":[{"href":"https:\/\/agoravape.com\/sv\/wp-json\/wp\/v2\/types\/product"}],"replies":[{"embeddable":true,"href":"https:\/\/agoravape.com\/sv\/wp-json\/wp\/v2\/comments?post=16862"}],"version-history":[{"count":0,"href":"https:\/\/agoravape.com\/sv\/wp-json\/wp\/v2\/product\/16862\/revisions"}],"wp:featuredmedia":[{"embeddable":true,"href":"https:\/\/agoravape.com\/sv\/wp-json\/wp\/v2\/media\/16886"}],"wp:attachment":[{"href":"https:\/\/agoravape.com\/sv\/wp-json\/wp\/v2\/media?parent=16862"}],"wp:term":[{"taxonomy":"product_brand","embeddable":true,"href":"https:\/\/agoravape.com\/sv\/wp-json\/wp\/v2\/product_brand?post=16862"},{"taxonomy":"product_cat","embeddable":true,"href":"https:\/\/agoravape.com\/sv\/wp-json\/wp\/v2\/product_cat?post=16862"},{"taxonomy":"product_tag","embeddable":true,"href":"https:\/\/agoravape.com\/sv\/wp-json\/wp\/v2\/product_tag?post=16862"}],"curies":[{"name":"wp","href":"https:\/\/api.w.org\/{rel}","templated":true}]}}