{"id":16963,"date":"2025-10-18T10:42:20","date_gmt":"2025-10-18T02:42:20","guid":{"rendered":"https:\/\/green-grasshopper-921422.hostingersite.com\/?post_type=product&#038;p=16963"},"modified":"2026-03-31T04:20:47","modified_gmt":"2026-03-31T02:20:47","slug":"bangbox-50000-puffs-vape-med-dubbla-smaker","status":"publish","type":"product","link":"https:\/\/agoravape.com\/sv\/product\/bangbox-50000-puffs-dual-flavor-vape\/","title":{"rendered":"BANGBOX 50K Puffs Dubbelsmak Dubbelcoil Vape Online | Tv\u00e5 smaker. Stort antal puffar. Enkel laddning."},"content":{"rendered":"<h2 data-v-md-heading=\"what-are-the-special-features-of-online-purchase-of-bangbox-50k-dual-flavor-dual-coil-vape\" data-v-md-line=\"3\"><img loading=\"lazy\" decoding=\"async\" class=\"aligncenter size-full wp-image-16977\" src=\"https:\/\/agoravape.com\/wp-content\/uploads\/2025\/10\/BANGBOX-50K-Puffs-Dual-Flavor-Dual-Coil-Vape-Online_Agora_vape-1.webp\" alt=\"\" width=\"2000\" height=\"900\" srcset=\"https:\/\/agoravape.com\/wp-content\/uploads\/2025\/10\/BANGBOX-50K-Puffs-Dual-Flavor-Dual-Coil-Vape-Online_Agora_vape-1.webp 2000w, https:\/\/agoravape.com\/wp-content\/uploads\/2025\/10\/BANGBOX-50K-Puffs-Dual-Flavor-Dual-Coil-Vape-Online_Agora_vape-1-1200x540.webp 1200w, https:\/\/agoravape.com\/wp-content\/uploads\/2025\/10\/BANGBOX-50K-Puffs-Dual-Flavor-Dual-Coil-Vape-Online_Agora_vape-1-300x135.webp 300w, https:\/\/agoravape.com\/wp-content\/uploads\/2025\/10\/BANGBOX-50K-Puffs-Dual-Flavor-Dual-Coil-Vape-Online_Agora_vape-1-1024x461.webp 1024w, https:\/\/agoravape.com\/wp-content\/uploads\/2025\/10\/BANGBOX-50K-Puffs-Dual-Flavor-Dual-Coil-Vape-Online_Agora_vape-1-768x346.webp 768w, https:\/\/agoravape.com\/wp-content\/uploads\/2025\/10\/BANGBOX-50K-Puffs-Dual-Flavor-Dual-Coil-Vape-Online_Agora_vape-1-1536x691.webp 1536w\" sizes=\"auto, (max-width: 2000px) 100vw, 2000px\" \/><\/h2>\n<h2 data-v-md-heading=\"what-are-the-special-features-of-online-purchase-of-bangbox-50k-dual-flavor-dual-coil-vape\" data-v-md-line=\"3\">Vilka \u00e4r de speciella funktionerna vid onlinek\u00f6p av BANGBOX 50K dual flavor dual coil vape?<\/h2>\n<p data-v-md-line=\"4\">Om du \u00e4r tr\u00f6tt p\u00e5 att byta apparat f\u00f6r att \u00e4ndra din smak, kommer den h\u00e4r produkten att uppfylla dina behov. BANGBOX integrerar tv\u00e5 smaker i en h\u00e5llbar eng\u00e5ngsvape, vilket g\u00f6r att du enkelt kan byta ut den utan att beh\u00f6va b\u00e4ra med dig en reservvape. Den har en batteritid p\u00e5 upp till 50 000 enheter och h\u00e5ller dig informerad hela tiden genom tydliga batteri- och e-v\u00e4tskeindikatorer.<\/p>\n<p data-v-md-line=\"6\">Om du vill ha en enkel och l\u00e4ttanv\u00e4nd vape med stabil smak, utan behov av menyer eller otympliga knappar, \u00e4r den h\u00e4r produkten det perfekta valet. Den dubbla mesh-spolen ger en stark smak, och batteriet kan laddas med en vanlig typ-C-kabel. Inget behov av tr\u00e5kiga operationer.<\/p>\n<h2 data-v-md-heading=\"excellent-performance-easy-and-convenient\" data-v-md-line=\"8\">Utm\u00e4rkt prestanda, enkelt och bekv\u00e4mt<\/h2>\n<p data-v-md-line=\"9\">BANGBOX \u00e4r utrustad med 0,8 \u03a9 dubbla mesh-spolar, vilket alltid kan bibeh\u00e5lla en j\u00e4mn smak. Halva veckan har g\u00e5tt och det finns ingen lukt av br\u00e4nt. Laddning via typ-C-gr\u00e4nssnitt, s\u00e5 laddningskabeln du anv\u00e4nder f\u00f6r din telefon borde ocks\u00e5 fungera. Enheten visar batteri och batteriniv\u00e5, s\u00e5 du beh\u00f6ver inte oroa dig f\u00f6r att gissa hela dagen. Du kanske tror att en vape med ett s\u00e5 stort antal munh\u00e5l borde k\u00e4nnas bra, men den \u00e4r fortfarande v\u00e4ldigt bekv\u00e4m att h\u00e5lla i handen och l\u00e4tt att stoppa i fickan.<\/p>\n<h2 data-v-md-heading=\"specification-introduction\" data-v-md-line=\"11\">Specification Introduction<\/h2>\n<ul data-v-md-line=\"12\">\n<li>Sugfrekvens: upp till 50000 g\u00e5nger<\/li>\n<li>Nikotinhalt: 0 %, 2 %, 3 %, 5 % (specifik tillg\u00e5ng beror p\u00e5 lokala f\u00f6reskrifter)<\/li>\n<li>E-v\u00e4tskekapacitet: 45 milliliter<\/li>\n<li>Atomiseringsk\u00e4rna: 0,8 \u03a9 dubbelmaskig spole<\/li>\n<li>Batteri: 17350 ren koboltcell, 850 mAh, 5A urladdning<\/li>\n<li>Sk\u00e4rm: batteriniv\u00e5 och e-v\u00e4tskeindikator<\/li>\n<li>Funktionsprincip: Aktiveras genom inandning<\/li>\n<li>Laddning: USB-gr\u00e4nssnitt av typ C<\/li>\n<li>Status: Klar att anv\u00e4nda vid uppackning<\/li>\n<\/ul>\n<h2 data-v-md-heading=\"multiple-flavor-options\" data-v-md-line=\"22\">Flera smakalternativ<\/h2>\n<ul data-v-md-line=\"23\">\n<li>Smaker av jordgubb, kiwi och dubbla druvor<\/li>\n<li>Smaker av ananas, mango, persika och jordgubb, k\u00f6rsb\u00e4r<\/li>\n<li>Smaker av persikjuice och bl\u00e5b\u00e4rscitronvatten<\/li>\n<li>Smaker av bl\u00e5b\u00e4rsis och citroncola<\/li>\n<li>Bl\u00e5b\u00e4rssur hallongis och blandade fruktsmaker<\/li>\n<li>Bl\u00e5b\u00e4rsis och citronlimesmaker<\/li>\n<li>Vattenmelon tuggummi och jordgubbssmak Vattenmelonsmak<\/li>\n<li>Red Bull Vattenmelon Is<\/li>\n<li>Smak av \u00e4pple, p\u00e4ron, kiwi, passionsfrukt och guava<\/li>\n<li>Black Dragon Ice Mang Persika Vattenmelon Smak<\/li>\n<li>Jordgubb Hallon Socker LOVE66 Smak<\/li>\n<li>Jordgubbsis Passionsfruktsmak<\/li>\n<\/ul>\n<h2 data-v-md-heading=\"for-you-and-for-your-business-as-well\" data-v-md-line=\"36\">F\u00f6r dig, och \u00e4ven f\u00f6r ditt f\u00f6retag<\/h2>\n<p data-v-md-line=\"37\">Du kan v\u00e4lja en f\u00f6r personligt bruk eller fylla p\u00e5 lagret till din butik. Grossistf\u00f6rpackning, 10 enheter per l\u00e5da. Om du beh\u00f6ver k\u00f6pa i stora kvantiteter erbjuder vi \u00e4ven kartongf\u00f6rpackningar. Du kan v\u00e4lja sm\u00e5 kartonger, som vardera inneh\u00e5ller 100 enheter och v\u00e4ger cirka 15 kilogram; eller stora kartonger, som vardera inneh\u00e5ller 200 enheter och v\u00e4ger cirka 29 kilogram.<\/p>\n<p data-v-md-line=\"39\">Vi skickar via betrodda partners som UPS, DPD och DHL p\u00e5 DDP-basis (Delivered Duty Paid) \u00f6ver hela Europa, s\u00e5 att tullar kan f\u00f6rbehandlas. Du kan dra nytta av sp\u00e5rning och noggrann f\u00f6rpackning f\u00f6r att s\u00e4kerst\u00e4lla smidig leverans av varor och undvika olyckor i tullen.<\/p>\n<p data-v-md-line=\"41\">\u00d6verensst\u00e4mmelsef\u00f6rklaring: Alternativen med 0 % och 2 % nikotinhalt g\u00e4ller f\u00f6r TPD\/TRRP-reglerade marknader. H\u00f6gre nikotinkoncentrationer \u00e4r endast tillg\u00e4ngliga enligt lokala lagar. Leveranssituationen kan variera beroende p\u00e5 land\/region.<\/p>\n<h2 data-v-md-heading=\"why-do-you-like-it\" data-v-md-line=\"43\">Why do you like it<\/h2>\n<ul data-v-md-line=\"44\">\n<li>Massiv sugkraft: upp till 50 000 bloss, vilket inneb\u00e4r f\u00e4rre upprepade best\u00e4llningar och kr\u00e5ngel.<\/li>\n<li>Tv\u00e5 smaker att v\u00e4lja mellan: Du beh\u00f6ver inte b\u00e4ra med dig tv\u00e5 vapes f\u00f6r att byta smak.<\/li>\n<li>Val av nikotinkoncentration: V\u00e4lj en koncentration som uppfyller dina preferenser och lokala f\u00f6reskrifter.<\/li>\n<li>Uppladdningsbar: Typ-C-laddning hj\u00e4lper dig att anv\u00e4nda alla 45 milliliter e-v\u00e4tska.<\/li>\n<li>Mesh-spiral: Dubbla 0,8 \u03a9-spiraler, fr\u00e5n den f\u00f6rsta porten till den sista porten, f\u00f6r att bibeh\u00e5lla en stabil smak.<\/li>\n<li>Tydliga indikatorlampor: tydliga batteri- och e-v\u00e4tskeniv\u00e5er med en blick, vilket undviker torrsugning.<\/li>\n<\/ul>\n<h2 data-v-md-heading=\"why-choose-agoravape\" data-v-md-line=\"51\">Varf\u00f6r v\u00e4lja AgoraVape?<\/h2>\n<p data-v-md-line=\"52\">Vi skickar endast 100 % \u00e4kta produkter direkt fr\u00e5n verifierade leverant\u00f6rer. F\u00f6retagsk\u00f6pare som k\u00f6per BANGBOX 50000 vapes med dubbla smaker och dubbla coils kan dra nytta av rabatterade grossistpriser, snabb teknisk support och snabb leverans via DDP inom Europa. Vi f\u00f6ljer EU:s \u00e5ldersverifieringskrav och uppr\u00e4tth\u00e5ller transparens p\u00e5 v\u00e5ra produktsidor, s\u00e5 att du kan g\u00f6ra dina k\u00f6p med sinnesro.<\/p>\n<p data-v-md-line=\"54\">Redo f\u00f6r best\u00e4llning i detaljhandeln eller grossistledet? Kontakta oss f\u00f6r priser och rabatter i realtid.<\/p>","protected":false},"excerpt":{"rendered":"<p>&nbsp;<\/p>","protected":false},"featured_media":16989,"comment_status":"open","ping_status":"closed","template":"","meta":[],"product_brand":[231],"product_cat":[124,187,185,189,1641,158,195,174,175,193,191,173,186,180,190,192],"product_tag":[],"class_list":{"0":"post-16963","1":"product","2":"type-product","3":"status-publish","4":"has-post-thumbnail","6":"product_brand-bang-box","7":"product_cat-vape-by-brand","8":"product_cat-0mg-nicotine-free-vapes","9":"product_cat-10000-puffs-high-capacity","10":"product_cat-20mg-standard-nicotine-vapes","11":"product_cat-50000-puffs","12":"product_cat-bang-box","13":"product_cat-dual-flavor-switch","14":"product_cat-fruit-flavors","15":"product_cat-icy-mint","16":"product_cat-mesh-coil","17":"product_cat-rechargeable-disposables","18":"product_cat-vape-by-flavor-profile","19":"product_cat-vape-by-nicotine-strength","20":"product_cat-vape-by-puff-count","21":"product_cat-vape-by-feature-or-type","22":"product_cat-vapes-with-screens","24":"first","25":"instock","26":"shipping-taxable","27":"purchasable","28":"product-type-variable","29":"has-default-attributes"},"tiered_pricing_type":"percentage","tiered_pricing_fixed_rules":[],"tiered_pricing_product_settings":{"layout":"default","base_unit_name":{"singular":null,"plural":null},"default_variation":null},"tiered_pricing_minimum_quantity":10,"tiered_pricing_roles_data":[],"tiered_pricing_percentage_rules":{"30":"29","50":"35","100":"40","200":"44","500":"47","1000":"49"},"tiered_pricing_maximum_quantity":null,"tiered_pricing_quantity_step":"10","_links":{"self":[{"href":"https:\/\/agoravape.com\/sv\/wp-json\/wp\/v2\/product\/16963","targetHints":{"allow":["GET"]}}],"collection":[{"href":"https:\/\/agoravape.com\/sv\/wp-json\/wp\/v2\/product"}],"about":[{"href":"https:\/\/agoravape.com\/sv\/wp-json\/wp\/v2\/types\/product"}],"replies":[{"embeddable":true,"href":"https:\/\/agoravape.com\/sv\/wp-json\/wp\/v2\/comments?post=16963"}],"version-history":[{"count":0,"href":"https:\/\/agoravape.com\/sv\/wp-json\/wp\/v2\/product\/16963\/revisions"}],"wp:featuredmedia":[{"embeddable":true,"href":"https:\/\/agoravape.com\/sv\/wp-json\/wp\/v2\/media\/16989"}],"wp:attachment":[{"href":"https:\/\/agoravape.com\/sv\/wp-json\/wp\/v2\/media?parent=16963"}],"wp:term":[{"taxonomy":"product_brand","embeddable":true,"href":"https:\/\/agoravape.com\/sv\/wp-json\/wp\/v2\/product_brand?post=16963"},{"taxonomy":"product_cat","embeddable":true,"href":"https:\/\/agoravape.com\/sv\/wp-json\/wp\/v2\/product_cat?post=16963"},{"taxonomy":"product_tag","embeddable":true,"href":"https:\/\/agoravape.com\/sv\/wp-json\/wp\/v2\/product_tag?post=16963"}],"curies":[{"name":"wp","href":"https:\/\/api.w.org\/{rel}","templated":true}]}}