{"id":16994,"date":"2025-10-18T10:58:12","date_gmt":"2025-10-18T02:58:12","guid":{"rendered":"https:\/\/green-grasshopper-921422.hostingersite.com\/?post_type=product&#038;p=16994"},"modified":"2026-03-31T04:20:46","modified_gmt":"2026-03-31T02:20:46","slug":"bangbox-12000-puffar-vape","status":"publish","type":"product","link":"https:\/\/agoravape.com\/sv\/product\/bangbox-12000-puffs-vape\/","title":{"rendered":"BANGBOX 12000 Puffs Uppladdningsbar Vape med Ljus | Stora Puffs, Enkel Laddning"},"content":{"rendered":"<h2 data-v-md-heading=\"what-is-the-bangbox-12000-rechargeable-vape-with-a-light\" data-v-md-line=\"3\"><img loading=\"lazy\" decoding=\"async\" class=\"aligncenter size-full wp-image-17008\" src=\"https:\/\/agoravape.com\/wp-content\/uploads\/2025\/10\/BANGBOX-12000-Puffs-Rechargeable-Vape-with-Light_Agora_vape-2.webp\" alt=\"\" width=\"2500\" height=\"1406\" srcset=\"https:\/\/agoravape.com\/wp-content\/uploads\/2025\/10\/BANGBOX-12000-Puffs-Rechargeable-Vape-with-Light_Agora_vape-2.webp 2500w, https:\/\/agoravape.com\/wp-content\/uploads\/2025\/10\/BANGBOX-12000-Puffs-Rechargeable-Vape-with-Light_Agora_vape-2-1200x675.webp 1200w, https:\/\/agoravape.com\/wp-content\/uploads\/2025\/10\/BANGBOX-12000-Puffs-Rechargeable-Vape-with-Light_Agora_vape-2-300x169.webp 300w, https:\/\/agoravape.com\/wp-content\/uploads\/2025\/10\/BANGBOX-12000-Puffs-Rechargeable-Vape-with-Light_Agora_vape-2-1024x576.webp 1024w, https:\/\/agoravape.com\/wp-content\/uploads\/2025\/10\/BANGBOX-12000-Puffs-Rechargeable-Vape-with-Light_Agora_vape-2-768x432.webp 768w, https:\/\/agoravape.com\/wp-content\/uploads\/2025\/10\/BANGBOX-12000-Puffs-Rechargeable-Vape-with-Light_Agora_vape-2-1536x864.webp 1536w, https:\/\/agoravape.com\/wp-content\/uploads\/2025\/10\/BANGBOX-12000-Puffs-Rechargeable-Vape-with-Light_Agora_vape-2-2048x1152.webp 2048w\" sizes=\"auto, (max-width: 2500px) 100vw, 2500px\" \/><\/h2>\n<h2 data-v-md-heading=\"what-is-the-bangbox-12000-rechargeable-vape-with-a-light\" data-v-md-line=\"3\">Vad \u00e4r den uppladdningsbara BANGBOX 12000-vapen med lampa?<\/h2>\n<p data-v-md-line=\"4\">Om du \u00e4r tr\u00f6tt p\u00e5 att anv\u00e4nda upp eng\u00e5ngsvapor innan du f\u00e5tt nog, kanske du vill prova den h\u00e4r. BANGBOX 12000 \u00e4r utrustad med ett uppladdningsbart batteri och levereras med en e-v\u00e4tska med stor kapacitet p\u00e5 20 ml, vilket ger dig en r\u00e4ckvidd p\u00e5 upp till 12 000 puffar, vilket ger dig valuta f\u00f6r pengarna.<\/p>\n<p data-v-md-line=\"6\">Om du vill ha en enkel och p\u00e5litlig vape som kan njuta av uts\u00f6kt mat varje g\u00e5ng utan problem, d\u00e5 \u00e4r denna vape det perfekta valet f\u00f6r dig. Den \u00e4r utrustad med mjuk lampsk\u00e4rmsbelysning, vilket ger en touch av mode, men inte f\u00f6r \u00f6verdrivet. H\u00f6ljet \u00e4r tjockt och inte klumpigt. Med en vikt p\u00e5 bara 84 gram och m\u00e5tten 137 x 40 x 40 millimeter f\u00e5r den l\u00e4tt plats i en ficka.<\/p>\n<h2 data-v-md-heading=\"excellent-performance-and-easy-operation\" data-v-md-line=\"8\">Utm\u00e4rkt prestanda och enkel anv\u00e4ndning<\/h2>\n<p data-v-md-line=\"9\">K\u00e4rnan i den h\u00e4r enheten \u00e4r n\u00e4tspolen, vilket s\u00e4kerst\u00e4ller en j\u00e4mn smak fr\u00e5n f\u00f6rsta till sista tuggan. Det kommer inte att finnas n\u00e5got onormalt l\u00e5gt sug eller torrt sug. N\u00e4r batteriet \u00e4r l\u00e5gt, anv\u00e4nd helt enkelt samma typ-C-gr\u00e4nssnitt som telefonens laddningskabel f\u00f6r att ladda. Det \u00e4r enkelt.<\/p>\n<h2 data-v-md-heading=\"specification-introduction\" data-v-md-line=\"11\">Specification Introduction<\/h2>\n<p data-v-md-line=\"12\"><strong>Suction frequency<\/strong>upp till 12 000 g\u00e5nger<br \/>\n<strong>Nikotin<\/strong>: 0 %, 2 %, 3 % och 5 % valfritt<br \/>\n<strong>Arbetsprincip<\/strong>Aktiveras genom inandning<br \/>\n<strong>Laddning<\/strong>Standard USB-gr\u00e4nssnitt av typ C<br \/>\n<strong>Status<\/strong>Klar att anv\u00e4nda vid uppackning<\/p>\n<h2 data-v-md-heading=\"full-range-of-flavors\" data-v-md-line=\"18\">Fullt utbud av smaker<\/h2>\n<ul data-v-md-line=\"19\">\n<li>Jordgubb och banan<\/li>\n<li>Kiwi, passionsfrukt, guava<\/li>\n<li>Jordgubb, kiwi<\/li>\n<li>Svart drakeis<\/li>\n<li>Surt \u00e4pple hallon<\/li>\n<li>Vattenmelonbubbelgummi<\/li>\n<li>Jordgubbsvattenmelon<\/li>\n<li>Strawberry Juice<\/li>\n<li>Vattenmelonis<\/li>\n<li>Vattenmelonmannen<\/li>\n<li>Bl\u00e5 isbanan<\/li>\n<\/ul>\n<p><img loading=\"lazy\" decoding=\"async\" class=\"aligncenter size-full wp-image-16993\" src=\"https:\/\/agoravape.com\/wp-content\/uploads\/2025\/10\/BANGBOX-12000-Puffs-Rechargeable-Vape-with-Light_Agora_vape-1-scaled.webp\" alt=\"\" width=\"1693\" height=\"2560\" srcset=\"https:\/\/agoravape.com\/wp-content\/uploads\/2025\/10\/BANGBOX-12000-Puffs-Rechargeable-Vape-with-Light_Agora_vape-1-scaled.webp 1693w, https:\/\/agoravape.com\/wp-content\/uploads\/2025\/10\/BANGBOX-12000-Puffs-Rechargeable-Vape-with-Light_Agora_vape-1-scaled-1200x1815.webp 1200w, https:\/\/agoravape.com\/wp-content\/uploads\/2025\/10\/BANGBOX-12000-Puffs-Rechargeable-Vape-with-Light_Agora_vape-1-198x300.webp 198w, https:\/\/agoravape.com\/wp-content\/uploads\/2025\/10\/BANGBOX-12000-Puffs-Rechargeable-Vape-with-Light_Agora_vape-1-677x1024.webp 677w, https:\/\/agoravape.com\/wp-content\/uploads\/2025\/10\/BANGBOX-12000-Puffs-Rechargeable-Vape-with-Light_Agora_vape-1-768x1161.webp 768w, https:\/\/agoravape.com\/wp-content\/uploads\/2025\/10\/BANGBOX-12000-Puffs-Rechargeable-Vape-with-Light_Agora_vape-1-1016x1536.webp 1016w, https:\/\/agoravape.com\/wp-content\/uploads\/2025\/10\/BANGBOX-12000-Puffs-Rechargeable-Vape-with-Light_Agora_vape-1-1355x2048.webp 1355w\" sizes=\"auto, (max-width: 1693px) 100vw, 1693px\" \/><\/p>\n<h2 data-v-md-heading=\"for-you-and-your-business\" data-v-md-line=\"31\">For you and your business<\/h2>\n<p data-v-md-line=\"32\">Du kan k\u00f6pa en BANGBOX 12000 f\u00f6r personligt bruk, eller s\u00e5 kan du k\u00f6pa 10 enheter per l\u00e5da i bulk. Planerar du massproduktion? Varje l\u00e5da inneh\u00e5ller 200 enheter, vilket g\u00f6r p\u00e5fyllning enkelt. Vi samarbetar med betrodda partners som UPS, DPD och DHL f\u00f6r att skicka varor \u00f6ver hela Europa p\u00e5 en Delivered Duty Paid-basis (DDP), vilket undviker tullolyckor.<\/p>\n<h2 data-v-md-heading=\"why-do-you-like-it\" data-v-md-line=\"34\">Why do you like it<\/h2>\n<p data-v-md-line=\"35\"><strong>Stor r\u00f6kkapacitet:<\/strong>\u00a0H\u00e5llbara och l\u00e5ngvariga, inget behov av att k\u00f6pa nya cigaretter ofta.<br \/>\n<strong>Nicotine selection:<\/strong>\u00a0V\u00e4lj den nikotinkoncentration som passar din dag.<br \/>\n<strong>Uppladdningsbar:<\/strong>\u00a0Anv\u00e4nd alla e-v\u00e4tskor utan att sl\u00f6sa en droppe.<br \/>\n<strong>N\u00e4tspiral:<\/strong>\u00a0J\u00e4mn smak och len upplevelse.<\/p>\n<h2 data-v-md-heading=\"why-choose-agoravape\" data-v-md-line=\"40\">Varf\u00f6r v\u00e4lja AgoraVape?<\/h2>\n<p data-v-md-line=\"41\">Vi s\u00e4ljer endast 100 % \u00e4kta produkter och tvivlar inte p\u00e5 det. F\u00f6r kommersiella k\u00f6pare inneb\u00e4r det att BANGBOX 12000 laddningsbara vapes (med lampor) har mycket konkurrenskraftiga grossistpriser, p\u00e5litlig support och snabb och p\u00e5litlig leverans inom Europa. Kontakta oss f\u00f6r att fylla p\u00e5 lagret \u00e5t dina kunder och g\u00f6ra dem glada att bes\u00f6ka oss igen.<\/p>","protected":false},"excerpt":{"rendered":"<p>&nbsp;<\/p>","protected":false},"featured_media":17019,"comment_status":"open","ping_status":"closed","template":"","meta":[],"product_brand":[231],"product_cat":[124,187,185,1634,189,158,174,175,193,191,173,186,180,190],"product_tag":[],"class_list":{"0":"post-16994","1":"product","2":"type-product","3":"status-publish","4":"has-post-thumbnail","6":"product_brand-bang-box","7":"product_cat-vape-by-brand","8":"product_cat-0mg-nicotine-free-vapes","9":"product_cat-10000-puffs-high-capacity","10":"product_cat-12000-puffs","11":"product_cat-20mg-standard-nicotine-vapes","12":"product_cat-bang-box","13":"product_cat-fruit-flavors","14":"product_cat-icy-mint","15":"product_cat-mesh-coil","16":"product_cat-rechargeable-disposables","17":"product_cat-vape-by-flavor-profile","18":"product_cat-vape-by-nicotine-strength","19":"product_cat-vape-by-puff-count","20":"product_cat-vape-by-feature-or-type","22":"first","23":"onbackorder","24":"shipping-taxable","25":"purchasable","26":"product-type-variable","27":"has-default-attributes"},"tiered_pricing_type":"percentage","tiered_pricing_fixed_rules":[],"tiered_pricing_product_settings":{"layout":"default","base_unit_name":{"singular":null,"plural":null},"default_variation":null},"tiered_pricing_minimum_quantity":10,"tiered_pricing_roles_data":[],"tiered_pricing_percentage_rules":{"30":"29","50":"35","100":"40","200":"44","500":"47","1000":"49"},"tiered_pricing_maximum_quantity":null,"tiered_pricing_quantity_step":"10","_links":{"self":[{"href":"https:\/\/agoravape.com\/sv\/wp-json\/wp\/v2\/product\/16994","targetHints":{"allow":["GET"]}}],"collection":[{"href":"https:\/\/agoravape.com\/sv\/wp-json\/wp\/v2\/product"}],"about":[{"href":"https:\/\/agoravape.com\/sv\/wp-json\/wp\/v2\/types\/product"}],"replies":[{"embeddable":true,"href":"https:\/\/agoravape.com\/sv\/wp-json\/wp\/v2\/comments?post=16994"}],"version-history":[{"count":1,"href":"https:\/\/agoravape.com\/sv\/wp-json\/wp\/v2\/product\/16994\/revisions"}],"predecessor-version":[{"id":29817,"href":"https:\/\/agoravape.com\/sv\/wp-json\/wp\/v2\/product\/16994\/revisions\/29817"}],"wp:featuredmedia":[{"embeddable":true,"href":"https:\/\/agoravape.com\/sv\/wp-json\/wp\/v2\/media\/17019"}],"wp:attachment":[{"href":"https:\/\/agoravape.com\/sv\/wp-json\/wp\/v2\/media?parent=16994"}],"wp:term":[{"taxonomy":"product_brand","embeddable":true,"href":"https:\/\/agoravape.com\/sv\/wp-json\/wp\/v2\/product_brand?post=16994"},{"taxonomy":"product_cat","embeddable":true,"href":"https:\/\/agoravape.com\/sv\/wp-json\/wp\/v2\/product_cat?post=16994"},{"taxonomy":"product_tag","embeddable":true,"href":"https:\/\/agoravape.com\/sv\/wp-json\/wp\/v2\/product_tag?post=16994"}],"curies":[{"name":"wp","href":"https:\/\/api.w.org\/{rel}","templated":true}]}}