{"id":17050,"date":"2025-10-18T11:22:24","date_gmt":"2025-10-18T03:22:24","guid":{"rendered":"https:\/\/green-grasshopper-921422.hostingersite.com\/?post_type=product&#038;p=17050"},"modified":"2026-03-31T04:20:45","modified_gmt":"2026-03-31T02:20:45","slug":"bangbox-20000-puffar-vape","status":"publish","type":"product","link":"https:\/\/agoravape.com\/sv\/product\/bangbox-20000-puffs-vape\/","title":{"rendered":"BANGBOX 20000 Puffs Mesh Coil Eng\u00e5ngsvape EU | L\u00e5ngvarig smak, Enkel att ladda"},"content":{"rendered":"<h2 data-v-md-heading=\"what-are-the-special-features-of-bangbox-20000-port-mesh-coil-disposable-vape-european-standard\" data-v-md-line=\"3\"><img loading=\"lazy\" decoding=\"async\" class=\"aligncenter size-full wp-image-17049\" src=\"https:\/\/agoravape.com\/wp-content\/uploads\/2025\/10\/BANGBOX-20000-Puffs-Mesh-Coil-Disposable-Vape-EU_Agora_vape-1.webp\" alt=\"\" width=\"2560\" height=\"1440\" srcset=\"https:\/\/agoravape.com\/wp-content\/uploads\/2025\/10\/BANGBOX-20000-Puffs-Mesh-Coil-Disposable-Vape-EU_Agora_vape-1.webp 2560w, https:\/\/agoravape.com\/wp-content\/uploads\/2025\/10\/BANGBOX-20000-Puffs-Mesh-Coil-Disposable-Vape-EU_Agora_vape-1-1200x675.webp 1200w, https:\/\/agoravape.com\/wp-content\/uploads\/2025\/10\/BANGBOX-20000-Puffs-Mesh-Coil-Disposable-Vape-EU_Agora_vape-1-300x169.webp 300w, https:\/\/agoravape.com\/wp-content\/uploads\/2025\/10\/BANGBOX-20000-Puffs-Mesh-Coil-Disposable-Vape-EU_Agora_vape-1-1024x576.webp 1024w, https:\/\/agoravape.com\/wp-content\/uploads\/2025\/10\/BANGBOX-20000-Puffs-Mesh-Coil-Disposable-Vape-EU_Agora_vape-1-768x432.webp 768w, https:\/\/agoravape.com\/wp-content\/uploads\/2025\/10\/BANGBOX-20000-Puffs-Mesh-Coil-Disposable-Vape-EU_Agora_vape-1-1536x864.webp 1536w, https:\/\/agoravape.com\/wp-content\/uploads\/2025\/10\/BANGBOX-20000-Puffs-Mesh-Coil-Disposable-Vape-EU_Agora_vape-1-2048x1152.webp 2048w\" sizes=\"auto, (max-width: 2560px) 100vw, 2560px\" \/><\/h2>\n<h2 data-v-md-heading=\"what-are-the-special-features-of-bangbox-20000-port-mesh-coil-disposable-vape-european-standard\" data-v-md-line=\"3\">Vilka \u00e4r de speciella egenskaperna hos BANGBOX 20000 port mesh coil eng\u00e5ngsvape (europeisk standard)?<\/h2>\n<p data-v-md-line=\"4\">Om du \u00e4r tr\u00f6tt p\u00e5 eng\u00e5ngsvapor som anv\u00e4nds p\u00e5 vardagar kanske du vill ta en titt p\u00e5 den h\u00e4r produkten. BANGBOX har en kapacitet p\u00e5 upp till 20 000 portar och \u00e4r utrustad med en tydlig batteridisplay, s\u00e5 att du exakt kan se n\u00e4r du beh\u00f6ver ladda. Inget behov av att gissa, enkelt och bekv\u00e4mt.<\/p>\n<p data-v-md-line=\"6\">Om du vill ha en p\u00e5litlig, uts\u00f6kt och f\u00e4rdig att anv\u00e4nda vape, d\u00e5 \u00e4r denna produkt det perfekta valet. Du kanske tror att en enhet med s\u00e5 stor kapacitet skulle vara otymplig, men storleken p\u00e5 <a class=\"wpil_keyword_link\" href=\"https:\/\/agoravape.com\/sv\/produkt\/bangbox-50000-puffs-vape-med-dubbla-smaker\/\" target=\"_blank\" rel=\"noopener\" title=\"BANGBOX 50K Puffs Dubbelsmak Dubbelcoil Vape Online | Tv\u00e5 smaker. Stort antal puffar. Enkel laddning.\" data-wpil-keyword-link=\"linked\" data-wpil-monitor-id=\"7163\">BANGBOX<\/a> \u00e4r f\u00f6rv\u00e5nansv\u00e4rt liten, bara 142 \u00d7 33 \u00d7 33 millimeter. Den v\u00e4ger cirka 105 gram, k\u00e4nns gedigen, men k\u00e4nns inte tung.<\/p>\n<h2 data-v-md-heading=\"excellent-performance-and-easy-operation\" data-v-md-line=\"8\">Utm\u00e4rkt prestanda och enkel anv\u00e4ndning<\/h2>\n<p data-v-md-line=\"9\">K\u00e4rnan i den h\u00e4r enheten \u00e4r n\u00e4tspolen, vilket s\u00e4kerst\u00e4ller en j\u00e4mn smak fr\u00e5n f\u00f6rsta till sista tuggan. Ta bara ett bloss f\u00f6r att aktivera. N\u00e4r batteriet \u00e4r l\u00e5gt kan du ansluta Type-C-datakabeln och anv\u00e4nda en telefonladdare f\u00f6r att ladda den. Den lilla sk\u00e4rmen visar batteristatusen, vilket g\u00f6r att du har kontroll \u00f6ver allt.<\/p>\n<h2 data-v-md-heading=\"specification-introduction\" data-v-md-line=\"11\">Specification Introduction<\/h2>\n<p data-v-md-line=\"12\"><strong>Suction frequency<\/strong>upp till 20 000 g\u00e5nger<br \/>\n<strong>Nikotininneh\u00e5ll<\/strong>: 0%, 2%, 3%, 5%<br \/>\n<strong>Arbetsprincip<\/strong>Andas bara in f\u00f6r att aktivera<br \/>\n<strong>Laddning<\/strong>Standard USB-gr\u00e4nssnitt av typ C<br \/>\n<strong>Status<\/strong>Klar att anv\u00e4nda vid uppackning<\/p>\n<h2 data-v-md-heading=\"full-range-of-flavors\" data-v-md-line=\"18\">Fullt utbud av smaker<\/h2>\n<ul data-v-md-line=\"19\">\n<li>Jordgubb, kiwi<\/li>\n<li>Kiwi, passionsfrukt, guava<\/li>\n<li>Jordgubbsvattenmelon<\/li>\n<li>Hallonvattenmelon<\/li>\n<li>Bl\u00e5b\u00e4rssur hallongis<\/li>\n<li>Vattenmelonis<\/li>\n<li>Bananis<\/li>\n<li>Mango och persika<\/li>\n<li>Bl\u00e5 isbanan<\/li>\n<li>Mr. Blueberry (Red Bull + Blandade B\u00e4r)<\/li>\n<li>Druvis<\/li>\n<li>Mangois<\/li>\n<\/ul>\n<p><img loading=\"lazy\" decoding=\"async\" class=\"aligncenter size-full wp-image-17076\" src=\"https:\/\/agoravape.com\/wp-content\/uploads\/2025\/10\/BANGBOX-20000-Puffs-Mesh-Coil-Disposable-Vape-EU_Agora_vape-14.webp\" alt=\"\" width=\"2269\" height=\"1276\" srcset=\"https:\/\/agoravape.com\/wp-content\/uploads\/2025\/10\/BANGBOX-20000-Puffs-Mesh-Coil-Disposable-Vape-EU_Agora_vape-14.webp 2269w, https:\/\/agoravape.com\/wp-content\/uploads\/2025\/10\/BANGBOX-20000-Puffs-Mesh-Coil-Disposable-Vape-EU_Agora_vape-14-1200x675.webp 1200w, https:\/\/agoravape.com\/wp-content\/uploads\/2025\/10\/BANGBOX-20000-Puffs-Mesh-Coil-Disposable-Vape-EU_Agora_vape-14-300x169.webp 300w, https:\/\/agoravape.com\/wp-content\/uploads\/2025\/10\/BANGBOX-20000-Puffs-Mesh-Coil-Disposable-Vape-EU_Agora_vape-14-1024x576.webp 1024w, https:\/\/agoravape.com\/wp-content\/uploads\/2025\/10\/BANGBOX-20000-Puffs-Mesh-Coil-Disposable-Vape-EU_Agora_vape-14-768x432.webp 768w, https:\/\/agoravape.com\/wp-content\/uploads\/2025\/10\/BANGBOX-20000-Puffs-Mesh-Coil-Disposable-Vape-EU_Agora_vape-14-1536x864.webp 1536w, https:\/\/agoravape.com\/wp-content\/uploads\/2025\/10\/BANGBOX-20000-Puffs-Mesh-Coil-Disposable-Vape-EU_Agora_vape-14-2048x1152.webp 2048w\" sizes=\"auto, (max-width: 2269px) 100vw, 2269px\" \/><\/p>\n<h2 data-v-md-heading=\"for-you-and-your-business\" data-v-md-line=\"32\">For you and your business<\/h2>\n<p data-v-md-line=\"33\">Du kan k\u00f6pa en BANGBOX 20000 f\u00f6r personligt bruk eller f\u00f6r att fylla p\u00e5 lagret till din butik. Grossistf\u00f6rpackningen \u00e4r 10 stycken per l\u00e5da, 100 eller 200 stycken per l\u00e5da (om du vill k\u00f6pa i stora kvantiteter). Det artikelnummer som \u00e4r praktiskt att best\u00e4lla \u00e4r BANG-BOX-20000-puff.<\/p>\n<p data-v-md-line=\"35\">Vi anv\u00e4nder betrodda partners som UPS, DPD och DHL f\u00f6r att skicka produkter till m\u00e5nga EU-destinationer via DDP f\u00f6r att hantera tullavgifter korrekt och undvika ov\u00e4ntade incidenter vid tullen. Reglerna varierar p\u00e5 olika marknader i Europeiska unionen, s\u00e5 det \u00e4r viktigt att kontrollera lokala best\u00e4mmelser innan import, s\u00e4rskilt eftersom den h\u00e4r enheten bara inneh\u00e5ller 35 milliliter e-v\u00e4tska.<\/p>\n<h2 data-v-md-heading=\"why-do-you-like-it\" data-v-md-line=\"37\">Why do you like it<\/h2>\n<p data-v-md-line=\"38\"><strong>Kraftig sugkraft<\/strong>Den h\u00e5ller l\u00e4ngre, s\u00e5 du beh\u00f6ver inte k\u00f6pa ny e-v\u00e4tska ofta.<br \/>\n<strong>Nikotinval<\/strong>V\u00e4lj den nikotinkoncentration som passar din dag.<br \/>\n<strong>Uppladdningsbar<\/strong>Du kommer att anv\u00e4nda upp all e-v\u00e4tska du k\u00f6per.<br \/>\n<strong>N\u00e4tspole<\/strong>Njut av en j\u00e4mn och j\u00e4mn konsistens vid varje sug.<br \/>\n<strong>Batteriniv\u00e5visning<\/strong>F\u00e5 en tydlig \u00f6verblick \u00f6ver din batteriniv\u00e5.<\/p>\n<h2 data-v-md-heading=\"why-collaborate-with-agoravape\" data-v-md-line=\"44\">Why collaborate with AgoraVape?<\/h2>\n<p data-v-md-line=\"45\">Vi s\u00e4ljer endast 100 % \u00e4kta produkter med tydliga k\u00e4llor. F\u00f6r kommersiella k\u00f6pare inneb\u00e4r detta rabatterade grossistpriser, p\u00e5litlig support och snabb DDP-leverans \u00f6ver hela Europa. Vi verifierar produkt\u00e5ret, f\u00f6ljer branschstandarder och uppr\u00e4tth\u00e5ller transparens i kommunikationen. Kontakta oss omedelbart f\u00f6r att best\u00e4lla BANGBOX 20000 eng\u00e5ngsvapes med mesh-coils (EU-version), vilket ger dina kunder en h\u00e5llbar och p\u00e5litlig returprodukt.<\/p>","protected":false},"excerpt":{"rendered":"<p>Vilka \u00e4r de speciella egenskaperna hos BANGBOX 20000 port mesh coil eng\u00e5ngs vape (europeisk standard)? Om du \u00e4r tr\u00f6tt p\u00e5<\/p>","protected":false},"featured_media":17075,"comment_status":"open","ping_status":"closed","template":"","meta":[],"product_brand":[231],"product_cat":[124,187,185,1636,189,158,174,175,193,191,173,186,180,190,192],"product_tag":[],"class_list":{"0":"post-17050","1":"product","2":"type-product","3":"status-publish","4":"has-post-thumbnail","6":"product_brand-bang-box","7":"product_cat-vape-by-brand","8":"product_cat-0mg-nicotine-free-vapes","9":"product_cat-10000-puffs-high-capacity","10":"product_cat-20000-puffs","11":"product_cat-20mg-standard-nicotine-vapes","12":"product_cat-bang-box","13":"product_cat-fruit-flavors","14":"product_cat-icy-mint","15":"product_cat-mesh-coil","16":"product_cat-rechargeable-disposables","17":"product_cat-vape-by-flavor-profile","18":"product_cat-vape-by-nicotine-strength","19":"product_cat-vape-by-puff-count","20":"product_cat-vape-by-feature-or-type","21":"product_cat-vapes-with-screens","23":"first","24":"onbackorder","25":"shipping-taxable","26":"purchasable","27":"product-type-variable","28":"has-default-attributes"},"tiered_pricing_type":"percentage","tiered_pricing_fixed_rules":[],"tiered_pricing_product_settings":{"layout":"default","base_unit_name":{"singular":null,"plural":null},"default_variation":null},"tiered_pricing_minimum_quantity":10,"tiered_pricing_roles_data":[],"tiered_pricing_percentage_rules":{"30":"29","50":"35","100":"40","200":"44","500":"47","1000":"49"},"tiered_pricing_maximum_quantity":null,"tiered_pricing_quantity_step":"10","_links":{"self":[{"href":"https:\/\/agoravape.com\/sv\/wp-json\/wp\/v2\/product\/17050","targetHints":{"allow":["GET"]}}],"collection":[{"href":"https:\/\/agoravape.com\/sv\/wp-json\/wp\/v2\/product"}],"about":[{"href":"https:\/\/agoravape.com\/sv\/wp-json\/wp\/v2\/types\/product"}],"replies":[{"embeddable":true,"href":"https:\/\/agoravape.com\/sv\/wp-json\/wp\/v2\/comments?post=17050"}],"version-history":[{"count":1,"href":"https:\/\/agoravape.com\/sv\/wp-json\/wp\/v2\/product\/17050\/revisions"}],"predecessor-version":[{"id":29815,"href":"https:\/\/agoravape.com\/sv\/wp-json\/wp\/v2\/product\/17050\/revisions\/29815"}],"wp:featuredmedia":[{"embeddable":true,"href":"https:\/\/agoravape.com\/sv\/wp-json\/wp\/v2\/media\/17075"}],"wp:attachment":[{"href":"https:\/\/agoravape.com\/sv\/wp-json\/wp\/v2\/media?parent=17050"}],"wp:term":[{"taxonomy":"product_brand","embeddable":true,"href":"https:\/\/agoravape.com\/sv\/wp-json\/wp\/v2\/product_brand?post=17050"},{"taxonomy":"product_cat","embeddable":true,"href":"https:\/\/agoravape.com\/sv\/wp-json\/wp\/v2\/product_cat?post=17050"},{"taxonomy":"product_tag","embeddable":true,"href":"https:\/\/agoravape.com\/sv\/wp-json\/wp\/v2\/product_tag?post=17050"}],"curies":[{"name":"wp","href":"https:\/\/api.w.org\/{rel}","templated":true}]}}