{"id":17079,"date":"2025-10-18T11:37:35","date_gmt":"2025-10-18T03:37:35","guid":{"rendered":"https:\/\/green-grasshopper-921422.hostingersite.com\/?post_type=product&#038;p=17079"},"modified":"2026-03-31T04:20:45","modified_gmt":"2026-03-31T02:20:45","slug":"bangbox-30000-puffs-single-flavor-vape","status":"publish","type":"product","link":"https:\/\/agoravape.com\/sv\/product\/bangbox-30000-puffs-single-flavor-vape\/","title":{"rendered":"BANGBOX 30K Puffs Enkel Smak Dubbelspolad Vape | Massiv Kapacitet, Enkel Vardagsvapning"},"content":{"rendered":"<h2 data-v-md-heading=\"what-are-the-special-features-of-bangbox-30k-single-flavor-dual-coil-vape\" data-v-md-line=\"3\"><img loading=\"lazy\" decoding=\"async\" class=\"aligncenter size-full wp-image-17078\" src=\"https:\/\/agoravape.com\/wp-content\/uploads\/2025\/10\/BANGBOX-30K-Puffs-Single-Flavor-Dual-Coil-Vape_Agora_vape-1-scaled.webp\" alt=\"\" width=\"2560\" height=\"1440\" srcset=\"https:\/\/agoravape.com\/wp-content\/uploads\/2025\/10\/BANGBOX-30K-Puffs-Single-Flavor-Dual-Coil-Vape_Agora_vape-1-scaled.webp 2560w, https:\/\/agoravape.com\/wp-content\/uploads\/2025\/10\/BANGBOX-30K-Puffs-Single-Flavor-Dual-Coil-Vape_Agora_vape-1-scaled-1200x675.webp 1200w, https:\/\/agoravape.com\/wp-content\/uploads\/2025\/10\/BANGBOX-30K-Puffs-Single-Flavor-Dual-Coil-Vape_Agora_vape-1-300x169.webp 300w, https:\/\/agoravape.com\/wp-content\/uploads\/2025\/10\/BANGBOX-30K-Puffs-Single-Flavor-Dual-Coil-Vape_Agora_vape-1-1024x576.webp 1024w, https:\/\/agoravape.com\/wp-content\/uploads\/2025\/10\/BANGBOX-30K-Puffs-Single-Flavor-Dual-Coil-Vape_Agora_vape-1-768x432.webp 768w, https:\/\/agoravape.com\/wp-content\/uploads\/2025\/10\/BANGBOX-30K-Puffs-Single-Flavor-Dual-Coil-Vape_Agora_vape-1-1536x864.webp 1536w, https:\/\/agoravape.com\/wp-content\/uploads\/2025\/10\/BANGBOX-30K-Puffs-Single-Flavor-Dual-Coil-Vape_Agora_vape-1-2048x1152.webp 2048w\" sizes=\"auto, (max-width: 2560px) 100vw, 2560px\" \/><\/h2>\n<h2 data-v-md-heading=\"what-are-the-special-features-of-bangbox-30k-single-flavor-dual-coil-vape\" data-v-md-line=\"3\">Vilka \u00e4r de speciella egenskaperna hos BANGBOX 30K single flavor dual coil vape?<\/h2>\n<p data-v-md-line=\"4\">Om du \u00e4r tr\u00f6tt p\u00e5 att byta din vape med n\u00e5gra dagars mellanrum, kommer den h\u00e4r produkten att hj\u00e4lpa dig att bli av med dina bekymmer. BANGBOX 30K har en kapacitet p\u00e5 upp till 30 000 bloss, vilket ger en j\u00e4mn och j\u00e4mn sugupplevelse samtidigt som den bibeh\u00e5ller en fyllig smak.<\/p>\n<p data-v-md-line=\"6\">Den passar alla som vill ha l\u00e5ngvarig bekv\u00e4mlighet utan behov av kr\u00e5ngliga menyer eller andra funktioner. Varje enhet erbjuder en enda smak, s\u00e5 att du tydligt vet vad du vill ha. Dessutom \u00e4r den utrustad med praktiska batterier och e-v\u00e4tskeindikatorer, s\u00e5 att du inte l\u00e4ngre beh\u00f6ver oroa dig f\u00f6r att gissa.<\/p>\n<h2 data-v-md-heading=\"excellent-performance-without-any-doubts\" data-v-md-line=\"8\">Utm\u00e4rkt prestation utan tvekan<\/h2>\n<p data-v-md-line=\"9\">K\u00e4rnan i <a class=\"wpil_keyword_link\" href=\"https:\/\/agoravape.com\/sv\/vape-efter-varumarke\/bang-box\/\" target=\"_blank\" rel=\"noopener\" title=\"PANGL\u00c5DA\" data-wpil-keyword-link=\"linked\" data-wpil-monitor-id=\"7162\">BANGBOX<\/a> 30K \u00e4r en dubbel mesh-spole. Detta g\u00f6r varje sugning ren och effektiv, utan att gradvis f\u00f6rsvagas efter en eller tv\u00e5 dagar. N\u00e4r batteriet \u00e4r svagt kan du ladda det via Type-C-gr\u00e4nssnittet, och laddningskabeln kan vara samma som telefonens laddningskabel. Mycket bekv\u00e4mt. Batteri- och e-v\u00e4tskeniv\u00e5erna \u00e4r tydliga med ett \u00f6gonkast, s\u00e5 att du kan vara trygg och bekymmersfri.<\/p>\n<h2 data-v-md-heading=\"specification-introduction\" data-v-md-line=\"11\">Specification Introduction<\/h2>\n<ul data-v-md-line=\"12\">\n<li>Suction frequency: up to 30000 times<\/li>\n<li>Nikotinhalt: 0 %, 2 %, 3 %, 5 % valfritt<\/li>\n<li>Atomiseringsk\u00e4rna: Dubbelmaskig atomiseringsk\u00e4rna (0,4 \u03a9), med en enda atomiseringsk\u00e4rna i 0,8 \u03a9-l\u00e4ge. Se specifikationen f\u00f6r mer information.<\/li>\n<li>E-v\u00e4tska: 35 milliliter per enhet<\/li>\n<li>Batteri: 850mAh (17350 celler, 5A urladdning)<\/li>\n<li>Laddning: USB-gr\u00e4nssnitt av typ C<\/li>\n<li>Indikatorlampa: visning av e-v\u00e4tska och batteriniv\u00e5<\/li>\n<li>Storlek och vikt: cirka 115 \u00d7 60 \u00d7 33 millimeter, 100 gram<\/li>\n<li>Status: Klar att anv\u00e4nda direkt ur l\u00e5dan<\/li>\n<\/ul>\n<p data-v-md-line=\"22\">Med s\u00e5 m\u00e5nga puffar av vapes \u00e4r den stora volymen skr\u00e4mmande, men storleken p\u00e5 denna vape \u00e4r bara 115 \u00d7 60 \u00d7 33 millimeter, vilket g\u00f6r den bekv\u00e4m att b\u00e4ra.<\/p>\n<h2 data-v-md-heading=\"full-range-of-flavors\" data-v-md-line=\"24\">Fullt utbud av smaker<\/h2>\n<ul data-v-md-line=\"25\">\n<li>Jordgubb, kiwi<\/li>\n<li>Black Gallon Burst (Black Gallon + Pudding)<\/li>\n<li>Jordgubbsvattenmelon<\/li>\n<li>Djungeljuice<\/li>\n<li>Bl\u00e5b\u00e4rssurb\u00e4rsis<\/li>\n<li>Vattenmelonis<\/li>\n<li>Bl\u00e5 isbanan<\/li>\n<li>Bl\u00e5b\u00e4r och granat\u00e4pplen<\/li>\n<li>Blue Burst (Bl\u00e5b\u00e4r + Tuggummi)<\/li>\n<li>\u00c4pple persika<\/li>\n<li>Passionsfrukt<\/li>\n<li>Dubbla druvor<\/li>\n<\/ul>\n<h2 data-v-md-heading=\"for-you-and-your-business\" data-v-md-line=\"38\">For you and your business<\/h2>\n<p data-v-md-line=\"39\">K\u00f6pa sj\u00e4lv? V\u00e4lj smak och nikotinkoncentration f\u00f6r att b\u00f6rja anv\u00e4nda. K\u00f6pa fyllning i fysiska butiker eller onlinebutiker? Vi erbjuder praktiska grossistalternativ och detaljhandelsf\u00f6rpackningar.<\/p>\n<ul data-v-md-line=\"41\">\n<li>F\u00f6rpackning: 10 stycken per l\u00e5da<\/li>\n<li>Antal kartonger: 100 sm\u00e5 l\u00e5dor eller 200 stora l\u00e5dor<\/li>\n<\/ul>\n<p data-v-md-line=\"44\">Vi erbjuder DDP-leveranser \u00f6ver hela Europa via betrodda partners som UPS, DPD och DHL, vilket s\u00e4kerst\u00e4ller att du f\u00e5r tydliga priser och undviker \u00f6verraskningar fr\u00e5n tullhanteringen.<\/p>\n<h2 data-v-md-heading=\"why-do-you-like-it\" data-v-md-line=\"46\">Why do you like it<\/h2>\n<ul data-v-md-line=\"47\">\n<li>Massiv sugkraft: upp till 30 000 bloss, vilket inneb\u00e4r f\u00e4rre byten och h\u00f6gre v\u00e4rde per enhet.<\/li>\n<li>Val av nikotinkoncentration: Det finns fyra koncentrationer, och du kan v\u00e4lja den som passar dig b\u00e4st.<\/li>\n<li>Uppladdningsbar: Typ-C-laddning hj\u00e4lper dig att anv\u00e4nda upp varenda droppe e-v\u00e4tska.<\/li>\n<li>Dubbelmaskiga spolar: ger en stabil smak, fr\u00e5n f\u00f6rsta till sista tuggan, vilket ger en tillfredsst\u00e4llande upplevelse.<\/li>\n<li>Intelligent indikatorlampa: Batteri- och e-v\u00e4tskeindikatorlamporna h\u00e5ller dig informerad om situationen n\u00e4r som helst.<\/li>\n<\/ul>\n<h2 data-v-md-heading=\"why-choose-to-collaborate-with-agoravape\" data-v-md-line=\"53\">Varf\u00f6r v\u00e4lja att samarbeta med AgoraVape?<\/h2>\n<p data-v-md-line=\"54\">Vi s\u00e4ljer endast 100 % \u00e4kta produkter och tvivlar inte p\u00e5 det. V\u00e5ra B2B-kunder kan dra nytta av rabatterade grossistpriser, snabb support och p\u00e5litliga DDP-leveranstj\u00e4nster f\u00f6r BANGBOX 30K single flavored dual coil vapes. Vill du k\u00f6pa den? Kontakta oss s\u00e5 hj\u00e4lper vi dig snabbt med frakten.<\/p>","protected":false},"excerpt":{"rendered":"<p>Vilka \u00e4r de speciella egenskaperna hos BANGBOX 30K single flavor dual coil vape? Om du \u00e4r tr\u00f6tt p\u00e5 att byta ut din vape<\/p>","protected":false},"featured_media":17103,"comment_status":"open","ping_status":"closed","template":"","meta":[],"product_brand":[231],"product_cat":[124,187,185,189,1637,158,174,175,193,191,173,186,180,190,192],"product_tag":[],"class_list":{"0":"post-17079","1":"product","2":"type-product","3":"status-publish","4":"has-post-thumbnail","6":"product_brand-bang-box","7":"product_cat-vape-by-brand","8":"product_cat-0mg-nicotine-free-vapes","9":"product_cat-10000-puffs-high-capacity","10":"product_cat-20mg-standard-nicotine-vapes","11":"product_cat-30000-puffs","12":"product_cat-bang-box","13":"product_cat-fruit-flavors","14":"product_cat-icy-mint","15":"product_cat-mesh-coil","16":"product_cat-rechargeable-disposables","17":"product_cat-vape-by-flavor-profile","18":"product_cat-vape-by-nicotine-strength","19":"product_cat-vape-by-puff-count","20":"product_cat-vape-by-feature-or-type","21":"product_cat-vapes-with-screens","23":"first","24":"onbackorder","25":"shipping-taxable","26":"purchasable","27":"product-type-variable","28":"has-default-attributes"},"tiered_pricing_type":"percentage","tiered_pricing_fixed_rules":[],"tiered_pricing_product_settings":{"layout":"default","base_unit_name":{"singular":null,"plural":null},"default_variation":null},"tiered_pricing_minimum_quantity":10,"tiered_pricing_roles_data":[],"tiered_pricing_percentage_rules":{"30":"29","50":"35","100":"40","200":"44","500":"47","1000":"49"},"tiered_pricing_maximum_quantity":null,"tiered_pricing_quantity_step":"10","_links":{"self":[{"href":"https:\/\/agoravape.com\/sv\/wp-json\/wp\/v2\/product\/17079","targetHints":{"allow":["GET"]}}],"collection":[{"href":"https:\/\/agoravape.com\/sv\/wp-json\/wp\/v2\/product"}],"about":[{"href":"https:\/\/agoravape.com\/sv\/wp-json\/wp\/v2\/types\/product"}],"replies":[{"embeddable":true,"href":"https:\/\/agoravape.com\/sv\/wp-json\/wp\/v2\/comments?post=17079"}],"version-history":[{"count":1,"href":"https:\/\/agoravape.com\/sv\/wp-json\/wp\/v2\/product\/17079\/revisions"}],"predecessor-version":[{"id":29814,"href":"https:\/\/agoravape.com\/sv\/wp-json\/wp\/v2\/product\/17079\/revisions\/29814"}],"wp:featuredmedia":[{"embeddable":true,"href":"https:\/\/agoravape.com\/sv\/wp-json\/wp\/v2\/media\/17103"}],"wp:attachment":[{"href":"https:\/\/agoravape.com\/sv\/wp-json\/wp\/v2\/media?parent=17079"}],"wp:term":[{"taxonomy":"product_brand","embeddable":true,"href":"https:\/\/agoravape.com\/sv\/wp-json\/wp\/v2\/product_brand?post=17079"},{"taxonomy":"product_cat","embeddable":true,"href":"https:\/\/agoravape.com\/sv\/wp-json\/wp\/v2\/product_cat?post=17079"},{"taxonomy":"product_tag","embeddable":true,"href":"https:\/\/agoravape.com\/sv\/wp-json\/wp\/v2\/product_tag?post=17079"}],"curies":[{"name":"wp","href":"https:\/\/api.w.org\/{rel}","templated":true}]}}