{"id":17105,"date":"2025-10-18T12:02:44","date_gmt":"2025-10-18T04:02:44","guid":{"rendered":"https:\/\/green-grasshopper-921422.hostingersite.com\/?post_type=product&#038;p=17105"},"modified":"2026-03-31T04:20:44","modified_gmt":"2026-03-31T02:20:44","slug":"bangbox-30000-puffar-vape-med-dubbla-smaker","status":"publish","type":"product","link":"https:\/\/agoravape.com\/sv\/product\/bangbox-30000-puffs-dual-flavor-vape\/","title":{"rendered":"BANGBOX 30K Puffs Dubbelsmaksvapor med omkopplingsbar sk\u00e4rm | Tv\u00e5 smaker p\u00e5 tapp, byggd f\u00f6r att h\u00e5lla"},"content":{"rendered":"<h2 data-v-md-heading=\"what-is-special-about-bangbox-30k-dual-flavor-switchable-screen-vape\" data-v-md-line=\"3\"><img loading=\"lazy\" decoding=\"async\" class=\"aligncenter size-full wp-image-17119\" src=\"https:\/\/agoravape.com\/wp-content\/uploads\/2025\/10\/BANGBOX-30K-Puffs-Dual-Flavor-Switchable-Screen-Vape_Agora_vape-1-scaled.webp\" alt=\"\" width=\"2560\" height=\"1440\" srcset=\"https:\/\/agoravape.com\/wp-content\/uploads\/2025\/10\/BANGBOX-30K-Puffs-Dual-Flavor-Switchable-Screen-Vape_Agora_vape-1-scaled.webp 2560w, https:\/\/agoravape.com\/wp-content\/uploads\/2025\/10\/BANGBOX-30K-Puffs-Dual-Flavor-Switchable-Screen-Vape_Agora_vape-1-scaled-1200x675.webp 1200w, https:\/\/agoravape.com\/wp-content\/uploads\/2025\/10\/BANGBOX-30K-Puffs-Dual-Flavor-Switchable-Screen-Vape_Agora_vape-1-300x169.webp 300w, https:\/\/agoravape.com\/wp-content\/uploads\/2025\/10\/BANGBOX-30K-Puffs-Dual-Flavor-Switchable-Screen-Vape_Agora_vape-1-1024x576.webp 1024w, https:\/\/agoravape.com\/wp-content\/uploads\/2025\/10\/BANGBOX-30K-Puffs-Dual-Flavor-Switchable-Screen-Vape_Agora_vape-1-768x432.webp 768w, https:\/\/agoravape.com\/wp-content\/uploads\/2025\/10\/BANGBOX-30K-Puffs-Dual-Flavor-Switchable-Screen-Vape_Agora_vape-1-1536x864.webp 1536w, https:\/\/agoravape.com\/wp-content\/uploads\/2025\/10\/BANGBOX-30K-Puffs-Dual-Flavor-Switchable-Screen-Vape_Agora_vape-1-2048x1152.webp 2048w\" sizes=\"auto, (max-width: 2560px) 100vw, 2560px\" \/><\/h2>\n<h2 data-v-md-heading=\"what-is-special-about-bangbox-30k-dual-flavor-switchable-screen-vape\" data-v-md-line=\"3\">What is special about BANGBOX 30K dual flavor switchable screen vape?<\/h2>\n<p data-v-md-line=\"4\">If you are tired of frequently changing devices for taste, this product will definitely make you feel happy. BANGBOX allows you to carry two flavors in one device and switch screens anytime, anywhere. No need to exert effort, no need to search through pockets.<\/p>\n<p data-v-md-line=\"6\">If you pursue long-lasting battery life and convenient handling, this product is the ideal choice. The compact body provides up to 30000 suction experiences and is equipped with a clear display screen that shows battery level and e-liquid status. Choose your preferred nicotine concentration. Switch between different flavors. Start your day.<\/p>\n<h2 data-v-md-heading=\"excellent-performance-easy-and-convenient\" data-v-md-line=\"8\">Utm\u00e4rkt prestanda, enkelt och bekv\u00e4mt<\/h2>\n<p data-v-md-line=\"9\">Built in 0.8 \u03a9 mesh coil ensures a refreshing taste from the first bite to the last bite. The mesh coil is evenly heated, keeping your favorite mixed flavors smooth and strong. When the battery is low, simply use the Type-C data cable to charge it, which may be the same as the one you use for your phone. It\u2019s simple.<\/p>\n<h2 data-v-md-heading=\"specification-introduction\" data-v-md-line=\"11\">Specification Introduction<\/h2>\n<ul data-v-md-line=\"12\">\n<li>Suction frequency: up to 30000 times<\/li>\n<li>Nikotinhalt: 0 %, 2 %, 3 %, 5 %<\/li>\n<li>Funktionsprincip: Aktiveras med bara ett bloss<\/li>\n<li>Laddning: Standard USB-gr\u00e4nssnitt av typ C<\/li>\n<li>Status: Klar att anv\u00e4nda vid uppackning<\/li>\n<\/ul>\n<h2 data-v-md-heading=\"full-range-of-flavors\" data-v-md-line=\"18\">Fullt utbud av smaker<\/h2>\n<ul data-v-md-line=\"19\">\n<li>Watermelon smoothie paired with strawberry kiwi fruit<\/li>\n<li>Strawberry watermelon paired with strawberry kiwi fruit<\/li>\n<li>Blueberry smoothie with peach juice<\/li>\n<li>Kiwi passion fruit guava paired with blueberry smoothie<\/li>\n<li>Blueberry Sour Raspberry Ice Cream with Mixed Fruits<\/li>\n<li>Triple berry smoothie with strawberry and mango<\/li>\n<li>Watermelon Bubble Gum with Strawberry Watermelon<\/li>\n<li>Blueberry smoothie paired with watermelon smoothie<\/li>\n<li>Strawberry watermelon paired with kiwi fruit, passion fruit, guava<\/li>\n<li>Black Dragon Ice Sand with Mango, Peach, Watermelon<\/li>\n<li>Blueberry smoothie paired with double grapes<\/li>\n<li>Blueberry smoothie paired with strawberry and mango<\/li>\n<\/ul>\n<h2 data-v-md-heading=\"for-you-and-your-business\" data-v-md-line=\"32\">For you and your business<\/h2>\n<p data-v-md-line=\"33\">Att k\u00f6pa f\u00f6r sig sj\u00e4lv \u00e4r mycket enkelt. V\u00e4lj din favoritkombination av smak och nikotininneh\u00e5ll och njut av l\u00e5ng batteritid. Om du \u00e4r \u00e5terf\u00f6rs\u00e4ljare kan du k\u00f6pa <a class=\"wpil_keyword_link\" href=\"https:\/\/agoravape.com\/sv\/varumarke\/bang-box\/\" target=\"_blank\" rel=\"noopener\" title=\"PANGL\u00c5DA\" data-wpil-keyword-link=\"linked\" data-wpil-monitor-id=\"7161\">BANGBOX<\/a> till ett grossistpris p\u00e5 10 stycken per l\u00e5da. Vi erbjuder \u00e4ven sm\u00e5 kartonger f\u00f6r 100 enheter och stora kartonger f\u00f6r 160 enheter, vilket g\u00f6r det enkelt f\u00f6r dig att planera ditt hyllutrymme.<\/p>\n<p data-v-md-line=\"35\">We ship your order through UPS, DPD, and DHL in a tax paid DDP manner across Europe to ensure fast delivery and avoid customs accidents. If you need support in taste selection or compliance details, our team is always available to assist you.<\/p>\n<h2 data-v-md-heading=\"why-do-you-like-it\" data-v-md-line=\"37\">Why do you like it<\/h2>\n<ul data-v-md-line=\"38\">\n<li>Excessive suction: fewer replacements, saving money and effort<\/li>\n<li>Dual flavor switching: switch flavors at any time to meet your needs<\/li>\n<li>Nicotine content selection: 0%, 2%, 3%, or 5% nicotine to meet your preferences<\/li>\n<li>Rechargeable: Type-C charging allows you to use all purchased e-liquids<\/li>\n<li>Mesh coil: Consistent taste, clean and crisp, satisfying<\/li>\n<li>Clear screen: battery and e-liquid indicator lights keep you informed at all times<\/li>\n<\/ul>\n<h2 data-v-md-heading=\"why-collaborate-with-agoravape\" data-v-md-line=\"45\">Why collaborate with AgoraVape?<\/h2>\n<p data-v-md-line=\"46\">Vi s\u00e4ljer endast 100 % \u00e4kta produkter och tvivlar inte p\u00e5 det. F\u00f6r kommersiella kunder inneb\u00e4r detta att BANGBOX 30K vapes med dubbla smaker och switchable screen erbjuder rabatterade grossistpriser, snabb kundservice och snabb leverans via DDP. Kontakta oss f\u00f6r att fylla p\u00e5 lagret \u00e5t dina kunder och f\u00e5 dem att verkligen bli f\u00f6r\u00e4lskade och komma tillbaka.<\/p>\n<p data-v-md-line=\"48\">Meddelande till nyfikna personer:<\/p>\n<ul data-v-md-line=\"49\">\n<li>Batteri: 850 mAh litiumkoboltoxid, 5A urladdning<\/li>\n<li>E-v\u00e4tska: total kapacitet 35 milliliter<\/li>\n<li>Storlek och vikt: 115 \u00d7 68 \u00d7 33 millimeter, 129 gram<\/li>\n<li>Sk\u00e4rm: Visar batteri- och e-v\u00e4tskeniv\u00e5er, s\u00e5 att du enkelt kan planera laddning och smakbyte<\/li>\n<\/ul>","protected":false},"excerpt":{"rendered":"<p>Vad \u00e4r speciellt med BANGBOX 30K dual flavor switchable screen vape? Om du \u00e4r tr\u00f6tt p\u00e5 att ofta byta enheter f\u00f6r att<\/p>","protected":false},"featured_media":17131,"comment_status":"open","ping_status":"closed","template":"","meta":[],"product_brand":[231],"product_cat":[124,187,185,189,1637,158,195,174,175,193,191,173,186,180,190,192],"product_tag":[],"class_list":{"0":"post-17105","1":"product","2":"type-product","3":"status-publish","4":"has-post-thumbnail","6":"product_brand-bang-box","7":"product_cat-vape-by-brand","8":"product_cat-0mg-nicotine-free-vapes","9":"product_cat-10000-puffs-high-capacity","10":"product_cat-20mg-standard-nicotine-vapes","11":"product_cat-30000-puffs","12":"product_cat-bang-box","13":"product_cat-dual-flavor-switch","14":"product_cat-fruit-flavors","15":"product_cat-icy-mint","16":"product_cat-mesh-coil","17":"product_cat-rechargeable-disposables","18":"product_cat-vape-by-flavor-profile","19":"product_cat-vape-by-nicotine-strength","20":"product_cat-vape-by-puff-count","21":"product_cat-vape-by-feature-or-type","22":"product_cat-vapes-with-screens","24":"first","25":"onbackorder","26":"shipping-taxable","27":"purchasable","28":"product-type-variable","29":"has-default-attributes"},"tiered_pricing_type":"percentage","tiered_pricing_fixed_rules":[],"tiered_pricing_product_settings":{"layout":"default","base_unit_name":{"singular":null,"plural":null},"default_variation":null},"tiered_pricing_minimum_quantity":10,"tiered_pricing_roles_data":[],"tiered_pricing_percentage_rules":{"30":"29","50":"35","100":"40","200":"44","500":"47","1000":"49"},"tiered_pricing_maximum_quantity":null,"tiered_pricing_quantity_step":"10","_links":{"self":[{"href":"https:\/\/agoravape.com\/sv\/wp-json\/wp\/v2\/product\/17105","targetHints":{"allow":["GET"]}}],"collection":[{"href":"https:\/\/agoravape.com\/sv\/wp-json\/wp\/v2\/product"}],"about":[{"href":"https:\/\/agoravape.com\/sv\/wp-json\/wp\/v2\/types\/product"}],"replies":[{"embeddable":true,"href":"https:\/\/agoravape.com\/sv\/wp-json\/wp\/v2\/comments?post=17105"}],"version-history":[{"count":1,"href":"https:\/\/agoravape.com\/sv\/wp-json\/wp\/v2\/product\/17105\/revisions"}],"predecessor-version":[{"id":29813,"href":"https:\/\/agoravape.com\/sv\/wp-json\/wp\/v2\/product\/17105\/revisions\/29813"}],"wp:featuredmedia":[{"embeddable":true,"href":"https:\/\/agoravape.com\/sv\/wp-json\/wp\/v2\/media\/17131"}],"wp:attachment":[{"href":"https:\/\/agoravape.com\/sv\/wp-json\/wp\/v2\/media?parent=17105"}],"wp:term":[{"taxonomy":"product_brand","embeddable":true,"href":"https:\/\/agoravape.com\/sv\/wp-json\/wp\/v2\/product_brand?post=17105"},{"taxonomy":"product_cat","embeddable":true,"href":"https:\/\/agoravape.com\/sv\/wp-json\/wp\/v2\/product_cat?post=17105"},{"taxonomy":"product_tag","embeddable":true,"href":"https:\/\/agoravape.com\/sv\/wp-json\/wp\/v2\/product_tag?post=17105"}],"curies":[{"name":"wp","href":"https:\/\/api.w.org\/{rel}","templated":true}]}}