{"id":17136,"date":"2025-10-18T12:30:30","date_gmt":"2025-10-18T04:30:30","guid":{"rendered":"https:\/\/green-grasshopper-921422.hostingersite.com\/?post_type=product&#038;p=17136"},"modified":"2026-03-31T01:41:40","modified_gmt":"2026-03-30T23:41:40","slug":"bangbox-35000-puffar-vape","status":"publish","type":"product","link":"https:\/\/agoravape.com\/sv\/product\/bangbox-35000-puffs-vape\/","title":{"rendered":"BANGBOX 35K Puffs Justerbar Power Eng\u00e5ngsvape | Stor kapacitet, enkel kontroll"},"content":{"rendered":"<h2 data-v-md-heading=\"what-is-special-about-bangbox-35k-disposable-vape-with-adjustable-power\" data-v-md-line=\"3\"><img loading=\"lazy\" decoding=\"async\" class=\"aligncenter size-full wp-image-17133\" src=\"https:\/\/agoravape.com\/wp-content\/uploads\/2025\/10\/BANGBOX-35K-Puffs-Adjustable-Power-Disposable-Vape_Agora_vape-1-scaled.webp\" alt=\"\" width=\"2560\" height=\"1805\" srcset=\"https:\/\/agoravape.com\/wp-content\/uploads\/2025\/10\/BANGBOX-35K-Puffs-Adjustable-Power-Disposable-Vape_Agora_vape-1-scaled.webp 2560w, https:\/\/agoravape.com\/wp-content\/uploads\/2025\/10\/BANGBOX-35K-Puffs-Adjustable-Power-Disposable-Vape_Agora_vape-1-scaled-1200x846.webp 1200w, https:\/\/agoravape.com\/wp-content\/uploads\/2025\/10\/BANGBOX-35K-Puffs-Adjustable-Power-Disposable-Vape_Agora_vape-1-300x212.webp 300w, https:\/\/agoravape.com\/wp-content\/uploads\/2025\/10\/BANGBOX-35K-Puffs-Adjustable-Power-Disposable-Vape_Agora_vape-1-1024x722.webp 1024w, https:\/\/agoravape.com\/wp-content\/uploads\/2025\/10\/BANGBOX-35K-Puffs-Adjustable-Power-Disposable-Vape_Agora_vape-1-768x542.webp 768w, https:\/\/agoravape.com\/wp-content\/uploads\/2025\/10\/BANGBOX-35K-Puffs-Adjustable-Power-Disposable-Vape_Agora_vape-1-1536x1083.webp 1536w, https:\/\/agoravape.com\/wp-content\/uploads\/2025\/10\/BANGBOX-35K-Puffs-Adjustable-Power-Disposable-Vape_Agora_vape-1-2048x1444.webp 2048w\" sizes=\"auto, (max-width: 2560px) 100vw, 2560px\" \/><\/h2>\n<h2 data-v-md-heading=\"what-is-special-about-bangbox-35k-disposable-vape-with-adjustable-power\" data-v-md-line=\"3\">Vad \u00e4r speciellt med BANGBOX 35K eng\u00e5ngsvape med justerbar effekt?<\/h2>\n<p data-v-md-line=\"4\">Om du \u00e4r tr\u00f6tt p\u00e5 eng\u00e5ngsvapor som f\u00f6rbrukar f\u00f6r mycket str\u00f6m \u00e4r den h\u00e4r produkten definitivt v\u00e4rd att ta en titt p\u00e5. BANGBOX 35K justerbar effekt eng\u00e5ngsvapor kan ge upp till 35 000 bloss och \u00e4r utrustad med justerbar effekt, s\u00e5 att du kan justera blossen efter ditt hum\u00f6r.<\/p>\n<p data-v-md-line=\"6\">F\u00f6r anv\u00e4ndare som vill ha en p\u00e5litlig, uts\u00f6kt och bekv\u00e4m vape \u00e4r detta det perfekta valet. Den tydliga batteri- och e-v\u00e4tskedisplayen g\u00f6r att du alltid vet n\u00e4r du beh\u00f6ver ladda eller n\u00e4r batteriet \u00e4r l\u00e5gt. Med en vape med s\u00e5 stor kapacitet kanske du tycker att den \u00e4r klumpig, men den f\u00e5r l\u00e4tt plats i en jackficka.<\/p>\n<h2 data-v-md-heading=\"excellent-performance-easy-and-convenient\" data-v-md-line=\"8\">Utm\u00e4rkt prestanda, enkelt och bekv\u00e4mt<\/h2>\n<p data-v-md-line=\"9\">0,8 \u03a9 dubbeln\u00e4tsspolar s\u00e4kerst\u00e4ller en j\u00e4mn smak fr\u00e5n f\u00f6rsta till sista tuggan. Dragaktivering inneb\u00e4r att du inte beh\u00f6ver manipulera n\u00e5gra knappar. N\u00e4r batteriet \u00e4r l\u00e5gt ansluter du den helt enkelt till den typ-C-datakabel som eventuellt redan anv\u00e4nds i telefonen. Det \u00e4r enkelt.<\/p>\n<h2 data-v-md-heading=\"specification-overview\" data-v-md-line=\"11\">Specifikations\u00f6versikt<\/h2>\n<p data-v-md-line=\"12\"><strong>Antal sugningar<\/strong>upp till 35 000 sugningar<br \/>\n<strong>Nikotininneh\u00e5ll<\/strong>: 0 %, 2 %, 3 % eller 5 %<br \/>\n<strong>Arbetsprincip<\/strong>Aktivera med bara ett bloss<br \/>\n<strong>Laddning<\/strong>Standard USB-gr\u00e4nssnitt av typ C<br \/>\n<strong>Status<\/strong>Klar att anv\u00e4nda vid uppackning<br \/>\n<strong>e-v\u00e4tskans kapacitet<\/strong>: 35 milliliter<br \/>\n<strong>F\u00f6rstoftande k\u00e4rna<\/strong>0,8 \u03a9 dubbelmaskig spole<br \/>\n<strong>Driva<\/strong>Justerbar utg\u00e5ng<br \/>\n<strong>Sk\u00e4rm<\/strong>Indikatorlampor f\u00f6r batteri och e-v\u00e4tska<br \/>\n<strong>Storlek och vikt<\/strong>115 \u00d7 68 \u00d7 33 millimeter, 105 gram<\/p>\n<h2 data-v-md-heading=\"full-range-of-flavors\" data-v-md-line=\"23\">Fullt utbud av smaker<\/h2>\n<ul data-v-md-line=\"24\">\n<li>Jordgubb, kiwi<\/li>\n<li>Bl\u00e5b\u00e4rssmoothie<\/li>\n<li>Jordgubbsvattenmelon<\/li>\n<li>Passionsfrukt<\/li>\n<li>Citron Cola Soda<\/li>\n<li>Vattenmelonsmoothie<\/li>\n<li>Vattenmelonbubbelgummi<\/li>\n<li>Kiwi, passionsfrukt, guavafrukt<\/li>\n<li>Bl\u00e5b\u00e4rssmoothie<\/li>\n<li>Vattenmelon k\u00f6rsb\u00e4r<\/li>\n<li>Red Bull<\/li>\n<li>Mintgrapefrukt<\/li>\n<\/ul>\n<h2 data-v-md-heading=\"for-you-and-for-your-business-as-well\" data-v-md-line=\"37\">F\u00f6r dig, och \u00e4ven f\u00f6r ditt f\u00f6retag<\/h2>\n<p data-v-md-line=\"38\">Du kan v\u00e4lja <a class=\"wpil_keyword_link\" href=\"https:\/\/agoravape.com\/sv\/vape-efter-varumarke\/bang-box\/\" target=\"_blank\" rel=\"noopener\" title=\"PANGL\u00c5DA\" data-wpil-keyword-link=\"linked\" data-wpil-monitor-id=\"7110\">BANGBOX<\/a> 35K f\u00f6r personligt bruk eller l\u00e4gg till det i din butik. Grossistf\u00f6rpackning med 10 enheter per l\u00e5da f\u00f6r enkel lagerhantering. F\u00f6r bulkbest\u00e4llningar kan du v\u00e4lja en liten l\u00e5da med 100 enheter eller en stor l\u00e5da med 200 enheter.<\/p>\n<p data-v-md-line=\"40\">Vi anv\u00e4nder betrodda partners som UPS, DPD och DHL f\u00f6r att skicka dina varor \u00f6ver hela Europa med Delivered Duty Paid (DDP), vilket s\u00e4kerst\u00e4ller snabb leverans och undviker tullolyckor.<\/p>\n<h2 data-v-md-heading=\"why-do-you-like-it\" data-v-md-line=\"42\">Why do you like it<\/h2>\n<p data-v-md-line=\"43\"><strong>Stor kaliber:<\/strong>\u00a0H\u00e5llbar och h\u00e5llbar, inget behov av att byta ut utrustning med n\u00e5gra dagars mellanrum.<br \/>\n<strong>Nikotinval<\/strong>Fyra nikotinkoncentrationer l\u00e5ter dig finjustera \u00f6nskat bloss.<br \/>\n<strong>Uppladdningsbar<\/strong>Du kan anv\u00e4nda alla k\u00f6pta e-v\u00e4tskor p\u00e5 en g\u00e5ng utan att beh\u00f6va sl\u00e4nga dem i f\u00f6rv\u00e4g.<br \/>\n<strong>N\u00e4tspole<\/strong>Varje sug kan ge j\u00e4mn \u00e5nga och stabil smak.<br \/>\n<strong>Justerbar effekt<\/strong>Att \u00f6ka effekten kan ge en stark smak, medan att minska effekten kan ge en mjukare smak.<br \/>\n<strong>Tydlig sk\u00e4rm<\/strong>Kontrollera \u00e5terst\u00e5ende batteri- och e-v\u00e4tskeniv\u00e5er med en snabb blick, s\u00e5 att du kan vara redo n\u00e4r som helst.<\/p>\n<h2 data-v-md-heading=\"why-choose-agoravape\" data-v-md-line=\"50\">Varf\u00f6r v\u00e4lja AgoraVape?<\/h2>\n<p data-v-md-line=\"51\">We only purchase 100% genuine equipment from trustworthy manufacturers. <a class=\"wpil_keyword_link\" href=\"https:\/\/agoravape.com\/sv\/varumarke\/bang-box\/\" target=\"_blank\" rel=\"noopener\" title=\"PANGL\u00c5DA\" data-wpil-keyword-link=\"linked\" data-wpil-monitor-id=\"7160\">BANGBOX<\/a> 35K adjustable power disposable vape, you will receive highly competitive wholesale prices, fast response support, and fast DDP delivery services within the European Union. We are responsible for compliance and age verification, ensuring you can sell with peace of mind. Please contact our team to reserve equipment worth returning to for your customers.<\/p>","protected":false},"excerpt":{"rendered":"<p>&nbsp;<\/p>","protected":false},"featured_media":17159,"comment_status":"open","ping_status":"closed","template":"","meta":[],"product_brand":[231],"product_cat":[124,187,185,189,158,174,175,193,191,173,186,180,190,192],"product_tag":[],"class_list":{"0":"post-17136","1":"product","2":"type-product","3":"status-publish","4":"has-post-thumbnail","6":"product_brand-bang-box","7":"product_cat-vape-by-brand","8":"product_cat-0mg-nicotine-free-vapes","9":"product_cat-10000-puffs-high-capacity","10":"product_cat-20mg-standard-nicotine-vapes","11":"product_cat-bang-box","12":"product_cat-fruit-flavors","13":"product_cat-icy-mint","14":"product_cat-mesh-coil","15":"product_cat-rechargeable-disposables","16":"product_cat-vape-by-flavor-profile","17":"product_cat-vape-by-nicotine-strength","18":"product_cat-vape-by-puff-count","19":"product_cat-vape-by-feature-or-type","20":"product_cat-vapes-with-screens","22":"first","23":"onbackorder","24":"shipping-taxable","25":"purchasable","26":"product-type-variable","27":"has-default-attributes"},"tiered_pricing_type":"percentage","tiered_pricing_fixed_rules":[],"tiered_pricing_product_settings":{"layout":"default","base_unit_name":{"singular":null,"plural":null},"default_variation":null},"tiered_pricing_minimum_quantity":10,"tiered_pricing_roles_data":[],"tiered_pricing_percentage_rules":{"30":"29","50":"35","100":"40","200":"44","500":"47","1000":"49"},"tiered_pricing_maximum_quantity":null,"tiered_pricing_quantity_step":"10","_links":{"self":[{"href":"https:\/\/agoravape.com\/sv\/wp-json\/wp\/v2\/product\/17136","targetHints":{"allow":["GET"]}}],"collection":[{"href":"https:\/\/agoravape.com\/sv\/wp-json\/wp\/v2\/product"}],"about":[{"href":"https:\/\/agoravape.com\/sv\/wp-json\/wp\/v2\/types\/product"}],"replies":[{"embeddable":true,"href":"https:\/\/agoravape.com\/sv\/wp-json\/wp\/v2\/comments?post=17136"}],"version-history":[{"count":2,"href":"https:\/\/agoravape.com\/sv\/wp-json\/wp\/v2\/product\/17136\/revisions"}],"predecessor-version":[{"id":29812,"href":"https:\/\/agoravape.com\/sv\/wp-json\/wp\/v2\/product\/17136\/revisions\/29812"}],"wp:featuredmedia":[{"embeddable":true,"href":"https:\/\/agoravape.com\/sv\/wp-json\/wp\/v2\/media\/17159"}],"wp:attachment":[{"href":"https:\/\/agoravape.com\/sv\/wp-json\/wp\/v2\/media?parent=17136"}],"wp:term":[{"taxonomy":"product_brand","embeddable":true,"href":"https:\/\/agoravape.com\/sv\/wp-json\/wp\/v2\/product_brand?post=17136"},{"taxonomy":"product_cat","embeddable":true,"href":"https:\/\/agoravape.com\/sv\/wp-json\/wp\/v2\/product_cat?post=17136"},{"taxonomy":"product_tag","embeddable":true,"href":"https:\/\/agoravape.com\/sv\/wp-json\/wp\/v2\/product_tag?post=17136"}],"curies":[{"name":"wp","href":"https:\/\/api.w.org\/{rel}","templated":true}]}}