{"id":17216,"date":"2025-10-18T14:19:20","date_gmt":"2025-10-18T06:19:20","guid":{"rendered":"https:\/\/green-grasshopper-921422.hostingersite.com\/?post_type=product&#038;p=17216"},"modified":"2026-01-19T22:01:08","modified_gmt":"2026-01-19T14:01:08","slug":"wga-20k-20000-puffar-engangs-vape","status":"publish","type":"product","link":"https:\/\/agoravape.com\/sv\/product\/wga-20k-20000-puffs-disposable-vape\/","title":{"rendered":"WGA 20k Puffs Mesh Coil High Capacity Vape | Long-Lasting Mesh\u2011Coil Flavour with Type\u2011C Recharge"},"content":{"rendered":"<h2 data-v-md-heading=\"what-are-the-special-features-of-wga-20k-high-capacity-mesh-coil-vapes\" data-v-md-line=\"3\"><\/h2>\n<p><img loading=\"lazy\" decoding=\"async\" class=\"size-full wp-image-17252 alignright\" src=\"https:\/\/agoravape.com\/wp-content\/uploads\/2025\/10\/WGA-20k-Puffs-Mesh-Coil-High-Capacity-Vape4-8.jpg\" alt=\"\" width=\"697\" height=\"257\" srcset=\"https:\/\/agoravape.com\/wp-content\/uploads\/2025\/10\/WGA-20k-Puffs-Mesh-Coil-High-Capacity-Vape4-8.jpg 697w, https:\/\/agoravape.com\/wp-content\/uploads\/2025\/10\/WGA-20k-Puffs-Mesh-Coil-High-Capacity-Vape4-8-300x111.jpg 300w\" sizes=\"auto, (max-width: 697px) 100vw, 697px\" \/><\/p>\n<h2 data-v-md-heading=\"what-are-the-special-features-of-wga-20k-high-capacity-mesh-coil-vapes\" data-v-md-line=\"3\">Vilka \u00e4r de speciella egenskaperna hos WGA 20k h\u00f6gkapacitets mesh coil vapes?<\/h2>\n<p data-v-md-line=\"4\">Om du \u00e4r tr\u00f6tt p\u00e5 att anv\u00e4nda eng\u00e5ngsvapor innan helgen, s\u00e5 kommer den h\u00e4r produkten att f\u00f6r\u00e4ndra din upplevelse. WGA 20k har en batteritid p\u00e5 upp till 20 000 cykler och \u00e4r utrustad med ett uppladdningsbart batteri, s\u00e5 du kommer faktiskt att anv\u00e4nda upp all e-v\u00e4tska du k\u00f6per.<\/p>\n<p data-v-md-line=\"6\">Om du vill ha en stabil och p\u00e5litlig smak utan att oroa dig, d\u00e5 \u00e4r den h\u00e4r produkten ditt perfekta val. Den kombinerar bekv\u00e4mligheten hos eng\u00e5ngsvapor med konsistensen hos mesh-coils. Du kanske tycker att den h\u00e4r enheten med s\u00e5 stor kapacitet kan verka klumpig, men den \u00e4r mycket l\u00e4mplig f\u00f6r daglig anv\u00e4ndning.<\/p>\n<h2 data-v-md-heading=\"excellent-performance-easy-and-convenient\" data-v-md-line=\"8\">Utm\u00e4rkt prestanda, enkelt och bekv\u00e4mt<\/h2>\n<p data-v-md-line=\"9\">Mesh-spolens impedans \u00e4r 1,2 ohm, vilket \u00e4r hemligheten bakom dess j\u00e4mna och j\u00e4mna r\u00f6k. Fr\u00e5n f\u00f6rsta till sista tuggan f\u00f6rblir smaken j\u00e4mn. N\u00e4r batteriet \u00e4r urladdat kan du ladda det med en typ-C-datakabel (som kan vara samma som anv\u00e4nds p\u00e5 din telefon) utan att beh\u00f6va leta efter en dedikerad laddare.<\/p>\n<h2 data-v-md-heading=\"specification-overview\" data-v-md-line=\"11\">Specifikations\u00f6versikt<\/h2>\n<ul data-v-md-line=\"12\">\n<li>Sugfrekvens: upp till 20000 g\u00e5nger<\/li>\n<li>Nikotin: 2 % och 5 % nikotinsalt \u00e4r valfritt<\/li>\n<li>Atomiseringsk\u00e4rna: 1,2 \u03a9 mesh-atomiseringsk\u00e4rna<\/li>\n<li>Batteri: 850mAh uppladdningsbart batteri<\/li>\n<li>Arbetsprincip: Enkel och l\u00e4tt att anv\u00e4nda<\/li>\n<li>Laddning: Standard USB-gr\u00e4nssnitt av typ C<\/li>\n<li>Status: Klar att anv\u00e4nda direkt ur l\u00e5dan<\/li>\n<\/ul>\n<p data-v-md-line=\"20\">Observera: En koncentration p\u00e5 2 % (20 mg\/ml) \u00e4r l\u00e4mplig f\u00f6r TPD\/TRRP-reglerade marknader. Tillg\u00e5ngen p\u00e5 5 % (50 mg\/ml) koncentration beror p\u00e5 lokala lagar.<\/p>\n<h2 data-v-md-heading=\"for-you-and-your-business\" data-v-md-line=\"22\">For you and your business<\/h2>\n<p data-v-md-line=\"23\">Du kan k\u00f6pa WGA 20k f\u00f6r personligt bruk, och om du driver en butik eller webbutik kan du k\u00f6pa grossistvaror i l\u00e5dor om 160. Varje kartong \u00e4r f\u00f6rpackad i en f\u00e4rgglad displayl\u00e5da, som sticker ut tydligt p\u00e5 hyllorna. Ytterkartongens storlek \u00e4r 51 \u00d7 32,5 \u00d7 23 centimeter, med en bruttovikt p\u00e5 19 kilogram, vilket g\u00f6r det enkelt f\u00f6r dig att planera f\u00f6rvaring och transport.<\/p>\n<p data-v-md-line=\"25\">Vi samarbetar med betrodda partners som UPS, DPD och DHL f\u00f6r att anv\u00e4nda Delivered Duty Paid (DDP)-frakt f\u00f6r att s\u00e4kerst\u00e4lla att tullar hanteras korrekt och f\u00f6r att undvika ov\u00e4ntade tullsituationer. N\u00e4r best\u00e4llningen levereras kommer vi att tillhandah\u00e5lla fullst\u00e4ndig sp\u00e5rningsinformation och motsvarande dokument.<\/p>\n<p data-v-md-line=\"25\"><img loading=\"lazy\" decoding=\"async\" class=\"size-full wp-image-17245 alignright\" src=\"https:\/\/agoravape.com\/wp-content\/uploads\/2025\/10\/WGA-20k-Puffs-Mesh-Coil-High-Capacity-Vape4-1.jpg\" alt=\"\" width=\"696\" height=\"527\" srcset=\"https:\/\/agoravape.com\/wp-content\/uploads\/2025\/10\/WGA-20k-Puffs-Mesh-Coil-High-Capacity-Vape4-1.jpg 696w, https:\/\/agoravape.com\/wp-content\/uploads\/2025\/10\/WGA-20k-Puffs-Mesh-Coil-High-Capacity-Vape4-1-300x227.jpg 300w\" sizes=\"auto, (max-width: 696px) 100vw, 696px\" \/><\/p>\n<h2 data-v-md-heading=\"why-do-you-like-it\" data-v-md-line=\"27\">Why do you like it<\/h2>\n<ul data-v-md-line=\"28\">\n<li>Fler bloss: l\u00e4ngre anv\u00e4ndningstid, inget behov av att ofta k\u00f6pa nya cigaretter<\/li>\n<li>Nikotinval: V\u00e4lj den nikotinkoncentration som passar dina dagliga vanor och din marknad<\/li>\n<li>Uppladdningsbar: Du kan anv\u00e4nda full e-v\u00e4tska utan att sl\u00e4nga halvanv\u00e4nd utrustning<\/li>\n<li>K\u00e4rna av n\u00e4tf\u00f6r\u00e5ngare: ger en j\u00e4mn och ren smak vid varje sug<\/li>\n<li>Typ-C-laddning: Att anv\u00e4nda en universaldatakabel g\u00f6r allt enkelt<\/li>\n<\/ul>\n<h2 data-v-md-heading=\"why-choose-to-collaborate-with-agoravape\" data-v-md-line=\"34\">Varf\u00f6r v\u00e4lja att samarbeta med AgoraVape?<\/h2>\n<p data-v-md-line=\"35\">Vi s\u00e4ljer endast 100 % \u00e4kta produkter fr\u00e5n verifierade leverant\u00f6rer. F\u00f6r f\u00f6retagskunder inneb\u00e4r detta rabatterade grossistpriser, tydliga produktspecifikationer och snabb support. Vi erbjuder momsbetalda DDP-transporttj\u00e4nster i hela Europa, med snabb frakt, p\u00e5litliga transport\u00f6rer och omfattande \u00e5ldersverifieringsprocedurer.<\/p>\n<p data-v-md-line=\"37\">Kr\u00e4ver din marknad TPD-kompatibla alternativ? Vi erbjuder en 2%-version. Vill du expandera snabbt? Vi hj\u00e4lper dig att planera lagerniv\u00e5er och lanseringsscheman. Kontakta oss f\u00f6r att l\u00e4gga till WGA 20k Puffs Mesh Coil h\u00f6gkapacitetsvape i din produktlinje, vilket ger dina kunder en p\u00e5litlig eng\u00e5ngsvape med h\u00f6g kapacitet och g\u00f6r dem till \u00e5terkommande kunder.<\/p>\n<p data-v-md-line=\"39\">Viktigt meddelande: Denna produkt inneh\u00e5ller nikotin och \u00e4r endast avsedd f\u00f6r vuxna. Var noga med att f\u00f6lja lokala f\u00f6reskrifter och riktlinjer.<\/p>","protected":false},"excerpt":{"rendered":"<p>&nbsp;<\/p>","protected":false},"featured_media":17249,"comment_status":"open","ping_status":"closed","template":"","meta":[],"product_brand":[232],"product_cat":[124,185,189,174,175,193,191,173,186,180,190,159],"product_tag":[],"class_list":{"0":"post-17216","1":"product","2":"type-product","3":"status-publish","4":"has-post-thumbnail","6":"product_brand-wga","7":"product_cat-vape-by-brand","8":"product_cat-10000-puffs-high-capacity","9":"product_cat-20mg-standard-nicotine-vapes","10":"product_cat-fruit-flavors","11":"product_cat-icy-mint","12":"product_cat-mesh-coil","13":"product_cat-rechargeable-disposables","14":"product_cat-vape-by-flavor-profile","15":"product_cat-vape-by-nicotine-strength","16":"product_cat-vape-by-puff-count","17":"product_cat-vape-by-feature-or-type","18":"product_cat-wga","20":"first","21":"onbackorder","22":"shipping-taxable","23":"purchasable","24":"product-type-variable","25":"has-default-attributes"},"tiered_pricing_type":"percentage","tiered_pricing_fixed_rules":[],"tiered_pricing_product_settings":{"layout":"default","base_unit_name":{"singular":null,"plural":null},"default_variation":null},"tiered_pricing_minimum_quantity":50,"tiered_pricing_roles_data":[],"tiered_pricing_percentage_rules":{"100":"40","200":"44","500":"47","1000":"49"},"tiered_pricing_maximum_quantity":null,"tiered_pricing_quantity_step":"10","_links":{"self":[{"href":"https:\/\/agoravape.com\/sv\/wp-json\/wp\/v2\/product\/17216","targetHints":{"allow":["GET"]}}],"collection":[{"href":"https:\/\/agoravape.com\/sv\/wp-json\/wp\/v2\/product"}],"about":[{"href":"https:\/\/agoravape.com\/sv\/wp-json\/wp\/v2\/types\/product"}],"replies":[{"embeddable":true,"href":"https:\/\/agoravape.com\/sv\/wp-json\/wp\/v2\/comments?post=17216"}],"version-history":[{"count":0,"href":"https:\/\/agoravape.com\/sv\/wp-json\/wp\/v2\/product\/17216\/revisions"}],"wp:featuredmedia":[{"embeddable":true,"href":"https:\/\/agoravape.com\/sv\/wp-json\/wp\/v2\/media\/17249"}],"wp:attachment":[{"href":"https:\/\/agoravape.com\/sv\/wp-json\/wp\/v2\/media?parent=17216"}],"wp:term":[{"taxonomy":"product_brand","embeddable":true,"href":"https:\/\/agoravape.com\/sv\/wp-json\/wp\/v2\/product_brand?post=17216"},{"taxonomy":"product_cat","embeddable":true,"href":"https:\/\/agoravape.com\/sv\/wp-json\/wp\/v2\/product_cat?post=17216"},{"taxonomy":"product_tag","embeddable":true,"href":"https:\/\/agoravape.com\/sv\/wp-json\/wp\/v2\/product_tag?post=17216"}],"curies":[{"name":"wp","href":"https:\/\/api.w.org\/{rel}","templated":true}]}}