{"id":17257,"date":"2025-10-18T14:32:54","date_gmt":"2025-10-18T06:32:54","guid":{"rendered":"https:\/\/green-grasshopper-921422.hostingersite.com\/?post_type=product&#038;p=17257"},"modified":"2026-02-22T15:14:51","modified_gmt":"2026-02-22T14:14:51","slug":"wga-15k-15000-puffar-vape","status":"publish","type":"product","link":"https:\/\/agoravape.com\/sv\/product\/wga-15k-15000-puffs-vape\/","title":{"rendered":"WGA 15k Puffs Uppladdningsbar Eng\u00e5ngsvape Online | 15 000 Puffs. Ladda n\u00e4r du beh\u00f6ver"},"content":{"rendered":"<h2 data-v-md-heading=\"what-s-special-about-purchasing-wga-15k-rechargeable-disposable-vapes-online\" data-v-md-line=\"3\"><img loading=\"lazy\" decoding=\"async\" class=\"aligncenter size-full wp-image-17256\" src=\"https:\/\/agoravape.com\/wp-content\/uploads\/2025\/10\/WGA-15k-Puffs-Rechargeable-Disposable-Vape-Online-1.jpg\" alt=\"\" width=\"1920\" height=\"954\" srcset=\"https:\/\/agoravape.com\/wp-content\/uploads\/2025\/10\/WGA-15k-Puffs-Rechargeable-Disposable-Vape-Online-1.jpg 1920w, https:\/\/agoravape.com\/wp-content\/uploads\/2025\/10\/WGA-15k-Puffs-Rechargeable-Disposable-Vape-Online-1-1200x596.jpg 1200w, https:\/\/agoravape.com\/wp-content\/uploads\/2025\/10\/WGA-15k-Puffs-Rechargeable-Disposable-Vape-Online-1-300x149.jpg 300w, https:\/\/agoravape.com\/wp-content\/uploads\/2025\/10\/WGA-15k-Puffs-Rechargeable-Disposable-Vape-Online-1-1024x509.jpg 1024w, https:\/\/agoravape.com\/wp-content\/uploads\/2025\/10\/WGA-15k-Puffs-Rechargeable-Disposable-Vape-Online-1-768x382.jpg 768w, https:\/\/agoravape.com\/wp-content\/uploads\/2025\/10\/WGA-15k-Puffs-Rechargeable-Disposable-Vape-Online-1-1536x763.jpg 1536w\" sizes=\"auto, (max-width: 1920px) 100vw, 1920px\" \/><\/h2>\n<h2 data-v-md-heading=\"what-s-special-about-purchasing-wga-15k-rechargeable-disposable-vapes-online\" data-v-md-line=\"3\">Vad \u00e4r speciellt med att k\u00f6pa WGA 15k laddningsbara eng\u00e5ngsvapor online?<\/h2>\n<p data-v-md-line=\"4\">Om du \u00e4r tr\u00f6tt p\u00e5 eng\u00e5ngsvapor och f\u00e5r slut p\u00e5 batteri varje g\u00e5ng, d\u00e5 \u00e4r den h\u00e4r vapen skr\u00e4ddarsydd f\u00f6r dig. Den uppladdningsbara eng\u00e5ngsvapen WGA 15k kan ge upp till 15 000 bloss, vilket g\u00f6r att du kan anv\u00e4nda den under l\u00e5ng tid utan att beh\u00f6va byta batteri ofta. Den har en inspiratorisk aktiveringsdesign, utan behov av besv\u00e4rliga knapp- eller menyfunktioner.<\/p>\n<p data-v-md-line=\"6\">Du kan v\u00e4lja nikotinkoncentrationen efter dina \u00f6nskem\u00e5l. Den erbjuder tv\u00e5 koncentrationer p\u00e5 2 % och 5 %, och \u00e4r uppladdningsbar utan att sl\u00f6sa n\u00e5gon e-v\u00e4tska. F\u00f6r dig som str\u00e4var efter stabil smak, l\u00e5ng batteritid och enkel och p\u00e5litlig prestanda \u00e4r det ett idealiskt val.<\/p>\n<h2 data-v-md-heading=\"excellent-performance-and-easy-operation\" data-v-md-line=\"8\">Utm\u00e4rkt prestanda och enkel anv\u00e4ndning<\/h2>\n<p data-v-md-line=\"9\">K\u00e4rnan i den h\u00e4r enheten \u00e4r en 1,2 ohm mesh-f\u00f6r\u00e5ngare, vilket s\u00e4kerst\u00e4ller att varje tugga \u00e4r lika j\u00e4mn som den initiala sugningen. Batterikapaciteten \u00e4r 850 milliampere timmar, med en uteffekt p\u00e5 cirka 3,5 volt\/11 watt, vilket ger en j\u00e4mn och j\u00e4mn r\u00f6kupplevelse. N\u00e4r batteriet \u00e4r l\u00e5gt kan du anv\u00e4nda en typ-C-datakabel f\u00f6r laddning. Du kanske tror att eng\u00e5ngs-e-v\u00e4tskor bara \u00e4r eng\u00e5ngsprodukter, men den h\u00e4r e-v\u00e4tskan kan laddas, vilket g\u00f6r att du kan maximera anv\u00e4ndningen av elektricitet.<\/p>\n<h2 data-v-md-heading=\"specification-introduction\" data-v-md-line=\"11\">Specification Introduction<\/h2>\n<ul data-v-md-line=\"12\">\n<li>Sugfrekvens: upp till 15000 g\u00e5nger<\/li>\n<li>Nikotinhalt: 2 % och 5 %<\/li>\n<li>Funktionsprincip: Aktiveras med bara ett bloss<\/li>\n<li>Laddning: Standard USB-gr\u00e4nssnitt av typ C<\/li>\n<li>Status: Klar att anv\u00e4nda direkt ur l\u00e5dan<\/li>\n<\/ul>\n<h2 data-v-md-heading=\"full-range-of-flavors\" data-v-md-line=\"18\">Fullt utbud av smaker<\/h2>\n<ul data-v-md-line=\"19\">\n<li>Blueberry, raspberry, cherry flavor<\/li>\n<li>Bl\u00e5b\u00e4rsjuice Citronvattensmak<\/li>\n<li>Bubbelk\u00f6rsb\u00e4rssmak<\/li>\n<li>Persikasmak<\/li>\n<li>Ananasissmak<\/li>\n<li>27 smaker, fler smaker att v\u00e4lja mellan<\/li>\n<\/ul>\n<p><img loading=\"lazy\" decoding=\"async\" class=\"aligncenter size-full wp-image-17288\" src=\"https:\/\/agoravape.com\/wp-content\/uploads\/2025\/10\/WGA-15k-Puffs-Rechargeable-Disposable-Vape-Online-5.jpg\" alt=\"\" width=\"1920\" height=\"748\" srcset=\"https:\/\/agoravape.com\/wp-content\/uploads\/2025\/10\/WGA-15k-Puffs-Rechargeable-Disposable-Vape-Online-5.jpg 1920w, https:\/\/agoravape.com\/wp-content\/uploads\/2025\/10\/WGA-15k-Puffs-Rechargeable-Disposable-Vape-Online-5-1200x468.jpg 1200w, https:\/\/agoravape.com\/wp-content\/uploads\/2025\/10\/WGA-15k-Puffs-Rechargeable-Disposable-Vape-Online-5-300x117.jpg 300w, https:\/\/agoravape.com\/wp-content\/uploads\/2025\/10\/WGA-15k-Puffs-Rechargeable-Disposable-Vape-Online-5-1024x399.jpg 1024w, https:\/\/agoravape.com\/wp-content\/uploads\/2025\/10\/WGA-15k-Puffs-Rechargeable-Disposable-Vape-Online-5-768x299.jpg 768w, https:\/\/agoravape.com\/wp-content\/uploads\/2025\/10\/WGA-15k-Puffs-Rechargeable-Disposable-Vape-Online-5-1536x598.jpg 1536w\" sizes=\"auto, (max-width: 1920px) 100vw, 1920px\" \/><\/p>\n<h2 data-v-md-heading=\"for-you-and-your-business\" data-v-md-line=\"26\">For you and your business<\/h2>\n<p data-v-md-line=\"27\">Du kan k\u00f6pa en f\u00f6r personligt bruk eller fylla p\u00e5 lager till din butik. Grossistl\u00e5dan inneh\u00e5ller 180 enheter, vilket s\u00e4kerst\u00e4ller att dina hyllor r\u00e4cker till och att p\u00e5fyllning blir enklare. Vi erbjuder DDP-leveranser \u00f6ver hela Europa via betrodda partners som UPS, DPD och DHL, vilket s\u00e4kerst\u00e4ller att tullar hanteras korrekt och undviker ov\u00e4ntade tullbeslag.<\/p>\n<h2 data-v-md-heading=\"why-do-you-like-it\" data-v-md-line=\"29\">Why do you like it<\/h2>\n<ul data-v-md-line=\"30\">\n<li>Massiv sugkraft: H\u00e5llbar och l\u00e5ngvarig, inget behov av att k\u00f6pa ny e-v\u00e4tska ofta.<\/li>\n<li>Nikotinval: Du kan v\u00e4lja den nikotinkoncentration som passar dig.<\/li>\n<li>Uppladdningsbar: Du kan anv\u00e4nda all e-v\u00e4tska du k\u00f6per utan att sl\u00e4nga en halvfull enhet.<\/li>\n<li>Mesh-spolar: ger en konsekvent och uts\u00f6kt upplevelse varje g\u00e5ng.<\/li>\n<\/ul>\n<h2 data-v-md-heading=\"why-choose-to-collaborate-with-agoravape\" data-v-md-line=\"35\">Varf\u00f6r v\u00e4lja att samarbeta med AgoraVape?<\/h2>\n<p data-v-md-line=\"36\">Vi s\u00e4ljer 100 % \u00e4kta produkter, med sp\u00e5rbar lagerh\u00e5llning och garanterad kvalitet. F\u00f6retagskunder kan dra nytta av rabatterade grossistpriser, snabb support och snabba DDP-leveranser inom Europeiska unionen och Storbritannien. Betalning sker via en s\u00e4ker och PCI-kompatibel gateway som st\u00f6der vanliga bankkort och p\u00e5litliga betalningsmetoder. Vi f\u00f6ljer TPD\/TRRP-reglerna och genomf\u00f6r strikt \u00e5ldersverifiering vid utcheckning och leverans (vid behov). Om det uppst\u00e5r problem med produkten \u00e4r v\u00e5r returprocess tydlig och v\u00e5rt team finns alltid redo. Onlinelager av WGA 15k Puffs laddningsbara eng\u00e5ngsvapes ger dina kunder ett h\u00e5llbart och praktiskt alternativ, vilket g\u00f6r dem till \u00e5terkommande kunder.<\/p>","protected":false},"excerpt":{"rendered":"<p>&nbsp;<\/p>\n<p><script src=\"chrome-extension:\/\/fpelahbljekknahkcaegamhcndkfpfnc\/iFrame.js\" type=\"text\/javascript\"><\/script><\/p>\n<p><script src=\"chrome-extension:\/\/fpelahbljekknahkcaegamhcndkfpfnc\/iFrame.js\" type=\"text\/javascript\"><\/script><\/p>\n<p><script src=\"chrome-extension:\/\/fpelahbljekknahkcaegamhcndkfpfnc\/iFrame.js\" type=\"text\/javascript\"><\/script><\/p>\n<p><script src=\"chrome-extension:\/\/fpelahbljekknahkcaegamhcndkfpfnc\/iFrame.js\" type=\"text\/javascript\"><\/script><\/p>\n<p><script src=\"chrome-extension:\/\/fpelahbljekknahkcaegamhcndkfpfnc\/iFrame.js\" type=\"text\/javascript\"><\/script><\/p>\n<p><script src=\"chrome-extension:\/\/fpelahbljekknahkcaegamhcndkfpfnc\/iFrame.js\" type=\"text\/javascript\"><\/script><\/p>\n<p><script src=\"chrome-extension:\/\/fpelahbljekknahkcaegamhcndkfpfnc\/iFrame.js\" type=\"text\/javascript\"><\/script><\/p>\n<p><script src=\"chrome-extension:\/\/fpelahbljekknahkcaegamhcndkfpfnc\/iFrame.js\" type=\"text\/javascript\"><\/script><\/p>\n<p><script src=\"chrome-extension:\/\/fpelahbljekknahkcaegamhcndkfpfnc\/iFrame.js\" type=\"text\/javascript\"><\/script><\/p>\n<p><script src=\"chrome-extension:\/\/fpelahbljekknahkcaegamhcndkfpfnc\/iFrame.js\" type=\"text\/javascript\"><\/script><\/p>\n<p><script src=\"chrome-extension:\/\/fpelahbljekknahkcaegamhcndkfpfnc\/iFrame.js\" type=\"text\/javascript\"><\/script><\/p>\n<p><script src=\"chrome-extension:\/\/fpelahbljekknahkcaegamhcndkfpfnc\/iFrame.js\" type=\"text\/javascript\"><\/script><\/p>\n<p><script src=\"chrome-extension:\/\/fpelahbljekknahkcaegamhcndkfpfnc\/iFrame.js\" type=\"text\/javascript\"><\/script><\/p>\n<p><script src=\"chrome-extension:\/\/fpelahbljekknahkcaegamhcndkfpfnc\/iFrame.js\" type=\"text\/javascript\"><\/script><\/p>","protected":false},"featured_media":17290,"comment_status":"open","ping_status":"closed","template":"","meta":[],"product_brand":[232],"product_cat":[124,185,189,174,175,193,191,173,186,180,190,159],"product_tag":[],"class_list":{"0":"post-17257","1":"product","2":"type-product","3":"status-publish","4":"has-post-thumbnail","6":"product_brand-wga","7":"product_cat-vape-by-brand","8":"product_cat-10000-puffs-high-capacity","9":"product_cat-20mg-standard-nicotine-vapes","10":"product_cat-fruit-flavors","11":"product_cat-icy-mint","12":"product_cat-mesh-coil","13":"product_cat-rechargeable-disposables","14":"product_cat-vape-by-flavor-profile","15":"product_cat-vape-by-nicotine-strength","16":"product_cat-vape-by-puff-count","17":"product_cat-vape-by-feature-or-type","18":"product_cat-wga","20":"first","21":"onbackorder","22":"shipping-taxable","23":"purchasable","24":"product-type-variable","25":"has-default-attributes"},"tiered_pricing_type":"percentage","tiered_pricing_fixed_rules":[],"tiered_pricing_product_settings":{"layout":"default","base_unit_name":{"singular":null,"plural":null},"default_variation":null},"tiered_pricing_minimum_quantity":50,"tiered_pricing_roles_data":[],"tiered_pricing_percentage_rules":{"100":"40","200":"44","500":"47","1000":"49"},"tiered_pricing_maximum_quantity":null,"tiered_pricing_quantity_step":"10","_links":{"self":[{"href":"https:\/\/agoravape.com\/sv\/wp-json\/wp\/v2\/product\/17257","targetHints":{"allow":["GET"]}}],"collection":[{"href":"https:\/\/agoravape.com\/sv\/wp-json\/wp\/v2\/product"}],"about":[{"href":"https:\/\/agoravape.com\/sv\/wp-json\/wp\/v2\/types\/product"}],"replies":[{"embeddable":true,"href":"https:\/\/agoravape.com\/sv\/wp-json\/wp\/v2\/comments?post=17257"}],"version-history":[{"count":0,"href":"https:\/\/agoravape.com\/sv\/wp-json\/wp\/v2\/product\/17257\/revisions"}],"wp:featuredmedia":[{"embeddable":true,"href":"https:\/\/agoravape.com\/sv\/wp-json\/wp\/v2\/media\/17290"}],"wp:attachment":[{"href":"https:\/\/agoravape.com\/sv\/wp-json\/wp\/v2\/media?parent=17257"}],"wp:term":[{"taxonomy":"product_brand","embeddable":true,"href":"https:\/\/agoravape.com\/sv\/wp-json\/wp\/v2\/product_brand?post=17257"},{"taxonomy":"product_cat","embeddable":true,"href":"https:\/\/agoravape.com\/sv\/wp-json\/wp\/v2\/product_cat?post=17257"},{"taxonomy":"product_tag","embeddable":true,"href":"https:\/\/agoravape.com\/sv\/wp-json\/wp\/v2\/product_tag?post=17257"}],"curies":[{"name":"wp","href":"https:\/\/api.w.org\/{rel}","templated":true}]}}