{"id":17293,"date":"2025-10-18T16:22:30","date_gmt":"2025-10-18T08:22:30","guid":{"rendered":"https:\/\/green-grasshopper-921422.hostingersite.com\/?post_type=product&#038;p=17293"},"modified":"2025-12-15T21:30:18","modified_gmt":"2025-12-15T13:30:18","slug":"mesii-par-50k-trippel-smak-vape","status":"publish","type":"product","link":"https:\/\/agoravape.com\/sv\/product\/mesii-couple-50k-triple-flavor-vape\/","title":{"rendered":"Mesii Couple 50K Puffs Trippell\u00e4ges-smakvape | Tv\u00e5 smaker du kan byta och blanda"},"content":{"rendered":"<h2 data-v-md-heading=\"what-s-special-about-mesii-double-50k-three-mode-vape\" data-v-md-line=\"3\">Vad \u00e4r speciellt med Mesii Double 50K vape med tre l\u00e4gen?<\/h2>\n<p data-v-md-line=\"4\">Om du \u00e4r tr\u00f6tt p\u00e5 att r\u00f6ka samma smak hela dagen kommer du definitivt att bli f\u00f6r\u00e4lskad i den h\u00e4r produkten. Mesii Couple l\u00e5ter dig v\u00e4xla mellan tv\u00e5 smaker eller blanda tv\u00e5 smaker med en enkel A\/B\/A+B-v\u00e4xling. Inga tr\u00e5kiga operationer beh\u00f6vs, v\u00e4lj bara din st\u00e4mning och anv\u00e4nd den.<\/p>\n<p data-v-md-line=\"6\">Den \u00e4r designad f\u00f6r anv\u00e4ndare som str\u00e4var efter l\u00e5ng batteritid och en bekv\u00e4m anv\u00e4ndarupplevelse. Den nominella effekten p\u00e5 50 000 anges av tillverkaren, s\u00e5 den faktiska batteritiden kan variera beroende p\u00e5 anv\u00e4ndning och l\u00e4ge. \u00c4nd\u00e5 \u00e4r den utrustad med ett uppladdningsbart batteri p\u00e5 800 mAh och en e-v\u00e4tsketank med stor kapacitet p\u00e5 40 ml, vilket ger l\u00e5ngvarig h\u00e5llbarhet.<\/p>\n<h2 data-v-md-heading=\"excellent-performance-easy-and-convenient\" data-v-md-line=\"8\">Utm\u00e4rkt prestanda, enkelt och bekv\u00e4mt<\/h2>\n<p data-v-md-line=\"9\">En enhet har tv\u00e5 inbyggda smakkanaler. Vrid till niv\u00e5 A f\u00f6r att v\u00e4lja den f\u00f6rsta smaken och v\u00e4nd till niv\u00e5 B f\u00f6r att v\u00e4lja den andra smaken. Om du gillar blandade smaker, v\u00e4lj A+B. Den uts\u00f6kta spoldesignen s\u00e4kerst\u00e4ller en stabil smak, d\u00e4r den f\u00f6rsta tuggan k\u00e4nns som den sista. N\u00e4r batteriet \u00e4r l\u00e5gt laddar du det bara f\u00f6r att forts\u00e4tta anv\u00e4nda det. Enkelt och bekv\u00e4mt.<\/p>\n<h2 data-v-md-heading=\"specification-introduction\" data-v-md-line=\"11\">Specification Introduction<\/h2>\n<ul data-v-md-line=\"12\">\n<li>Sugfrekvens: upp till 50000 g\u00e5nger<\/li>\n<li>Nikotinhalt: 0 %, 2 %, 3 %, 5 %<\/li>\n<li>E-v\u00e4tskekapacitet: 40 milliliter<\/li>\n<li>Batteri: 800mAh uppladdningsbart batteri<\/li>\n<li>Arbetsl\u00e4ge: A\/B\/A+B smakv\u00e4xling<\/li>\n<li>Laddningsmetod: USB-laddning<\/li>\n<li>Status: Klar att anv\u00e4nda vid uppackning<\/li>\n<\/ul>\n<h2 data-v-md-heading=\"full-range-of-flavors\" data-v-md-line=\"20\">Fullt utbud av smaker<\/h2>\n<ul data-v-md-line=\"21\">\n<li>Vattenmelonglass + Jordgubbskiwi<\/li>\n<li>Limemynta+jordgubbsvattenmelon<\/li>\n<li>Bl\u00e5b\u00e4rsglass + Vattenmelonglass<\/li>\n<li>Persika och sur ananas<\/li>\n<li>Red Bull+K\u00f6rsb\u00e4rscola<\/li>\n<li>Bl\u00e5b\u00e4rsglass + Citronlime<\/li>\n<li>K\u00f6rsb\u00e4rsglass + Trippelmelonglass<\/li>\n<li>Dubbel \u00e4ppelglass + persikglass<\/li>\n<li>Druvglass + Svarta vinb\u00e4rsdruvor<\/li>\n<li>Blandade b\u00e4r och jordgubbar<\/li>\n<\/ul>\n<h2 data-v-md-heading=\"for-you-for-your-business\" data-v-md-line=\"32\">F\u00f6r dig, f\u00f6r ditt f\u00f6retag<\/h2>\n<p data-v-md-line=\"33\">Du kan k\u00f6pa Mesii Couple 50K f\u00f6r personligt bruk eller l\u00e4gga till den i din butik. Kartongen inneh\u00e5ller 150 stycken, s\u00e5 att du snabbt kan skapa en fyllig smak. Kartongens bruttovikt \u00e4r cirka 17,5 kilogram, vilket \u00e4r praktiskt f\u00f6r att planera f\u00f6rvaring och transport.<\/p>\n<p data-v-md-line=\"35\">Vi erbjuder DDP-leveranstj\u00e4nster inom Europeiska unionen via betrodda partners som UPS, DPD och DHL, s\u00e5 att tullar och skatter kan behandlas i f\u00f6rv\u00e4g. Undvik obehagliga tullolyckor. F\u00f6r k\u00f6pare som v\u00e4rdes\u00e4tter efterlevnad, observera att enheten har en kapacitet p\u00e5 40 milliliter, s\u00e5 den kanske inte uppfyller TPD\/TRRP-reglerna p\u00e5 marknader d\u00e4r en kapacitetsgr\u00e4ns p\u00e5 2 milliliter \u00e4r obligatorisk. Se till att kontrollera lokala best\u00e4mmelser innan du publicerar eller k\u00f6per.<\/p>\n<h2 data-v-md-heading=\"why-do-you-like-it\" data-v-md-line=\"37\">Why do you like it<\/h2>\n<ul data-v-md-line=\"38\">\n<li>Massiv r\u00f6kning: Utan frekventa p\u00e5fyllningar kan du ha mer tid att njuta av vape.<\/li>\n<li>Val av nikotinkoncentration: V\u00e4lj den nikotinkoncentration som passar dina vanor.<\/li>\n<li>Uppladdningsbar: Du kan anv\u00e4nda den k\u00f6pta e-v\u00e4tskan ist\u00e4llet f\u00f6r att sl\u00e4nga halvanv\u00e4nd utrustning.<\/li>\n<li>Trippelsmaksl\u00e4ge: kan v\u00e4xla mellan tv\u00e5 smaker eller blandas p\u00e5 plats.<\/li>\n<li>J\u00e4mn smak: Noggrant avst\u00e4mda spolar kan bibeh\u00e5lla en balanserad smak fr\u00e5n b\u00f6rjan till slut.<\/li>\n<\/ul>\n<h2 data-v-md-heading=\"why-choose-to-collaborate-with-agoravape\" data-v-md-line=\"44\">Varf\u00f6r v\u00e4lja att samarbeta med AgoraVape?<\/h2>\n<p data-v-md-line=\"45\">Vi s\u00e4ljer endast \u00e4kta produkter och \u00e4r ansvariga f\u00f6r dem. F\u00f6r kommersiella kunder inneb\u00e4r detta att Mesii Couple 50K Puffs trippelsmaksatta vapes erbjuder rimliga grossistpriser, p\u00e5litlig kundsupport och snabba och p\u00e5litliga DDP-leveranser. Om du vill att kunder inte ska \u00e5ngra k\u00f6pet av v\u00e5ra produkter i lager, v\u00e4nligen kontakta oss. Vi hj\u00e4lper dig att bygga en kontinuerligt v\u00e4xande produktlinje.<\/p>\n<p><script src=\"chrome-extension:\/\/fpelahbljekknahkcaegamhcndkfpfnc\/iFrame.js\" type=\"text\/javascript\"><\/script><\/p>","protected":false},"excerpt":{"rendered":"<p>&nbsp;<\/p>\n<p><script src=\"chrome-extension:\/\/fpelahbljekknahkcaegamhcndkfpfnc\/iFrame.js\" type=\"text\/javascript\"><\/script><\/p>\n<p><script src=\"chrome-extension:\/\/fpelahbljekknahkcaegamhcndkfpfnc\/iFrame.js\" type=\"text\/javascript\"><\/script><\/p>\n<p><script src=\"chrome-extension:\/\/fpelahbljekknahkcaegamhcndkfpfnc\/iFrame.js\" type=\"text\/javascript\"><\/script><\/p>\n<p><script src=\"chrome-extension:\/\/fpelahbljekknahkcaegamhcndkfpfnc\/iFrame.js\" type=\"text\/javascript\"><\/script><\/p>\n<p><script src=\"chrome-extension:\/\/fpelahbljekknahkcaegamhcndkfpfnc\/iFrame.js\" type=\"text\/javascript\"><\/script><\/p>\n<p><script src=\"chrome-extension:\/\/fpelahbljekknahkcaegamhcndkfpfnc\/iFrame.js\" type=\"text\/javascript\"><\/script><\/p>\n<p><script src=\"chrome-extension:\/\/fpelahbljekknahkcaegamhcndkfpfnc\/iFrame.js\" type=\"text\/javascript\"><\/script><\/p>\n<p><script src=\"chrome-extension:\/\/fpelahbljekknahkcaegamhcndkfpfnc\/iFrame.js\" type=\"text\/javascript\"><\/script><\/p>\n<p><script src=\"chrome-extension:\/\/fpelahbljekknahkcaegamhcndkfpfnc\/iFrame.js\" type=\"text\/javascript\"><\/script><\/p>\n<p><script src=\"chrome-extension:\/\/fpelahbljekknahkcaegamhcndkfpfnc\/iFrame.js\" type=\"text\/javascript\"><\/script><\/p>\n<p><script src=\"chrome-extension:\/\/fpelahbljekknahkcaegamhcndkfpfnc\/iFrame.js\" type=\"text\/javascript\"><\/script><\/p>\n<p><script src=\"chrome-extension:\/\/fpelahbljekknahkcaegamhcndkfpfnc\/iFrame.js\" type=\"text\/javascript\"><\/script><\/p>\n<p><script src=\"chrome-extension:\/\/fpelahbljekknahkcaegamhcndkfpfnc\/iFrame.js\" type=\"text\/javascript\"><\/script><\/p>\n<p><script src=\"chrome-extension:\/\/fpelahbljekknahkcaegamhcndkfpfnc\/iFrame.js\" type=\"text\/javascript\"><\/script><\/p>\n<p><script src=\"chrome-extension:\/\/fpelahbljekknahkcaegamhcndkfpfnc\/iFrame.js\" type=\"text\/javascript\"><\/script><\/p>\n<p><script src=\"chrome-extension:\/\/fpelahbljekknahkcaegamhcndkfpfnc\/iFrame.js\" type=\"text\/javascript\"><\/script><\/p>","protected":false},"featured_media":17329,"comment_status":"open","ping_status":"closed","template":"","meta":[],"product_brand":[234],"product_cat":[124,187,185,189,195,174,175,161,191,173,186,180,190],"product_tag":[],"class_list":{"0":"post-17293","1":"product","2":"type-product","3":"status-publish","4":"has-post-thumbnail","6":"product_brand-mesii","7":"product_cat-vape-by-brand","8":"product_cat-0mg-nicotine-free-vapes","9":"product_cat-10000-puffs-high-capacity","10":"product_cat-20mg-standard-nicotine-vapes","11":"product_cat-dual-flavor-switch","12":"product_cat-fruit-flavors","13":"product_cat-icy-mint","14":"product_cat-mesii","15":"product_cat-rechargeable-disposables","16":"product_cat-vape-by-flavor-profile","17":"product_cat-vape-by-nicotine-strength","18":"product_cat-vape-by-puff-count","19":"product_cat-vape-by-feature-or-type","21":"first","22":"instock","23":"shipping-taxable","24":"purchasable","25":"product-type-variable","26":"has-default-attributes"},"tiered_pricing_type":"percentage","tiered_pricing_fixed_rules":[],"tiered_pricing_product_settings":{"layout":"default","base_unit_name":{"singular":null,"plural":null},"default_variation":null},"tiered_pricing_minimum_quantity":10,"tiered_pricing_roles_data":[],"tiered_pricing_percentage_rules":{"30":"29","50":"35","100":"40","200":"44","500":"47","1000":"49"},"tiered_pricing_maximum_quantity":null,"tiered_pricing_quantity_step":"10","_links":{"self":[{"href":"https:\/\/agoravape.com\/sv\/wp-json\/wp\/v2\/product\/17293","targetHints":{"allow":["GET"]}}],"collection":[{"href":"https:\/\/agoravape.com\/sv\/wp-json\/wp\/v2\/product"}],"about":[{"href":"https:\/\/agoravape.com\/sv\/wp-json\/wp\/v2\/types\/product"}],"replies":[{"embeddable":true,"href":"https:\/\/agoravape.com\/sv\/wp-json\/wp\/v2\/comments?post=17293"}],"version-history":[{"count":0,"href":"https:\/\/agoravape.com\/sv\/wp-json\/wp\/v2\/product\/17293\/revisions"}],"wp:featuredmedia":[{"embeddable":true,"href":"https:\/\/agoravape.com\/sv\/wp-json\/wp\/v2\/media\/17329"}],"wp:attachment":[{"href":"https:\/\/agoravape.com\/sv\/wp-json\/wp\/v2\/media?parent=17293"}],"wp:term":[{"taxonomy":"product_brand","embeddable":true,"href":"https:\/\/agoravape.com\/sv\/wp-json\/wp\/v2\/product_brand?post=17293"},{"taxonomy":"product_cat","embeddable":true,"href":"https:\/\/agoravape.com\/sv\/wp-json\/wp\/v2\/product_cat?post=17293"},{"taxonomy":"product_tag","embeddable":true,"href":"https:\/\/agoravape.com\/sv\/wp-json\/wp\/v2\/product_tag?post=17293"}],"curies":[{"name":"wp","href":"https:\/\/api.w.org\/{rel}","templated":true}]}}