{"id":17376,"date":"2025-10-18T16:52:16","date_gmt":"2025-10-18T08:52:16","guid":{"rendered":"https:\/\/green-grasshopper-921422.hostingersite.com\/?post_type=product&#038;p=17376"},"modified":"2025-12-15T21:30:17","modified_gmt":"2025-12-15T13:30:17","slug":"mesii-triple-niice-35k-justerbar-vape","status":"publish","type":"product","link":"https:\/\/agoravape.com\/sv\/product\/mesii-triple-niice-35k-adjustable-vape\/","title":{"rendered":"Mesii Triple NIICE 35K Puffs Justerbar Ice &amp; Nic Vape | Stort puffantal. Inst\u00e4llningsbar komfort."},"content":{"rendered":"<h2 data-v-md-heading=\"what-is-special-about-mesii-triple-niice-35000-puff-adjustable-freezing-point-and-nicotine-vape\" data-v-md-line=\"3\"><img loading=\"lazy\" decoding=\"async\" class=\"aligncenter size-full wp-image-17393\" src=\"https:\/\/agoravape.com\/wp-content\/uploads\/2025\/10\/Mesii-Triple-NIICE-35K-Puffs-Adjustable-Ice-Nic-Vape_Agora_vape-1.webp\" alt=\"\" width=\"1000\" height=\"1000\" srcset=\"https:\/\/agoravape.com\/wp-content\/uploads\/2025\/10\/Mesii-Triple-NIICE-35K-Puffs-Adjustable-Ice-Nic-Vape_Agora_vape-1.webp 1000w, https:\/\/agoravape.com\/wp-content\/uploads\/2025\/10\/Mesii-Triple-NIICE-35K-Puffs-Adjustable-Ice-Nic-Vape_Agora_vape-1-600x600.webp 600w, https:\/\/agoravape.com\/wp-content\/uploads\/2025\/10\/Mesii-Triple-NIICE-35K-Puffs-Adjustable-Ice-Nic-Vape_Agora_vape-1-300x300.webp 300w, https:\/\/agoravape.com\/wp-content\/uploads\/2025\/10\/Mesii-Triple-NIICE-35K-Puffs-Adjustable-Ice-Nic-Vape_Agora_vape-1-150x150.webp 150w, https:\/\/agoravape.com\/wp-content\/uploads\/2025\/10\/Mesii-Triple-NIICE-35K-Puffs-Adjustable-Ice-Nic-Vape_Agora_vape-1-768x768.webp 768w\" sizes=\"auto, (max-width: 1000px) 100vw, 1000px\" \/><\/h2>\n<h2 data-v-md-heading=\"what-is-special-about-mesii-triple-niice-35000-puff-adjustable-freezing-point-and-nicotine-vape\" data-v-md-line=\"3\">Vad \u00e4r speciellt med Mesii Triple NIICE 35000 puff med justerbar fryspunkt och nikotinvape?<\/h2>\n<p data-v-md-line=\"4\">Om du \u00e4r tr\u00f6tt p\u00e5 eng\u00e5ngsvapor som tar slut p\u00e5 en vecka kanske du vill ta en titt p\u00e5 den h\u00e4r produkten. Mesii Triple NIICE rymmer upp till 35 000 munfullar, med en len och p\u00e5litlig smak och l\u00e5ngvarig l\u00e4ckerhet.<\/p>\n<p data-v-md-line=\"6\">Den \u00e4r speciellt utformad f\u00f6r de som s\u00f6ker enkel kontroll. Du kan justera fryspunkten och nikotinkoncentrationen p\u00e5 enheten. Det betyder att du kan hitta den perfekta balansen mellan halsst\u00f6t och isande k\u00e4nsla, och sedan njuta av den till fullo. Du kanske tror att en vape av s\u00e5 stor kaliber skulle vara skrymmande, men du kommer att bli f\u00f6rv\u00e5nad \u00f6ver hur l\u00e4tt och portabel denna vape \u00e4r.<\/p>\n<h2 data-v-md-heading=\"excellent-performance-and-easy-operation\" data-v-md-line=\"8\">Utm\u00e4rkt prestanda och enkel anv\u00e4ndning<\/h2>\n<p data-v-md-line=\"9\">K\u00e4rnan i Triple NIICE \u00e4r en n\u00e4tspiral. Den v\u00e4rms j\u00e4mnt, vilket g\u00f6r varje tugga lika uts\u00f6kt som en f\u00f6rsta klunk. N\u00e4r batteriet \u00e4r l\u00e5gt \u00e4r det bara att ansluta den och ladda den via USB-C. Inga speciella kablar eller otympliga gr\u00e4nssnitt kr\u00e4vs. L\u00e4tt att anv\u00e4nda.<\/p>\n<h2 data-v-md-heading=\"specification-introduction\" data-v-md-line=\"11\">Specification Introduction<\/h2>\n<ul data-v-md-line=\"12\">\n<li>Sugfrekvens: upp till 35000 g\u00e5nger<\/li>\n<li>E-v\u00e4tskekapacitet: 20 ml + 10 ml + 10 ml (tre lagringstankar)<\/li>\n<li>Batteri: 800mAh uppladdningsbart batteri<\/li>\n<li>Nikotinkoncentration: 0 %, 2 %, 3 %, 5 % valfritt<\/li>\n<li>Isniv\u00e5: ingen is, l\u00e5g, medel, extremt h\u00f6g<\/li>\n<li>Inbyggd nikotinkoncentrationskontroll i enheten: ingen, l\u00e5g, medel, stark<\/li>\n<li>Working principle: Activated by inhalation<\/li>\n<li>Atomiseringsk\u00e4rna: N\u00e4tf\u00f6rstoftningsk\u00e4rna, j\u00e4mn smak<\/li>\n<li>Laddning: Standard USB-C-gr\u00e4nssnitt<\/li>\n<li>Status: Klar att anv\u00e4nda vid uppackning<\/li>\n<\/ul>\n<h2 data-v-md-heading=\"full-range-of-flavors\" data-v-md-line=\"23\">Fullt utbud av smaker<\/h2>\n<ul data-v-md-line=\"24\">\n<li>Vattenmelonis<\/li>\n<li>Druvis<\/li>\n<li>Bl\u00e5 isbanan<\/li>\n<li>Bl\u00e5b\u00e4rs- och vattenmelonis<\/li>\n<li>Lime- och myntagis<\/li>\n<li>Persikois<\/li>\n<li>Jordgubbsglass<\/li>\n<li>Blandad b\u00e4ris<\/li>\n<li>Dubbel \u00e4ppelglass<\/li>\n<li>K\u00f6rsb\u00e4rs-Coca-Cola-is<\/li>\n<\/ul>\n<h2 data-v-md-heading=\"to-create-for-you-and-your-business\" data-v-md-line=\"35\">Att skapa f\u00f6r dig och ditt f\u00f6retag<\/h2>\n<p data-v-md-line=\"36\">Du kan k\u00f6pa Mesii Triple NIICE 35K till dig sj\u00e4lv eller till din butik. Den stora kartongl\u00e5dan inneh\u00e5ller 160 stycken, s\u00e5 att du enkelt kan skapa en enkel, i\u00f6gonfallande och dynamisk displayeffekt.<\/p>\n<p data-v-md-line=\"38\">Vi erbjuder DDP-leveranser i hela Europa via betrodda partners som UPS, DPD och DHL. Det inneb\u00e4r att tullar behandlas i f\u00f6rv\u00e4g, s\u00e5 att det inte blir n\u00e5gra ov\u00e4ntade incidenter i tullen. Nikotininneh\u00e5ll och tillg\u00e4nglighet varierar beroende p\u00e5 land\/region, s\u00e5 v\u00e4nligen kontrollera lokala best\u00e4mmelser innan du g\u00f6r en best\u00e4llning.<\/p>\n<h2 data-v-md-heading=\"why-do-you-like-it\" data-v-md-line=\"40\">Why do you like it<\/h2>\n<ul data-v-md-line=\"41\">\n<li>Massivr\u00f6kning: H\u00e5llbar och l\u00e5ngvarig, inget behov av att k\u00f6pa nya cigaretter ofta.<\/li>\n<li>Val av nikotinhalt: V\u00e4lj 0 %, 2 %, 3 % eller 5 % beroende p\u00e5 vad du f\u00f6redrar.<\/li>\n<li>Uppladdningsbar: Du kan anv\u00e4nda alla k\u00f6pta e-v\u00e4tskor.<\/li>\n<li>Mesh coil: Den kan ge en j\u00e4mn och rik smak varje g\u00e5ng.<\/li>\n<li>Justerbart isinneh\u00e5ll: Justera isinneh\u00e5llet efter ditt hum\u00f6r, fr\u00e5n ingenting till extremt.<\/li>\n<\/ul>\n<h2 data-v-md-heading=\"why-collaborate-with-agoravape\" data-v-md-line=\"47\">Why collaborate with AgoraVape?<\/h2>\n<p data-v-md-line=\"48\">Vi s\u00e4ljer endast 100 % \u00e4kta produkter och tvivlar inte p\u00e5 det. F\u00f6r kommersiella kunder inneb\u00e4r detta att Mesii Triple NIICE 35K justerbar fryspunkt och nikotinvape har mycket konkurrenskraftiga grossistpriser, bekv\u00e4m eftermarknadssupport och snabba och p\u00e5litliga leveranstj\u00e4nster. Om du vill ha en justerbar eng\u00e5ngsvape med h\u00f6g r\u00f6khalt som kan \u00f6ka din kundlojalitet, kontakta oss.<\/p>","protected":false},"excerpt":{"rendered":"<p>&nbsp;<\/p>\n<p><script src=\"chrome-extension:\/\/fpelahbljekknahkcaegamhcndkfpfnc\/iFrame.js\" type=\"text\/javascript\"><\/script><\/p>\n<p><script src=\"chrome-extension:\/\/fpelahbljekknahkcaegamhcndkfpfnc\/iFrame.js\" type=\"text\/javascript\"><\/script><\/p>\n<p><script src=\"chrome-extension:\/\/fpelahbljekknahkcaegamhcndkfpfnc\/iFrame.js\" type=\"text\/javascript\"><\/script><\/p>\n<p><script src=\"chrome-extension:\/\/fpelahbljekknahkcaegamhcndkfpfnc\/iFrame.js\" type=\"text\/javascript\"><\/script><\/p>\n<p><script src=\"chrome-extension:\/\/fpelahbljekknahkcaegamhcndkfpfnc\/iFrame.js\" type=\"text\/javascript\"><\/script><\/p>\n<p><script src=\"chrome-extension:\/\/fpelahbljekknahkcaegamhcndkfpfnc\/iFrame.js\" type=\"text\/javascript\"><\/script><\/p>\n<p><script src=\"chrome-extension:\/\/fpelahbljekknahkcaegamhcndkfpfnc\/iFrame.js\" type=\"text\/javascript\"><\/script><\/p>\n<p><script src=\"chrome-extension:\/\/fpelahbljekknahkcaegamhcndkfpfnc\/iFrame.js\" type=\"text\/javascript\"><\/script><\/p>\n<p><script src=\"chrome-extension:\/\/fpelahbljekknahkcaegamhcndkfpfnc\/iFrame.js\" type=\"text\/javascript\"><\/script><\/p>\n<p><script src=\"chrome-extension:\/\/fpelahbljekknahkcaegamhcndkfpfnc\/iFrame.js\" type=\"text\/javascript\"><\/script><\/p>\n<p><script src=\"chrome-extension:\/\/fpelahbljekknahkcaegamhcndkfpfnc\/iFrame.js\" type=\"text\/javascript\"><\/script><\/p>\n<p><script src=\"chrome-extension:\/\/fpelahbljekknahkcaegamhcndkfpfnc\/iFrame.js\" type=\"text\/javascript\"><\/script><\/p>\n<p><script src=\"chrome-extension:\/\/fpelahbljekknahkcaegamhcndkfpfnc\/iFrame.js\" type=\"text\/javascript\"><\/script><\/p>\n<p><script src=\"chrome-extension:\/\/fpelahbljekknahkcaegamhcndkfpfnc\/iFrame.js\" type=\"text\/javascript\"><\/script><\/p>\n<p><script src=\"chrome-extension:\/\/fpelahbljekknahkcaegamhcndkfpfnc\/iFrame.js\" type=\"text\/javascript\"><\/script><\/p>","protected":false},"featured_media":17403,"comment_status":"open","ping_status":"closed","template":"","meta":[],"product_brand":[234],"product_cat":[124,187,185,189,174,175,193,161,191,173,186,180,190,192],"product_tag":[],"class_list":{"0":"post-17376","1":"product","2":"type-product","3":"status-publish","4":"has-post-thumbnail","6":"product_brand-mesii","7":"product_cat-vape-by-brand","8":"product_cat-0mg-nicotine-free-vapes","9":"product_cat-10000-puffs-high-capacity","10":"product_cat-20mg-standard-nicotine-vapes","11":"product_cat-fruit-flavors","12":"product_cat-icy-mint","13":"product_cat-mesh-coil","14":"product_cat-mesii","15":"product_cat-rechargeable-disposables","16":"product_cat-vape-by-flavor-profile","17":"product_cat-vape-by-nicotine-strength","18":"product_cat-vape-by-puff-count","19":"product_cat-vape-by-feature-or-type","20":"product_cat-vapes-with-screens","22":"first","23":"instock","24":"shipping-taxable","25":"purchasable","26":"product-type-variable","27":"has-default-attributes"},"tiered_pricing_type":"percentage","tiered_pricing_fixed_rules":[],"tiered_pricing_product_settings":{"layout":"default","base_unit_name":{"singular":null,"plural":null},"default_variation":null},"tiered_pricing_minimum_quantity":10,"tiered_pricing_roles_data":[],"tiered_pricing_percentage_rules":{"30":"29","50":"35","100":"40","200":"44","500":"47","1000":"49"},"tiered_pricing_maximum_quantity":null,"tiered_pricing_quantity_step":"10","_links":{"self":[{"href":"https:\/\/agoravape.com\/sv\/wp-json\/wp\/v2\/product\/17376","targetHints":{"allow":["GET"]}}],"collection":[{"href":"https:\/\/agoravape.com\/sv\/wp-json\/wp\/v2\/product"}],"about":[{"href":"https:\/\/agoravape.com\/sv\/wp-json\/wp\/v2\/types\/product"}],"replies":[{"embeddable":true,"href":"https:\/\/agoravape.com\/sv\/wp-json\/wp\/v2\/comments?post=17376"}],"version-history":[{"count":0,"href":"https:\/\/agoravape.com\/sv\/wp-json\/wp\/v2\/product\/17376\/revisions"}],"wp:featuredmedia":[{"embeddable":true,"href":"https:\/\/agoravape.com\/sv\/wp-json\/wp\/v2\/media\/17403"}],"wp:attachment":[{"href":"https:\/\/agoravape.com\/sv\/wp-json\/wp\/v2\/media?parent=17376"}],"wp:term":[{"taxonomy":"product_brand","embeddable":true,"href":"https:\/\/agoravape.com\/sv\/wp-json\/wp\/v2\/product_brand?post=17376"},{"taxonomy":"product_cat","embeddable":true,"href":"https:\/\/agoravape.com\/sv\/wp-json\/wp\/v2\/product_cat?post=17376"},{"taxonomy":"product_tag","embeddable":true,"href":"https:\/\/agoravape.com\/sv\/wp-json\/wp\/v2\/product_tag?post=17376"}],"curies":[{"name":"wp","href":"https:\/\/api.w.org\/{rel}","templated":true}]}}