{"id":17416,"date":"2025-10-18T17:04:25","date_gmt":"2025-10-18T09:04:25","guid":{"rendered":"https:\/\/green-grasshopper-921422.hostingersite.com\/?post_type=product&#038;p=17416"},"modified":"2026-02-22T15:15:40","modified_gmt":"2026-02-22T14:15:40","slug":"mesii-vast-energy-30000-puffar-vape","status":"publish","type":"product","link":"https:\/\/agoravape.com\/sv\/product\/mesii-vast-energy-30000-puffs-vape\/","title":{"rendered":"Mesii Vast Energy 30K Puffs 4-l\u00e4ges LED Marquee Vape | Stort antal bloss, enkel pekkontroll"},"content":{"rendered":"<h2 data-v-md-heading=\"what-are-the-special-features-of-mesii-vast-energy-30k-suction-capacity-4-speed-led-screen-vape\" data-v-md-line=\"3\"><img loading=\"lazy\" decoding=\"async\" class=\"aligncenter size-full wp-image-17443\" src=\"https:\/\/agoravape.com\/wp-content\/uploads\/2025\/10\/Mesii-Vast-Energy-30K-Puffs-4-Mode-LED-Marquee-Vape_Agora_vape-16.webp\" alt=\"\" width=\"1600\" height=\"1600\" srcset=\"https:\/\/agoravape.com\/wp-content\/uploads\/2025\/10\/Mesii-Vast-Energy-30K-Puffs-4-Mode-LED-Marquee-Vape_Agora_vape-16.webp 1600w, https:\/\/agoravape.com\/wp-content\/uploads\/2025\/10\/Mesii-Vast-Energy-30K-Puffs-4-Mode-LED-Marquee-Vape_Agora_vape-16-600x600.webp 600w, https:\/\/agoravape.com\/wp-content\/uploads\/2025\/10\/Mesii-Vast-Energy-30K-Puffs-4-Mode-LED-Marquee-Vape_Agora_vape-16-1200x1200.webp 1200w, https:\/\/agoravape.com\/wp-content\/uploads\/2025\/10\/Mesii-Vast-Energy-30K-Puffs-4-Mode-LED-Marquee-Vape_Agora_vape-16-300x300.webp 300w, https:\/\/agoravape.com\/wp-content\/uploads\/2025\/10\/Mesii-Vast-Energy-30K-Puffs-4-Mode-LED-Marquee-Vape_Agora_vape-16-1024x1024.webp 1024w, https:\/\/agoravape.com\/wp-content\/uploads\/2025\/10\/Mesii-Vast-Energy-30K-Puffs-4-Mode-LED-Marquee-Vape_Agora_vape-16-150x150.webp 150w, https:\/\/agoravape.com\/wp-content\/uploads\/2025\/10\/Mesii-Vast-Energy-30K-Puffs-4-Mode-LED-Marquee-Vape_Agora_vape-16-768x768.webp 768w, https:\/\/agoravape.com\/wp-content\/uploads\/2025\/10\/Mesii-Vast-Energy-30K-Puffs-4-Mode-LED-Marquee-Vape_Agora_vape-16-1536x1536.webp 1536w\" sizes=\"auto, (max-width: 1600px) 100vw, 1600px\" \/><\/h2>\n<h2 data-v-md-heading=\"what-are-the-special-features-of-mesii-vast-energy-30k-suction-capacity-4-speed-led-screen-vape\" data-v-md-line=\"3\">Vilka \u00e4r de speciella egenskaperna hos Mesii Vast Energy 30K sugkapacitet 4-v\u00e4xlad LED-sk\u00e4rm vape?<\/h2>\n<p data-v-md-line=\"4\">Om du \u00e4r tr\u00f6tt p\u00e5 eng\u00e5ngsvapor och anv\u00e4nder dem snabbt varje g\u00e5ng, s\u00e5 \u00e4r denna vape definitivt ditt b\u00e4sta val. Mesii Vast Energy har upp till 30000 puffar och \u00e4r utrustad med en sl\u00e5ende 360 \u00b0 LED-sk\u00e4rm, s\u00e5 att du verkligen kan anv\u00e4nda den ist\u00e4llet f\u00f6r att bara titta p\u00e5 den. Tryck p\u00e5 touch-omkopplaren f\u00f6r att v\u00e4xla mellan de fyra l\u00e4gena och f\u00e5 en underbar upplevelse f\u00f6r hela dagen.<\/p>\n<p data-v-md-line=\"6\">Om du enkelt vill njuta av rika smaker utan kr\u00e5ngel med drift \u00e4r denna vape det perfekta valet. Inget behov av komplexa menyer, inga komplicerade knappar, snyggt utseende, enkel anv\u00e4ndarupplevelse och utm\u00e4rkt prestanda.<\/p>\n<h2 data-v-md-heading=\"excellent-performance-without-any-complex-operations\" data-v-md-line=\"8\">Utm\u00e4rkt prestanda utan komplicerade operationer<\/h2>\n<p data-v-md-line=\"9\">Fyra praktiska l\u00e4gen - ECO, PLUS, PRO och MAX - g\u00f6r att du fritt kan justera \u00f6nskad sugvolym och effekt. ECO-l\u00e4get f\u00f6rl\u00e4nger din anv\u00e4ndningstid. MAX-l\u00e4get ger en mer kraftfull upplevelse. Spolen har justerats och har en stabil smak, med den f\u00f6rsta tuggan lika mjuk som den sista tuggan. Den drivs av ett 800mAh-batteri och klarar en stor kapacitet p\u00e5 30ml. Tryck bara f\u00f6r att v\u00e4xla l\u00e4ge f\u00f6r normal anv\u00e4ndning.<\/p>\n<h2 data-v-md-heading=\"specification-overview\" data-v-md-line=\"11\">Specifikations\u00f6versikt<\/h2>\n<p data-v-md-line=\"12\"><strong>Suction frequency<\/strong>: upp till 30000 g\u00e5nger<br \/>\n<strong>Nikotininneh\u00e5ll<\/strong>: 0%, 2%, 3%, 5%<br \/>\n<strong>Arbetsprincip<\/strong>: Tryck p\u00e5 omkopplaren f\u00f6r att v\u00e4xla mellan l\u00e4gena ECO, PLUS, PRO och MAX. Inget behov av komplicerade inst\u00e4llningar<br \/>\n<strong>Charging:<\/strong>\u00a0Inbyggt batteri p\u00e5 800 mAh<br \/>\n<strong>Status:<\/strong>\u00a0Ready to use out of the box<\/p>\n<h2 data-v-md-heading=\"full-range-of-flavors\" data-v-md-line=\"18\">Fullt utbud av smaker<\/h2>\n<ul data-v-md-line=\"19\">\n<li>Vattenmelonis<\/li>\n<li>Druvis<\/li>\n<li>B\u00e4rbomb<\/li>\n<li>Jordgubb, kiwi<\/li>\n<li>Bl\u00e5 isbanan<\/li>\n<li>Persikois<\/li>\n<li>K\u00f6rsb\u00e4rs-Coca-Cola-is<\/li>\n<li>Sur \u00e4ppelglass<\/li>\n<li>Miami Myntverk<\/li>\n<li>Citron och lime<\/li>\n<li>Jordgubbsvattenmelon<\/li>\n<li>Bai Xiang Apelsin Guava<\/li>\n<li>Hallonvattenmelon<\/li>\n<li>Pineapple Mango<\/li>\n<li>Drakfrukt, banan, k\u00f6rsb\u00e4r<\/li>\n<\/ul>\n<h2 data-v-md-heading=\"for-you-for-your-business\" data-v-md-line=\"35\">F\u00f6r dig, f\u00f6r ditt f\u00f6retag<\/h2>\n<p data-v-md-line=\"36\">Du kan v\u00e4lja en till dig sj\u00e4lv eller fylla p\u00e5 lagret till din butik. Partihandelskartonger om 150 per kartong, med en bruttovikt p\u00e5 cirka 18 kg. Vi skickar via betrodda partners som UPS, DPD och DHL p\u00e5 DDP-basis (Delivered Duty Paid), s\u00e5 att din best\u00e4llning kan levereras snabbt och undvika ov\u00e4ntade incidenter vid tullen.<\/p>\n<p data-v-md-line=\"38\">Om du beh\u00f6ver priser f\u00f6r bulkbest\u00e4llningar eller patroner med blandad smak, v\u00e4nligen kontakta v\u00e5rt team. Vi hj\u00e4lper dig att skapa en \u00e5terkommande kundserie som verkligen lockar kunder.<\/p>\n<h2 data-v-md-heading=\"why-do-you-like-it\" data-v-md-line=\"40\">Why do you like it<\/h2>\n<p data-v-md-line=\"41\"><strong>\u00d6verdriven sugning:<\/strong>\u00a0F\u00e4rre utbytestider, vilket sparar tid och besv\u00e4r<br \/>\n<strong>Fyra str\u00f6ml\u00e4gen:<\/strong>\u00a0Anpassa sugupplevelsen efter ditt hum\u00f6r, oavsett om du f\u00f6redrar mjukhet eller styrka<br \/>\n<strong>360 \u00b0 LED rullande ljus:<\/strong>\u00a0Levande utseende, tydlig och synlig l\u00e4ges\u00e5terkoppling<br \/>\n<strong>Nicotine selection:<\/strong>\u00a0Fr\u00e5n 0% till h\u00f6gre koncentrationer kan du v\u00e4lja den som passar dig b\u00e4st<br \/>\n<strong>Touch-kontroll:<\/strong>\u00a0Tryck bara p\u00e5 f\u00f6r att snabbt byta l\u00e4ge<\/p>\n<h2 data-v-md-heading=\"why-collaborate-with-agoravape\" data-v-md-line=\"47\">Why collaborate with AgoraVape?<\/h2>\n<p data-v-md-line=\"48\">Vi s\u00e4ljer endast 100% \u00e4kta produkter fr\u00e5n v\u00e5ra betrodda varum\u00e4rken. Som en av de mest betrodda vape-distribut\u00f6rerna i Europa erbjuder vi rabatterade grossistpriser, p\u00e5litlig support och snabb DDP-leverans f\u00f6r Mesii Vast Energy 30K smoking 4-l\u00e4ges LED ticker vapes. Vill du k\u00f6pa det? V\u00e4nligen kontakta oss s\u00e5 ordnar vi det \u00e5t dig och eliminerar dina bekymmer.<\/p>\n<p data-v-md-line=\"50\">Meddelande till \u00e5terf\u00f6rs\u00e4ljare inom EU: Kontrollera lokala regler f\u00f6r tobaksprodukter (TPD)\/tobaksprodukter och f\u00f6rpackningar (TRPR) innan du s\u00e4ljer din cigarett. Alternativet med 30 ml kapacitet och h\u00f6gre nikotinhalt kanske inte \u00e4r till\u00e5tet p\u00e5 vissa europeiska marknader. Vi kan ge dig r\u00e5d som uppfyller efterlevnadskraven i ditt land\/region.<\/p>","protected":false},"excerpt":{"rendered":"<p>&nbsp;<\/p>\n<p><script src=\"chrome-extension:\/\/fpelahbljekknahkcaegamhcndkfpfnc\/iFrame.js\" type=\"text\/javascript\"><\/script><\/p>\n<p><script src=\"chrome-extension:\/\/fpelahbljekknahkcaegamhcndkfpfnc\/iFrame.js\" type=\"text\/javascript\"><\/script><\/p>\n<p><script src=\"chrome-extension:\/\/fpelahbljekknahkcaegamhcndkfpfnc\/iFrame.js\" type=\"text\/javascript\"><\/script><\/p>\n<p><script src=\"chrome-extension:\/\/fpelahbljekknahkcaegamhcndkfpfnc\/iFrame.js\" type=\"text\/javascript\"><\/script><\/p>\n<p><script src=\"chrome-extension:\/\/fpelahbljekknahkcaegamhcndkfpfnc\/iFrame.js\" type=\"text\/javascript\"><\/script><\/p>\n<p><script src=\"chrome-extension:\/\/fpelahbljekknahkcaegamhcndkfpfnc\/iFrame.js\" type=\"text\/javascript\"><\/script><\/p>\n<p><script src=\"chrome-extension:\/\/fpelahbljekknahkcaegamhcndkfpfnc\/iFrame.js\" type=\"text\/javascript\"><\/script><\/p>\n<p><script src=\"chrome-extension:\/\/fpelahbljekknahkcaegamhcndkfpfnc\/iFrame.js\" type=\"text\/javascript\"><\/script><\/p>\n<p><script src=\"chrome-extension:\/\/fpelahbljekknahkcaegamhcndkfpfnc\/iFrame.js\" type=\"text\/javascript\"><\/script><\/p>\n<p><script src=\"chrome-extension:\/\/fpelahbljekknahkcaegamhcndkfpfnc\/iFrame.js\" type=\"text\/javascript\"><\/script><\/p>\n<p><script src=\"chrome-extension:\/\/fpelahbljekknahkcaegamhcndkfpfnc\/iFrame.js\" type=\"text\/javascript\"><\/script><\/p>\n<p><script src=\"chrome-extension:\/\/fpelahbljekknahkcaegamhcndkfpfnc\/iFrame.js\" type=\"text\/javascript\"><\/script><\/p>\n<p><script src=\"chrome-extension:\/\/fpelahbljekknahkcaegamhcndkfpfnc\/iFrame.js\" type=\"text\/javascript\"><\/script><\/p>\n<p><script src=\"chrome-extension:\/\/fpelahbljekknahkcaegamhcndkfpfnc\/iFrame.js\" type=\"text\/javascript\"><\/script><\/p>\n<p><script src=\"chrome-extension:\/\/fpelahbljekknahkcaegamhcndkfpfnc\/iFrame.js\" type=\"text\/javascript\"><\/script><\/p>","protected":false},"featured_media":17442,"comment_status":"open","ping_status":"closed","template":"","meta":[],"product_brand":[234],"product_cat":[124,187,185,189,1637,174,175,193,161,191,173,186,180,190,192],"product_tag":[],"class_list":{"0":"post-17416","1":"product","2":"type-product","3":"status-publish","4":"has-post-thumbnail","6":"product_brand-mesii","7":"product_cat-vape-by-brand","8":"product_cat-0mg-nicotine-free-vapes","9":"product_cat-10000-puffs-high-capacity","10":"product_cat-20mg-standard-nicotine-vapes","11":"product_cat-30000-puffs","12":"product_cat-fruit-flavors","13":"product_cat-icy-mint","14":"product_cat-mesh-coil","15":"product_cat-mesii","16":"product_cat-rechargeable-disposables","17":"product_cat-vape-by-flavor-profile","18":"product_cat-vape-by-nicotine-strength","19":"product_cat-vape-by-puff-count","20":"product_cat-vape-by-feature-or-type","21":"product_cat-vapes-with-screens","23":"first","24":"instock","25":"shipping-taxable","26":"purchasable","27":"product-type-variable","28":"has-default-attributes"},"tiered_pricing_type":"percentage","tiered_pricing_fixed_rules":[],"tiered_pricing_product_settings":{"layout":"default","base_unit_name":{"singular":null,"plural":null},"default_variation":null},"tiered_pricing_minimum_quantity":10,"tiered_pricing_roles_data":[],"tiered_pricing_percentage_rules":{"30":"29","50":"35","100":"40","200":"44","500":"47","1000":"49"},"tiered_pricing_maximum_quantity":null,"tiered_pricing_quantity_step":"10","_links":{"self":[{"href":"https:\/\/agoravape.com\/sv\/wp-json\/wp\/v2\/product\/17416","targetHints":{"allow":["GET"]}}],"collection":[{"href":"https:\/\/agoravape.com\/sv\/wp-json\/wp\/v2\/product"}],"about":[{"href":"https:\/\/agoravape.com\/sv\/wp-json\/wp\/v2\/types\/product"}],"replies":[{"embeddable":true,"href":"https:\/\/agoravape.com\/sv\/wp-json\/wp\/v2\/comments?post=17416"}],"version-history":[{"count":0,"href":"https:\/\/agoravape.com\/sv\/wp-json\/wp\/v2\/product\/17416\/revisions"}],"wp:featuredmedia":[{"embeddable":true,"href":"https:\/\/agoravape.com\/sv\/wp-json\/wp\/v2\/media\/17442"}],"wp:attachment":[{"href":"https:\/\/agoravape.com\/sv\/wp-json\/wp\/v2\/media?parent=17416"}],"wp:term":[{"taxonomy":"product_brand","embeddable":true,"href":"https:\/\/agoravape.com\/sv\/wp-json\/wp\/v2\/product_brand?post=17416"},{"taxonomy":"product_cat","embeddable":true,"href":"https:\/\/agoravape.com\/sv\/wp-json\/wp\/v2\/product_cat?post=17416"},{"taxonomy":"product_tag","embeddable":true,"href":"https:\/\/agoravape.com\/sv\/wp-json\/wp\/v2\/product_tag?post=17416"}],"curies":[{"name":"wp","href":"https:\/\/api.w.org\/{rel}","templated":true}]}}