{"id":17491,"date":"2025-10-18T17:34:29","date_gmt":"2025-10-18T09:34:29","guid":{"rendered":"https:\/\/green-grasshopper-921422.hostingersite.com\/?post_type=product&#038;p=17491"},"modified":"2026-01-19T22:00:46","modified_gmt":"2026-01-19T14:00:46","slug":"lavande-bm18000-puffs-boost-vape","status":"publish","type":"product","link":"https:\/\/agoravape.com\/sv\/product\/lavande-bm18000-puffs-boost-vape\/","title":{"rendered":"Lavande BM18000 Puffs Boost Mode Mesh Coil Vape | L\u00e5ngvarig smak med enkel typ-C-laddning"},"content":{"rendered":"<h2 data-v-md-heading=\"what-are-the-special-features-of-lavande-bm18000-enhanced-mode-mesh-coil-vape\" data-v-md-line=\"3\"><img loading=\"lazy\" decoding=\"async\" class=\"aligncenter size-full wp-image-17487\" src=\"https:\/\/agoravape.com\/wp-content\/uploads\/2025\/10\/Lavande-BM18000-Puffs-Boost-Mode-Mesh-Coil-Vape_Agora_vape-1-scaled.webp\" alt=\"\" width=\"2560\" height=\"1440\" srcset=\"https:\/\/agoravape.com\/wp-content\/uploads\/2025\/10\/Lavande-BM18000-Puffs-Boost-Mode-Mesh-Coil-Vape_Agora_vape-1-scaled.webp 2560w, https:\/\/agoravape.com\/wp-content\/uploads\/2025\/10\/Lavande-BM18000-Puffs-Boost-Mode-Mesh-Coil-Vape_Agora_vape-1-scaled-1200x675.webp 1200w, https:\/\/agoravape.com\/wp-content\/uploads\/2025\/10\/Lavande-BM18000-Puffs-Boost-Mode-Mesh-Coil-Vape_Agora_vape-1-300x169.webp 300w, https:\/\/agoravape.com\/wp-content\/uploads\/2025\/10\/Lavande-BM18000-Puffs-Boost-Mode-Mesh-Coil-Vape_Agora_vape-1-1024x576.webp 1024w, https:\/\/agoravape.com\/wp-content\/uploads\/2025\/10\/Lavande-BM18000-Puffs-Boost-Mode-Mesh-Coil-Vape_Agora_vape-1-768x432.webp 768w, https:\/\/agoravape.com\/wp-content\/uploads\/2025\/10\/Lavande-BM18000-Puffs-Boost-Mode-Mesh-Coil-Vape_Agora_vape-1-1536x864.webp 1536w, https:\/\/agoravape.com\/wp-content\/uploads\/2025\/10\/Lavande-BM18000-Puffs-Boost-Mode-Mesh-Coil-Vape_Agora_vape-1-2048x1152.webp 2048w\" sizes=\"auto, (max-width: 2560px) 100vw, 2560px\" \/><\/h2>\n<h2 data-v-md-heading=\"what-are-the-special-features-of-lavande-bm18000-enhanced-mode-mesh-coil-vape\" data-v-md-line=\"3\">Vilka \u00e4r de speciella egenskaperna hos Lavande BM18000 enhanced mode mesh coil vape?<\/h2>\n<p data-v-md-line=\"4\">Om du \u00e4r tr\u00f6tt p\u00e5 att byta ut eng\u00e5ngsvapor med n\u00e5gra dagars mellanrum, kommer den h\u00e4r produkten att g\u00f6ra ditt liv enklare. Lavande BM18000 \u00e4r designad f\u00f6r l\u00e5ngvarig anv\u00e4ndning, och st\u00f6der upp till 18000 bloss och \u00e4r utrustad med ett uppladdningsbart batteri f\u00f6r enkel anv\u00e4ndning.<\/p>\n<p data-v-md-line=\"6\">Den passar alla anv\u00e4ndare som vill ha renhet, stabilitet och inget behov av besv\u00e4rliga knappar eller inst\u00e4llningar. Tack vare dess n\u00e4tspiraler och justerbara luftintag enligt personliga preferenser kan du uppn\u00e5 en j\u00e4mn smak. Om du vill ha fylligare r\u00f6k, sl\u00e5 bara p\u00e5 f\u00f6rst\u00e4rkningsl\u00e4get utan att \u00e4ndra dina vanor.<\/p>\n<h2 data-v-md-heading=\"excellent-performance-easy-and-convenient\" data-v-md-line=\"8\">Utm\u00e4rkt prestanda, enkelt och bekv\u00e4mt<\/h2>\n<p data-v-md-line=\"9\">Mesh-coilen \u00e4r sj\u00e4len i denna vape, som kan bibeh\u00e5lla en uppfriskande smak fr\u00e5n f\u00f6rsta till sista tuggan. Justerbart luftfl\u00f6de l\u00e5ter dig justera sugkraften efter ditt hum\u00f6r. N\u00e4r batteriet \u00e4r l\u00e5gt ansluter du bara Type-C-datakabeln f\u00f6r att anv\u00e4nda den normalt. Inget behov av speciella laddare, l\u00e4tt att hantera.<\/p>\n<h2 data-v-md-heading=\"specification-overview\" data-v-md-line=\"11\">Specifikations\u00f6versikt<\/h2>\n<p data-v-md-line=\"12\"><strong>Suction frequency<\/strong>upp till 18000 g\u00e5nger<br \/>\n<strong>e-v\u00e4tskans kapacitet<\/strong>18 milliliter, kan v\u00e4lja 1-2 p\u00e5fyllningar<br \/>\n<strong>Nikotin<\/strong>0,3 % saltnikotin<br \/>\n<strong>Luftfl\u00f6de<\/strong>Justerbar<br \/>\n<strong>F\u00f6rb\u00e4ttrat l\u00e4ge<\/strong>: str\u00f6mf\u00f6rs\u00f6rjning p\u00e5 beg\u00e4ran, mer intensiv r\u00f6k<br \/>\n<strong>Batteri<\/strong>650 mAh uppladdningsbart batteri<br \/>\n<strong>Arbetsprincip<\/strong>Aktivera med bara ett bloss<br \/>\n<strong>Laddning<\/strong>Standard USB-gr\u00e4nssnitt av typ C<br \/>\n<strong>Status<\/strong>Klar att anv\u00e4nda direkt ur l\u00e5dan<\/p>\n<h2 data-v-md-heading=\"to-create-for-you-and-your-business\" data-v-md-line=\"22\">Att skapa f\u00f6r dig och ditt f\u00f6retag<\/h2>\n<p data-v-md-line=\"23\">Du kan k\u00f6pa Lavande BM18000 f\u00f6r personligt bruk eller l\u00e4gga till den i din butik. Kartongen inneh\u00e5ller 200 enheter, vilket g\u00f6r det enkelt att h\u00e5lla hyllorna fulla utan att beh\u00f6va fylla p\u00e5 ofta.<\/p>\n<p data-v-md-line=\"25\">Vi erbjuder DDP-alternativ med momsavgift via betrodda partners som UPS DPD och DHL, vilket g\u00f6r det enkelt och bekv\u00e4mt f\u00f6r dig att ta emot dina varor och undvika tullolyckor. Om du beh\u00f6ver hj\u00e4lp med bulkordrar eller blandade smaker \u00e4r du v\u00e4lkommen att kontakta oss s\u00e5 hj\u00e4lper vi dig g\u00e4rna.<\/p>\n<h2 data-v-md-heading=\"why-do-you-like-it\" data-v-md-line=\"27\">Why do you like it<\/h2>\n<p data-v-md-line=\"28\"><strong>Stor mun sugning:<\/strong>\u00a0H\u00e5llbara och l\u00e5ngvariga, inget behov av att k\u00f6pa nya cigaretter ofta.<br \/>\n<strong>Justerbart insug:<\/strong>\u00a0Du kan justera sugkraften efter dina \u00f6nskem\u00e5l.<br \/>\n<strong>Uppladdningsbart batteri:<\/strong>\u00a0Anv\u00e4nd upp all k\u00f6pt e-v\u00e4tska p\u00e5 en g\u00e5ng.<br \/>\n<strong>F\u00f6rb\u00e4ttrat l\u00e4ge:<\/strong>\u00a0\u00d6ka snabbt effekten f\u00f6r en kraftfullare upplevelse.<br \/>\n<strong>K\u00e4rna av n\u00e4tf\u00f6r\u00e5ngare:<\/strong>\u00a0Konsekvent smak.<\/p>\n<h2 data-v-md-heading=\"why-choose-to-collaborate-with-agoravape\" data-v-md-line=\"34\">Varf\u00f6r v\u00e4lja att samarbeta med AgoraVape?<\/h2>\n<p data-v-md-line=\"35\">Vi s\u00e4ljer endast \u00e4kta produkter och erbjuder garantier f\u00f6r dem. F\u00f6retagskunder kan njuta av mycket konkurrenskraftiga grossistpriser, p\u00e5litlig support och snabba och p\u00e5litliga transporttj\u00e4nster \u00f6ver hela Europa. Vi f\u00f6ljer \u00e5ldersverifieringsprotokoll och arbetar enligt europeiska standarder f\u00f6r vape-f\u00f6rs\u00e4ljning, vilket g\u00f6r best\u00e4llning s\u00e4ker och bekv\u00e4m. Kontakta oss f\u00f6r att lagerf\u00f6ra Lavande BM18000 och tillhandah\u00e5lla en enhet som dina kunder g\u00e4rna v\u00e4ljer mellan.<\/p>\n<p><script src=\"chrome-extension:\/\/fpelahbljekknahkcaegamhcndkfpfnc\/iFrame.js\" type=\"text\/javascript\"><\/script><\/p>\n<p><script src=\"chrome-extension:\/\/fpelahbljekknahkcaegamhcndkfpfnc\/iFrame.js\" type=\"text\/javascript\"><\/script><\/p>","protected":false},"excerpt":{"rendered":"<p>&nbsp;<\/p>\n<p><script src=\"chrome-extension:\/\/fpelahbljekknahkcaegamhcndkfpfnc\/iFrame.js\" type=\"text\/javascript\"><\/script><\/p>\n<p><script src=\"chrome-extension:\/\/fpelahbljekknahkcaegamhcndkfpfnc\/iFrame.js\" type=\"text\/javascript\"><\/script><\/p>\n<p><script src=\"chrome-extension:\/\/fpelahbljekknahkcaegamhcndkfpfnc\/iFrame.js\" type=\"text\/javascript\"><\/script><\/p>\n<p><script src=\"chrome-extension:\/\/fpelahbljekknahkcaegamhcndkfpfnc\/iFrame.js\" type=\"text\/javascript\"><\/script><\/p>\n<p><script src=\"chrome-extension:\/\/fpelahbljekknahkcaegamhcndkfpfnc\/iFrame.js\" type=\"text\/javascript\"><\/script><\/p>\n<p><script src=\"chrome-extension:\/\/fpelahbljekknahkcaegamhcndkfpfnc\/iFrame.js\" type=\"text\/javascript\"><\/script><\/p>\n<p><script src=\"chrome-extension:\/\/fpelahbljekknahkcaegamhcndkfpfnc\/iFrame.js\" type=\"text\/javascript\"><\/script><\/p>\n<p><script src=\"chrome-extension:\/\/fpelahbljekknahkcaegamhcndkfpfnc\/iFrame.js\" type=\"text\/javascript\"><\/script><\/p>\n<p><script src=\"chrome-extension:\/\/fpelahbljekknahkcaegamhcndkfpfnc\/iFrame.js\" type=\"text\/javascript\"><\/script><\/p>\n<p><script src=\"chrome-extension:\/\/fpelahbljekknahkcaegamhcndkfpfnc\/iFrame.js\" type=\"text\/javascript\"><\/script><\/p>\n<p><script src=\"chrome-extension:\/\/fpelahbljekknahkcaegamhcndkfpfnc\/iFrame.js\" type=\"text\/javascript\"><\/script><\/p>\n<p><script src=\"chrome-extension:\/\/fpelahbljekknahkcaegamhcndkfpfnc\/iFrame.js\" type=\"text\/javascript\"><\/script><\/p>\n<p><script src=\"chrome-extension:\/\/fpelahbljekknahkcaegamhcndkfpfnc\/iFrame.js\" type=\"text\/javascript\"><\/script><\/p>\n<p><script src=\"chrome-extension:\/\/fpelahbljekknahkcaegamhcndkfpfnc\/iFrame.js\" type=\"text\/javascript\"><\/script><\/p>\n<p><script src=\"chrome-extension:\/\/fpelahbljekknahkcaegamhcndkfpfnc\/iFrame.js\" type=\"text\/javascript\"><\/script><\/p>","protected":false},"featured_media":17490,"comment_status":"open","ping_status":"closed","template":"","meta":[],"product_brand":[235],"product_cat":[124,185,194,174,175,162,193,191,173,186,180,190,192],"product_tag":[],"class_list":{"0":"post-17491","1":"product","2":"type-product","3":"status-publish","4":"has-post-thumbnail","6":"product_brand-lavande","7":"product_cat-vape-by-brand","8":"product_cat-10000-puffs-high-capacity","9":"product_cat-adjustable-airflow","10":"product_cat-fruit-flavors","11":"product_cat-icy-mint","12":"product_cat-lavande","13":"product_cat-mesh-coil","14":"product_cat-rechargeable-disposables","15":"product_cat-vape-by-flavor-profile","16":"product_cat-vape-by-nicotine-strength","17":"product_cat-vape-by-puff-count","18":"product_cat-vape-by-feature-or-type","19":"product_cat-vapes-with-screens","21":"first","22":"onbackorder","23":"shipping-taxable","24":"purchasable","25":"product-type-variable","26":"has-default-attributes"},"tiered_pricing_type":"percentage","tiered_pricing_fixed_rules":[],"tiered_pricing_product_settings":{"layout":"default","base_unit_name":{"singular":null,"plural":null},"default_variation":null},"tiered_pricing_minimum_quantity":50,"tiered_pricing_roles_data":[],"tiered_pricing_percentage_rules":{"100":"40","200":"44","500":"47","1000":"49"},"tiered_pricing_maximum_quantity":null,"tiered_pricing_quantity_step":"10","_links":{"self":[{"href":"https:\/\/agoravape.com\/sv\/wp-json\/wp\/v2\/product\/17491","targetHints":{"allow":["GET"]}}],"collection":[{"href":"https:\/\/agoravape.com\/sv\/wp-json\/wp\/v2\/product"}],"about":[{"href":"https:\/\/agoravape.com\/sv\/wp-json\/wp\/v2\/types\/product"}],"replies":[{"embeddable":true,"href":"https:\/\/agoravape.com\/sv\/wp-json\/wp\/v2\/comments?post=17491"}],"version-history":[{"count":0,"href":"https:\/\/agoravape.com\/sv\/wp-json\/wp\/v2\/product\/17491\/revisions"}],"wp:featuredmedia":[{"embeddable":true,"href":"https:\/\/agoravape.com\/sv\/wp-json\/wp\/v2\/media\/17490"}],"wp:attachment":[{"href":"https:\/\/agoravape.com\/sv\/wp-json\/wp\/v2\/media?parent=17491"}],"wp:term":[{"taxonomy":"product_brand","embeddable":true,"href":"https:\/\/agoravape.com\/sv\/wp-json\/wp\/v2\/product_brand?post=17491"},{"taxonomy":"product_cat","embeddable":true,"href":"https:\/\/agoravape.com\/sv\/wp-json\/wp\/v2\/product_cat?post=17491"},{"taxonomy":"product_tag","embeddable":true,"href":"https:\/\/agoravape.com\/sv\/wp-json\/wp\/v2\/product_tag?post=17491"}],"curies":[{"name":"wp","href":"https:\/\/api.w.org\/{rel}","templated":true}]}}