{"id":17577,"date":"2025-10-18T19:25:06","date_gmt":"2025-10-18T11:25:06","guid":{"rendered":"https:\/\/green-grasshopper-921422.hostingersite.com\/?post_type=product&#038;p=17577"},"modified":"2026-01-12T14:06:49","modified_gmt":"2026-01-12T06:06:49","slug":"razz-bar-50k-50000-puffar-vape","status":"publish","type":"product","link":"https:\/\/agoravape.com\/sv\/product\/razz-bar-50k-50000-puffs-vape\/","title":{"rendered":"Razz Bar 50K Puffs Eng\u00e5ngsvape med h\u00f6g kapacitet | L\u00e5ng livsl\u00e4ngd, enkel att leva med"},"content":{"rendered":"<h2 data-v-md-heading=\"what-are-the-advantages-of-razz-bar-50k-large-capacity-disposable-vapes\" data-v-md-line=\"3\"><img loading=\"lazy\" decoding=\"async\" class=\"aligncenter size-full wp-image-17589\" src=\"https:\/\/agoravape.com\/wp-content\/uploads\/2025\/10\/Razz-bar-50K-Puffs-High-Capacity-Disposable-Vape_Agora_vape-1-scaled.webp\" alt=\"\" width=\"1506\" height=\"2560\" srcset=\"https:\/\/agoravape.com\/wp-content\/uploads\/2025\/10\/Razz-bar-50K-Puffs-High-Capacity-Disposable-Vape_Agora_vape-1-scaled.webp 1506w, https:\/\/agoravape.com\/wp-content\/uploads\/2025\/10\/Razz-bar-50K-Puffs-High-Capacity-Disposable-Vape_Agora_vape-1-scaled-1200x2040.webp 1200w, https:\/\/agoravape.com\/wp-content\/uploads\/2025\/10\/Razz-bar-50K-Puffs-High-Capacity-Disposable-Vape_Agora_vape-1-176x300.webp 176w, https:\/\/agoravape.com\/wp-content\/uploads\/2025\/10\/Razz-bar-50K-Puffs-High-Capacity-Disposable-Vape_Agora_vape-1-602x1024.webp 602w, https:\/\/agoravape.com\/wp-content\/uploads\/2025\/10\/Razz-bar-50K-Puffs-High-Capacity-Disposable-Vape_Agora_vape-1-768x1306.webp 768w, https:\/\/agoravape.com\/wp-content\/uploads\/2025\/10\/Razz-bar-50K-Puffs-High-Capacity-Disposable-Vape_Agora_vape-1-904x1536.webp 904w, https:\/\/agoravape.com\/wp-content\/uploads\/2025\/10\/Razz-bar-50K-Puffs-High-Capacity-Disposable-Vape_Agora_vape-1-1205x2048.webp 1205w\" sizes=\"auto, (max-width: 1506px) 100vw, 1506px\" \/><\/h2>\n<h2 data-v-md-heading=\"what-are-the-advantages-of-razz-bar-50k-large-capacity-disposable-vapes\" data-v-md-line=\"3\">Vilka \u00e4r f\u00f6rdelarna med Razz Bar 50K eng\u00e5ngsvapor med stor kapacitet?<\/h2>\n<p data-v-md-line=\"4\">Om du \u00e4r tr\u00f6tt p\u00e5 att byta din vape med n\u00e5gra dagars mellanrum, kommer den h\u00e4r produkten att g\u00f6ra ditt liv enklare. Razz Bar 50K har en kraftfull batteritid p\u00e5 upp till 50 000 bett, vilket g\u00f6r att du enkelt kan njuta av dina favoritsmaker.<\/p>\n<p data-v-md-line=\"6\">Den passar alla som vill komma ig\u00e5ng enkelt utan att beh\u00f6va l\u00e4ra sig. \u00d6ppna f\u00f6rpackningen f\u00f6r att anv\u00e4nda. Inget behov av att justera n\u00e5gra inst\u00e4llningar. Enkelt och bekv\u00e4mt.<\/p>\n<h2 data-v-md-heading=\"excellent-performance-easy-and-convenient\" data-v-md-line=\"8\">Utm\u00e4rkt prestanda, enkelt och bekv\u00e4mt<\/h2>\n<p data-v-md-line=\"9\">Den h\u00e4r apparaten betonar konsistens. Du kan njuta av en j\u00e4mn sugupplevelse och stabil smak utan att tappa andan halvv\u00e4gs. Det finns inga st\u00f6rningar fr\u00e5n n\u00e5gra knappar eller menyer. Det \u00e4r en enkel plug-and-play-enhet som kan anv\u00e4ndas dag efter dag.<\/p>\n<p data-v-md-line=\"11\">Du kanske tror att en produkt med s\u00e5 m\u00e5nga puffar skulle vara komplicerad, men den \u00e4r v\u00e4ldigt enkel att anv\u00e4nda.<\/p>\n<h2 data-v-md-heading=\"specification-introduction\" data-v-md-line=\"13\">Specification Introduction<\/h2>\n<ul data-v-md-line=\"14\">\n<li>Sugfrekvens: upp till 50000 g\u00e5nger<\/li>\n<li>Nikotinhalt: 2 % och 5 % valfritt<\/li>\n<li>Funktionsprincip: eng\u00e5ngsanordning, ingen installation beh\u00f6vs<\/li>\n<li>Laddningsmetod: ej specificerad av tillverkaren<\/li>\n<li>Status: Klar att anv\u00e4nda direkt ur l\u00e5dan<\/li>\n<li>Batteri: 650mAh<\/li>\n<\/ul>\n<h2 data-v-md-heading=\"full-range-of-flavors\" data-v-md-line=\"21\">Fullt utbud av smaker<\/h2>\n<ul data-v-md-line=\"22\">\n<li>Smak av hallon och vattenmelon<\/li>\n<li>Jordgubbssmoothie<\/li>\n<li>Red Bull druvsmak<\/li>\n<li>Tropisk fruktsmak<\/li>\n<li>Banansmak<\/li>\n<li>Bl\u00e5b\u00e4rssmoothie<\/li>\n<li>Persikasmoothie<\/li>\n<li>Ananas-kokossmak<\/li>\n<li>Vattenmelonsmoothie<\/li>\n<li>Citron- och limesmak<\/li>\n<li>Smak av jordgubb och banan<\/li>\n<li>Mr. Blue Flavor<\/li>\n<li>Jordgubbsvattenmelon tuggummi<\/li>\n<li>Rosa citronvatten<\/li>\n<li>Smak av k\u00f6rsb\u00e4rscola<\/li>\n<li>Sm\u00e5 bj\u00f6rngodisar<\/li>\n<\/ul>\n<h2 data-v-md-heading=\"for-you-and-your-business\" data-v-md-line=\"39\">For you and your business<\/h2>\n<p data-v-md-line=\"40\">V\u00e4lj en sj\u00e4lv eller l\u00e4gg till en popul\u00e4r produkt i din hylla. Vi s\u00e4ljer 200 stycken av varje smak i en l\u00e5da, vilket g\u00f6r det enkelt f\u00f6r butiker att fylla p\u00e5 lagret. Varje huvudl\u00e5da har en bruttovikt p\u00e5 23 kilogram, s\u00e5 din lagerplan \u00e4r mycket enkel.<\/p>\n<p data-v-md-line=\"42\">Vi erbjuder DDP-leveranser i hela Europa via betrodda partners som UPS, DPD och DHL. F\u00f6rbehandling av skatter och avgifter f\u00f6r att undvika ov\u00e4ntade situationer vid tullen.<\/p>\n<h2 data-v-md-heading=\"why-do-you-like-it\" data-v-md-line=\"44\">Why do you like it<\/h2>\n<ul data-v-md-line=\"45\">\n<li>Stor kapacitet: upp till 50 000 portar, vilket inneb\u00e4r f\u00e4rre utbyten och avbrott<\/li>\n<li>Nikotinval: V\u00e4lj en nikotinhalt p\u00e5 2 % eller 5 % enligt dina \u00f6nskem\u00e5l<\/li>\n<li>L\u00e4tt att anv\u00e4nda: Ingen installation beh\u00f6vs, mycket l\u00e4mplig f\u00f6r daglig anv\u00e4ndning<\/li>\n<li>Best\u00e4ndig stabilitet: bibeh\u00e5ller en stabil smak fr\u00e5n f\u00f6rsta till sista tuggan<\/li>\n<\/ul>\n<h2 data-v-md-heading=\"why-collaborate-with-agoravape\" data-v-md-line=\"50\">Why collaborate with AgoraVape?<\/h2>\n<p data-v-md-line=\"51\">Vi s\u00e4ljer endast 100 % \u00e4kta varor fr\u00e5n granskade leverant\u00f6rer. Genom att k\u00f6pa Razz Bar 50K storkapacitets eng\u00e5ngsvapes kan du dra nytta av rabatterade grossistpriser, snabb teknisk support och snabba DDP-leveranser. Kontakta v\u00e5rt team f\u00f6r att s\u00e4kerst\u00e4lla att dina kunder forts\u00e4tter att komma tillbaka f\u00f6r att smaka p\u00e5 smakerna.<\/p>","protected":false},"excerpt":{"rendered":"<p>&nbsp;<\/p>\n<p><script src=\"chrome-extension:\/\/fpelahbljekknahkcaegamhcndkfpfnc\/iFrame.js\" type=\"text\/javascript\"><\/script><\/p>\n<p><script src=\"chrome-extension:\/\/fpelahbljekknahkcaegamhcndkfpfnc\/iFrame.js\" type=\"text\/javascript\"><\/script><\/p>\n<p><script src=\"chrome-extension:\/\/fpelahbljekknahkcaegamhcndkfpfnc\/iFrame.js\" type=\"text\/javascript\"><\/script><\/p>\n<p><script src=\"chrome-extension:\/\/fpelahbljekknahkcaegamhcndkfpfnc\/iFrame.js\" type=\"text\/javascript\"><\/script><\/p>\n<p><script src=\"chrome-extension:\/\/fpelahbljekknahkcaegamhcndkfpfnc\/iFrame.js\" type=\"text\/javascript\"><\/script><\/p>\n<p><script src=\"chrome-extension:\/\/fpelahbljekknahkcaegamhcndkfpfnc\/iFrame.js\" type=\"text\/javascript\"><\/script><\/p>\n<p><script src=\"chrome-extension:\/\/fpelahbljekknahkcaegamhcndkfpfnc\/iFrame.js\" type=\"text\/javascript\"><\/script><\/p>\n<p><script src=\"chrome-extension:\/\/fpelahbljekknahkcaegamhcndkfpfnc\/iFrame.js\" type=\"text\/javascript\"><\/script><\/p>\n<p><script src=\"chrome-extension:\/\/fpelahbljekknahkcaegamhcndkfpfnc\/iFrame.js\" type=\"text\/javascript\"><\/script><\/p>\n<p><script src=\"chrome-extension:\/\/fpelahbljekknahkcaegamhcndkfpfnc\/iFrame.js\" type=\"text\/javascript\"><\/script><\/p>\n<p><script src=\"chrome-extension:\/\/fpelahbljekknahkcaegamhcndkfpfnc\/iFrame.js\" type=\"text\/javascript\"><\/script><\/p>\n<p><script src=\"chrome-extension:\/\/fpelahbljekknahkcaegamhcndkfpfnc\/iFrame.js\" type=\"text\/javascript\"><\/script><\/p>\n<p><script src=\"chrome-extension:\/\/fpelahbljekknahkcaegamhcndkfpfnc\/iFrame.js\" type=\"text\/javascript\"><\/script><\/p>\n<p><script src=\"chrome-extension:\/\/fpelahbljekknahkcaegamhcndkfpfnc\/iFrame.js\" type=\"text\/javascript\"><\/script><\/p>\n<p><script src=\"chrome-extension:\/\/fpelahbljekknahkcaegamhcndkfpfnc\/iFrame.js\" type=\"text\/javascript\"><\/script><\/p>\n<p><script src=\"chrome-extension:\/\/fpelahbljekknahkcaegamhcndkfpfnc\/iFrame.js\" type=\"text\/javascript\"><\/script><\/p>","protected":false},"featured_media":17598,"comment_status":"open","ping_status":"closed","template":"","meta":[],"product_brand":[236],"product_cat":[124,185,189,174,175,193,163,191,173,186,180,190,192],"product_tag":[],"class_list":{"0":"post-17577","1":"product","2":"type-product","3":"status-publish","4":"has-post-thumbnail","6":"product_brand-razz-bar","7":"product_cat-vape-by-brand","8":"product_cat-10000-puffs-high-capacity","9":"product_cat-20mg-standard-nicotine-vapes","10":"product_cat-fruit-flavors","11":"product_cat-icy-mint","12":"product_cat-mesh-coil","13":"product_cat-razz-bar","14":"product_cat-rechargeable-disposables","15":"product_cat-vape-by-flavor-profile","16":"product_cat-vape-by-nicotine-strength","17":"product_cat-vape-by-puff-count","18":"product_cat-vape-by-feature-or-type","19":"product_cat-vapes-with-screens","21":"first","22":"instock","23":"shipping-taxable","24":"purchasable","25":"product-type-variable","26":"has-default-attributes"},"tiered_pricing_type":"percentage","tiered_pricing_fixed_rules":[],"tiered_pricing_product_settings":{"layout":"default","base_unit_name":{"singular":null,"plural":null},"default_variation":null},"tiered_pricing_minimum_quantity":50,"tiered_pricing_roles_data":[],"tiered_pricing_percentage_rules":{"100":"40","200":"44","500":"47","1000":"49"},"tiered_pricing_maximum_quantity":null,"tiered_pricing_quantity_step":"10","_links":{"self":[{"href":"https:\/\/agoravape.com\/sv\/wp-json\/wp\/v2\/product\/17577","targetHints":{"allow":["GET"]}}],"collection":[{"href":"https:\/\/agoravape.com\/sv\/wp-json\/wp\/v2\/product"}],"about":[{"href":"https:\/\/agoravape.com\/sv\/wp-json\/wp\/v2\/types\/product"}],"replies":[{"embeddable":true,"href":"https:\/\/agoravape.com\/sv\/wp-json\/wp\/v2\/comments?post=17577"}],"version-history":[{"count":0,"href":"https:\/\/agoravape.com\/sv\/wp-json\/wp\/v2\/product\/17577\/revisions"}],"wp:featuredmedia":[{"embeddable":true,"href":"https:\/\/agoravape.com\/sv\/wp-json\/wp\/v2\/media\/17598"}],"wp:attachment":[{"href":"https:\/\/agoravape.com\/sv\/wp-json\/wp\/v2\/media?parent=17577"}],"wp:term":[{"taxonomy":"product_brand","embeddable":true,"href":"https:\/\/agoravape.com\/sv\/wp-json\/wp\/v2\/product_brand?post=17577"},{"taxonomy":"product_cat","embeddable":true,"href":"https:\/\/agoravape.com\/sv\/wp-json\/wp\/v2\/product_cat?post=17577"},{"taxonomy":"product_tag","embeddable":true,"href":"https:\/\/agoravape.com\/sv\/wp-json\/wp\/v2\/product_tag?post=17577"}],"curies":[{"name":"wp","href":"https:\/\/api.w.org\/{rel}","templated":true}]}}