{"id":17677,"date":"2025-10-18T20:43:53","date_gmt":"2025-10-18T12:43:53","guid":{"rendered":"https:\/\/green-grasshopper-921422.hostingersite.com\/?post_type=product&#038;p=17677"},"modified":"2026-03-31T04:20:40","modified_gmt":"2026-03-31T02:20:40","slug":"razz-bar-30000-puffar-engangsvape","status":"publish","type":"product","link":"https:\/\/agoravape.com\/sv\/product\/razz-bar-30000-puffs-disposable-vape\/","title":{"rendered":"Razz Bar 30000 Puffs Uppladdningsbar Eng\u00e5ngsvape | Stor Kapacitet. Enkel Smak"},"content":{"rendered":"<h2 data-v-md-heading=\"what-is-special-about-the-razz-bar-30000-rechargeable-disposable-vape\" data-v-md-line=\"3\"><img loading=\"lazy\" decoding=\"async\" class=\"aligncenter size-full wp-image-17689\" src=\"https:\/\/agoravape.com\/wp-content\/uploads\/2025\/10\/Razz-bar-30000-Puffs-Rechargeable-Disposable-Vape_Agora_vape-3.webp\" alt=\"\" width=\"2000\" height=\"2000\" srcset=\"https:\/\/agoravape.com\/wp-content\/uploads\/2025\/10\/Razz-bar-30000-Puffs-Rechargeable-Disposable-Vape_Agora_vape-3.webp 2000w, https:\/\/agoravape.com\/wp-content\/uploads\/2025\/10\/Razz-bar-30000-Puffs-Rechargeable-Disposable-Vape_Agora_vape-3-600x600.webp 600w, https:\/\/agoravape.com\/wp-content\/uploads\/2025\/10\/Razz-bar-30000-Puffs-Rechargeable-Disposable-Vape_Agora_vape-3-1200x1200.webp 1200w, https:\/\/agoravape.com\/wp-content\/uploads\/2025\/10\/Razz-bar-30000-Puffs-Rechargeable-Disposable-Vape_Agora_vape-3-300x300.webp 300w, https:\/\/agoravape.com\/wp-content\/uploads\/2025\/10\/Razz-bar-30000-Puffs-Rechargeable-Disposable-Vape_Agora_vape-3-1024x1024.webp 1024w, https:\/\/agoravape.com\/wp-content\/uploads\/2025\/10\/Razz-bar-30000-Puffs-Rechargeable-Disposable-Vape_Agora_vape-3-150x150.webp 150w, https:\/\/agoravape.com\/wp-content\/uploads\/2025\/10\/Razz-bar-30000-Puffs-Rechargeable-Disposable-Vape_Agora_vape-3-768x768.webp 768w, https:\/\/agoravape.com\/wp-content\/uploads\/2025\/10\/Razz-bar-30000-Puffs-Rechargeable-Disposable-Vape_Agora_vape-3-1536x1536.webp 1536w\" sizes=\"auto, (max-width: 2000px) 100vw, 2000px\" \/><\/h2>\n<h2 data-v-md-heading=\"what-is-special-about-the-razz-bar-30000-rechargeable-disposable-vape\" data-v-md-line=\"3\">Vad \u00e4r speciellt med den laddningsbara eng\u00e5ngsvapen Razz Bar 30000?<\/h2>\n<p data-v-md-line=\"4\">Om du \u00e4r tr\u00f6tt p\u00e5 e-v\u00e4tskor som inte l\u00e4ngre finns tillg\u00e4ngliga p\u00e5 vardagar, s\u00e5 kan den h\u00e4r produkten definitivt uppfylla dina behov. Razz Bar erbjuder en kapacitet p\u00e5 upp till 30 000 bloss och ett uppladdningsbart batteri p\u00e5 650 mAh, vilket g\u00f6r att du verkligen kan anv\u00e4nda upp den e-v\u00e4tska du k\u00f6per.<\/p>\n<p data-v-md-line=\"6\">Om du vill ha en p\u00e5litlig, uts\u00f6kt och problemfri vape, d\u00e5 \u00e4r Razz Bar ditt perfekta val. Inga knappar, inga menyer beh\u00f6vs. Med j\u00e4mn sugkraft och stabil smak \u00e4r den l\u00e4tt att b\u00e4ra med sig.<\/p>\n<h2 data-v-md-heading=\"excellent-performance-easy-and-convenient\" data-v-md-line=\"8\">Utm\u00e4rkt prestanda, enkelt och bekv\u00e4mt<\/h2>\n<p data-v-md-line=\"9\">Spolen och luftintaget har noggrant justerats f\u00f6r att ge en ren och j\u00e4mn upplevelse, vilket g\u00f6r din f\u00f6rsta tugga lika uts\u00f6kt som din tusende tugga. N\u00e4r batteriet \u00e4r l\u00e5gt \u00e4r det bara att ansluta det och ladda det helt. Snabbladdning kan \u00e5terst\u00e4lla anv\u00e4ndningen utan att beh\u00f6va byta ut enheter eller sl\u00f6sa str\u00f6m.<\/p>\n<p data-v-md-line=\"11\">Du kanske tror att en vape med s\u00e5 stor kapacitet \u00e4r klumpig, men du kommer bli f\u00f6rv\u00e5nad \u00f6ver att den enkelt kan tas med hem varje dag.<\/p>\n<h2 data-v-md-heading=\"specification-introduction\" data-v-md-line=\"13\">Specification Introduction<\/h2>\n<ul data-v-md-line=\"14\">\n<li>Suction frequency: up to 30000 times<\/li>\n<li>Nikotinhalt: 2 % och 5 % valfritt<\/li>\n<li>Funktionsprincip: Aktiveras med bara ett bloss<\/li>\n<li>Laddningsmetod: Kan laddas via en vanlig USB-port<\/li>\n<li>Batterikapacitet: 650mAh<\/li>\n<li>Status: Klar att anv\u00e4nda direkt ur l\u00e5dan<\/li>\n<\/ul>\n<h2 data-v-md-heading=\"full-range-of-flavors\" data-v-md-line=\"21\">Fullt utbud av smaker<\/h2>\n<ul data-v-md-line=\"22\">\n<li>Trippel s\u00f6t melon<\/li>\n<li>Jordgubbsglass<\/li>\n<li>Sura \u00e4pplen<\/li>\n<li>Mango, persika, vattenmelon<\/li>\n<li>Jordgubb och banan<\/li>\n<li>Bl\u00e5 isbanan<\/li>\n<li>Persikois<\/li>\n<li>Jordgubb, kiwi<\/li>\n<li>Vattenmelonis<\/li>\n<li>Sommardr\u00f6mmar<\/li>\n<li>Jordgubbsvattenmelon<\/li>\n<li>Blandade b\u00e4r<\/li>\n<li>Bl\u00e5 isbanan<\/li>\n<li>Citron och lime<\/li>\n<li>Coca Cola-is<\/li>\n<li>Bj\u00f6rnb\u00e4rsis<\/li>\n<\/ul>\n<h2 data-v-md-heading=\"for-you-and-your-business\" data-v-md-line=\"39\">For you and your business<\/h2>\n<p data-v-md-line=\"40\">Du kan k\u00f6pa Razz Bar 30000 f\u00f6r personligt bruk eller f\u00f6r din butik. Grossistkartong med 200 st per l\u00e5da, till rimliga priser och bekv\u00e4m p\u00e5fyllning.<\/p>\n<p data-v-md-line=\"42\">Vi erbjuder DDP-leveranser \u00f6ver hela Europa via betrodda partners som UPS, DPD och DHL, s\u00e5 att tullavgifter kan behandlas i f\u00f6rv\u00e4g och sp\u00e5rningstj\u00e4nster fr\u00e5n d\u00f6rr till d\u00f6rr tillhandah\u00e5lls. Reglerna kan variera i olika l\u00e4nder, s\u00e5 v\u00e4nligen granska lokala best\u00e4mmelser g\u00e4llande enhetsstorlek och nikotinkoncentration innan du publicerar eller k\u00f6per.<\/p>\n<h2 data-v-md-heading=\"why-do-you-like-it\" data-v-md-line=\"44\">Why do you like it<\/h2>\n<ul data-v-md-line=\"45\">\n<li>Stor r\u00f6kkapacitet: l\u00e4ngre batteritid, inget behov av att byta ut vape ofta<\/li>\n<li>Val av nikotinkoncentration: V\u00e4lj en nikotinkoncentration p\u00e5 2 % eller 5 % beroende p\u00e5 dina \u00f6nskem\u00e5l.<\/li>\n<li>Uppladdningsbar: Fyll snabbt p\u00e5 e-v\u00e4tska utan att sl\u00e4nga halva enheten<\/li>\n<li>Stabil spolprestanda: Njut av en stabil och uts\u00f6kt sugupplevelse varje g\u00e5ng<\/li>\n<\/ul>\n<h2 data-v-md-heading=\"why-choose-to-collaborate-with-agoravape\" data-v-md-line=\"50\">Varf\u00f6r v\u00e4lja att samarbeta med AgoraVape?<\/h2>\n<p data-v-md-line=\"51\">Vi erbjuder endast 100 % \u00e4kta produkter, med tydliga priser och snabb support. Kommersiella k\u00f6pare som k\u00f6per 30 000 laddningsbara eng\u00e5ngsvapor fr\u00e5n Razz Bar kan njuta av mycket konkurrenskraftiga grossistpriser, p\u00e5litlig kundservice och snabba och p\u00e5litliga DDP-leveranser. Om du vill ha en h\u00e5llbar och v\u00e4rd att returnera, v\u00e4nligen kontakta oss.<\/p>","protected":false},"excerpt":{"rendered":"<p>&nbsp;<\/p>","protected":false},"featured_media":17694,"comment_status":"open","ping_status":"closed","template":"","meta":[],"product_brand":[236],"product_cat":[124,185,189,1637,194,1674,174,175,193,163,191,173,186,180,190],"product_tag":[],"class_list":{"0":"post-17677","1":"product","2":"type-product","3":"status-publish","4":"has-post-thumbnail","6":"product_brand-razz-bar","7":"product_cat-vape-by-brand","8":"product_cat-10000-puffs-high-capacity","9":"product_cat-20mg-standard-nicotine-vapes","10":"product_cat-30000-puffs","11":"product_cat-adjustable-airflow","12":"product_cat-eu-warehouse","13":"product_cat-fruit-flavors","14":"product_cat-icy-mint","15":"product_cat-mesh-coil","16":"product_cat-razz-bar","17":"product_cat-rechargeable-disposables","18":"product_cat-vape-by-flavor-profile","19":"product_cat-vape-by-nicotine-strength","20":"product_cat-vape-by-puff-count","21":"product_cat-vape-by-feature-or-type","23":"first","24":"instock","25":"shipping-taxable","26":"purchasable","27":"product-type-variable","28":"has-default-attributes"},"tiered_pricing_type":"percentage","tiered_pricing_fixed_rules":[],"tiered_pricing_product_settings":{"layout":"default","base_unit_name":{"singular":null,"plural":null},"default_variation":null},"tiered_pricing_minimum_quantity":50,"tiered_pricing_roles_data":[],"tiered_pricing_percentage_rules":{"100":"40","200":"44","500":"47","1000":"49"},"tiered_pricing_maximum_quantity":null,"tiered_pricing_quantity_step":"10","_links":{"self":[{"href":"https:\/\/agoravape.com\/sv\/wp-json\/wp\/v2\/product\/17677","targetHints":{"allow":["GET"]}}],"collection":[{"href":"https:\/\/agoravape.com\/sv\/wp-json\/wp\/v2\/product"}],"about":[{"href":"https:\/\/agoravape.com\/sv\/wp-json\/wp\/v2\/types\/product"}],"replies":[{"embeddable":true,"href":"https:\/\/agoravape.com\/sv\/wp-json\/wp\/v2\/comments?post=17677"}],"version-history":[{"count":1,"href":"https:\/\/agoravape.com\/sv\/wp-json\/wp\/v2\/product\/17677\/revisions"}],"predecessor-version":[{"id":29811,"href":"https:\/\/agoravape.com\/sv\/wp-json\/wp\/v2\/product\/17677\/revisions\/29811"}],"wp:featuredmedia":[{"embeddable":true,"href":"https:\/\/agoravape.com\/sv\/wp-json\/wp\/v2\/media\/17694"}],"wp:attachment":[{"href":"https:\/\/agoravape.com\/sv\/wp-json\/wp\/v2\/media?parent=17677"}],"wp:term":[{"taxonomy":"product_brand","embeddable":true,"href":"https:\/\/agoravape.com\/sv\/wp-json\/wp\/v2\/product_brand?post=17677"},{"taxonomy":"product_cat","embeddable":true,"href":"https:\/\/agoravape.com\/sv\/wp-json\/wp\/v2\/product_cat?post=17677"},{"taxonomy":"product_tag","embeddable":true,"href":"https:\/\/agoravape.com\/sv\/wp-json\/wp\/v2\/product_tag?post=17677"}],"curies":[{"name":"wp","href":"https:\/\/api.w.org\/{rel}","templated":true}]}}