{"id":17707,"date":"2025-10-18T21:04:07","date_gmt":"2025-10-18T13:04:07","guid":{"rendered":"https:\/\/green-grasshopper-921422.hostingersite.com\/?post_type=product&#038;p=17707"},"modified":"2026-03-31T04:20:40","modified_gmt":"2026-03-31T02:20:40","slug":"razz-bar-15000-puffar-vape","status":"publish","type":"product","link":"https:\/\/agoravape.com\/sv\/product\/razz-bar-15000-puffs-vape\/","title":{"rendered":"Razz Bar 15000 Puffs Eng\u00e5ngsvape | Stort antal puffar med dj\u00e4rva smaker"},"content":{"rendered":"<h2 data-v-md-heading=\"how-about-razz-bar-15000-disposable-vapes-online-shopping\" data-v-md-line=\"3\"><img loading=\"lazy\" decoding=\"async\" class=\"aligncenter size-full wp-image-17705\" src=\"https:\/\/agoravape.com\/wp-content\/uploads\/2025\/10\/Razz-bar-15000-Puffs-Disposable-Vape-Shop-Online_Agora_vape-1.webp\" alt=\"\" width=\"1250\" height=\"800\" srcset=\"https:\/\/agoravape.com\/wp-content\/uploads\/2025\/10\/Razz-bar-15000-Puffs-Disposable-Vape-Shop-Online_Agora_vape-1.webp 1250w, https:\/\/agoravape.com\/wp-content\/uploads\/2025\/10\/Razz-bar-15000-Puffs-Disposable-Vape-Shop-Online_Agora_vape-1-1200x768.webp 1200w, https:\/\/agoravape.com\/wp-content\/uploads\/2025\/10\/Razz-bar-15000-Puffs-Disposable-Vape-Shop-Online_Agora_vape-1-300x192.webp 300w, https:\/\/agoravape.com\/wp-content\/uploads\/2025\/10\/Razz-bar-15000-Puffs-Disposable-Vape-Shop-Online_Agora_vape-1-1024x655.webp 1024w, https:\/\/agoravape.com\/wp-content\/uploads\/2025\/10\/Razz-bar-15000-Puffs-Disposable-Vape-Shop-Online_Agora_vape-1-768x492.webp 768w\" sizes=\"auto, (max-width: 1250px) 100vw, 1250px\" \/><\/h2>\n<h2 data-v-md-heading=\"how-about-razz-bar-15000-disposable-vapes-online-shopping\" data-v-md-line=\"3\">Vad s\u00e4gs om Razz Bar 15000 eng\u00e5ngsvapor? Onlineshopping!<\/h2>\n<p data-v-md-line=\"4\">Om du \u00e4r tr\u00f6tt p\u00e5 att anv\u00e4nda eng\u00e5ngsvapor halvv\u00e4gs genom arbetsdagen \u00e4r den h\u00e4r produkten ditt perfekta val. Razz Bars vape p\u00e5 15 000 puffar l\u00e5ter dig njuta av upp till 15 000 puffar och ger en uppfriskande och behaglig fruktig arom.<\/p>\n<p data-v-md-line=\"6\">Den \u00e4r l\u00e4mplig f\u00f6r alla som vill ha h\u00e5llbarhet och enkel anv\u00e4ndning. Klar att anv\u00e4nda vid uppackning. Ingen oljning eller stelning beh\u00f6vs, j\u00e4mn smak och j\u00e4mn sugupplevelse.<\/p>\n<h2 data-v-md-heading=\"excellent-performance-worry-free\" data-v-md-line=\"8\">Utm\u00e4rkt prestanda, bekymmersfritt<\/h2>\n<p data-v-md-line=\"9\">Den h\u00e4r enheten balanserar effekt och spoldesign, vilket garanterar en stabil smak i varje tugga fr\u00e5n b\u00f6rjan till slut. Den kommer inte att vara skarp och st\u00e4nger inte heller av oljan halvv\u00e4gs. Det uppladdningsbara batteriet p\u00e5 650 mAh s\u00e4kerst\u00e4ller att festen forts\u00e4tter, vilket inneb\u00e4r att du kan anv\u00e4nda den e-v\u00e4tska du k\u00f6pt. N\u00e4r batteriet \u00e4r l\u00e5gt laddar du det bara f\u00f6r att forts\u00e4tta anv\u00e4nda det.<\/p>\n<h2 data-v-md-heading=\"specification-introduction\" data-v-md-line=\"11\">Specification Introduction<\/h2>\n<p data-v-md-line=\"12\"><strong>Antal sugningar<\/strong>upp till 15 000 sugningar<br \/>\n<strong>Nikotininneh\u00e5ll<\/strong>: 2% and 5% optional<br \/>\n<strong>Arbetsprincip<\/strong>Aktiveras vid inandning<br \/>\n<strong>Laddning<\/strong>650 mAh uppladdningsbart batteri<br \/>\n<strong>Status<\/strong>Klar att anv\u00e4nda vid uppackning<\/p>\n<h2 data-v-md-heading=\"full-range-of-flavors\" data-v-md-line=\"18\">Fullt utbud av smaker<\/h2>\n<ul data-v-md-line=\"19\">\n<li>Hallonvingummibj\u00f6rnar<\/li>\n<li>Jordgubbssmoothie<\/li>\n<li>Red Bull-glass<\/li>\n<li>Kiwi, passionsfrukt, guava<\/li>\n<li>Mambaorm<\/li>\n<li>Bl\u00e5b\u00e4rssmoothie<\/li>\n<li>Persikasmoothie<\/li>\n<li>Jordgubb, kiwi<\/li>\n<li>Vattenmelonsmoothie<\/li>\n<li>Persika, Mango, Ananas<\/li>\n<li>Vattenmelonbubbelgummi<\/li>\n<li>Blandade b\u00e4r<\/li>\n<li>Bl\u00e5b\u00e4r, hallon, citroner<\/li>\n<li>Citron och lime<\/li>\n<li>Cola-smoothie<\/li>\n<li>Dubbla \u00e4pplen<\/li>\n<\/ul>\n<h2 data-v-md-heading=\"for-you-and-your-business\" data-v-md-line=\"36\">For you and your business<\/h2>\n<p data-v-md-line=\"37\">Du kan v\u00e4lja <a class=\"wpil_keyword_link\" href=\"https:\/\/agoravape.com\/sv\/produkt\/razz-bar-50k-50000-puffar-vape\/\" target=\"_blank\" rel=\"noopener\" title=\"Razz Bar 50K Puffs Eng\u00e5ngsvape med h\u00f6g kapacitet | L\u00e5ng livsl\u00e4ngd, enkel att leva med\" data-wpil-keyword-link=\"linked\" data-wpil-monitor-id=\"7158\">Razz Bar<\/a> 15000 cigaretter f\u00f6r personligt bruk eller f\u00f6r att fylla p\u00e5 lagret till din butik. Partihandelskartonger med 200 enheter per l\u00e5da, bekv\u00e4mt f\u00f6r dig att planera inventering. Vi skickar via betrodda partners som UPS, DPD och DHL i DDP efter skattebetalning, s\u00e5 det kommer inte att finnas n\u00e5gra olyckor vid tullen.<\/p>\n<p data-v-md-line=\"39\">Best\u00e4llningsprocessen \u00e4r enkel och bekv\u00e4m. Vi anv\u00e4nder s\u00e4kra betalningsgateways och SSL-krypterad utcheckning f\u00f6r att garantera s\u00e4kerheten f\u00f6r din information.<\/p>\n<p data-v-md-line=\"41\">Introduktion till EU-regler: M\u00e5nga EU-l\u00e4nder har satt den \u00f6vre gr\u00e4nsen f\u00f6r nikotinhalt till 20 milligram per milliliter och begr\u00e4nsar kapaciteten f\u00f6r eng\u00e5ngs-e-v\u00e4tska. 2%-versionen \u00f6verensst\u00e4mmer med nikotingr\u00e4nsen, men h\u00f6gkapacitetsenheter och 5%-versionen \u00e4r eventuellt inte till\u00e5tna. Kontrollera dina lokala regler innan du g\u00f6r en best\u00e4llning, s\u00e5 hj\u00e4lper vi dig att skicka kompatibla varor dit de beh\u00f6vs.<\/p>\n<h2 data-v-md-heading=\"why-do-you-like-it\" data-v-md-line=\"43\">Why do you like it<\/h2>\n<p data-v-md-line=\"44\"><strong>Stor m\u00e4ngd r\u00f6kbomber<\/strong>upp till 15 000 bloss, vilket inneb\u00e4r f\u00e4rre byten och h\u00f6gre v\u00e4rde.<br \/>\n<strong>Nikotinval<\/strong>V\u00e4lj en nikotinhalt p\u00e5 2 % eller 5 % efter dina \u00f6nskem\u00e5l.<br \/>\n<strong>Uppladdningsbar<\/strong>Du beh\u00f6ver inte sl\u00e4nga oanv\u00e4nd e-v\u00e4tska, bara ladda den f\u00f6r anv\u00e4ndning.<br \/>\n<strong>Stabil smak<\/strong>Utformad f\u00f6r att ge dig en konsekvent och uts\u00f6kt upplevelse fr\u00e5n f\u00f6rsta till sista tuggan.<\/p>\n<h2 data-v-md-heading=\"why-choose-to-collaborate-with-agoravape\" data-v-md-line=\"49\">Varf\u00f6r v\u00e4lja att samarbeta med AgoraVape?<\/h2>\n<p data-v-md-line=\"50\">Vi s\u00e4ljer endast \u00e4kta produkter, med en tydlig leveranskedja och l\u00e4mplig \u00e5ldersverifiering. F\u00f6r f\u00f6retagskunder f\u00e5r du konkurrenskraftiga grossistpriser, p\u00e5litlig support och snabb och p\u00e5litlig transport inom Europa. Om du vill ha eng\u00e5ngsprodukter i lager och dina kunder definitivt kommer tillbaka, v\u00e4nligen kontakta oss s\u00e5 placerar vi cigarettst\u00e4llet Razz Bar 15000 p\u00e5 din hylla.<\/p>","protected":false},"excerpt":{"rendered":"<p>Vad s\u00e4gs om Razz Bar 15000 eng\u00e5ngsvapor? Online shopping! Om du \u00e4r tr\u00f6tt p\u00e5 att anv\u00e4nda eng\u00e5ngsvapor halvv\u00e4gs genom<\/p>","protected":false},"featured_media":17728,"comment_status":"open","ping_status":"closed","template":"","meta":[],"product_brand":[236],"product_cat":[124,185,1635,189,194,1674,174,175,193,163,191,173,186,180,190],"product_tag":[],"class_list":{"0":"post-17707","1":"product","2":"type-product","3":"status-publish","4":"has-post-thumbnail","6":"product_brand-razz-bar","7":"product_cat-vape-by-brand","8":"product_cat-10000-puffs-high-capacity","9":"product_cat-15000-puffs","10":"product_cat-20mg-standard-nicotine-vapes","11":"product_cat-adjustable-airflow","12":"product_cat-eu-warehouse","13":"product_cat-fruit-flavors","14":"product_cat-icy-mint","15":"product_cat-mesh-coil","16":"product_cat-razz-bar","17":"product_cat-rechargeable-disposables","18":"product_cat-vape-by-flavor-profile","19":"product_cat-vape-by-nicotine-strength","20":"product_cat-vape-by-puff-count","21":"product_cat-vape-by-feature-or-type","23":"first","24":"instock","25":"shipping-taxable","26":"purchasable","27":"product-type-variable","28":"has-default-attributes"},"tiered_pricing_type":"percentage","tiered_pricing_fixed_rules":[],"tiered_pricing_product_settings":{"layout":"default","base_unit_name":{"singular":null,"plural":null},"default_variation":null},"tiered_pricing_minimum_quantity":50,"tiered_pricing_roles_data":[],"tiered_pricing_percentage_rules":{"100":"40","200":"44","500":"47","1000":"49"},"tiered_pricing_maximum_quantity":null,"tiered_pricing_quantity_step":"10","_links":{"self":[{"href":"https:\/\/agoravape.com\/sv\/wp-json\/wp\/v2\/product\/17707","targetHints":{"allow":["GET"]}}],"collection":[{"href":"https:\/\/agoravape.com\/sv\/wp-json\/wp\/v2\/product"}],"about":[{"href":"https:\/\/agoravape.com\/sv\/wp-json\/wp\/v2\/types\/product"}],"replies":[{"embeddable":true,"href":"https:\/\/agoravape.com\/sv\/wp-json\/wp\/v2\/comments?post=17707"}],"version-history":[{"count":1,"href":"https:\/\/agoravape.com\/sv\/wp-json\/wp\/v2\/product\/17707\/revisions"}],"predecessor-version":[{"id":29810,"href":"https:\/\/agoravape.com\/sv\/wp-json\/wp\/v2\/product\/17707\/revisions\/29810"}],"wp:featuredmedia":[{"embeddable":true,"href":"https:\/\/agoravape.com\/sv\/wp-json\/wp\/v2\/media\/17728"}],"wp:attachment":[{"href":"https:\/\/agoravape.com\/sv\/wp-json\/wp\/v2\/media?parent=17707"}],"wp:term":[{"taxonomy":"product_brand","embeddable":true,"href":"https:\/\/agoravape.com\/sv\/wp-json\/wp\/v2\/product_brand?post=17707"},{"taxonomy":"product_cat","embeddable":true,"href":"https:\/\/agoravape.com\/sv\/wp-json\/wp\/v2\/product_cat?post=17707"},{"taxonomy":"product_tag","embeddable":true,"href":"https:\/\/agoravape.com\/sv\/wp-json\/wp\/v2\/product_tag?post=17707"}],"curies":[{"name":"wp","href":"https:\/\/api.w.org\/{rel}","templated":true}]}}