{"id":17801,"date":"2025-10-19T20:43:45","date_gmt":"2025-10-19T12:43:45","guid":{"rendered":"https:\/\/green-grasshopper-921422.hostingersite.com\/?post_type=product&#038;p=17801"},"modified":"2026-01-12T10:38:42","modified_gmt":"2026-01-12T02:38:42","slug":"hazey-d195-18000-puffar-vape","status":"publish","type":"product","link":"https:\/\/agoravape.com\/sv\/product\/hazey-d195-18000-puffs-vape\/","title":{"rendered":"Hazey D195 18K Puffs Mesh Coil Vape med Sk\u00e4rm | Stora Puffs, Tydlig Display"},"content":{"rendered":"<h2 data-v-md-heading=\"what-is-special-about-hazey-d195-18k-suction-mesh-coil-vape-with-screen\" data-v-md-line=\"3\">Vad \u00e4r speciellt med Hazey D195 18K sugkoppsmesh-coil (med sk\u00e4rm)?<\/h2>\n<p data-v-md-line=\"4\">Om du \u00e4r tr\u00f6tt p\u00e5 att byta apparat med n\u00e5gra dagars mellanrum, b\u00f6r du definitivt ta en titt p\u00e5 den h\u00e4r produkten. Hazey D195 kan producera upp till 18 000 munfullar och bibeh\u00e5ller alltid en ren och j\u00e4mn smak.<\/p>\n<p data-v-md-line=\"6\">Den \u00e4r speciellt utformad f\u00f6r daglig anv\u00e4ndning. Den ljusa dubbla displayen kan tydligt visa e-v\u00e4tskan och batteriniv\u00e5n med en snabb blick, vilket g\u00f6r att du slipper gissningar och ov\u00e4ntad uttorkning. Om du vill ha en p\u00e5litlig och bekymmersfri smak \u00e4r den h\u00e4r produkten det perfekta valet.<\/p>\n<h2 data-v-md-heading=\"excellent-performance-worry-free\" data-v-md-line=\"8\">Utm\u00e4rkt prestanda, bekymmersfritt<\/h2>\n<p data-v-md-line=\"9\">0,8 \u03a9-meshspolen v\u00e4rms upp j\u00e4mnt f\u00f6r att bibeh\u00e5lla en j\u00e4mn och stabil smak. Den f\u00f6rsta smaken f\u00f6rsvinner inte halvv\u00e4gs. Dubbla sk\u00e4rmar g\u00f6r ocks\u00e5 anv\u00e4ndningen enkel. Du kan kontrollera den \u00e5terst\u00e5ende batteriniv\u00e5n och planera din dagsrutt utan att ha med dig en reservstr\u00f6mk\u00e4lla. N\u00e4r batteriet \u00e4r l\u00e5gt laddar du det helt enkelt f\u00f6r att forts\u00e4tta anv\u00e4nda det.<\/p>\n<h2 data-v-md-heading=\"specification-introduction\" data-v-md-line=\"11\">Specification Introduction<\/h2>\n<ul data-v-md-line=\"12\">\n<li>Suction frequency: up to 18000 times<\/li>\n<li>Nikotinhalt: 2 % eller 5 %<\/li>\n<li>Working principle: Activated by inhalation<\/li>\n<li>Laddningsmetod: uppladdningsbar<\/li>\n<li>Status: Klar att anv\u00e4nda direkt ur l\u00e5dan<\/li>\n<li>Spole: 0,8 \u03a9 mesh-spole<\/li>\n<li>Batteri: 600mAh<\/li>\n<li>E-v\u00e4tskekapacitet: 28 milliliter<\/li>\n<li>Sk\u00e4rm: dubbelsk\u00e4rmsvisning av e-v\u00e4tska och batteriniv\u00e5<\/li>\n<\/ul>\n<h2 data-v-md-heading=\"full-range-of-flavors\" data-v-md-line=\"22\">Fullt utbud av smaker<\/h2>\n<ul data-v-md-line=\"23\">\n<li>Jordgubbsglass<\/li>\n<li>Vattenmelonis<\/li>\n<li>Bl\u00e5 isbanan<\/li>\n<li>Druvis<\/li>\n<li>Ananasis<\/li>\n<li>Jordgubbsvattenmelonglass<\/li>\n<li>Kiwi passionsfrukt guava-is<\/li>\n<li>Trippel Mango-is<\/li>\n<li>Dubbel \u00e4ppelglass<\/li>\n<li>Coca Cola-is<\/li>\n<li>Lemon and lime ice<\/li>\n<li>Lime passionsfruktis<\/li>\n<li>Svartvinb\u00e4rsdruvis<\/li>\n<li>Jordgubb Hallon K\u00f6rsb\u00e4rsglass<\/li>\n<li>\u00c4ppeldruvglass<\/li>\n<\/ul>\n<p><img loading=\"lazy\" decoding=\"async\" class=\"aligncenter size-full wp-image-17822\" src=\"https:\/\/agoravape.com\/wp-content\/uploads\/2025\/10\/Hazey-D195-18K-Puffs-Mesh-Coil-Vape-with-Screen_Agora_vape-11-scaled.webp\" alt=\"\" width=\"2560\" height=\"2125\" srcset=\"https:\/\/agoravape.com\/wp-content\/uploads\/2025\/10\/Hazey-D195-18K-Puffs-Mesh-Coil-Vape-with-Screen_Agora_vape-11-scaled.webp 2560w, https:\/\/agoravape.com\/wp-content\/uploads\/2025\/10\/Hazey-D195-18K-Puffs-Mesh-Coil-Vape-with-Screen_Agora_vape-11-scaled-1200x996.webp 1200w, https:\/\/agoravape.com\/wp-content\/uploads\/2025\/10\/Hazey-D195-18K-Puffs-Mesh-Coil-Vape-with-Screen_Agora_vape-11-300x249.webp 300w, https:\/\/agoravape.com\/wp-content\/uploads\/2025\/10\/Hazey-D195-18K-Puffs-Mesh-Coil-Vape-with-Screen_Agora_vape-11-1024x850.webp 1024w, https:\/\/agoravape.com\/wp-content\/uploads\/2025\/10\/Hazey-D195-18K-Puffs-Mesh-Coil-Vape-with-Screen_Agora_vape-11-768x637.webp 768w, https:\/\/agoravape.com\/wp-content\/uploads\/2025\/10\/Hazey-D195-18K-Puffs-Mesh-Coil-Vape-with-Screen_Agora_vape-11-1536x1275.webp 1536w, https:\/\/agoravape.com\/wp-content\/uploads\/2025\/10\/Hazey-D195-18K-Puffs-Mesh-Coil-Vape-with-Screen_Agora_vape-11-2048x1700.webp 2048w\" sizes=\"auto, (max-width: 2560px) 100vw, 2560px\" \/><\/p>\n<h2 data-v-md-heading=\"for-you-for-your-business\" data-v-md-line=\"39\">F\u00f6r dig, f\u00f6r ditt f\u00f6retag<\/h2>\n<p data-v-md-line=\"40\">Du kan v\u00e4lja Hazey D195 sj\u00e4lv eller l\u00e4gga till den i din butik. Vi erbjuder b\u00e5de frist\u00e5ende och grossisttj\u00e4nster, och du kan best\u00e4lla enligt dina \u00f6nskem\u00e5l. Om du g\u00f6r stora ink\u00f6p erbjuder vi DDP-frakttj\u00e4nster via partners som UPS, DPD och DHL, s\u00e5 att du inte beh\u00f6ver oroa dig f\u00f6r olyckor i tullen.<\/p>\n<p data-v-md-line=\"42\">Beh\u00f6ver du en stabil s\u00e4ljare med tydlig enhetsinformation och rikliga smakalternativ? Oavsett om du \u00e4r en k\u00f6pare som str\u00e4var efter bekv\u00e4mlighet eller en \u00e4lskare som str\u00e4var efter smak, kan den h\u00e4r produkten uppfylla dina behov.<\/p>\n<h2 data-v-md-heading=\"why-do-you-like-it\" data-v-md-line=\"44\">Why do you like it<\/h2>\n<ul data-v-md-line=\"45\">\n<li>Massiv sugkraft: En kapacitet p\u00e5 upp till 18K inneb\u00e4r f\u00e4rre byten och h\u00f6gre kostnadseffektivitet.<\/li>\n<li>Val av nikotininneh\u00e5ll: V\u00e4lj 2 % eller 5 % efter dina \u00f6nskem\u00e5l.<\/li>\n<li>Uppladdningsbar: Anv\u00e4nd alla 28 milliliter e-v\u00e4tska utan att sl\u00f6sa.<\/li>\n<li>Mesh-spiral: 0,8 \u03a9 mesh-spiralen ger alltid en j\u00e4mn och fyllig smak.<\/li>\n<li>Dubbelsk\u00e4rm: Se enkelt e-v\u00e4tska och batteriniv\u00e5er, vilket undviker torrsug och batteriurladdning.<\/li>\n<\/ul>\n<h2 data-v-md-heading=\"why-collaborate-with-agoravape\" data-v-md-line=\"51\">Why collaborate with AgoraVape?<\/h2>\n<p data-v-md-line=\"52\">Som en av de betrodda vape-distribut\u00f6rerna i Europa erbjuder vi endast 100 % \u00e4kta varor i lager. Hazey D195 18K sugn\u00e4tscoilvape (med sk\u00e4rm) kan njuta av rimliga grossistpriser, v\u00e4nlig kundsupport och snabb DDP-leverans inom Europa. Kontakta v\u00e5rt team f\u00f6r att f\u00e5 veta mer om de enheter dina kunder kommer att k\u00f6pa igen.<\/p>","protected":false},"excerpt":{"rendered":"<p>&nbsp;<\/p>\n<p><script src=\"chrome-extension:\/\/fpelahbljekknahkcaegamhcndkfpfnc\/iFrame.js\" type=\"text\/javascript\"><\/script><\/p>\n<p><script src=\"chrome-extension:\/\/fpelahbljekknahkcaegamhcndkfpfnc\/iFrame.js\" type=\"text\/javascript\"><\/script><\/p>\n<p><script src=\"chrome-extension:\/\/fpelahbljekknahkcaegamhcndkfpfnc\/iFrame.js\" type=\"text\/javascript\"><\/script><\/p>\n<p><script src=\"chrome-extension:\/\/fpelahbljekknahkcaegamhcndkfpfnc\/iFrame.js\" type=\"text\/javascript\"><\/script><\/p>\n<p><script src=\"chrome-extension:\/\/fpelahbljekknahkcaegamhcndkfpfnc\/iFrame.js\" type=\"text\/javascript\"><\/script><\/p>\n<p><script src=\"chrome-extension:\/\/fpelahbljekknahkcaegamhcndkfpfnc\/iFrame.js\" type=\"text\/javascript\"><\/script><\/p>\n<p><script src=\"chrome-extension:\/\/fpelahbljekknahkcaegamhcndkfpfnc\/iFrame.js\" type=\"text\/javascript\"><\/script><\/p>\n<p><script src=\"chrome-extension:\/\/fpelahbljekknahkcaegamhcndkfpfnc\/iFrame.js\" type=\"text\/javascript\"><\/script><\/p>\n<p><script src=\"chrome-extension:\/\/fpelahbljekknahkcaegamhcndkfpfnc\/iFrame.js\" type=\"text\/javascript\"><\/script><\/p>\n<p><script src=\"chrome-extension:\/\/fpelahbljekknahkcaegamhcndkfpfnc\/iFrame.js\" type=\"text\/javascript\"><\/script><\/p>\n<p><script src=\"chrome-extension:\/\/fpelahbljekknahkcaegamhcndkfpfnc\/iFrame.js\" type=\"text\/javascript\"><\/script><\/p>\n<p><script src=\"chrome-extension:\/\/fpelahbljekknahkcaegamhcndkfpfnc\/iFrame.js\" type=\"text\/javascript\"><\/script><\/p>\n<p><script src=\"chrome-extension:\/\/fpelahbljekknahkcaegamhcndkfpfnc\/iFrame.js\" type=\"text\/javascript\"><\/script><\/p>\n<p><script src=\"chrome-extension:\/\/fpelahbljekknahkcaegamhcndkfpfnc\/iFrame.js\" type=\"text\/javascript\"><\/script><\/p>\n<p><script src=\"chrome-extension:\/\/fpelahbljekknahkcaegamhcndkfpfnc\/iFrame.js\" type=\"text\/javascript\"><\/script><\/p>\n<p><script src=\"chrome-extension:\/\/fpelahbljekknahkcaegamhcndkfpfnc\/iFrame.js\" type=\"text\/javascript\"><\/script><\/p>\n<p><script src=\"chrome-extension:\/\/fpelahbljekknahkcaegamhcndkfpfnc\/iFrame.js\" type=\"text\/javascript\"><\/script><\/p>","protected":false},"featured_media":17821,"comment_status":"open","ping_status":"closed","template":"","meta":[],"product_brand":[237],"product_cat":[124,185,189,174,164,175,193,191,173,186,180,190,192],"product_tag":[],"class_list":{"0":"post-17801","1":"product","2":"type-product","3":"status-publish","4":"has-post-thumbnail","6":"product_brand-hazey","7":"product_cat-vape-by-brand","8":"product_cat-10000-puffs-high-capacity","9":"product_cat-20mg-standard-nicotine-vapes","10":"product_cat-fruit-flavors","11":"product_cat-hazey","12":"product_cat-icy-mint","13":"product_cat-mesh-coil","14":"product_cat-rechargeable-disposables","15":"product_cat-vape-by-flavor-profile","16":"product_cat-vape-by-nicotine-strength","17":"product_cat-vape-by-puff-count","18":"product_cat-vape-by-feature-or-type","19":"product_cat-vapes-with-screens","21":"first","22":"instock","23":"shipping-taxable","24":"purchasable","25":"product-type-variable","26":"has-default-attributes"},"tiered_pricing_type":"percentage","tiered_pricing_fixed_rules":[],"tiered_pricing_product_settings":{"layout":"default","base_unit_name":{"singular":null,"plural":null},"default_variation":null},"tiered_pricing_minimum_quantity":50,"tiered_pricing_roles_data":[],"tiered_pricing_percentage_rules":{"100":"29","200":"35","500":"40","1000":"44"},"tiered_pricing_maximum_quantity":null,"tiered_pricing_quantity_step":"10","_links":{"self":[{"href":"https:\/\/agoravape.com\/sv\/wp-json\/wp\/v2\/product\/17801","targetHints":{"allow":["GET"]}}],"collection":[{"href":"https:\/\/agoravape.com\/sv\/wp-json\/wp\/v2\/product"}],"about":[{"href":"https:\/\/agoravape.com\/sv\/wp-json\/wp\/v2\/types\/product"}],"replies":[{"embeddable":true,"href":"https:\/\/agoravape.com\/sv\/wp-json\/wp\/v2\/comments?post=17801"}],"version-history":[{"count":0,"href":"https:\/\/agoravape.com\/sv\/wp-json\/wp\/v2\/product\/17801\/revisions"}],"wp:featuredmedia":[{"embeddable":true,"href":"https:\/\/agoravape.com\/sv\/wp-json\/wp\/v2\/media\/17821"}],"wp:attachment":[{"href":"https:\/\/agoravape.com\/sv\/wp-json\/wp\/v2\/media?parent=17801"}],"wp:term":[{"taxonomy":"product_brand","embeddable":true,"href":"https:\/\/agoravape.com\/sv\/wp-json\/wp\/v2\/product_brand?post=17801"},{"taxonomy":"product_cat","embeddable":true,"href":"https:\/\/agoravape.com\/sv\/wp-json\/wp\/v2\/product_cat?post=17801"},{"taxonomy":"product_tag","embeddable":true,"href":"https:\/\/agoravape.com\/sv\/wp-json\/wp\/v2\/product_tag?post=17801"}],"curies":[{"name":"wp","href":"https:\/\/api.w.org\/{rel}","templated":true}]}}