{"id":17830,"date":"2025-10-19T20:56:20","date_gmt":"2025-10-19T12:56:20","guid":{"rendered":"https:\/\/green-grasshopper-921422.hostingersite.com\/?post_type=product&#038;p=17830"},"modified":"2026-01-12T13:34:43","modified_gmt":"2026-01-12T05:34:43","slug":"hazey-d200-50000-puffar-vape-med-dubbla-smaker","status":"publish","type":"product","link":"https:\/\/agoravape.com\/sv\/product\/hazey-d200-50000-puffs-dual-flavor-vape\/","title":{"rendered":"Hazey D200 50K Puffs Dubbelsmak Turbol\u00e4ge Vape | Kraft med Dubbelsmak som R\u00e4cker Distansen"},"content":{"rendered":"<h2 data-v-md-heading=\"what-s-special-about-the-hazey-d200-50k-dual-flavor-turbo-mode-vape\" data-v-md-line=\"3\">Vad \u00e4r speciellt med Hazey D200 50K vape med dubbla smaker och turbol\u00e4ge?<\/h2>\n<p data-v-md-line=\"4\">Om du \u00e4r tr\u00f6tt p\u00e5 att r\u00f6ka e-v\u00e4tska mitt i veckan kan du forts\u00e4tta anv\u00e4nda Hazey D200. Detta \u00e4r en h\u00e5llbar eng\u00e5ngsvape med dubbla smaker som l\u00e5ter dig byta smak n\u00e4r som helst. Inget behov av tr\u00e5kiga operationer eller menyer. Svep bara f\u00f6r att v\u00e4lja din favoritsmak och forts\u00e4tt r\u00f6ka.<\/p>\n<p data-v-md-line=\"6\">Den passar alla som str\u00e4var efter h\u00f6g uth\u00e5llighet och enkel anv\u00e4ndning. Du kan njuta av upp till 50 000 portar i normalt l\u00e4ge, eller v\u00e4lja turbol\u00e4ge f\u00f6r en kraftfullare upplevelse. Turbol\u00e4gets kraft \u00e4r h\u00f6gre, s\u00e5 den totala sugkapaciteten reduceras till cirka 35 000 portar. N\u00e4r du str\u00e4var efter en starkare upplevelse \u00e4r denna uppoffring v\u00e4rd det.<\/p>\n<h2 data-v-md-heading=\"excellent-performance-easy-and-convenient\" data-v-md-line=\"8\">Utm\u00e4rkt prestanda, enkelt och bekv\u00e4mt<\/h2>\n<p data-v-md-line=\"9\">Utrustad med en 1,0 \u03a9 mesh-f\u00f6rstoftningsk\u00e4rna f\u00f6rdelas v\u00e4rmen j\u00e4mnt. Det \u00e4r d\u00e4rf\u00f6r varje sug kan bibeh\u00e5lla en j\u00e4mn smak. Dubbla oljef\u00f6rvaringsfack, vardera med en kapacitet p\u00e5 28 milliliter, hj\u00e4lper till att bibeh\u00e5lla en ren smak och undvika grumlighet. Vill du ha en starkare upplevelse? Aktivera Turbo-l\u00e4get f\u00f6r att omedelbart \u00f6ka effekten. N\u00e4r batteriet beh\u00f6ver laddas laddar du det bara s\u00e5 kan det forts\u00e4tta anv\u00e4ndas.<\/p>\n<h2 data-v-md-heading=\"specification-overview\" data-v-md-line=\"11\">Specifikations\u00f6versikt<\/h2>\n<ul data-v-md-line=\"12\">\n<li>Sugfrekvens: upp till 50 000 g\u00e5nger i normalt l\u00e4ge; upp till 35 000 g\u00e5nger i turbol\u00e4ge<\/li>\n<li>Nikotinhalt: 2 % och 5 % valfritt<\/li>\n<li>Funktionsprincip: V\u00e4xla mellan tv\u00e5 smaker; V\u00e4lj standard- eller turboeffekt<\/li>\n<li>Laddningsmetod: uppladdningsbar; Gr\u00e4nssnittstyp bekr\u00e4ftas senare<\/li>\n<li>Status: Klar att anv\u00e4nda direkt ur l\u00e5dan<\/li>\n<li>E-v\u00e4tskekapacitet: 28 milliliter x 2 (dubbelfack)<\/li>\n<li>Atomiseringsk\u00e4rna: 1,0 \u03a9 mesh<\/li>\n<li>Batteri: 600 mAh<\/li>\n<\/ul>\n<h2 data-v-md-heading=\"full-flavor-series\" data-v-md-line=\"21\">Full smakserie<\/h2>\n<ul data-v-md-line=\"22\">\n<li>Bl\u00e5b\u00e4r, k\u00f6rsb\u00e4r, tranb\u00e4r \u2013 Rainbow Candy<\/li>\n<li>Vattenmelon, Citron, Lime, Ananas, Persika, Mango<\/li>\n<li>Svartvinb\u00e4rsmynta \u2013 passionsfrukt<\/li>\n<li>Kiwi granat\u00e4pple \u00e4pple b\u00e4r<\/li>\n<li>Citronlime \u2013 Vimto<\/li>\n<li>Vit persika p\u00e4ron bl\u00e5b\u00e4r smoothie<\/li>\n<li>\u00c4pple P\u00e4ron \u2013 Bl\u00e5b\u00e4r Hallon<\/li>\n<li>Rosa citronvatten \u2013 Cola-is<\/li>\n<li>Blandade b\u00e4r Cub Gummies<\/li>\n<li>Jordgubbsglass \u2013 Jordgubbs- och k\u00f6rsb\u00e4rsbubblegum<\/li>\n<li>Mango Persika Jordgubb Mango<\/li>\n<li>Jordgubb Vattenmelon \u2013 Passionsfrukt Apelsin Granat\u00e4pple<\/li>\n<li>Bl\u00e5b\u00e4rssmoothie \u2013 Jordgubb, hallon och k\u00f6rsb\u00e4rssmoothie<\/li>\n<li>Jordgubbssmoothie \u2013 Jordgubbskiwi<\/li>\n<li>Druvsmoothie \u2013 Vattenmelon Red Bull<\/li>\n<\/ul>\n<h2 data-v-md-heading=\"for-you-and-for-your-business-as-well\" data-v-md-line=\"38\">F\u00f6r dig, och \u00e4ven f\u00f6r ditt f\u00f6retag<\/h2>\n<p data-v-md-line=\"39\">Du kan k\u00f6pa en f\u00f6r personligt bruk eller fylla p\u00e5 lagret till din butik. Grossistf\u00f6rpackning med 200 enheter, bekv\u00e4mt f\u00f6r dig att planera och priss\u00e4tta. Varje l\u00e5da har en bruttovikt p\u00e5 cirka 24 kilogram, vilket g\u00f6r det enkelt f\u00f6r dig att klassificera, f\u00f6rvara och transportera.<\/p>\n<p data-v-md-line=\"41\">Vi erbjuder DDP-leveranser i hela Europa via betrodda partners som UPS, DPD och DHL. F\u00f6rbehandling av tulltullar s\u00e4kerst\u00e4ller att din best\u00e4llning inte st\u00f6ter p\u00e5 n\u00e5gra ov\u00e4ntade problem under tullklareringen.<\/p>\n<h2 data-v-md-heading=\"why-do-you-like-it\" data-v-md-line=\"43\">Why do you like it<\/h2>\n<ul data-v-md-line=\"44\">\n<li>Njut av att dricka fritt: minska p\u00e5fyllning och upprepade best\u00e4llningar.<\/li>\n<li>Nikotinval: V\u00e4lj en nikotinhalt p\u00e5 2 % eller 5 % efter din smak.<\/li>\n<li>Uppladdningsbar: Anv\u00e4nd fulladdad e-v\u00e4tska ist\u00e4llet f\u00f6r att sl\u00e4nga den i f\u00f6rv\u00e4g.<\/li>\n<li>Mesh coil: Len och j\u00e4mn smak fr\u00e5n b\u00f6rjan till slut.<\/li>\n<li>Dubbla smaker: Byt smak f\u00f6r att omedelbart eliminera smaktr\u00f6tthet.<\/li>\n<li>Turbol\u00e4ge: F\u00e5 stark kraft n\u00e4r som helst; Normalt l\u00e4ge, maximal r\u00e4ckvidd.<\/li>\n<\/ul>\n<h2 data-v-md-heading=\"why-choose-to-collaborate-with-agoravape\" data-v-md-line=\"51\">Varf\u00f6r v\u00e4lja att samarbeta med AgoraVape?<\/h2>\n<p data-v-md-line=\"52\">Vi erbjuder 100 % \u00e4kta varor i lager, rabatterade grossistpriser och v\u00e4nlig kundservice. V\u00e5rt logistikn\u00e4tverk t\u00e4cker olika delar av Europa, och Hazey D200 50K dual flavor turbo mode vape erbjuder p\u00e5litliga momsbetalda leveranstj\u00e4nster. Vill du ha en popul\u00e4r produkt som lockar kunder tillbaka? L\u00e5t oss fylla p\u00e5 lagret \u00e5t dig.<\/p>","protected":false},"excerpt":{"rendered":"<p>&nbsp;<\/p>","protected":false},"featured_media":17847,"comment_status":"open","ping_status":"closed","template":"","meta":[],"product_brand":[237],"product_cat":[124,185,189,195,174,164,175,193,191,173,186,180,190,192],"product_tag":[],"class_list":{"0":"post-17830","1":"product","2":"type-product","3":"status-publish","4":"has-post-thumbnail","6":"product_brand-hazey","7":"product_cat-vape-by-brand","8":"product_cat-10000-puffs-high-capacity","9":"product_cat-20mg-standard-nicotine-vapes","10":"product_cat-dual-flavor-switch","11":"product_cat-fruit-flavors","12":"product_cat-hazey","13":"product_cat-icy-mint","14":"product_cat-mesh-coil","15":"product_cat-rechargeable-disposables","16":"product_cat-vape-by-flavor-profile","17":"product_cat-vape-by-nicotine-strength","18":"product_cat-vape-by-puff-count","19":"product_cat-vape-by-feature-or-type","20":"product_cat-vapes-with-screens","22":"first","23":"instock","24":"shipping-taxable","25":"purchasable","26":"product-type-variable","27":"has-default-attributes"},"tiered_pricing_type":"percentage","tiered_pricing_fixed_rules":[],"tiered_pricing_product_settings":{"layout":"default","base_unit_name":{"singular":null,"plural":null},"default_variation":null},"tiered_pricing_minimum_quantity":60,"tiered_pricing_roles_data":[],"tiered_pricing_percentage_rules":{"100":"35","200":"44","500":"47","1000":"49"},"tiered_pricing_maximum_quantity":null,"tiered_pricing_quantity_step":"10","_links":{"self":[{"href":"https:\/\/agoravape.com\/sv\/wp-json\/wp\/v2\/product\/17830","targetHints":{"allow":["GET"]}}],"collection":[{"href":"https:\/\/agoravape.com\/sv\/wp-json\/wp\/v2\/product"}],"about":[{"href":"https:\/\/agoravape.com\/sv\/wp-json\/wp\/v2\/types\/product"}],"replies":[{"embeddable":true,"href":"https:\/\/agoravape.com\/sv\/wp-json\/wp\/v2\/comments?post=17830"}],"version-history":[{"count":0,"href":"https:\/\/agoravape.com\/sv\/wp-json\/wp\/v2\/product\/17830\/revisions"}],"wp:featuredmedia":[{"embeddable":true,"href":"https:\/\/agoravape.com\/sv\/wp-json\/wp\/v2\/media\/17847"}],"wp:attachment":[{"href":"https:\/\/agoravape.com\/sv\/wp-json\/wp\/v2\/media?parent=17830"}],"wp:term":[{"taxonomy":"product_brand","embeddable":true,"href":"https:\/\/agoravape.com\/sv\/wp-json\/wp\/v2\/product_brand?post=17830"},{"taxonomy":"product_cat","embeddable":true,"href":"https:\/\/agoravape.com\/sv\/wp-json\/wp\/v2\/product_cat?post=17830"},{"taxonomy":"product_tag","embeddable":true,"href":"https:\/\/agoravape.com\/sv\/wp-json\/wp\/v2\/product_tag?post=17830"}],"curies":[{"name":"wp","href":"https:\/\/api.w.org\/{rel}","templated":true}]}}