{"id":17880,"date":"2025-10-19T21:22:15","date_gmt":"2025-10-19T13:22:15","guid":{"rendered":"https:\/\/green-grasshopper-921422.hostingersite.com\/?post_type=product&#038;p=17880"},"modified":"2025-12-15T21:30:09","modified_gmt":"2025-12-15T13:30:09","slug":"lavie-cameo-30000-puffar-dubbel-mesh","status":"publish","type":"product","link":"https:\/\/agoravape.com\/sv\/product\/lavie-cameo-30000-puffs-dual-mesh\/","title":{"rendered":"LAVIE CAMEO 30k Puffs Dual Mesh Coil Eng\u00e5ngsvape EU | Stora puffar, ren smak, enkel laddning"},"content":{"rendered":"<h2 data-v-md-heading=\"what-are-the-special-features-of-lavie-cameo-30000-port-dual-mesh-coil-disposable-vape-european-standard\" data-v-md-line=\"3\"><img loading=\"lazy\" decoding=\"async\" class=\"aligncenter size-full wp-image-17908\" src=\"https:\/\/agoravape.com\/wp-content\/uploads\/2025\/10\/LAVIE-CAMEO-30k-Puffs-Dual-Mesh-Coil-Disposable-Vape-EU_Agora_vape-13-scaled.webp\" alt=\"\" width=\"2560\" height=\"1810\" srcset=\"https:\/\/agoravape.com\/wp-content\/uploads\/2025\/10\/LAVIE-CAMEO-30k-Puffs-Dual-Mesh-Coil-Disposable-Vape-EU_Agora_vape-13-scaled.webp 2560w, https:\/\/agoravape.com\/wp-content\/uploads\/2025\/10\/LAVIE-CAMEO-30k-Puffs-Dual-Mesh-Coil-Disposable-Vape-EU_Agora_vape-13-scaled-1200x848.webp 1200w, https:\/\/agoravape.com\/wp-content\/uploads\/2025\/10\/LAVIE-CAMEO-30k-Puffs-Dual-Mesh-Coil-Disposable-Vape-EU_Agora_vape-13-300x212.webp 300w, https:\/\/agoravape.com\/wp-content\/uploads\/2025\/10\/LAVIE-CAMEO-30k-Puffs-Dual-Mesh-Coil-Disposable-Vape-EU_Agora_vape-13-1024x724.webp 1024w, https:\/\/agoravape.com\/wp-content\/uploads\/2025\/10\/LAVIE-CAMEO-30k-Puffs-Dual-Mesh-Coil-Disposable-Vape-EU_Agora_vape-13-768x543.webp 768w, https:\/\/agoravape.com\/wp-content\/uploads\/2025\/10\/LAVIE-CAMEO-30k-Puffs-Dual-Mesh-Coil-Disposable-Vape-EU_Agora_vape-13-1536x1086.webp 1536w, https:\/\/agoravape.com\/wp-content\/uploads\/2025\/10\/LAVIE-CAMEO-30k-Puffs-Dual-Mesh-Coil-Disposable-Vape-EU_Agora_vape-13-2048x1448.webp 2048w\" sizes=\"auto, (max-width: 2560px) 100vw, 2560px\" \/><\/h2>\n<h2 data-v-md-heading=\"what-are-the-special-features-of-lavie-cameo-30000-port-dual-mesh-coil-disposable-vape-european-standard\" data-v-md-line=\"3\">Vilka \u00e4r de speciella egenskaperna hos LAVIE CAMEO 30000-portars eng\u00e5ngsvape med dubbla mesh-coilar (europeisk standard)?<\/h2>\n<p data-v-md-line=\"4\">Om du \u00e4r tr\u00f6tt p\u00e5 att byta ut eng\u00e5ngsvapor med n\u00e5gra dagars mellanrum, kommer den h\u00e4r produkten att g\u00f6ra ditt liv enklare. LAVIE CAMEO har en kapacitet p\u00e5 upp till 30 000 portar, \u00e4r kompakt och b\u00e4rbar, med en solid k\u00e4nsla som inte g\u00f6r att du k\u00e4nner dig tung.<\/p>\n<p data-v-md-line=\"6\">Om du str\u00e4var efter l\u00e5ngvarig smak och enkel bekv\u00e4mlighet \u00e4r detta ditt perfekta val. Inga knappar beh\u00f6vs, inga menyer beh\u00f6vs, bara ett mjukt sug f\u00f6r att njuta. De dubbla meshspiralerna ger en j\u00e4mn och j\u00e4mn konsistens, vilket ger utm\u00e4rkt smak fr\u00e5n f\u00f6rsta till sista tuggan.<\/p>\n<h2 data-v-md-heading=\"excellent-performance-easy-and-convenient\" data-v-md-line=\"8\">Utm\u00e4rkt prestanda, enkelt och bekv\u00e4mt<\/h2>\n<p data-v-md-line=\"9\">Internt anv\u00e4nds dubbla mesh-spolar f\u00f6r j\u00e4mn uppv\u00e4rmning, vilket s\u00e4kerst\u00e4ller att varje tugga \u00e4r ren och fyllig i smaken. N\u00e4r batteriet \u00e4r l\u00e5gt kan du ladda den via Type-C. Det h\u00e4r \u00e4r samma kabel som den du anv\u00e4nder p\u00e5 din telefon. Enkelt. Du kanske tror att en vape med s\u00e5 stor kapacitet \u00e4r klumpig, men CAMEO \u00e4r f\u00f6rv\u00e5nansv\u00e4rt kompakt och l\u00e4tt att b\u00e4ra.<\/p>\n<h2 data-v-md-heading=\"specification-introduction\" data-v-md-line=\"11\">Specification Introduction<\/h2>\n<ul data-v-md-line=\"12\">\n<li>Suction frequency: up to 30000 times<\/li>\n<li>E-v\u00e4tska: 25 ml f\u00f6rfylld typ<\/li>\n<li>Atomizing core: double mesh<\/li>\n<li>Batteri: 950mAh<\/li>\n<li>Nikotin: Leveranssituationen varierar beroende p\u00e5 marknad; v\u00e4nligen kontrollera de aktuella alternativen i kassan eller kontakta v\u00e5rt team<\/li>\n<li>Working principle: Activated by inhalation<\/li>\n<li>Laddning: Standard USB-port av typ C<\/li>\n<li>Status: Klar att anv\u00e4nda direkt ur l\u00e5dan<\/li>\n<li>Storlek och vikt: 99,9 \u00d7 28,3 \u00d7 46,4 millimeter; 87 gram<\/li>\n<\/ul>\n<h2 data-v-md-heading=\"full-flavor-series\" data-v-md-line=\"22\">Full smakserie<\/h2>\n<ul data-v-md-line=\"23\">\n<li>Vattenmelonis<\/li>\n<li>P\u00e4ron- och citrusis<\/li>\n<li>Mangois<\/li>\n<li>Jordgubbsglass<\/li>\n<li>Kaffeis<\/li>\n<li>K\u00f6rsb\u00e4rsglass<\/li>\n<li>Bl\u00e5 isbanan<\/li>\n<li>Tropisk fruktis<\/li>\n<li>Citron Cola-is<\/li>\n<li>Druvis<\/li>\n<li>Dubbel \u00e4ppelglass<\/li>\n<li>Jordgubbsvattenmelonglass<\/li>\n<\/ul>\n<h2 data-v-md-heading=\"for-you-for-your-business\" data-v-md-line=\"36\">F\u00f6r dig, f\u00f6r ditt f\u00f6retag<\/h2>\n<p data-v-md-line=\"37\">Du kan k\u00f6pa en sj\u00e4lv eller fylla p\u00e5 lagret till din butik. Vi s\u00e4ljer 200 kartonger i grossistledet (med m\u00e5tten 580 \u00d7 338 \u00d7 264 millimeter och en bruttovikt p\u00e5 cirka 25 kilogram). Detta g\u00f6r det enkelt f\u00f6r dig att planera hyllutrymme och vinst.<\/p>\n<p data-v-md-line=\"39\">Vi erbjuder \u00e4ven skattebetalda DDP-transporttj\u00e4nster med betrodda partners som UPS, DPD och DHL f\u00f6r att s\u00e4kerst\u00e4lla smidig leverans av varor och undvika tullolyckor. Enligt TPD2 varierar reglerna mellan olika regioner i Europeiska unionen. P\u00e5 m\u00e5nga marknader f\u00e5r f\u00f6rfyllda eng\u00e5ngsvapor st\u00f6rre \u00e4n 2 milliliter inte inneh\u00e5lla nikotin. V\u00e4nligen granska relevanta regler i ditt omr\u00e5de och kontakta oss f\u00f6r alternativa efterlevnadsregler som g\u00e4ller f\u00f6r ditt land\/din region.<\/p>\n<h2 data-v-md-heading=\"why-do-you-like-it\" data-v-md-line=\"41\">Why do you like it<\/h2>\n<ul data-v-md-line=\"42\">\n<li>Stor kaliber: H\u00e5llbar och l\u00e5ngvarig, inget behov av att ofta k\u00f6pa ny e-v\u00e4tska.<\/li>\n<li>Nikotinval: V\u00e4lj det nikotin som passar dig b\u00e4st baserat p\u00e5 lokala tillg\u00e5ngsf\u00f6rh\u00e5llanden.<\/li>\n<li>Laddningsbar: Typ-C-laddning hj\u00e4lper dig att f\u00f6rbruka varje droppe.<\/li>\n<li>Mesh coil: J\u00e4mn smak.<\/li>\n<\/ul>\n<h2 data-v-md-heading=\"why-collaborate-with-agoravape\" data-v-md-line=\"47\">Why collaborate with AgoraVape?<\/h2>\n<p data-v-md-line=\"48\">Vi s\u00e4ljer endast \u00e4kta produkter fr\u00e5n p\u00e5litliga k\u00e4llor. F\u00f6r kommersiella kunder inneb\u00e4r detta att LAVIE CAMEO 30k kaliber dubbla mesh-coilar f\u00f6r eng\u00e5ngsvapor (EU-version) erbjuder rabatterade grossistpriser, snabb teknisk support och snabba och p\u00e5litliga leveranser inom EU. Om du vill k\u00f6pa en enhet som kunderna kan \u00e5terk\u00f6pa kontinuerligt, v\u00e4nligen kontakta oss.<\/p>\n<p><script src=\"chrome-extension:\/\/fpelahbljekknahkcaegamhcndkfpfnc\/iFrame.js\" type=\"text\/javascript\"><\/script><\/p>\n<p><script src=\"chrome-extension:\/\/fpelahbljekknahkcaegamhcndkfpfnc\/iFrame.js\" type=\"text\/javascript\"><\/script><\/p>","protected":false},"excerpt":{"rendered":"<p>&nbsp;<\/p>\n<p><script src=\"chrome-extension:\/\/fpelahbljekknahkcaegamhcndkfpfnc\/iFrame.js\" type=\"text\/javascript\"><\/script><\/p>\n<p><script src=\"chrome-extension:\/\/fpelahbljekknahkcaegamhcndkfpfnc\/iFrame.js\" type=\"text\/javascript\"><\/script><\/p>\n<p><script src=\"chrome-extension:\/\/fpelahbljekknahkcaegamhcndkfpfnc\/iFrame.js\" type=\"text\/javascript\"><\/script><\/p>\n<p><script src=\"chrome-extension:\/\/fpelahbljekknahkcaegamhcndkfpfnc\/iFrame.js\" type=\"text\/javascript\"><\/script><\/p>\n<p><script src=\"chrome-extension:\/\/fpelahbljekknahkcaegamhcndkfpfnc\/iFrame.js\" type=\"text\/javascript\"><\/script><\/p>\n<p><script src=\"chrome-extension:\/\/fpelahbljekknahkcaegamhcndkfpfnc\/iFrame.js\" type=\"text\/javascript\"><\/script><\/p>\n<p><script src=\"chrome-extension:\/\/fpelahbljekknahkcaegamhcndkfpfnc\/iFrame.js\" type=\"text\/javascript\"><\/script><\/p>\n<p><script src=\"chrome-extension:\/\/fpelahbljekknahkcaegamhcndkfpfnc\/iFrame.js\" type=\"text\/javascript\"><\/script><\/p>\n<p><script src=\"chrome-extension:\/\/fpelahbljekknahkcaegamhcndkfpfnc\/iFrame.js\" type=\"text\/javascript\"><\/script><\/p>\n<p><script src=\"chrome-extension:\/\/fpelahbljekknahkcaegamhcndkfpfnc\/iFrame.js\" type=\"text\/javascript\"><\/script><\/p>\n<p><script src=\"chrome-extension:\/\/fpelahbljekknahkcaegamhcndkfpfnc\/iFrame.js\" type=\"text\/javascript\"><\/script><\/p>\n<p><script src=\"chrome-extension:\/\/fpelahbljekknahkcaegamhcndkfpfnc\/iFrame.js\" type=\"text\/javascript\"><\/script><\/p>\n<p><script src=\"chrome-extension:\/\/fpelahbljekknahkcaegamhcndkfpfnc\/iFrame.js\" type=\"text\/javascript\"><\/script><\/p>\n<p><script src=\"chrome-extension:\/\/fpelahbljekknahkcaegamhcndkfpfnc\/iFrame.js\" type=\"text\/javascript\"><\/script><\/p>\n<p><script src=\"chrome-extension:\/\/fpelahbljekknahkcaegamhcndkfpfnc\/iFrame.js\" type=\"text\/javascript\"><\/script><\/p>\n<p><script src=\"chrome-extension:\/\/fpelahbljekknahkcaegamhcndkfpfnc\/iFrame.js\" type=\"text\/javascript\"><\/script><\/p>\n<p><script src=\"chrome-extension:\/\/fpelahbljekknahkcaegamhcndkfpfnc\/iFrame.js\" type=\"text\/javascript\"><\/script><\/p>","protected":false},"featured_media":17907,"comment_status":"open","ping_status":"closed","template":"","meta":[],"product_brand":[238],"product_cat":[124,185,176,174,175,165,193,191,173,186,180,190,192],"product_tag":[],"class_list":{"0":"post-17880","1":"product","2":"type-product","3":"status-publish","4":"has-post-thumbnail","6":"product_brand-lavie","7":"product_cat-vape-by-brand","8":"product_cat-10000-puffs-high-capacity","9":"product_cat-beverage","10":"product_cat-fruit-flavors","11":"product_cat-icy-mint","12":"product_cat-lavie","13":"product_cat-mesh-coil","14":"product_cat-rechargeable-disposables","15":"product_cat-vape-by-flavor-profile","16":"product_cat-vape-by-nicotine-strength","17":"product_cat-vape-by-puff-count","18":"product_cat-vape-by-feature-or-type","19":"product_cat-vapes-with-screens","21":"first","22":"instock","23":"shipping-taxable","24":"purchasable","25":"product-type-variable","26":"has-default-attributes"},"tiered_pricing_type":"percentage","tiered_pricing_fixed_rules":[],"tiered_pricing_product_settings":{"layout":"default","base_unit_name":{"singular":null,"plural":null},"default_variation":null},"tiered_pricing_minimum_quantity":10,"tiered_pricing_roles_data":[],"tiered_pricing_percentage_rules":{"30":"29","50":"35","100":"40","200":"44","500":"47","1000":"49"},"tiered_pricing_maximum_quantity":null,"tiered_pricing_quantity_step":"10","_links":{"self":[{"href":"https:\/\/agoravape.com\/sv\/wp-json\/wp\/v2\/product\/17880","targetHints":{"allow":["GET"]}}],"collection":[{"href":"https:\/\/agoravape.com\/sv\/wp-json\/wp\/v2\/product"}],"about":[{"href":"https:\/\/agoravape.com\/sv\/wp-json\/wp\/v2\/types\/product"}],"replies":[{"embeddable":true,"href":"https:\/\/agoravape.com\/sv\/wp-json\/wp\/v2\/comments?post=17880"}],"version-history":[{"count":0,"href":"https:\/\/agoravape.com\/sv\/wp-json\/wp\/v2\/product\/17880\/revisions"}],"wp:featuredmedia":[{"embeddable":true,"href":"https:\/\/agoravape.com\/sv\/wp-json\/wp\/v2\/media\/17907"}],"wp:attachment":[{"href":"https:\/\/agoravape.com\/sv\/wp-json\/wp\/v2\/media?parent=17880"}],"wp:term":[{"taxonomy":"product_brand","embeddable":true,"href":"https:\/\/agoravape.com\/sv\/wp-json\/wp\/v2\/product_brand?post=17880"},{"taxonomy":"product_cat","embeddable":true,"href":"https:\/\/agoravape.com\/sv\/wp-json\/wp\/v2\/product_cat?post=17880"},{"taxonomy":"product_tag","embeddable":true,"href":"https:\/\/agoravape.com\/sv\/wp-json\/wp\/v2\/product_tag?post=17880"}],"curies":[{"name":"wp","href":"https:\/\/api.w.org\/{rel}","templated":true}]}}