{"id":17927,"date":"2025-10-20T11:18:51","date_gmt":"2025-10-20T03:18:51","guid":{"rendered":"https:\/\/green-grasshopper-921422.hostingersite.com\/?post_type=product&#038;p=17927"},"modified":"2025-12-15T21:30:09","modified_gmt":"2025-12-15T13:30:09","slug":"lavie-kub-10000-puffar","status":"publish","type":"product","link":"https:\/\/agoravape.com\/sv\/product\/lavie-cube-10000-puffs\/","title":{"rendered":"LAVIE Cube 10000 Puffs Eng\u00e5ngsvape | 1600mAh Batteri | L\u00e5ngvarig Smak, Gjord Enkelt"},"content":{"rendered":"<h2 data-v-md-heading=\"lavie-cube-10000-disposable-vape-1600mah-battery-what-are-the-highlights\" data-v-md-line=\"3\">LAVIE Cube 10000 eng\u00e5ngsvape | 1600mAh batteri, vilka \u00e4r h\u00f6jdpunkterna?<\/h2>\n<p data-v-md-line=\"4\">Om du \u00e4r tr\u00f6tt p\u00e5 eng\u00e5ngsvapor som tar slut p\u00e5 batteri p\u00e5 n\u00e5gra dagar kanske du vill ta en titt p\u00e5 den h\u00e4r produkten. LAVIE Cube \u00e4r utrustad med ett f\u00f6rvaringsfack p\u00e5 16 milliliter och ett uppladdningsbart batteri p\u00e5 1600 mAh, som rymmer upp till 10 000 portar. Den \u00e4r designad f\u00f6r anv\u00e4ndare som str\u00e4var efter p\u00e5litliga, l\u00e4ckra och h\u00e5llbara vaporizers.<\/p>\n<p data-v-md-line=\"6\">Du kanske tror att en vape med s\u00e5 stor kapacitet skulle g\u00f6ra den klumpig, men Cube \u00e4r f\u00f6rv\u00e5nansv\u00e4rt portabel. Den har en kompakt kropp som m\u00e4ter 112 \u00d7 40 \u00d7 17,5 millimeter, vilket \u00e4r mycket bekv\u00e4mt att h\u00e5lla i handen och v\u00e4ger bara 74 gram.<\/p>\n<h2 data-v-md-heading=\"excellent-performance-without-any-complex-operations\" data-v-md-line=\"8\">Utm\u00e4rkt prestanda utan komplicerade operationer<\/h2>\n<p data-v-md-line=\"9\">Dubbelmaskspolen tog p\u00e5 sig det tunga ansvaret. Den v\u00e4rms upp j\u00e4mnt, och varje tugga \u00e4r lika ren och krispig som den f\u00f6rsta. Efter en veckas anv\u00e4ndning kommer det inte att finnas n\u00e5got br\u00e4nnande fenomen. N\u00e4r batteriet \u00e4r l\u00e5gt, anv\u00e4nd helt enkelt Type-C f\u00f6r att ladda den. Den kan anv\u00e4nda samma datakabel som din telefon, s\u00e5 du beh\u00f6ver inte oroa dig f\u00f6r att hitta en dedikerad datakabel.<\/p>\n<h2 data-v-md-heading=\"specification-introduction\" data-v-md-line=\"11\">Specification Introduction<\/h2>\n<p data-v-md-line=\"12\"><strong>Suction frequency<\/strong>upp till 10 000 g\u00e5nger<br \/>\n<strong>Nikotininneh\u00e5ll<\/strong>Standard 2% eller OEM-anpassade 5%<br \/>\n<strong>Usage<\/strong>Andas in f\u00f6r att aktivera<br \/>\n<strong>Laddning<\/strong>Standard USB-gr\u00e4nssnitt av typ C<br \/>\n<strong>Status<\/strong>Klar att anv\u00e4nda vid uppackning<\/p>\n<h2 data-v-md-heading=\"full-range-of-flavors\" data-v-md-line=\"18\">Fullt utbud av smaker<\/h2>\n<ul data-v-md-line=\"19\">\n<li>Druvis<\/li>\n<li>Vattenmelonis<\/li>\n<li>Bl\u00e5b\u00e4r, hallon, vindruvor, glass<\/li>\n<li>Jordgubbs-kiwi-glass<\/li>\n<li>Jordgubbsvattenmelonglass<\/li>\n<li>Bj\u00f6rnb\u00e4rsis<\/li>\n<li>Bj\u00f6rnb\u00e4r, Granat\u00e4pple, K\u00f6rsb\u00e4rsglass<\/li>\n<li>Jordgubbs-litchi-is<\/li>\n<li>Som<\/li>\n<li>Dubbla \u00e4pplen<\/li>\n<li>Bl\u00e5b\u00e4r Hallon Bubble Tum<\/li>\n<li>\u00c4ppeldruvglass<\/li>\n<li>Druva persika is<\/li>\n<li>Mangomonster<\/li>\n<li>Aloe Vera-druvglass<\/li>\n<\/ul>\n<p><img loading=\"lazy\" decoding=\"async\" class=\"aligncenter size-full wp-image-17977\" src=\"https:\/\/agoravape.com\/wp-content\/uploads\/2025\/10\/LAVIE-Cube-10000-port-disposable-vape_Agora_vape-19-scaled.webp\" alt=\"\" width=\"2560\" height=\"1811\" srcset=\"https:\/\/agoravape.com\/wp-content\/uploads\/2025\/10\/LAVIE-Cube-10000-port-disposable-vape_Agora_vape-19-scaled.webp 2560w, https:\/\/agoravape.com\/wp-content\/uploads\/2025\/10\/LAVIE-Cube-10000-port-disposable-vape_Agora_vape-19-scaled-1200x849.webp 1200w, https:\/\/agoravape.com\/wp-content\/uploads\/2025\/10\/LAVIE-Cube-10000-port-disposable-vape_Agora_vape-19-300x212.webp 300w, https:\/\/agoravape.com\/wp-content\/uploads\/2025\/10\/LAVIE-Cube-10000-port-disposable-vape_Agora_vape-19-1024x724.webp 1024w, https:\/\/agoravape.com\/wp-content\/uploads\/2025\/10\/LAVIE-Cube-10000-port-disposable-vape_Agora_vape-19-768x543.webp 768w, https:\/\/agoravape.com\/wp-content\/uploads\/2025\/10\/LAVIE-Cube-10000-port-disposable-vape_Agora_vape-19-1536x1086.webp 1536w, https:\/\/agoravape.com\/wp-content\/uploads\/2025\/10\/LAVIE-Cube-10000-port-disposable-vape_Agora_vape-19-2048x1448.webp 2048w\" sizes=\"auto, (max-width: 2560px) 100vw, 2560px\" \/><\/p>\n<h2 data-v-md-heading=\"for-you-and-your-business\" data-v-md-line=\"35\">For you and your business<\/h2>\n<p data-v-md-line=\"36\">K\u00f6p sj\u00e4lv, enkelt och bekv\u00e4mt. V\u00e4lj din f\u00f6redragna smak och nikotinkoncentration och anv\u00e4nd sedan Type-C-laddning vid behov f\u00f6r p\u00e5fyllning. Om du \u00e4r f\u00f6retagare kan vi ocks\u00e5 m\u00f6ta dina behov. LAVIE Cube levereras i grossistf\u00f6rpackningar med 200 stycken per l\u00e5da, s\u00e5 att du enkelt kan fylla p\u00e5 och m\u00f6ta dina kunders behov.<\/p>\n<p data-v-md-line=\"38\">Vi skickar DDP via betrodda partners som UPS, DPD och DHL f\u00f6r att s\u00e4kerst\u00e4lla att dina varor kan s\u00e4ljas efter tullklarering. Det finns inga ov\u00e4ntade kostnader vid inf\u00f6rseln.<\/p>\n<h2 data-v-md-heading=\"why-do-you-like-it\" data-v-md-line=\"40\">Why do you like it<\/h2>\n<p data-v-md-line=\"41\"><strong>Massivt sug<\/strong>upp till 10 000 bloss, vilket inneb\u00e4r f\u00e4rre upprepade k\u00f6p och mer tid att njuta av din smak.<br \/>\n<strong>Nikotinval<\/strong>V\u00e4lj en nikotinkoncentration p\u00e5 2 % f\u00f6r en mjukare smak; Eller f\u00f6r kvalificerade marknader, v\u00e4lj en OEM-nikotinkoncentration p\u00e5 5 %.<br \/>\n<strong>Uppladdningsbar<\/strong>Typ-C-laddning l\u00e5ter dig anv\u00e4nda alla 16 milliliter e-v\u00e4tska utan att sl\u00f6sa bort den.<br \/>\n<strong>N\u00e4tspole<\/strong>Dubbelmaskiga spolar ger j\u00e4mn smak och stabil sugkraft varje g\u00e5ng.<\/p>\n<h2 data-v-md-heading=\"why-collaborate-with-agoravape\" data-v-md-line=\"46\">Why collaborate with AgoraVape?<\/h2>\n<p data-v-md-line=\"47\">Vi s\u00e4ljer endast 100 % \u00e4kta produkter och tvivlar inte p\u00e5 det. F\u00f6r grossistkunder inneb\u00e4r detta rimliga priser, p\u00e5litlig support och snabb och p\u00e5litlig leverans. LAVIE Cube 10000 eng\u00e5ngsvapor | 1600mAh batteri. Kontakta oss f\u00f6r att fylla p\u00e5 lagret \u00e5t dina kunder och g\u00f6ra dem till \u00e5terkommande kunder.<\/p>\n<p><script src=\"chrome-extension:\/\/fpelahbljekknahkcaegamhcndkfpfnc\/iFrame.js\" type=\"text\/javascript\"><\/script><\/p>","protected":false},"excerpt":{"rendered":"<p>&nbsp;<\/p>\n<p><script src=\"chrome-extension:\/\/fpelahbljekknahkcaegamhcndkfpfnc\/iFrame.js\" type=\"text\/javascript\"><\/script><\/p>\n<p><script src=\"chrome-extension:\/\/fpelahbljekknahkcaegamhcndkfpfnc\/iFrame.js\" type=\"text\/javascript\"><\/script><\/p>\n<p><script src=\"chrome-extension:\/\/fpelahbljekknahkcaegamhcndkfpfnc\/iFrame.js\" type=\"text\/javascript\"><\/script><\/p>\n<p><script src=\"chrome-extension:\/\/fpelahbljekknahkcaegamhcndkfpfnc\/iFrame.js\" type=\"text\/javascript\"><\/script><\/p>\n<p><script src=\"chrome-extension:\/\/fpelahbljekknahkcaegamhcndkfpfnc\/iFrame.js\" type=\"text\/javascript\"><\/script><\/p>\n<p><script src=\"chrome-extension:\/\/fpelahbljekknahkcaegamhcndkfpfnc\/iFrame.js\" type=\"text\/javascript\"><\/script><\/p>\n<p><script src=\"chrome-extension:\/\/fpelahbljekknahkcaegamhcndkfpfnc\/iFrame.js\" type=\"text\/javascript\"><\/script><\/p>\n<p><script src=\"chrome-extension:\/\/fpelahbljekknahkcaegamhcndkfpfnc\/iFrame.js\" type=\"text\/javascript\"><\/script><\/p>\n<p><script src=\"chrome-extension:\/\/fpelahbljekknahkcaegamhcndkfpfnc\/iFrame.js\" type=\"text\/javascript\"><\/script><\/p>\n<p><script src=\"chrome-extension:\/\/fpelahbljekknahkcaegamhcndkfpfnc\/iFrame.js\" type=\"text\/javascript\"><\/script><\/p>\n<p><script src=\"chrome-extension:\/\/fpelahbljekknahkcaegamhcndkfpfnc\/iFrame.js\" type=\"text\/javascript\"><\/script><\/p>\n<p><script src=\"chrome-extension:\/\/fpelahbljekknahkcaegamhcndkfpfnc\/iFrame.js\" type=\"text\/javascript\"><\/script><\/p>\n<p><script src=\"chrome-extension:\/\/fpelahbljekknahkcaegamhcndkfpfnc\/iFrame.js\" type=\"text\/javascript\"><\/script><\/p>\n<p><script src=\"chrome-extension:\/\/fpelahbljekknahkcaegamhcndkfpfnc\/iFrame.js\" type=\"text\/javascript\"><\/script><\/p>\n<p><script src=\"chrome-extension:\/\/fpelahbljekknahkcaegamhcndkfpfnc\/iFrame.js\" type=\"text\/javascript\"><\/script><\/p>\n<p><script src=\"chrome-extension:\/\/fpelahbljekknahkcaegamhcndkfpfnc\/iFrame.js\" type=\"text\/javascript\"><\/script><\/p>\n<p><script src=\"chrome-extension:\/\/fpelahbljekknahkcaegamhcndkfpfnc\/iFrame.js\" type=\"text\/javascript\"><\/script><\/p>\n<p><script src=\"chrome-extension:\/\/fpelahbljekknahkcaegamhcndkfpfnc\/iFrame.js\" type=\"text\/javascript\"><\/script><\/p>","protected":false},"featured_media":17976,"comment_status":"open","ping_status":"closed","template":"","meta":[],"product_brand":[238],"product_cat":[124,185,189,174,175,165,193,191,173,186,180,190],"product_tag":[],"class_list":{"0":"post-17927","1":"product","2":"type-product","3":"status-publish","4":"has-post-thumbnail","6":"product_brand-lavie","7":"product_cat-vape-by-brand","8":"product_cat-10000-puffs-high-capacity","9":"product_cat-20mg-standard-nicotine-vapes","10":"product_cat-fruit-flavors","11":"product_cat-icy-mint","12":"product_cat-lavie","13":"product_cat-mesh-coil","14":"product_cat-rechargeable-disposables","15":"product_cat-vape-by-flavor-profile","16":"product_cat-vape-by-nicotine-strength","17":"product_cat-vape-by-puff-count","18":"product_cat-vape-by-feature-or-type","20":"first","21":"instock","22":"shipping-taxable","23":"purchasable","24":"product-type-variable","25":"has-default-attributes"},"tiered_pricing_type":"percentage","tiered_pricing_fixed_rules":[],"tiered_pricing_product_settings":{"layout":"default","base_unit_name":{"singular":null,"plural":null},"default_variation":null},"tiered_pricing_minimum_quantity":10,"tiered_pricing_roles_data":[],"tiered_pricing_percentage_rules":{"30":"29","50":"35","100":"40","200":"44","500":"47","1000":"49"},"tiered_pricing_maximum_quantity":null,"tiered_pricing_quantity_step":"10","_links":{"self":[{"href":"https:\/\/agoravape.com\/sv\/wp-json\/wp\/v2\/product\/17927","targetHints":{"allow":["GET"]}}],"collection":[{"href":"https:\/\/agoravape.com\/sv\/wp-json\/wp\/v2\/product"}],"about":[{"href":"https:\/\/agoravape.com\/sv\/wp-json\/wp\/v2\/types\/product"}],"replies":[{"embeddable":true,"href":"https:\/\/agoravape.com\/sv\/wp-json\/wp\/v2\/comments?post=17927"}],"version-history":[{"count":0,"href":"https:\/\/agoravape.com\/sv\/wp-json\/wp\/v2\/product\/17927\/revisions"}],"wp:featuredmedia":[{"embeddable":true,"href":"https:\/\/agoravape.com\/sv\/wp-json\/wp\/v2\/media\/17976"}],"wp:attachment":[{"href":"https:\/\/agoravape.com\/sv\/wp-json\/wp\/v2\/media?parent=17927"}],"wp:term":[{"taxonomy":"product_brand","embeddable":true,"href":"https:\/\/agoravape.com\/sv\/wp-json\/wp\/v2\/product_brand?post=17927"},{"taxonomy":"product_cat","embeddable":true,"href":"https:\/\/agoravape.com\/sv\/wp-json\/wp\/v2\/product_cat?post=17927"},{"taxonomy":"product_tag","embeddable":true,"href":"https:\/\/agoravape.com\/sv\/wp-json\/wp\/v2\/product_tag?post=17927"}],"curies":[{"name":"wp","href":"https:\/\/api.w.org\/{rel}","templated":true}]}}