{"id":17986,"date":"2025-10-20T11:50:36","date_gmt":"2025-10-20T03:50:36","guid":{"rendered":"https:\/\/green-grasshopper-921422.hostingersite.com\/?post_type=product&#038;p=17986"},"modified":"2025-12-15T21:30:09","modified_gmt":"2025-12-15T13:30:09","slug":"lavie-kamera-8000-puffar-vape","status":"publish","type":"product","link":"https:\/\/agoravape.com\/sv\/product\/lavie-camera-8000-puffs-vape\/","title":{"rendered":"LAVIE Camera 8000 Puffs Retro Design Eng\u00e5ngsvape | Retrostil, L\u00e5ngvarig Bekv\u00e4mlighet"},"content":{"rendered":"<h2 data-v-md-heading=\"what-are-the-special-features-of-lavie-camera-8000-retro-design-disposable-vape\" data-v-md-line=\"3\"><img loading=\"lazy\" decoding=\"async\" class=\"aligncenter size-full wp-image-18011\" src=\"https:\/\/agoravape.com\/wp-content\/uploads\/2025\/10\/Lavie-Camera-8000-Puffs-Retro-Camera-Design-Vape-Online_Agora_vape-12.webp\" alt=\"\" width=\"1500\" height=\"1500\" srcset=\"https:\/\/agoravape.com\/wp-content\/uploads\/2025\/10\/Lavie-Camera-8000-Puffs-Retro-Camera-Design-Vape-Online_Agora_vape-12.webp 1500w, https:\/\/agoravape.com\/wp-content\/uploads\/2025\/10\/Lavie-Camera-8000-Puffs-Retro-Camera-Design-Vape-Online_Agora_vape-12-600x600.webp 600w, https:\/\/agoravape.com\/wp-content\/uploads\/2025\/10\/Lavie-Camera-8000-Puffs-Retro-Camera-Design-Vape-Online_Agora_vape-12-1200x1200.webp 1200w, https:\/\/agoravape.com\/wp-content\/uploads\/2025\/10\/Lavie-Camera-8000-Puffs-Retro-Camera-Design-Vape-Online_Agora_vape-12-300x300.webp 300w, https:\/\/agoravape.com\/wp-content\/uploads\/2025\/10\/Lavie-Camera-8000-Puffs-Retro-Camera-Design-Vape-Online_Agora_vape-12-1024x1024.webp 1024w, https:\/\/agoravape.com\/wp-content\/uploads\/2025\/10\/Lavie-Camera-8000-Puffs-Retro-Camera-Design-Vape-Online_Agora_vape-12-150x150.webp 150w, https:\/\/agoravape.com\/wp-content\/uploads\/2025\/10\/Lavie-Camera-8000-Puffs-Retro-Camera-Design-Vape-Online_Agora_vape-12-768x768.webp 768w\" sizes=\"auto, (max-width: 1500px) 100vw, 1500px\" \/><\/h2>\n<h2 data-v-md-heading=\"what-are-the-special-features-of-lavie-camera-8000-retro-design-disposable-vape\" data-v-md-line=\"3\">Vilka \u00e4r de speciella egenskaperna hos LAVIE Camera 8000 retrodesignad eng\u00e5ngsvape?<\/h2>\n<p data-v-md-line=\"4\">Om du \u00e4r tr\u00f6tt p\u00e5 att byta vape med n\u00e5gra dagars mellanrum kommer den h\u00e4r produkten att g\u00f6ra ditt liv enklare. LAVIE Camera har ett intressant retro-kamerautseende och kan ge upp till 8000 s\u00e4ten, vilket g\u00f6r den mycket bekv\u00e4m att h\u00e5lla i handen. Den \u00e4r kompakt, l\u00e4tt och enkel att anv\u00e4nda.<\/p>\n<p data-v-md-line=\"6\">Den passar alla som vill ha en p\u00e5litlig, uts\u00f6kt och problemfri eng\u00e5ngsvape. Du kan f\u00e5 massor av e-v\u00e4tska, laddningsbara batterier och en genomg\u00e5ende smidig upplevelse.<\/p>\n<h2 data-v-md-heading=\"excellent-performance-no-need-for-complex-operations\" data-v-md-line=\"8\">Utm\u00e4rkt prestanda, inget behov av komplexa operationer<\/h2>\n<p data-v-md-line=\"9\">Spolens design kan bibeh\u00e5lla en stabil smak, vilket g\u00f6r att den sista tuggan n\u00e4stan \u00e4r densamma som den f\u00f6rsta. N\u00e4r batteriet \u00e4r l\u00e5gt laddar du det helt enkelt via Type-C, precis som datakabeln du anv\u00e4nder p\u00e5 din telefon. Inga knappar eller inst\u00e4llningar beh\u00f6vs. V\u00e4lj din favoritsmak och njut av den till fullo.<\/p>\n<h2 data-v-md-heading=\"specification-overview\" data-v-md-line=\"11\">Specifikations\u00f6versikt<\/h2>\n<ul data-v-md-line=\"12\">\n<li>Sugfrekvens: upp till 8000 g\u00e5nger<\/li>\n<li>Nikotin: 2 % och 5 % valfritt<\/li>\n<li>E-v\u00e4tskekapacitet: 18 milliliter<\/li>\n<li>Batteri: 550mAh uppladdningsbart batteri<\/li>\n<li>Working principle: Activated by inhalation<\/li>\n<li>Laddning: Standard USB-gr\u00e4nssnitt av typ C<\/li>\n<li>Storlek: 50 \u00d7 26 \u00d7 65 millimeter<\/li>\n<li>Vikt: Nettovikt 70 gram<\/li>\n<li>Status: Klar att anv\u00e4nda vid uppackning<\/li>\n<\/ul>\n<h2 data-v-md-heading=\"complete-flavor-series\" data-v-md-line=\"22\">Komplett smakserie<\/h2>\n<ul data-v-md-line=\"23\">\n<li>Som<\/li>\n<li>Blandade b\u00e4r<\/li>\n<li>Rosmj\u00f6lk<\/li>\n<li>Yakult Duo<\/li>\n<li>Jordgubbsvattenmelon<\/li>\n<li>Dubbla \u00e4pplen<\/li>\n<li>Passionsfrukt<\/li>\n<li>Druvis<\/li>\n<li>Vattenmelonis<\/li>\n<li>Persikojuice<\/li>\n<li>Coca Cola-is<\/li>\n<li>Mangois<\/li>\n<\/ul>\n<p>&nbsp;<\/p>\n<h2 data-v-md-heading=\"for-you-for-your-business\" data-v-md-line=\"36\">F\u00f6r dig, f\u00f6r ditt f\u00f6retag<\/h2>\n<p data-v-md-line=\"37\">L\u00e4tt att v\u00e4lja. Oavsett om du driver en fysisk butik eller webbutik kan du handla tryggt. Vi erbjuder mellanstora l\u00e5dor med 10 f\u00f6rpackningar och stora l\u00e5dor med 300 f\u00f6rpackningar f\u00f6r effektiv p\u00e5fyllning.<\/p>\n<p data-v-md-line=\"39\">Vi samarbetar \u00e4ven med betrodda partners som UPS, DPD och DHL f\u00f6r att tillhandah\u00e5lla momsbetalda DDP-frakttj\u00e4nster \u00f6ver hela Europa, vilket s\u00e4kerst\u00e4ller f\u00f6ruts\u00e4gbar leverans och undviker tullolyckor.<\/p>\n<h2 data-v-md-heading=\"why-do-you-like-it\" data-v-md-line=\"41\">Why do you like it<\/h2>\n<ul data-v-md-line=\"42\">\n<li>Stor sugkapacitet: upp till 8000 enheter, vilket inneb\u00e4r f\u00e4rre p\u00e5fyllningar och upprepade best\u00e4llningar<\/li>\n<li>Val av nikotininneh\u00e5ll: V\u00e4lj 2 % eller 5 % efter dina \u00f6nskem\u00e5l<\/li>\n<li>Uppladdningsbar: Typ-C-laddning hj\u00e4lper dig att anv\u00e4nda alla 18 ml e-v\u00e4tska<\/li>\n<li>J\u00e4mn smak: Den noggrant avst\u00e4mda f\u00f6r\u00e5ngark\u00e4rnan bibeh\u00e5ller alltid en stabil smak<\/li>\n<li>B\u00e4rbar och l\u00e4tt att b\u00e4ra: 8000 e-v\u00e4tskor kan k\u00e4nnas skrymmande, men de \u00e4r sm\u00e5 och l\u00e4tta<\/li>\n<li>L\u00e4tt att anv\u00e4nda: sugdesign, inga knappar eller menyer<\/li>\n<\/ul>\n<h2 data-v-md-heading=\"why-choose-to-collaborate-with-agoravape\" data-v-md-line=\"49\">Varf\u00f6r v\u00e4lja att samarbeta med AgoraVape?<\/h2>\n<p data-v-md-line=\"50\">Vi erbjuder 100 % \u00e4kta produkter, alla fr\u00e5n varum\u00e4rken som dina kunder k\u00e4nner till. LAVIE Camera 8000 retrodesignad eng\u00e5ngsvape, du kommer att njuta av rimliga grossistpriser, snabb support och snabba och p\u00e5litliga leveranstj\u00e4nster. Beh\u00f6ver du OEM- eller specialanpassning f\u00f6r 2 % eller 5 % nikotinkoncentration? V\u00e4lkommen att kontakta oss. Vi tillhandah\u00e5ller enheter som \u00e4r l\u00e4tta att s\u00e4lja och uppskattade av kunderna.<\/p>","protected":false},"excerpt":{"rendered":"<p>&nbsp;<\/p>\n<p><script src=\"chrome-extension:\/\/fpelahbljekknahkcaegamhcndkfpfnc\/iFrame.js\" type=\"text\/javascript\"><\/script><\/p>\n<p><script src=\"chrome-extension:\/\/fpelahbljekknahkcaegamhcndkfpfnc\/iFrame.js\" type=\"text\/javascript\"><\/script><\/p>\n<p><script src=\"chrome-extension:\/\/fpelahbljekknahkcaegamhcndkfpfnc\/iFrame.js\" type=\"text\/javascript\"><\/script><\/p>\n<p><script src=\"chrome-extension:\/\/fpelahbljekknahkcaegamhcndkfpfnc\/iFrame.js\" type=\"text\/javascript\"><\/script><\/p>\n<p><script src=\"chrome-extension:\/\/fpelahbljekknahkcaegamhcndkfpfnc\/iFrame.js\" type=\"text\/javascript\"><\/script><\/p>\n<p><script src=\"chrome-extension:\/\/fpelahbljekknahkcaegamhcndkfpfnc\/iFrame.js\" type=\"text\/javascript\"><\/script><\/p>\n<p><script src=\"chrome-extension:\/\/fpelahbljekknahkcaegamhcndkfpfnc\/iFrame.js\" type=\"text\/javascript\"><\/script><\/p>\n<p><script src=\"chrome-extension:\/\/fpelahbljekknahkcaegamhcndkfpfnc\/iFrame.js\" type=\"text\/javascript\"><\/script><\/p>\n<p><script src=\"chrome-extension:\/\/fpelahbljekknahkcaegamhcndkfpfnc\/iFrame.js\" type=\"text\/javascript\"><\/script><\/p>\n<p><script src=\"chrome-extension:\/\/fpelahbljekknahkcaegamhcndkfpfnc\/iFrame.js\" type=\"text\/javascript\"><\/script><\/p>\n<p><script src=\"chrome-extension:\/\/fpelahbljekknahkcaegamhcndkfpfnc\/iFrame.js\" type=\"text\/javascript\"><\/script><\/p>\n<p><script src=\"chrome-extension:\/\/fpelahbljekknahkcaegamhcndkfpfnc\/iFrame.js\" type=\"text\/javascript\"><\/script><\/p>\n<p><script src=\"chrome-extension:\/\/fpelahbljekknahkcaegamhcndkfpfnc\/iFrame.js\" type=\"text\/javascript\"><\/script><\/p>\n<p><script src=\"chrome-extension:\/\/fpelahbljekknahkcaegamhcndkfpfnc\/iFrame.js\" type=\"text\/javascript\"><\/script><\/p>\n<p><script src=\"chrome-extension:\/\/fpelahbljekknahkcaegamhcndkfpfnc\/iFrame.js\" type=\"text\/javascript\"><\/script><\/p>\n<p><script src=\"chrome-extension:\/\/fpelahbljekknahkcaegamhcndkfpfnc\/iFrame.js\" type=\"text\/javascript\"><\/script><\/p>\n<p><script src=\"chrome-extension:\/\/fpelahbljekknahkcaegamhcndkfpfnc\/iFrame.js\" type=\"text\/javascript\"><\/script><\/p>\n<p><script src=\"chrome-extension:\/\/fpelahbljekknahkcaegamhcndkfpfnc\/iFrame.js\" type=\"text\/javascript\"><\/script><\/p>","protected":false},"featured_media":18010,"comment_status":"open","ping_status":"closed","template":"","meta":[],"product_brand":[238],"product_cat":[124,189,184,176,174,175,165,193,191,179,173,186,180,190],"product_tag":[],"class_list":{"0":"post-17986","1":"product","2":"type-product","3":"status-publish","4":"has-post-thumbnail","6":"product_brand-lavie","7":"product_cat-vape-by-brand","8":"product_cat-20mg-standard-nicotine-vapes","9":"product_cat-5000-8000-puffs","10":"product_cat-beverage","11":"product_cat-fruit-flavors","12":"product_cat-icy-mint","13":"product_cat-lavie","14":"product_cat-mesh-coil","15":"product_cat-rechargeable-disposables","16":"product_cat-unique-blends","17":"product_cat-vape-by-flavor-profile","18":"product_cat-vape-by-nicotine-strength","19":"product_cat-vape-by-puff-count","20":"product_cat-vape-by-feature-or-type","22":"first","23":"instock","24":"shipping-taxable","25":"purchasable","26":"product-type-variable","27":"has-default-attributes"},"tiered_pricing_type":"percentage","tiered_pricing_fixed_rules":[],"tiered_pricing_product_settings":{"layout":"default","base_unit_name":{"singular":null,"plural":null},"default_variation":null},"tiered_pricing_minimum_quantity":10,"tiered_pricing_roles_data":[],"tiered_pricing_percentage_rules":{"30":"29","50":"35","100":"40","200":"44","500":"47","1000":"49"},"tiered_pricing_maximum_quantity":null,"tiered_pricing_quantity_step":"10","_links":{"self":[{"href":"https:\/\/agoravape.com\/sv\/wp-json\/wp\/v2\/product\/17986","targetHints":{"allow":["GET"]}}],"collection":[{"href":"https:\/\/agoravape.com\/sv\/wp-json\/wp\/v2\/product"}],"about":[{"href":"https:\/\/agoravape.com\/sv\/wp-json\/wp\/v2\/types\/product"}],"replies":[{"embeddable":true,"href":"https:\/\/agoravape.com\/sv\/wp-json\/wp\/v2\/comments?post=17986"}],"version-history":[{"count":0,"href":"https:\/\/agoravape.com\/sv\/wp-json\/wp\/v2\/product\/17986\/revisions"}],"wp:featuredmedia":[{"embeddable":true,"href":"https:\/\/agoravape.com\/sv\/wp-json\/wp\/v2\/media\/18010"}],"wp:attachment":[{"href":"https:\/\/agoravape.com\/sv\/wp-json\/wp\/v2\/media?parent=17986"}],"wp:term":[{"taxonomy":"product_brand","embeddable":true,"href":"https:\/\/agoravape.com\/sv\/wp-json\/wp\/v2\/product_brand?post=17986"},{"taxonomy":"product_cat","embeddable":true,"href":"https:\/\/agoravape.com\/sv\/wp-json\/wp\/v2\/product_cat?post=17986"},{"taxonomy":"product_tag","embeddable":true,"href":"https:\/\/agoravape.com\/sv\/wp-json\/wp\/v2\/product_tag?post=17986"}],"curies":[{"name":"wp","href":"https:\/\/api.w.org\/{rel}","templated":true}]}}