{"id":18033,"date":"2025-10-20T12:24:56","date_gmt":"2025-10-20T04:24:56","guid":{"rendered":"https:\/\/green-grasshopper-921422.hostingersite.com\/?post_type=product&#038;p=18033"},"modified":"2025-12-15T21:30:08","modified_gmt":"2025-12-15T13:30:08","slug":"lavie-cola-6000-puffar","status":"publish","type":"product","link":"https:\/\/agoravape.com\/sv\/product\/lavie-cola-6000-puffs\/","title":{"rendered":"Lavie Cola 6000 Puffs Bottle Design Disposable Vape | Big Flavour. Fuss-Free Vaping."},"content":{"rendered":"<h2 data-v-md-heading=\"what-is-special-about-lavie-cola-s-6000-bottle-disposable-vape\" data-v-md-line=\"3\">Vad \u00e4r speciellt med Lavie Colas eng\u00e5ngsvape med 6000 flaskor?<\/h2>\n<p data-v-md-line=\"4\">Om du \u00e4r tr\u00f6tt p\u00e5 att byta e-cigarett med n\u00e5gra dagars mellanrum \u00e4r den h\u00e4r produkten det perfekta valet. Lavies colaflaska har ett uts\u00f6kt utseende och \u00e4r praktisk, med en kompakt storlek p\u00e5 110 \u00d7 30 mm som enkelt f\u00e5r plats i vilken ficka som helst. Om du vill ha en l\u00e5ngvarig smak utan att beh\u00f6va anstr\u00e4nga dig \u00e4r det definitivt det perfekta valet.<\/p>\n<p data-v-md-line=\"6\">Du kanske tycker att 6000-packet med e-cigaretten \u00e4r klumpigt, men den h\u00e4r e-cigaretten \u00e4r f\u00f6rv\u00e5nansv\u00e4rt l\u00e4tt och v\u00e4ger bara 75 gram. Den k\u00e4nns v\u00e4ldigt robust i handen och kan anv\u00e4ndas direkt efter att f\u00f6rpackningen \u00f6ppnats.<\/p>\n<h2 data-v-md-heading=\"excellent-performance-without-any-complex-operations\" data-v-md-line=\"8\">Utm\u00e4rkt prestanda utan komplicerade operationer<\/h2>\n<p data-v-md-line=\"9\">Ta bara ett bloss s\u00e5 b\u00f6rjar den fungera. 600mAh-batteriet och den kalibrerade finf\u00f6rdelningsk\u00e4rnan ger stabil sugkraft och garanterar en j\u00e4mn smak med en kapacitet p\u00e5 15 ml. Du beh\u00f6ver inte anv\u00e4nda knappar eller l\u00e4ra dig menyer.<\/p>\n<h2 data-v-md-heading=\"specification-introduction\" data-v-md-line=\"11\">Specification Introduction<\/h2>\n<ul data-v-md-line=\"12\">\n<li>Sugfrekvens: upp till 6000 g\u00e5nger<\/li>\n<li>Nikotin: 2 % nikotinsalt till EU:s detaljhandelspris. Om det till\u00e5ts kan OEM-tillverkare f\u00e5 5 % rabatt.<\/li>\n<li>E-v\u00e4tskekapacitet: 15 milliliter<\/li>\n<li>Batteri: 600mAh<\/li>\n<li>Working principle: Activated by inhalation<\/li>\n<li>Laddning: Inbyggt laddningsgr\u00e4nssnitt, laddningsbar design<\/li>\n<li>Status: Klar att anv\u00e4nda vid uppackning<\/li>\n<li>Storlek: 110 \u00d7 30 mm<\/li>\n<li>Nettovikt: 75 gram<\/li>\n<\/ul>\n<h2 data-v-md-heading=\"full-range-of-flavors\" data-v-md-line=\"22\">Fullt utbud av smaker<\/h2>\n<ul data-v-md-line=\"23\">\n<li>Vattenmelon- och jordgubbsis<\/li>\n<li>Energidrycker<\/li>\n<li>Druvis<\/li>\n<li>Mangois<\/li>\n<li>Persikois<\/li>\n<li>Blandad b\u00e4ris<\/li>\n<li>Mango-jordgubbsglass<\/li>\n<li>Bananmj\u00f6lkglass<\/li>\n<li>\u00c4pple-citronis<\/li>\n<li>Coca Cola-is<\/li>\n<\/ul>\n<h2 data-v-md-heading=\"for-you-and-your-business\" data-v-md-line=\"34\">For you and your business<\/h2>\n<p data-v-md-line=\"35\">Du kan k\u00f6pa en enhet f\u00f6r dagligt bruk eller fylla p\u00e5 lagret till ditt lager. Varje l\u00e5da inneh\u00e5ller 10 enheter f\u00f6r bekv\u00e4m f\u00f6rvaring och hantering. En stor l\u00e5da med 200 enheter per l\u00e5da \u00e4r mycket kostnadseffektiv f\u00f6r bulkbest\u00e4llningar.<\/p>\n<p data-v-md-line=\"37\">Vi samarbetar med betrodda partners som UPS, DPD och DHL, med DDP-leverans och f\u00f6rbehandlade tullar, s\u00e5 att du slipper olyckor i tullen. Tillf\u00f6rlitlig leverans kan sp\u00e5ras i hela Europa.<\/p>\n<h2 data-v-md-heading=\"why-do-you-like-it\" data-v-md-line=\"39\">Why do you like it<\/h2>\n<ul data-v-md-line=\"40\">\n<li>Large smoking capacity: durable and long-lasting, no need to frequently purchase new cigarettes<\/li>\n<li>Val av nikotinkoncentration: V\u00e4lj den koncentration som passar dig och din marknad<\/li>\n<li>Uppladdningsbar: 15 milliliter e-v\u00e4tska kan anv\u00e4ndas utan att beh\u00f6va kasseras i f\u00f6rv\u00e4g<\/li>\n<li>P\u00e5litlig f\u00f6r\u00e5ngark\u00e4rna: fr\u00e5n f\u00f6rsta till sista tuggan f\u00f6rblir smaken j\u00e4mn<\/li>\n<\/ul>\n<h2 data-v-md-heading=\"why-choose-agoravape\" data-v-md-line=\"45\">Varf\u00f6r v\u00e4lja AgoraVape?<\/h2>\n<p data-v-md-line=\"46\">Vi s\u00e4ljer endast 100 % \u00e4kta produkter, med p\u00e5litliga grossistpriser och snabb service. F\u00f6r kunder inom EU hj\u00e4lper vi er att f\u00f6rst\u00e5 lokala best\u00e4mmelser f\u00f6r att s\u00e4kerst\u00e4lla att r\u00e4tt nikotinkoncentration och f\u00f6rpackning kan levereras till r\u00e4tt land\/region. Vi skickar snabbt och betalar tullar via UPS, DPD och DHL. Betalning sker via en s\u00e4ker gateway och vi utf\u00f6r strikt \u00e5ldersverifiering. F\u00f6r skadade eller olevererade varor tillhandah\u00e5ller vi en tydlig returpolicy.<\/p>\n<p data-v-md-line=\"48\">Vill du veta priset eller en offert f\u00f6r Lavie Colas eng\u00e5ngs-e-cigaretter i 6000-pack? Kontakta oss s\u00e5 f\u00f6rbereder vi det lager som \u00e5terkommande kunder dr\u00f6mmer om.<\/p>","protected":false},"excerpt":{"rendered":"<p>&nbsp;<\/p>\n<p><script src=\"chrome-extension:\/\/fpelahbljekknahkcaegamhcndkfpfnc\/iFrame.js\" type=\"text\/javascript\"><\/script><\/p>\n<p><script src=\"chrome-extension:\/\/fpelahbljekknahkcaegamhcndkfpfnc\/iFrame.js\" type=\"text\/javascript\"><\/script><\/p>\n<p><script src=\"chrome-extension:\/\/fpelahbljekknahkcaegamhcndkfpfnc\/iFrame.js\" type=\"text\/javascript\"><\/script><\/p>\n<p><script src=\"chrome-extension:\/\/fpelahbljekknahkcaegamhcndkfpfnc\/iFrame.js\" type=\"text\/javascript\"><\/script><\/p>\n<p><script src=\"chrome-extension:\/\/fpelahbljekknahkcaegamhcndkfpfnc\/iFrame.js\" type=\"text\/javascript\"><\/script><\/p>\n<p><script src=\"chrome-extension:\/\/fpelahbljekknahkcaegamhcndkfpfnc\/iFrame.js\" type=\"text\/javascript\"><\/script><\/p>\n<p><script src=\"chrome-extension:\/\/fpelahbljekknahkcaegamhcndkfpfnc\/iFrame.js\" type=\"text\/javascript\"><\/script><\/p>\n<p><script src=\"chrome-extension:\/\/fpelahbljekknahkcaegamhcndkfpfnc\/iFrame.js\" type=\"text\/javascript\"><\/script><\/p>\n<p><script src=\"chrome-extension:\/\/fpelahbljekknahkcaegamhcndkfpfnc\/iFrame.js\" type=\"text\/javascript\"><\/script><\/p>\n<p><script src=\"chrome-extension:\/\/fpelahbljekknahkcaegamhcndkfpfnc\/iFrame.js\" type=\"text\/javascript\"><\/script><\/p>\n<p><script src=\"chrome-extension:\/\/fpelahbljekknahkcaegamhcndkfpfnc\/iFrame.js\" type=\"text\/javascript\"><\/script><\/p>\n<p><script src=\"chrome-extension:\/\/fpelahbljekknahkcaegamhcndkfpfnc\/iFrame.js\" type=\"text\/javascript\"><\/script><\/p>\n<p><script src=\"chrome-extension:\/\/fpelahbljekknahkcaegamhcndkfpfnc\/iFrame.js\" type=\"text\/javascript\"><\/script><\/p>\n<p><script src=\"chrome-extension:\/\/fpelahbljekknahkcaegamhcndkfpfnc\/iFrame.js\" type=\"text\/javascript\"><\/script><\/p>\n<p><script src=\"chrome-extension:\/\/fpelahbljekknahkcaegamhcndkfpfnc\/iFrame.js\" type=\"text\/javascript\"><\/script><\/p>\n<p><script src=\"chrome-extension:\/\/fpelahbljekknahkcaegamhcndkfpfnc\/iFrame.js\" type=\"text\/javascript\"><\/script><\/p>\n<p><script src=\"chrome-extension:\/\/fpelahbljekknahkcaegamhcndkfpfnc\/iFrame.js\" type=\"text\/javascript\"><\/script><\/p>\n<p><script src=\"chrome-extension:\/\/fpelahbljekknahkcaegamhcndkfpfnc\/iFrame.js\" type=\"text\/javascript\"><\/script><\/p>","protected":false},"featured_media":18046,"comment_status":"open","ping_status":"closed","template":"","meta":[],"product_brand":[238],"product_cat":[124,189,184,174,175,165,193,191,173,186,180,190],"product_tag":[],"class_list":{"0":"post-18033","1":"product","2":"type-product","3":"status-publish","4":"has-post-thumbnail","6":"product_brand-lavie","7":"product_cat-vape-by-brand","8":"product_cat-20mg-standard-nicotine-vapes","9":"product_cat-5000-8000-puffs","10":"product_cat-fruit-flavors","11":"product_cat-icy-mint","12":"product_cat-lavie","13":"product_cat-mesh-coil","14":"product_cat-rechargeable-disposables","15":"product_cat-vape-by-flavor-profile","16":"product_cat-vape-by-nicotine-strength","17":"product_cat-vape-by-puff-count","18":"product_cat-vape-by-feature-or-type","20":"first","21":"instock","22":"shipping-taxable","23":"purchasable","24":"product-type-variable","25":"has-default-attributes"},"tiered_pricing_type":"percentage","tiered_pricing_fixed_rules":[],"tiered_pricing_product_settings":{"layout":"default","base_unit_name":{"singular":null,"plural":null},"default_variation":null},"tiered_pricing_minimum_quantity":10,"tiered_pricing_roles_data":[],"tiered_pricing_percentage_rules":{"30":"29","50":"35","100":"40","200":"44","500":"47","1000":"49"},"tiered_pricing_maximum_quantity":null,"tiered_pricing_quantity_step":"10","_links":{"self":[{"href":"https:\/\/agoravape.com\/sv\/wp-json\/wp\/v2\/product\/18033","targetHints":{"allow":["GET"]}}],"collection":[{"href":"https:\/\/agoravape.com\/sv\/wp-json\/wp\/v2\/product"}],"about":[{"href":"https:\/\/agoravape.com\/sv\/wp-json\/wp\/v2\/types\/product"}],"replies":[{"embeddable":true,"href":"https:\/\/agoravape.com\/sv\/wp-json\/wp\/v2\/comments?post=18033"}],"version-history":[{"count":0,"href":"https:\/\/agoravape.com\/sv\/wp-json\/wp\/v2\/product\/18033\/revisions"}],"wp:featuredmedia":[{"embeddable":true,"href":"https:\/\/agoravape.com\/sv\/wp-json\/wp\/v2\/media\/18046"}],"wp:attachment":[{"href":"https:\/\/agoravape.com\/sv\/wp-json\/wp\/v2\/media?parent=18033"}],"wp:term":[{"taxonomy":"product_brand","embeddable":true,"href":"https:\/\/agoravape.com\/sv\/wp-json\/wp\/v2\/product_brand?post=18033"},{"taxonomy":"product_cat","embeddable":true,"href":"https:\/\/agoravape.com\/sv\/wp-json\/wp\/v2\/product_cat?post=18033"},{"taxonomy":"product_tag","embeddable":true,"href":"https:\/\/agoravape.com\/sv\/wp-json\/wp\/v2\/product_tag?post=18033"}],"curies":[{"name":"wp","href":"https:\/\/api.w.org\/{rel}","templated":true}]}}