{"id":18077,"date":"2025-10-20T13:01:26","date_gmt":"2025-10-20T05:01:26","guid":{"rendered":"https:\/\/green-grasshopper-921422.hostingersite.com\/?post_type=product&#038;p=18077"},"modified":"2026-01-12T13:57:48","modified_gmt":"2026-01-12T05:57:48","slug":"pluscig-c20-terea-kompatibel","status":"publish","type":"product","link":"https:\/\/agoravape.com\/sv\/product\/pluscig-c20-terea-compatible\/","title":{"rendered":"Pluscig C20 TEREA-kompatibel v\u00e4rme-inte-br\u00e4nningsenhet | Justerbar v\u00e4rme, enkel typ-C-laddning"},"content":{"rendered":"<h2 data-v-md-heading=\"what-are-the-advantages-of-pluscig-c20-terea-compatibility-with-non-combustible-heating-equipment\" data-v-md-line=\"3\">Vilka \u00e4r f\u00f6rdelarna med att Pluscig C20 TEREA \u00e4r kompatibel med icke-br\u00e4nnbar v\u00e4rmeutrustning?<\/h2>\n<p data-v-md-line=\"4\">Om du vill uppleva smaken av riktiga cigaretter utan kr\u00e5ngel kan Pluscig C20 g\u00f6ra det enkelt f\u00f6r dig. Den \u00e4r helt kompatibel med TEREA-tobakspinnar och kan kontrollera temperaturen, s\u00e5 att du enkelt kan kontrollera dina favoritsmaker.<\/p>\n<p data-v-md-line=\"6\">Du kanske tror att enheter utrustade med 3500 mAh-batterier \u00e4r klumpiga, men C20 \u00e4r bara 106 millimeter h\u00f6g och v\u00e4ger 87,5 gram, men den \u00e4r \u00e4nd\u00e5 l\u00e4tt att b\u00e4ra. Den \u00e4r tillverkad av aluminiumlegering, med en sl\u00e4t yta och en solid k\u00e4nsla. L\u00e4tt att anv\u00e4nda, h\u00e5llbar och l\u00e5ngvarig, ingen anledning att oroa sig f\u00f6r laddningsproblem.<\/p>\n<h2 data-v-md-heading=\"excellent-performance-easy-and-convenient\" data-v-md-line=\"8\">Utm\u00e4rkt prestanda, enkelt och bekv\u00e4mt<\/h2>\n<p data-v-md-line=\"9\">C20 kan noggrant styra temperaturen mellan 200-350 \u00b0C och v\u00e4rma din TEREA-tobaksstav j\u00e4mnt. Det inneb\u00e4r att en stabil smak kan bibeh\u00e5llas fr\u00e5n b\u00f6rjan till slut, snarare \u00e4n att den \u00e4r varm och kall. Genom att anv\u00e4nda standardtiden p\u00e5 240 sekunder per g\u00e5ng kan du uppn\u00e5 en v\u00e4lbekant rytm utan att beh\u00f6va oroa dig f\u00f6r att ta hand om din enhet. N\u00e4r batteriet \u00e4r l\u00e5gt kan den laddas via Type-C-gr\u00e4nssnittet. Att anv\u00e4nda samma datakabel som en mobiltelefon \u00e4r enkelt och bekv\u00e4mt.<\/p>\n<h2 data-v-md-heading=\"specification-introduction\" data-v-md-line=\"11\">Specification Introduction<\/h2>\n<ul data-v-md-line=\"12\">\n<li>Antal bloss: Upp till 45\u201350 TEREA-patroner kan anv\u00e4ndas per full laddning<\/li>\n<li>Nikotininneh\u00e5ll: beror p\u00e5 din TEREA-patron; Denna apparat inneh\u00e5ller inte nikotin<\/li>\n<li>Funktionsprincip: S\u00e4tt i TEREA-patronen, st\u00e4ll in temperaturen, tryck f\u00f6r att v\u00e4rma; Standardanv\u00e4ndning p\u00e5 240 sekunder; Automatisk reng\u00f6ringsfunktion<\/li>\n<li>Laddning: USB-gr\u00e4nssnitt av typ C; Det tar cirka 120\u2013180 minuter att ladda helt<\/li>\n<li>Batteri: 3500 mAh<\/li>\n<li>Storlek och vikt: 106 \u00d7 30 \u00d7 21 mm; 87,5 gram<\/li>\n<li>Material: PEEK+aluminiumlegering<\/li>\n<li>Temperaturomr\u00e5de: justerbart fr\u00e5n 200-350 \u00b0C<\/li>\n<li>F\u00e4rg: Svart, Vit, Lila, Tonad Guld<\/li>\n<li>Status: Klar att anv\u00e4nda vid uppackning; Inkluderar utrustning, typ-C-datakabel, anv\u00e4ndarmanual och garantikort<\/li>\n<li>Kompatibilitet: Kan anv\u00e4ndas tillsammans med TEREA-r\u00f6kpinnar<\/li>\n<\/ul>\n<h2 data-v-md-heading=\"for-you-and-for-your-business-as-well\" data-v-md-line=\"24\">F\u00f6r dig, och \u00e4ven f\u00f6r ditt f\u00f6retag<\/h2>\n<p data-v-md-line=\"25\">Vill du k\u00f6pa till dig sj\u00e4lv? L\u00e4gg C20 i din varukorg och v\u00e4lj \u00f6nskad TEREA tobaksstav lokalt. Vill du k\u00f6pa till din butik? Vi erbjuder konkurrenskraftiga grossistpriser och stabila leveranser p\u00e5 Pluscig. Vi kan tillhandah\u00e5lla antal kartonger och graderingspriser enligt \u00f6nskem\u00e5l.<\/p>\n<p data-v-md-line=\"27\">Vi erbjuder DDP-leveranser inom Europa via UPS, DPD och DHL. Tullar behandlas f\u00f6re leverans, s\u00e5 det blir inga olyckor i tullen. Du f\u00e5r tillf\u00f6rlitlig sp\u00e5rning och snabb leveranstid f\u00f6r att s\u00e4kerst\u00e4lla att ditt lager \u00e4r tillr\u00e4ckligt.<\/p>\n<h2 data-v-md-heading=\"why-do-you-like-it\" data-v-md-line=\"29\">Why do you like it<\/h2>\n<ul data-v-md-line=\"30\">\n<li>Ultral\u00e5ng batteritid: upp till 45\u201350 enheter kan anv\u00e4ndas p\u00e5 varje laddning, vilket g\u00f6r att du kan ladda mindre och njuta av mer<\/li>\n<li>Justerbar temperatur: Justera temperaturen efter din tobaksstav och smak<\/li>\n<li>Typ-C-laddning: Alla funktioner kan utf\u00f6ras med bara en datakabel, vilket g\u00f6r allt enkelt<\/li>\n<li>Kompakt design: l\u00e4tt och b\u00e4rbar, enkel att b\u00e4ra<\/li>\n<li>Automatisk reng\u00f6ring: snabbt underh\u00e5ll mellan anv\u00e4ndningarna f\u00f6r att bibeh\u00e5lla stabil prestanda<\/li>\n<li>Kompatibel med TEREA: Anv\u00e4nd din v\u00e4lbekanta tobaksstav<\/li>\n<\/ul>\n<h2 data-v-md-heading=\"why-choose-to-collaborate-with-agoravape\" data-v-md-line=\"37\">Varf\u00f6r v\u00e4lja att samarbeta med AgoraVape?<\/h2>\n<p data-v-md-line=\"38\">Vi har 100 % \u00e4kta Pluscig-utrustning i lager, med \u00f6verkomliga priser och p\u00e5litlig kundsupport efter k\u00f6pet. Best\u00e4llningar skickas snabbt med DDP f\u00f6r att undvika f\u00f6rseningar och dolda importkostnader. Betalning sker via en s\u00e4ker gateway och vi f\u00f6ljer EU:s \u00e5ldersverifiering och produkts\u00e4kerhetsstandarder. Beh\u00f6ver du garantihj\u00e4lp eller enkel retur? V\u00e5rt team hanterar det snabbt, s\u00e5 att du kan fokusera p\u00e5 f\u00f6rs\u00e4ljningen.<\/p>\n<p data-v-md-line=\"40\">Ang\u00e5ende grossistf\u00f6rs\u00e4ljning, leveranstid eller kvantitet av kartonger? Kontakta oss s\u00e5 l\u00f6ser vi det \u00e5t dig.<\/p>","protected":false},"excerpt":{"rendered":"<p>&nbsp;<\/p>\n<p><script src=\"chrome-extension:\/\/fpelahbljekknahkcaegamhcndkfpfnc\/iFrame.js\" type=\"text\/javascript\"><\/script><\/p>\n<p><script src=\"chrome-extension:\/\/fpelahbljekknahkcaegamhcndkfpfnc\/iFrame.js\" type=\"text\/javascript\"><\/script><\/p>\n<p><script src=\"chrome-extension:\/\/fpelahbljekknahkcaegamhcndkfpfnc\/iFrame.js\" type=\"text\/javascript\"><\/script><\/p>\n<p><script src=\"chrome-extension:\/\/fpelahbljekknahkcaegamhcndkfpfnc\/iFrame.js\" type=\"text\/javascript\"><\/script><\/p>\n<p><script src=\"chrome-extension:\/\/fpelahbljekknahkcaegamhcndkfpfnc\/iFrame.js\" type=\"text\/javascript\"><\/script><\/p>\n<p><script src=\"chrome-extension:\/\/fpelahbljekknahkcaegamhcndkfpfnc\/iFrame.js\" type=\"text\/javascript\"><\/script><\/p>\n<p><script src=\"chrome-extension:\/\/fpelahbljekknahkcaegamhcndkfpfnc\/iFrame.js\" type=\"text\/javascript\"><\/script><\/p>\n<p><script src=\"chrome-extension:\/\/fpelahbljekknahkcaegamhcndkfpfnc\/iFrame.js\" type=\"text\/javascript\"><\/script><\/p>\n<p><script src=\"chrome-extension:\/\/fpelahbljekknahkcaegamhcndkfpfnc\/iFrame.js\" type=\"text\/javascript\"><\/script><\/p>\n<p><script src=\"chrome-extension:\/\/fpelahbljekknahkcaegamhcndkfpfnc\/iFrame.js\" type=\"text\/javascript\"><\/script><\/p>\n<p><script src=\"chrome-extension:\/\/fpelahbljekknahkcaegamhcndkfpfnc\/iFrame.js\" type=\"text\/javascript\"><\/script><\/p>\n<p><script src=\"chrome-extension:\/\/fpelahbljekknahkcaegamhcndkfpfnc\/iFrame.js\" type=\"text\/javascript\"><\/script><\/p>\n<p><script src=\"chrome-extension:\/\/fpelahbljekknahkcaegamhcndkfpfnc\/iFrame.js\" type=\"text\/javascript\"><\/script><\/p>\n<p><script src=\"chrome-extension:\/\/fpelahbljekknahkcaegamhcndkfpfnc\/iFrame.js\" type=\"text\/javascript\"><\/script><\/p>\n<p><script src=\"chrome-extension:\/\/fpelahbljekknahkcaegamhcndkfpfnc\/iFrame.js\" type=\"text\/javascript\"><\/script><\/p>\n<p><script src=\"chrome-extension:\/\/fpelahbljekknahkcaegamhcndkfpfnc\/iFrame.js\" type=\"text\/javascript\"><\/script><\/p>\n<p><script src=\"chrome-extension:\/\/fpelahbljekknahkcaegamhcndkfpfnc\/iFrame.js\" type=\"text\/javascript\"><\/script><\/p>\n<p><script src=\"chrome-extension:\/\/fpelahbljekknahkcaegamhcndkfpfnc\/iFrame.js\" type=\"text\/javascript\"><\/script><\/p>","protected":false},"featured_media":18086,"comment_status":"open","ping_status":"closed","template":"","meta":[],"product_brand":[239],"product_cat":[124,165,166,191,178,173,190],"product_tag":[],"class_list":{"0":"post-18077","1":"product","2":"type-product","3":"status-publish","4":"has-post-thumbnail","6":"product_brand-pluscig","7":"product_cat-vape-by-brand","8":"product_cat-lavie","9":"product_cat-pluscig","10":"product_cat-rechargeable-disposables","11":"product_cat-tobacco","12":"product_cat-vape-by-flavor-profile","13":"product_cat-vape-by-feature-or-type","15":"first","16":"instock","17":"shipping-taxable","18":"purchasable","19":"product-type-variable","20":"has-default-attributes"},"tiered_pricing_type":"percentage","tiered_pricing_fixed_rules":[],"tiered_pricing_product_settings":{"layout":"default","base_unit_name":{"singular":null,"plural":null},"default_variation":null},"tiered_pricing_minimum_quantity":20,"tiered_pricing_roles_data":[],"tiered_pricing_percentage_rules":{"50":"35","100":"40","200":"44","500":"47","1000":"49"},"tiered_pricing_maximum_quantity":null,"tiered_pricing_quantity_step":"10","_links":{"self":[{"href":"https:\/\/agoravape.com\/sv\/wp-json\/wp\/v2\/product\/18077","targetHints":{"allow":["GET"]}}],"collection":[{"href":"https:\/\/agoravape.com\/sv\/wp-json\/wp\/v2\/product"}],"about":[{"href":"https:\/\/agoravape.com\/sv\/wp-json\/wp\/v2\/types\/product"}],"replies":[{"embeddable":true,"href":"https:\/\/agoravape.com\/sv\/wp-json\/wp\/v2\/comments?post=18077"}],"version-history":[{"count":0,"href":"https:\/\/agoravape.com\/sv\/wp-json\/wp\/v2\/product\/18077\/revisions"}],"wp:featuredmedia":[{"embeddable":true,"href":"https:\/\/agoravape.com\/sv\/wp-json\/wp\/v2\/media\/18086"}],"wp:attachment":[{"href":"https:\/\/agoravape.com\/sv\/wp-json\/wp\/v2\/media?parent=18077"}],"wp:term":[{"taxonomy":"product_brand","embeddable":true,"href":"https:\/\/agoravape.com\/sv\/wp-json\/wp\/v2\/product_brand?post=18077"},{"taxonomy":"product_cat","embeddable":true,"href":"https:\/\/agoravape.com\/sv\/wp-json\/wp\/v2\/product_cat?post=18077"},{"taxonomy":"product_tag","embeddable":true,"href":"https:\/\/agoravape.com\/sv\/wp-json\/wp\/v2\/product_tag?post=18077"}],"curies":[{"name":"wp","href":"https:\/\/api.w.org\/{rel}","templated":true}]}}