{"id":18093,"date":"2025-10-20T13:13:45","date_gmt":"2025-10-20T05:13:45","guid":{"rendered":"https:\/\/green-grasshopper-921422.hostingersite.com\/?post_type=product&#038;p=18093"},"modified":"2026-01-12T13:57:57","modified_gmt":"2026-01-12T05:57:57","slug":"pluscig-c10-varme-inte-brinna","status":"publish","type":"product","link":"https:\/\/agoravape.com\/sv\/product\/pluscig-c10-heat-not-burn\/","title":{"rendered":"Pluscig C10 Heat Not Burn-system | L\u00e5nga, stadiga sessioner med justerbar v\u00e4rme"},"content":{"rendered":"<h2 data-v-md-heading=\"pluscig-c10-heating-non-combustion-system-what-are-the-highlights-of-the-3500mah-battery\" data-v-md-line=\"3\"><img loading=\"lazy\" decoding=\"async\" class=\"aligncenter size-full wp-image-18099\" src=\"https:\/\/agoravape.com\/wp-content\/uploads\/2025\/10\/Pluscig-C10-Heat-Not-Burn-System-3500mAh-Battery_Agora_vape-1.webp\" alt=\"\" width=\"1500\" height=\"1500\" srcset=\"https:\/\/agoravape.com\/wp-content\/uploads\/2025\/10\/Pluscig-C10-Heat-Not-Burn-System-3500mAh-Battery_Agora_vape-1.webp 1500w, https:\/\/agoravape.com\/wp-content\/uploads\/2025\/10\/Pluscig-C10-Heat-Not-Burn-System-3500mAh-Battery_Agora_vape-1-600x600.webp 600w, https:\/\/agoravape.com\/wp-content\/uploads\/2025\/10\/Pluscig-C10-Heat-Not-Burn-System-3500mAh-Battery_Agora_vape-1-1200x1200.webp 1200w, https:\/\/agoravape.com\/wp-content\/uploads\/2025\/10\/Pluscig-C10-Heat-Not-Burn-System-3500mAh-Battery_Agora_vape-1-300x300.webp 300w, https:\/\/agoravape.com\/wp-content\/uploads\/2025\/10\/Pluscig-C10-Heat-Not-Burn-System-3500mAh-Battery_Agora_vape-1-1024x1024.webp 1024w, https:\/\/agoravape.com\/wp-content\/uploads\/2025\/10\/Pluscig-C10-Heat-Not-Burn-System-3500mAh-Battery_Agora_vape-1-150x150.webp 150w, https:\/\/agoravape.com\/wp-content\/uploads\/2025\/10\/Pluscig-C10-Heat-Not-Burn-System-3500mAh-Battery_Agora_vape-1-768x768.webp 768w\" sizes=\"auto, (max-width: 1500px) 100vw, 1500px\" \/><\/h2>\n<h2 data-v-md-heading=\"pluscig-c10-heating-non-combustion-system-what-are-the-highlights-of-the-3500mah-battery\" data-v-md-line=\"3\">Pluscig C10 v\u00e4rmesystem utan f\u00f6rbr\u00e4nning | Vilka \u00e4r h\u00f6jdpunkterna med 3500mAh-batteriet?<\/h2>\n<p data-v-md-line=\"4\">Om du \u00e4r tr\u00f6tt p\u00e5 enheter som f\u00e5r slut p\u00e5 batteri med bara n\u00e5gra f\u00e5 sladdar, s\u00e5 kommer Pluscig C10 att ge dig en touch av fr\u00e4sch\u00f6r. Dess 3500mAh-batteri \u00e4r designat f\u00f6r h\u00e5llbarhet, s\u00e5 att du enkelt kan spendera dagen utan att beh\u00f6va oroa dig f\u00f6r laddning.<\/p>\n<p data-v-md-line=\"6\">Detta \u00e4r en kompakt och b\u00e4rbar v\u00e4rmeapparat som inte br\u00e4nns, d\u00e4r du kan justera temperaturen efter dina \u00f6nskem\u00e5l. Om du enkelt vill uppn\u00e5 anv\u00e4ndarv\u00e4nlig prestanda och stabil anv\u00e4ndarupplevelse med Terea-tobaksst\u00e5ngen utan att beh\u00f6va oroa dig, d\u00e5 \u00e4r den h\u00e4r apparaten precis vad du beh\u00f6ver.<\/p>\n<h2 data-v-md-heading=\"excellent-performance-easy-and-convenient\" data-v-md-line=\"8\">Utm\u00e4rkt prestanda, enkelt och bekv\u00e4mt<\/h2>\n<p data-v-md-line=\"9\">Med C10 kan du st\u00e4lla in temperaturen mellan 200-350 \u00b0C och hitta den l\u00e4mpligaste temperaturen f\u00f6r dig. Anv\u00e4ndningstiden f\u00f6rblir stabil p\u00e5 240 sekunder, vilket \u00e4r j\u00e4mnt fr\u00e5n b\u00f6rjan till slut. Dessutom har den en automatisk reng\u00f6ringsfunktion och \u00e4r l\u00e4tt att underh\u00e5lla. N\u00e4r den beh\u00f6ver laddas tar det cirka 120-180 minuter att ladda helt.<\/p>\n<h2 data-v-md-heading=\"specification-introduction\" data-v-md-line=\"11\">Specification Introduction<\/h2>\n<ul data-v-md-line=\"12\">\n<li>Maximal anv\u00e4ndning per laddning: 45\u201350 g\u00e5nger<\/li>\n<li>Batteri: 3500 mAh<\/li>\n<li>Varaktighet f\u00f6r varje anv\u00e4ndning: 240 sekunder (standard)<\/li>\n<li>Temperaturomr\u00e5de: justerbart fr\u00e5n 200-350 \u00b0C<\/li>\n<li>Kompatibilitet: L\u00e4mplig f\u00f6r Terea tobakspinnar<\/li>\n<li>Laddningstid: cirka 120\u2013180 minuter<\/li>\n<li>Material: PEEK (h\u00e5llbar h\u00f6gpresterande plast) och aluminiumlegering<\/li>\n<li>Storlek och vikt: 106,7 \u00d7 31,5 \u00d7 22 millimeter, 97 gram<\/li>\n<li>F\u00e4rger: Svart, Lila, Guld, Bl\u00e5, Gr\u00e5<\/li>\n<li>Funktionsprincip: S\u00e4tt i en kompatibel tobaksstav f\u00f6r att starta en 240 sekunders upplevelse<\/li>\n<li>Status: Klar att paras ihop med Terea tobaksstav vid uppackning (tobaksstav s\u00e4ljs separat)<\/li>\n<\/ul>\n<h2 data-v-md-heading=\"for-you-for-your-business\" data-v-md-line=\"24\">F\u00f6r dig, f\u00f6r ditt f\u00f6retag<\/h2>\n<p data-v-md-line=\"25\">Du kan v\u00e4lja Pluscig C10 f\u00f6r personligt bruk eller f\u00f6rvara den i din butik. Vi erbjuder grossistf\u00f6rpackningar, vilket g\u00f6r det enkelt f\u00f6r dig att l\u00e4gga stora best\u00e4llningar. L\u00e5dstorleken varierar p\u00e5 marknaden, v\u00e4nligen kontakta oss f\u00f6r aktuell f\u00f6rpackningskvantitet och pris.<\/p>\n<p data-v-md-line=\"27\">Vi skickar via betrodda partners som UPS, DPD och DHL p\u00e5 Delivered Duty Paid (DDP)-basis \u00f6ver hela Europa, vilket garanterar din trygghet i tullen. N\u00e4r best\u00e4llningen levereras, sp\u00e5ra ankomsten och se till att f\u00f6rpackningen \u00e4r intakt f\u00f6r att s\u00e4kerst\u00e4lla smidig lageroms\u00e4ttning och kundn\u00f6jdhet.<\/p>\n<h2 data-v-md-heading=\"why-do-you-like-it\" data-v-md-line=\"29\">Why do you like it<\/h2>\n<ul data-v-md-line=\"30\">\n<li>Batteri med stor kapacitet: kan anv\u00e4ndas fler g\u00e5nger mellan tv\u00e5 laddningar, vilket minskar laddningstiden.<\/li>\n<li>Justerbar temperatur: Justera temperaturen efter din tobaksstav och smak.<\/li>\n<li>Automatisk reng\u00f6ring: enklare underh\u00e5ll och stabilare prestanda.<\/li>\n<li>Kompatibel med Terea: Hitta enkelt tobakspinnar, s\u00e5 att du aldrig f\u00e5r slut p\u00e5 lager.<\/li>\n<li>Kompakt struktur: kompakt och l\u00e4tt, verkligen bekv\u00e4m att b\u00e4ra.<\/li>\n<li>H\u00e5llbara och robusta material: tillverkade av h\u00f6gkvalitativ plast och aluminium, speciellt utformade f\u00f6r daglig anv\u00e4ndning.<\/li>\n<\/ul>\n<h2 data-v-md-heading=\"why-choose-agoravape\" data-v-md-line=\"37\">Varf\u00f6r v\u00e4lja AgoraVape?<\/h2>\n<p data-v-md-line=\"38\">Vi s\u00e4ljer endast 100 % \u00e4kta produkter och ansvarar f\u00f6r de produkter vi skickar. Det inneb\u00e4r att Pluscig C10 v\u00e4rmesystem utan f\u00f6rbr\u00e4nning erbjuder r\u00e4ttvisa grossistpriser, snabb teknisk support och snabb DDP-leverans \u00f6ver hela Europa. Vi anv\u00e4nder en s\u00e4ker betalningsgateway och f\u00f6ljer g\u00e4llande EU-f\u00f6reskrifter, vilket g\u00f6r att du kan g\u00f6ra k\u00f6p med sinnesro. Om du vill k\u00f6pa en enhet som dina kunder verkligen gillar, v\u00e4nligen kontakta oss.<\/p>","protected":false},"excerpt":{"rendered":"<p>&nbsp;<\/p>\n<p><script src=\"chrome-extension:\/\/fpelahbljekknahkcaegamhcndkfpfnc\/iFrame.js\" type=\"text\/javascript\"><\/script><\/p>\n<p><script src=\"chrome-extension:\/\/fpelahbljekknahkcaegamhcndkfpfnc\/iFrame.js\" type=\"text\/javascript\"><\/script><\/p>\n<p><script src=\"chrome-extension:\/\/fpelahbljekknahkcaegamhcndkfpfnc\/iFrame.js\" type=\"text\/javascript\"><\/script><\/p>\n<p><script src=\"chrome-extension:\/\/fpelahbljekknahkcaegamhcndkfpfnc\/iFrame.js\" type=\"text\/javascript\"><\/script><\/p>\n<p><script src=\"chrome-extension:\/\/fpelahbljekknahkcaegamhcndkfpfnc\/iFrame.js\" type=\"text\/javascript\"><\/script><\/p>\n<p><script src=\"chrome-extension:\/\/fpelahbljekknahkcaegamhcndkfpfnc\/iFrame.js\" type=\"text\/javascript\"><\/script><\/p>\n<p><script src=\"chrome-extension:\/\/fpelahbljekknahkcaegamhcndkfpfnc\/iFrame.js\" type=\"text\/javascript\"><\/script><\/p>\n<p><script src=\"chrome-extension:\/\/fpelahbljekknahkcaegamhcndkfpfnc\/iFrame.js\" type=\"text\/javascript\"><\/script><\/p>\n<p><script src=\"chrome-extension:\/\/fpelahbljekknahkcaegamhcndkfpfnc\/iFrame.js\" type=\"text\/javascript\"><\/script><\/p>\n<p><script src=\"chrome-extension:\/\/fpelahbljekknahkcaegamhcndkfpfnc\/iFrame.js\" type=\"text\/javascript\"><\/script><\/p>\n<p><script src=\"chrome-extension:\/\/fpelahbljekknahkcaegamhcndkfpfnc\/iFrame.js\" type=\"text\/javascript\"><\/script><\/p>\n<p><script src=\"chrome-extension:\/\/fpelahbljekknahkcaegamhcndkfpfnc\/iFrame.js\" type=\"text\/javascript\"><\/script><\/p>\n<p><script src=\"chrome-extension:\/\/fpelahbljekknahkcaegamhcndkfpfnc\/iFrame.js\" type=\"text\/javascript\"><\/script><\/p>\n<p><script src=\"chrome-extension:\/\/fpelahbljekknahkcaegamhcndkfpfnc\/iFrame.js\" type=\"text\/javascript\"><\/script><\/p>\n<p><script src=\"chrome-extension:\/\/fpelahbljekknahkcaegamhcndkfpfnc\/iFrame.js\" type=\"text\/javascript\"><\/script><\/p>\n<p><script src=\"chrome-extension:\/\/fpelahbljekknahkcaegamhcndkfpfnc\/iFrame.js\" type=\"text\/javascript\"><\/script><\/p>\n<p><script src=\"chrome-extension:\/\/fpelahbljekknahkcaegamhcndkfpfnc\/iFrame.js\" type=\"text\/javascript\"><\/script><\/p>\n<p><script src=\"chrome-extension:\/\/fpelahbljekknahkcaegamhcndkfpfnc\/iFrame.js\" type=\"text\/javascript\"><\/script><\/p>","protected":false},"featured_media":18103,"comment_status":"open","ping_status":"closed","template":"","meta":[],"product_brand":[239],"product_cat":[124,165,166,191,178,173,190],"product_tag":[],"class_list":{"0":"post-18093","1":"product","2":"type-product","3":"status-publish","4":"has-post-thumbnail","6":"product_brand-pluscig","7":"product_cat-vape-by-brand","8":"product_cat-lavie","9":"product_cat-pluscig","10":"product_cat-rechargeable-disposables","11":"product_cat-tobacco","12":"product_cat-vape-by-flavor-profile","13":"product_cat-vape-by-feature-or-type","15":"first","16":"instock","17":"shipping-taxable","18":"purchasable","19":"product-type-variable","20":"has-default-attributes"},"tiered_pricing_type":"percentage","tiered_pricing_fixed_rules":[],"tiered_pricing_product_settings":{"layout":"default","base_unit_name":{"singular":null,"plural":null},"default_variation":null},"tiered_pricing_minimum_quantity":20,"tiered_pricing_roles_data":[],"tiered_pricing_percentage_rules":{"50":"35","100":"40","200":"44","500":"47","1000":"49"},"tiered_pricing_maximum_quantity":null,"tiered_pricing_quantity_step":"10","_links":{"self":[{"href":"https:\/\/agoravape.com\/sv\/wp-json\/wp\/v2\/product\/18093","targetHints":{"allow":["GET"]}}],"collection":[{"href":"https:\/\/agoravape.com\/sv\/wp-json\/wp\/v2\/product"}],"about":[{"href":"https:\/\/agoravape.com\/sv\/wp-json\/wp\/v2\/types\/product"}],"replies":[{"embeddable":true,"href":"https:\/\/agoravape.com\/sv\/wp-json\/wp\/v2\/comments?post=18093"}],"version-history":[{"count":0,"href":"https:\/\/agoravape.com\/sv\/wp-json\/wp\/v2\/product\/18093\/revisions"}],"wp:featuredmedia":[{"embeddable":true,"href":"https:\/\/agoravape.com\/sv\/wp-json\/wp\/v2\/media\/18103"}],"wp:attachment":[{"href":"https:\/\/agoravape.com\/sv\/wp-json\/wp\/v2\/media?parent=18093"}],"wp:term":[{"taxonomy":"product_brand","embeddable":true,"href":"https:\/\/agoravape.com\/sv\/wp-json\/wp\/v2\/product_brand?post=18093"},{"taxonomy":"product_cat","embeddable":true,"href":"https:\/\/agoravape.com\/sv\/wp-json\/wp\/v2\/product_cat?post=18093"},{"taxonomy":"product_tag","embeddable":true,"href":"https:\/\/agoravape.com\/sv\/wp-json\/wp\/v2\/product_tag?post=18093"}],"curies":[{"name":"wp","href":"https:\/\/api.w.org\/{rel}","templated":true}]}}