{"id":18112,"date":"2025-10-20T13:25:17","date_gmt":"2025-10-20T05:25:17","guid":{"rendered":"https:\/\/green-grasshopper-921422.hostingersite.com\/?post_type=product&#038;p=18112"},"modified":"2026-01-12T13:58:07","modified_gmt":"2026-01-12T05:58:07","slug":"pluscig-morex-hnb","status":"publish","type":"product","link":"https:\/\/agoravape.com\/sv\/product\/pluscig-morex-hnb\/","title":{"rendered":"Pluscig MoreX v\u00e4rme-inte-br\u00e4nna-enhet | 3 temperaturniv\u00e5er | Stabil v\u00e4rmekontroll, inget kr\u00e5ngel"},"content":{"rendered":"<h2 data-v-md-heading=\"pluscig-morex-heating-non-combustion-equipment-what-are-the-characteristics-of-3-speed-temperature\" data-v-md-line=\"3\"><img loading=\"lazy\" decoding=\"async\" class=\"size-full wp-image-18111 alignright\" src=\"https:\/\/agoravape.com\/wp-content\/uploads\/2025\/10\/Pluscig-MoreX-Heat-Not-Burn-Device-3-Temp-Levels_Agora_vape-5.webp\" alt=\"\" width=\"800\" height=\"999\" srcset=\"https:\/\/agoravape.com\/wp-content\/uploads\/2025\/10\/Pluscig-MoreX-Heat-Not-Burn-Device-3-Temp-Levels_Agora_vape-5.webp 800w, https:\/\/agoravape.com\/wp-content\/uploads\/2025\/10\/Pluscig-MoreX-Heat-Not-Burn-Device-3-Temp-Levels_Agora_vape-5-240x300.webp 240w, https:\/\/agoravape.com\/wp-content\/uploads\/2025\/10\/Pluscig-MoreX-Heat-Not-Burn-Device-3-Temp-Levels_Agora_vape-5-768x959.webp 768w\" sizes=\"auto, (max-width: 800px) 100vw, 800px\" \/><\/h2>\n<h2 data-v-md-heading=\"pluscig-morex-heating-non-combustion-equipment-what-are-the-characteristics-of-3-speed-temperature\" data-v-md-line=\"3\">Pluscig MoreX v\u00e4rmeutrustning utan f\u00f6rbr\u00e4nning | Vilka \u00e4r egenskaperna hos 3-v\u00e4xlad temperatur?<\/h2>\n<p data-v-md-line=\"4\">Om du vill njuta av en ren och icke-br\u00e4nnande v\u00e4rmeupplevelse \u00e4r den h\u00e4r produkten ditt perfekta val. Pluscig MoreX erbjuder tre temperaturinst\u00e4llningar, s\u00e5 att du kan justera temperaturen efter dina \u00f6nskem\u00e5l. Den \u00e4r speciellt utformad f\u00f6r daglig anv\u00e4ndning och utrustad med ett batteri med h\u00f6g kapacitet som kan tillgodose dina elbehov under hela dagen.<\/p>\n<p data-v-md-line=\"6\">Du kanske tror att en s\u00e5 kraftfull enhet verkar klumpig, men den f\u00e5r l\u00e4tt plats i fickan. Aluminiumh\u00f6ljet i flygplansk\u00e5pet k\u00e4nns gediget och m\u00e4ter bara 106 \u00d7 30 \u00d7 22 millimeter, vilket g\u00f6r den l\u00e4tt och b\u00e4rbar. Den v\u00e4ger bara 88,5 gram och sl\u00e4par inte ner din jacka.<\/p>\n<h2 data-v-md-heading=\"excellent-performance-easy-and-convenient\" data-v-md-line=\"8\">Utm\u00e4rkt prestanda, enkelt och bekv\u00e4mt<\/h2>\n<p data-v-md-line=\"9\">St\u00e4ll in temperaturen p\u00e5 280 \u00b0C, 320 \u00b0C eller 360 \u00b0C f\u00f6r att b\u00f6rja upplevelsen och njuta av en naturlig sugk\u00e4nsla. Anv\u00e4nd standardinst\u00e4llningen i 240 sekunder varje g\u00e5ng f\u00f6r att s\u00e4kerst\u00e4lla stabiliteten hos varje tobaksstav. Den automatiska reng\u00f6ringsfunktionen hj\u00e4lper till att bibeh\u00e5lla prestandan under l\u00e5ng tid, vilket ger dig mer tid att njuta och minskar tiden du spenderar p\u00e5 att meka. N\u00e4r batteriet \u00e4r l\u00e5gt kan du anv\u00e4nda den vanliga typ-C-datakabeln som anv\u00e4nds i din telefon f\u00f6r att ladda den. L\u00e4tt att anv\u00e4nda.<\/p>\n<h2 data-v-md-heading=\"specification-introduction\" data-v-md-line=\"11\">Specification Introduction<\/h2>\n<ul data-v-md-line=\"12\">\n<li>Sugfrekvens: Beroende p\u00e5 anv\u00e4ndning. Efter varje full laddning kan cirka 45\u201350 cigarettpinnar r\u00f6kas.<\/li>\n<li>Nikotinhalt: beror p\u00e5 vilken Terea-tobaksstav du v\u00e4ljer.<\/li>\n<li>Funktionsprincip: Starta v\u00e4rmel\u00e4get och sug sedan normalt.<\/li>\n<li>Laddning: Standard USB-gr\u00e4nssnitt av typ C. Den typiska laddningstiden \u00e4r 120\u2013180 minuter.<\/li>\n<li>Status: Klar att anv\u00e4nda direkt ur l\u00e5dan. L\u00e4gg bara till en Terea tobaksstav.<\/li>\n<li>Temperatur: 280 \u00b0C\/320 \u00b0C\/360 \u00b0C<\/li>\n<li>Varaktighet f\u00f6r varje anv\u00e4ndning: standard \u00e4r 240 sekunder.<\/li>\n<li>Material: PEEK+flygaluminium.<\/li>\n<li>Storlek och vikt: 106 \u00d7 30 \u00d7 22 millimeter. 88,5 gram<\/li>\n<li>Kompatibilitet: Kan anv\u00e4ndas tillsammans med Terea-r\u00f6kpinnar<\/li>\n<\/ul>\n<h2 data-v-md-heading=\"for-you-and-for-your-business-as-well\" data-v-md-line=\"23\">F\u00f6r dig, och \u00e4ven f\u00f6r ditt f\u00f6retag<\/h2>\n<p data-v-md-line=\"24\">Du kan v\u00e4lja Pluscig MoreX f\u00f6r personligt bruk eller l\u00e4gga till det i din butik. Grossistkartongf\u00f6rpackningar med 50 st per l\u00e5da, med en bruttovikt p\u00e5 cirka 8,5 kilogram. Detta \u00e4r praktiskt f\u00f6r f\u00f6rvaring och l\u00e4tt att r\u00e4kna p\u00e5 hyllorna.<\/p>\n<p data-v-md-line=\"26\">Vi samarbetar med betrodda partners som UPS, DPD och DHL f\u00f6r att skicka dina varor \u00f6ver hela Europa med Delivered Duty Paid (DDP), vilket s\u00e4kerst\u00e4ller smidig tullklarering och inga ov\u00e4ntade incidenter. Om du beh\u00f6ver v\u00e4gledning om leveranstid eller m\u00e4rkning f\u00f6r ett specifikt land\/region hj\u00e4lper v\u00e5rt team dig g\u00e4rna.<\/p>\n<h2 data-v-md-heading=\"why-do-you-like-it\" data-v-md-line=\"28\">Why do you like it<\/h2>\n<ul data-v-md-line=\"29\">\n<li>H\u00e5llbart och l\u00e5ngvarigt: 3500mAh-batteriet klarar cirka 45\u201350 cigaretter per laddning.<\/li>\n<li>Tre eldkraftsniv\u00e5er: justera sugkraften efter din smak, ingen anledning att gissa<\/li>\n<li>Bekv\u00e4m laddning: Ladda med Type-C-gr\u00e4nssnittet f\u00f6r kontinuerlig anv\u00e4ndning<\/li>\n<li>Automatisk reng\u00f6ring: H\u00e5ll v\u00e4rmekammaren ig\u00e5ng stabilt<\/li>\n<li>B\u00e4rbar och l\u00e4tt att b\u00e4ra: kompakt struktur, l\u00e4tt att b\u00e4ra<\/li>\n<li>Kompatibel med Terea: Bekv\u00e4m anskaffning av tobaksst\u00e4nger, ger vanliga alternativ<\/li>\n<\/ul>\n<h2 data-v-md-heading=\"why-collaborate-with-agoravape\" data-v-md-line=\"36\">Why collaborate with AgoraVape?<\/h2>\n<p data-v-md-line=\"37\">Vi s\u00e4ljer endast 100 % \u00e4kta produkter och tvivlar inte p\u00e5 det. Pluscig MoreX icke-br\u00e4nnbar v\u00e4rmeutrustning har tre eldkraftsniv\u00e5er, vilket g\u00f6r att du kan njuta av mycket konkurrenskraftiga grossistpriser, snabb teknisk support och snabba DDP-leveranser. Om du vill ha en enhet som kunderna kommer att anv\u00e4nda under l\u00e5ng tid, v\u00e4nligen kontakta oss s\u00e5 konfigurerar vi den snabbt \u00e5t dig och tillhandah\u00e5ller en s\u00e4ker betalningsmetod och tydlig faktura.<\/p>","protected":false},"excerpt":{"rendered":"<p>&nbsp;<\/p>\n<p><script src=\"chrome-extension:\/\/fpelahbljekknahkcaegamhcndkfpfnc\/iFrame.js\" type=\"text\/javascript\"><\/script><\/p>\n<p><script src=\"chrome-extension:\/\/fpelahbljekknahkcaegamhcndkfpfnc\/iFrame.js\" type=\"text\/javascript\"><\/script><\/p>\n<p><script src=\"chrome-extension:\/\/fpelahbljekknahkcaegamhcndkfpfnc\/iFrame.js\" type=\"text\/javascript\"><\/script><\/p>\n<p><script src=\"chrome-extension:\/\/fpelahbljekknahkcaegamhcndkfpfnc\/iFrame.js\" type=\"text\/javascript\"><\/script><\/p>\n<p><script src=\"chrome-extension:\/\/fpelahbljekknahkcaegamhcndkfpfnc\/iFrame.js\" type=\"text\/javascript\"><\/script><\/p>\n<p><script src=\"chrome-extension:\/\/fpelahbljekknahkcaegamhcndkfpfnc\/iFrame.js\" type=\"text\/javascript\"><\/script><\/p>\n<p><script src=\"chrome-extension:\/\/fpelahbljekknahkcaegamhcndkfpfnc\/iFrame.js\" type=\"text\/javascript\"><\/script><\/p>\n<p><script src=\"chrome-extension:\/\/fpelahbljekknahkcaegamhcndkfpfnc\/iFrame.js\" type=\"text\/javascript\"><\/script><\/p>\n<p><script src=\"chrome-extension:\/\/fpelahbljekknahkcaegamhcndkfpfnc\/iFrame.js\" type=\"text\/javascript\"><\/script><\/p>\n<p><script src=\"chrome-extension:\/\/fpelahbljekknahkcaegamhcndkfpfnc\/iFrame.js\" type=\"text\/javascript\"><\/script><\/p>\n<p><script src=\"chrome-extension:\/\/fpelahbljekknahkcaegamhcndkfpfnc\/iFrame.js\" type=\"text\/javascript\"><\/script><\/p>\n<p><script src=\"chrome-extension:\/\/fpelahbljekknahkcaegamhcndkfpfnc\/iFrame.js\" type=\"text\/javascript\"><\/script><\/p>\n<p><script src=\"chrome-extension:\/\/fpelahbljekknahkcaegamhcndkfpfnc\/iFrame.js\" type=\"text\/javascript\"><\/script><\/p>\n<p><script src=\"chrome-extension:\/\/fpelahbljekknahkcaegamhcndkfpfnc\/iFrame.js\" type=\"text\/javascript\"><\/script><\/p>\n<p><script src=\"chrome-extension:\/\/fpelahbljekknahkcaegamhcndkfpfnc\/iFrame.js\" type=\"text\/javascript\"><\/script><\/p>\n<p><script src=\"chrome-extension:\/\/fpelahbljekknahkcaegamhcndkfpfnc\/iFrame.js\" type=\"text\/javascript\"><\/script><\/p>\n<p><script src=\"chrome-extension:\/\/fpelahbljekknahkcaegamhcndkfpfnc\/iFrame.js\" type=\"text\/javascript\"><\/script><\/p>\n<p><script src=\"chrome-extension:\/\/fpelahbljekknahkcaegamhcndkfpfnc\/iFrame.js\" type=\"text\/javascript\"><\/script><\/p>","protected":false},"featured_media":18110,"comment_status":"open","ping_status":"closed","template":"","meta":[],"product_brand":[239],"product_cat":[124,165,166,191,178,173,190],"product_tag":[],"class_list":{"0":"post-18112","1":"product","2":"type-product","3":"status-publish","4":"has-post-thumbnail","6":"product_brand-pluscig","7":"product_cat-vape-by-brand","8":"product_cat-lavie","9":"product_cat-pluscig","10":"product_cat-rechargeable-disposables","11":"product_cat-tobacco","12":"product_cat-vape-by-flavor-profile","13":"product_cat-vape-by-feature-or-type","15":"first","16":"instock","17":"shipping-taxable","18":"purchasable","19":"product-type-variable","20":"has-default-attributes"},"tiered_pricing_type":"percentage","tiered_pricing_fixed_rules":[],"tiered_pricing_product_settings":{"layout":"default","base_unit_name":{"singular":null,"plural":null},"default_variation":null},"tiered_pricing_minimum_quantity":20,"tiered_pricing_roles_data":[],"tiered_pricing_percentage_rules":{"50":"35","100":"40","200":"44","500":"47","1000":"49"},"tiered_pricing_maximum_quantity":null,"tiered_pricing_quantity_step":"10","_links":{"self":[{"href":"https:\/\/agoravape.com\/sv\/wp-json\/wp\/v2\/product\/18112","targetHints":{"allow":["GET"]}}],"collection":[{"href":"https:\/\/agoravape.com\/sv\/wp-json\/wp\/v2\/product"}],"about":[{"href":"https:\/\/agoravape.com\/sv\/wp-json\/wp\/v2\/types\/product"}],"replies":[{"embeddable":true,"href":"https:\/\/agoravape.com\/sv\/wp-json\/wp\/v2\/comments?post=18112"}],"version-history":[{"count":0,"href":"https:\/\/agoravape.com\/sv\/wp-json\/wp\/v2\/product\/18112\/revisions"}],"wp:featuredmedia":[{"embeddable":true,"href":"https:\/\/agoravape.com\/sv\/wp-json\/wp\/v2\/media\/18110"}],"wp:attachment":[{"href":"https:\/\/agoravape.com\/sv\/wp-json\/wp\/v2\/media?parent=18112"}],"wp:term":[{"taxonomy":"product_brand","embeddable":true,"href":"https:\/\/agoravape.com\/sv\/wp-json\/wp\/v2\/product_brand?post=18112"},{"taxonomy":"product_cat","embeddable":true,"href":"https:\/\/agoravape.com\/sv\/wp-json\/wp\/v2\/product_cat?post=18112"},{"taxonomy":"product_tag","embeddable":true,"href":"https:\/\/agoravape.com\/sv\/wp-json\/wp\/v2\/product_tag?post=18112"}],"curies":[{"name":"wp","href":"https:\/\/api.w.org\/{rel}","templated":true}]}}